{"id":658,"date":"2018-08-27T17:03:19","date_gmt":"2018-08-27T14:03:19","guid":{"rendered":"http:\/\/lauska.lv\/veikals\/makslinieki\/gaudeamus"},"modified":"2024-02-17T07:08:54","modified_gmt":"2024-02-17T05:08:54","slug":"gaudeamus","status":"publish","type":"page","link":"https:\/\/lauska.lv\/veikals\/makslinieki-2\/gaudeamus\/","title":{"rendered":"Gaudeamus"},"content":{"rendered":"\n<div class=\"wp-block-organic-profile-block\"><div class=\"organic-profile-content-title\"><nameartist>RTU v\u012bru koris &#8220;Gaudeamus&#8221;<\/nameartist><hr\/><\/div><div class=\"organic-profile-content-flex\" style=\"text-align:left\"><div class=\"organic-profile-image\" style=\"background-image:url(http:\/\/lauska.lv\/veikalsbeta\/wp-content\/uploads\/sites\/6\/2018\/08\/Group_Gaudeamus.jpg)\"><img decoding=\"async\" src=\"http:\/\/lauska.lv\/veikalsbeta\/wp-content\/uploads\/sites\/6\/2018\/08\/Group_Gaudeamus.jpg\"\/><\/div><div class=\"organic-profile-content\" style=\"text-align:left\"><p>Diri\u0123ents: Ivars Cinkuss<br\/>RTU v\u012bru koris \u201eGaudeamus\u201d dibin\u0101ts 1959. gad\u0101 un nu jau vair\u0101k nek\u0101 desmit gadus ir Latvijas vado\u0161ais v\u012bru koris. P\u0113d\u0113j\u0101 desmitgad\u0113 koris ir izdevis se\u0161us kompaktdiskus ar latvie\u0161u koru klasikas, latvie\u0161u m\u016bsdienu m\u016bzikas, Rietumeiropas koru klasikas un krievu pareiztic\u012bgo bazn\u012bcas p\u0113rl\u0113m, tostarp Sergeja Rahma\u0146inova monument\u0101lo kora ciklu \u201eVesperes\u201d. 2006. gad\u0101 izdotais pareiztic\u012bgo m\u016bzikas albums \u201eManas dv\u0113seles t\u0113rpu apskaidro\u201d k\u0101 lab\u0101kais akad\u0113misk\u0101s m\u016bzikas albums tika izvirz\u012bts Latvijas m\u016bzikas ierakstu komp\u0101niju Gada balvai.<\/p><div class=\"organic-profile-social\"><a class=\"social-link\" href=\"http:\/\/www.gaudeamus.lv\/lv\/\" target=\"_blank\" rel=\"noopener\"><i class=\"fas fa-play\"><\/i><\/a><a class=\"social-link\" href=\"https:\/\/www.facebook.com\/RTUViruKorisGaudeamus\/?fref=ts\" target=\"_blank\" rel=\"noopener\"><i class=\"fab fa-facebook-f\"><\/i><\/a><a class=\"social-link\" href=\"https:\/\/www.youtube.com\/user\/Gaudeamusrtu\" target=\"_blank\" rel=\"noopener\"><i class=\"fab fa-youtube\"><\/i><\/a><\/div><\/div><\/div><\/div>\n\n\n<div class=\"woocommerce columns-4 \"><\/div>\n\n\n\n<h2 class=\"wp-block-heading\">Video<\/h2>\n\n\n\n<hr class=\"wp-block-separator\"\/>\n\n\n\n<figure class=\"wp-block-embed-youtube wp-block-embed is-type-video is-provider-youtube wp-has-aspect-ratio wp-embed-aspect-16-9\"><div class=\"wp-block-embed__wrapper\">\n<span class=\"embed-youtube\" style=\"text-align:center; display: block;\"><iframe class=\"youtube-player\" width=\"980\" height=\"552\" src=\"https:\/\/www.youtube.com\/embed\/QgNhZz_75bc?version=3&#038;rel=1&#038;showsearch=0&#038;showinfo=1&#038;iv_load_policy=1&#038;fs=1&#038;hl=lv-LV&#038;autohide=2&#038;wmode=transparent&#038;listType=playlist&#038;list=PLlzUjSgLpT4y0xionx9REXSzLuhe8MEC7\" allowfullscreen=\"true\" style=\"border:0;\" sandbox=\"allow-scripts allow-same-origin allow-popups allow-presentation allow-popups-to-escape-sandbox\"><\/iframe><\/span>\n<\/div><\/figure>\n","protected":false},"excerpt":{"rendered":"<p>Video<\/p>\n","protected":false},"author":2,"featured_media":0,"parent":218,"menu_order":1,"comment_status":"closed","ping_status":"closed","template":"page-group.php","meta":{"jetpack_post_was_ever_published":false,"footnotes":""},"categories":[566,559],"tags":[],"jetpack_sharing_enabled":true,"_links":{"self":[{"href":"https:\/\/lauska.lv\/veikals\/wp-json\/wp\/v2\/pages\/658"}],"collection":[{"href":"https:\/\/lauska.lv\/veikals\/wp-json\/wp\/v2\/pages"}],"about":[{"href":"https:\/\/lauska.lv\/veikals\/wp-json\/wp\/v2\/types\/page"}],"author":[{"embeddable":true,"href":"https:\/\/lauska.lv\/veikals\/wp-json\/wp\/v2\/users\/2"}],"replies":[{"embeddable":true,"href":"https:\/\/lauska.lv\/veikals\/wp-json\/wp\/v2\/comments?post=658"}],"version-history":[{"count":3,"href":"https:\/\/lauska.lv\/veikals\/wp-json\/wp\/v2\/pages\/658\/revisions"}],"predecessor-version":[{"id":18358,"href":"https:\/\/lauska.lv\/veikals\/wp-json\/wp\/v2\/pages\/658\/revisions\/18358"}],"up":[{"embeddable":true,"href":"https:\/\/lauska.lv\/veikals\/wp-json\/wp\/v2\/pages\/218"}],"wp:attachment":[{"href":"https:\/\/lauska.lv\/veikals\/wp-json\/wp\/v2\/media?parent=658"}],"wp:term":[{"taxonomy":"category","embeddable":true,"href":"https:\/\/lauska.lv\/veikals\/wp-json\/wp\/v2\/categories?post=658"},{"taxonomy":"post_tag","embeddable":true,"href":"https:\/\/lauska.lv\/veikals\/wp-json\/wp\/v2\/tags?post=658"}],"curies":[{"name":"wp","href":"https:\/\/api.w.org\/{rel}","templated":true}]}}