{"id":606,"date":"2018-08-27T16:13:58","date_gmt":"2018-08-27T13:13:58","guid":{"rendered":"http:\/\/lauska.lv\/veikals\/makslinieki\/dzelzs-vilks"},"modified":"2018-10-04T22:48:54","modified_gmt":"2018-10-04T19:48:54","slug":"dzelzs-vilks","status":"publish","type":"page","link":"https:\/\/lauska.lv\/veikals\/makslinieki-2\/dzelzs-vilks\/","title":{"rendered":"Dzelzs vilks"},"content":{"rendered":"\n<div class=\"wp-block-organic-profile-block\"><div class=\"organic-profile-content-title\"><nameartist><\/nameartist><hr\/><\/div><div class=\"organic-profile-content-flex\" style=\"text-align:left\"><div class=\"organic-profile-image\" style=\"background-image:url(http:\/\/lauska.lv\/veikalsbeta\/wp-content\/uploads\/sites\/6\/2018\/08\/Group_Dzelzsvilks.jpg)\"><img decoding=\"async\" src=\"http:\/\/lauska.lv\/veikalsbeta\/wp-content\/uploads\/sites\/6\/2018\/08\/Group_Dzelzsvilks.jpg\"\/><\/div><div class=\"organic-profile-content\" style=\"text-align:left\"><p><strong>Juris Kaukulis<\/strong>\u00a0balss, \u0123it\u0101ras<br\/><strong>Kaspars Tobis<\/strong>\u00a0sintezatori<br\/><strong>M\u0101rcis Judzis<\/strong>\u00a0bungu komplekts<br\/><strong>K\u0101rlis Alvi\u0137is<\/strong>\u00a0bas\u0123it\u0101ra<br\/><br\/>\u201cDzelzs Vilks\u201d Latvij\u0101 ir vair\u0101k paz\u012bstama k\u0101 rokgrupa. Tom\u0113r t\u0101s dal\u012bbnieku talanti izpau\u017eas ar\u012b da\u017e\u0101dos eksperiment\u0101los projektos, k\u0101, piem\u0113ram, sadarb\u012bb\u0101 ar Olgas \u017ditluhinas m\u016bsdienu dejas grupu. 2005. gada dejas uzvedumam \u201cUn atkal par to pa\u0161u\u201d J. Kaukulis un K. Tobis veidoja dz\u012bvo muzik\u0101lo pavad\u012bjumu, izmantojot \u201cDzelzs Vilkam\u201d netradicionalus akustiskos instrumentus \u2013 mandol\u012bnu un akordeonu.<br\/><\/p><div class=\"organic-profile-social\"><a class=\"social-link\" href=\"http:\/\/www.dzelzsvilks.com\/lv\/\" target=\"_blank\"><i class=\"fas fa-play\"><\/i><\/a><a class=\"social-link\" href=\"https:\/\/www.facebook.com\/dzelzsvilksofficial\/?fref=ts\" target=\"_blank\"><i class=\"fab fa-facebook-f\"><\/i><\/a><a class=\"social-link\" href=\"https:\/\/twitter.com\/dzelzsvilks\" target=\"_blank\"><i class=\"fab fa-twitter\"><\/i><\/a><a class=\"social-link\" href=\"https:\/\/www.draugiem.lv\/httpwww.dzelzsvilks.com\/\" target=\"_blank\"><i class=\"fas fa-link\"><\/i><\/a><a class=\"social-link\" href=\"https:\/\/www.youtube.com\/user\/DzelzsVilksVideo\" target=\"_blank\"><i class=\"fab fa-youtube\"><\/i><\/a><a class=\"social-link\" href=\" https:\/\/dzelzsvilks.bandcamp.com\/releases\" target=\"_blank\"><i class=\"fab fa-bandcamp\"><\/i><\/a><\/div><\/div><\/div><\/div>\n\n\n<div class=\"woocommerce columns-4 \"><ul class=\"products columns-4\">\n<li class=\"product type-product post-1457 status-publish first instock product_cat-abra product_cat-auli product_cat-balki product_cat-baobabs product_cat-dzelzs-vilks product_cat-ilgi product_cat-kala-jeng product_cat-katalogs product_cat-kokle product_cat-laiksne product_cat-lans product_cat-ore product_cat-post-marka product_cat-post-folks product_cat-risa-zvejnieki product_cat-skyforger product_cat-sviests product_cat-vike-freiberga-vaira product_cat-vilkaci product_cat-zala-zale product_cat-zanri product_tag-35 has-post-thumbnail taxable shipping-taxable purchasable product-type-simple\">\n\t<a href=\"https:\/\/lauska.lv\/veikals\/Preces\/sviests-2\/\" class=\"woocommerce-LoopProduct-link woocommerce-loop-product__link\"><img fetchpriority=\"high\" decoding=\"async\" width=\"324\" height=\"324\" src=\"https:\/\/lauska.lv\/veikals\/wp-content\/uploads\/sites\/6\/2018\/08\/Cover_Sviests_2_01-324x324.jpg\" class=\"attachment-woocommerce_thumbnail size-woocommerce_thumbnail\" alt=\"\" srcset=\"https:\/\/lauska.lv\/veikals\/wp-content\/uploads\/sites\/6\/2018\/08\/Cover_Sviests_2_01-324x324.jpg 324w, https:\/\/lauska.lv\/veikals\/wp-content\/uploads\/sites\/6\/2018\/08\/Cover_Sviests_2_01-100x100.jpg 100w, https:\/\/lauska.lv\/veikals\/wp-content\/uploads\/sites\/6\/2018\/08\/Cover_Sviests_2_01-150x150.jpg 150w\" sizes=\"(max-width: 324px) 100vw, 324px\" \/><h2 class=\"woocommerce-loop-product__title\">SVIESTS 2<\/h2>\n\t<span class=\"price\"><span class=\"woocommerce-Price-amount amount\"><bdi>10.00&nbsp;<span class=\"woocommerce-Price-currencySymbol\">&euro;<\/span><\/bdi><\/span> <small class=\"woocommerce-price-suffix\">iesk. PVN<\/small><\/span>\n<\/a><a href=\"?add-to-cart=1457\" data-quantity=\"1\" class=\"button product_type_simple add_to_cart_button ajax_add_to_cart\" data-product_id=\"1457\" data-product_sku=\"2007 CD014\" aria-label=\"Add to cart: &ldquo;SVIESTS 2&rdquo;\" aria-describedby=\"\" rel=\"nofollow\">+<\/a><\/li>\n<\/ul>\n<\/div>\n\n\n\n<h2 class=\"wp-block-heading\">Video<\/h2>\n\n\n\n<hr class=\"wp-block-separator\"\/>\n\n\n\n<figure class=\"wp-block-embed-youtube wp-block-embed is-type-video is-provider-youtube wp-has-aspect-ratio wp-embed-aspect-16-9\"><div class=\"wp-block-embed__wrapper\">\n<span class=\"embed-youtube\" style=\"text-align:center; display: block;\"><iframe class=\"youtube-player\" width=\"980\" height=\"552\" src=\"https:\/\/www.youtube.com\/embed\/4-gMh2Orb7o?version=3&#038;rel=1&#038;showsearch=0&#038;showinfo=1&#038;iv_load_policy=1&#038;fs=1&#038;hl=lv-LV&#038;autohide=2&#038;wmode=transparent&#038;listType=playlist&#038;list=PLlzUjSgLpT4xNfc6lFcWaFmACOJYPe_ru\" allowfullscreen=\"true\" style=\"border:0;\" sandbox=\"allow-scripts allow-same-origin allow-popups allow-presentation allow-popups-to-escape-sandbox\"><\/iframe><\/span>\n<\/div><\/figure>\n","protected":false},"excerpt":{"rendered":"<p>Video<\/p>\n","protected":false},"author":2,"featured_media":0,"parent":218,"menu_order":0,"comment_status":"closed","ping_status":"closed","template":"page-group.php","meta":{"jetpack_post_was_ever_published":false,"footnotes":""},"categories":[563,559],"tags":[],"jetpack_sharing_enabled":true,"_links":{"self":[{"href":"https:\/\/lauska.lv\/veikals\/wp-json\/wp\/v2\/pages\/606"}],"collection":[{"href":"https:\/\/lauska.lv\/veikals\/wp-json\/wp\/v2\/pages"}],"about":[{"href":"https:\/\/lauska.lv\/veikals\/wp-json\/wp\/v2\/types\/page"}],"author":[{"embeddable":true,"href":"https:\/\/lauska.lv\/veikals\/wp-json\/wp\/v2\/users\/2"}],"replies":[{"embeddable":true,"href":"https:\/\/lauska.lv\/veikals\/wp-json\/wp\/v2\/comments?post=606"}],"version-history":[{"count":4,"href":"https:\/\/lauska.lv\/veikals\/wp-json\/wp\/v2\/pages\/606\/revisions"}],"predecessor-version":[{"id":3090,"href":"https:\/\/lauska.lv\/veikals\/wp-json\/wp\/v2\/pages\/606\/revisions\/3090"}],"up":[{"embeddable":true,"href":"https:\/\/lauska.lv\/veikals\/wp-json\/wp\/v2\/pages\/218"}],"wp:attachment":[{"href":"https:\/\/lauska.lv\/veikals\/wp-json\/wp\/v2\/media?parent=606"}],"wp:term":[{"taxonomy":"category","embeddable":true,"href":"https:\/\/lauska.lv\/veikals\/wp-json\/wp\/v2\/categories?post=606"},{"taxonomy":"post_tag","embeddable":true,"href":"https:\/\/lauska.lv\/veikals\/wp-json\/wp\/v2\/tags?post=606"}],"curies":[{"name":"wp","href":"https:\/\/api.w.org\/{rel}","templated":true}]}}