{"id":604,"date":"2018-08-27T16:08:19","date_gmt":"2018-08-27T13:08:19","guid":{"rendered":"http:\/\/lauska.lv\/veikals\/makslinieki\/dudinieks"},"modified":"2018-10-04T22:47:37","modified_gmt":"2018-10-04T19:47:37","slug":"dudinieks","status":"publish","type":"page","link":"https:\/\/lauska.lv\/veikals\/makslinieki-2\/dudinieks\/","title":{"rendered":"D\u016bdinieks"},"content":{"rendered":"\n<div class=\"wp-block-organic-profile-block\"><div class=\"organic-profile-content-title\"><nameartist>D\u016bdinieks<\/nameartist><hr\/><\/div><div class=\"organic-profile-content-flex\" style=\"text-align:left\"><div class=\"organic-profile-image\" style=\"background-image:url(undefined)\"><img\/><\/div><div class=\"organic-profile-content\" style=\"text-align:left\"><p><strong>K\u0101rlis Jakubonis<\/strong>\u00a0bungas<br\/><strong>P\u0113teris Sadovskis<\/strong>\u00a0akustisk\u0101 \u0123it\u0101ra<br\/><strong>Eg\u012bls P\u0113tersons<\/strong>\u00a0elektrisk\u0101 \u0123it\u0101ra, balss<br\/><strong>Artis Robe\u017enieks<\/strong>\u00a0balss<br\/><strong>Juris Kulakovs<\/strong>\u00a0tausti\u0146instrumenti<br\/><strong>Sniedze Gr\u012bnberga<\/strong>\u00a0kokle, balss<br\/><strong>M\u0101ris Jansons<\/strong>\u00a0stabule, d\u016bdas<br\/><br\/>Projekts \u201cD\u016bdinieks\u201d izveidoj\u0101s, lai rad\u012btu ierakstu deju kolekt\u012bviem. Ierakst\u0101 tika izmantots pla\u0161\u0101ks instrument loks nek\u0101 parasti, sp\u0113l\u0113jot tautas m\u016bziku. \u201cD\u016bdinieku\u201d kodolu veido folkloras kopas \u201cAuri\u201d dal\u012bbnieki, pieaicinot v\u0113l vair\u0101kus m\u016bzi\u0137us.<br\/><\/p><div class=\"organic-profile-social\"><\/div><\/div><\/div><\/div>\n\n\n<div class=\"woocommerce columns-4 \"><ul class=\"products columns-4\">\n<li class=\"product type-product post-1543 status-publish first outofstock product_cat-auli product_cat-auri product_cat-ceiruleits product_cat-delve product_cat-dudinieks product_cat-kala-jeng product_cat-karkle-kristine product_cat-katalogs product_cat-kokle product_cat-laiksne product_cat-lans product_cat-lidojosais-paklajs product_cat-patina product_cat-post-folks product_cat-risa-zvejnieki product_cat-skandinieki product_cat-skyforger product_cat-sviests product_cat-trejasmens product_cat-vilkaci product_cat-visi-veji product_cat-zanri product_tag-33 has-post-thumbnail taxable shipping-taxable purchasable product-type-simple\">\n\t<a href=\"https:\/\/lauska.lv\/veikals\/Preces\/sviests\/\" class=\"woocommerce-LoopProduct-link woocommerce-loop-product__link\"><img fetchpriority=\"high\" decoding=\"async\" width=\"324\" height=\"324\" src=\"https:\/\/lauska.lv\/veikals\/wp-content\/uploads\/sites\/6\/2005\/08\/sviests_1-324x324.png\" class=\"attachment-woocommerce_thumbnail size-woocommerce_thumbnail\" alt=\"\" srcset=\"https:\/\/lauska.lv\/veikals\/wp-content\/uploads\/sites\/6\/2005\/08\/sviests_1-324x324.png 324w, https:\/\/lauska.lv\/veikals\/wp-content\/uploads\/sites\/6\/2005\/08\/sviests_1-150x150.png 150w, https:\/\/lauska.lv\/veikals\/wp-content\/uploads\/sites\/6\/2005\/08\/sviests_1-100x100.png 100w\" sizes=\"(max-width: 324px) 100vw, 324px\" \/><h2 class=\"woocommerce-loop-product__title\">SVIESTS<\/h2>\n\t<span class=\"price\"><span class=\"woocommerce-Price-amount amount\"><bdi>10.00&nbsp;<span class=\"woocommerce-Price-currencySymbol\">&euro;<\/span><\/bdi><\/span> <small class=\"woocommerce-price-suffix\">iesk. PVN<\/small><\/span>\n<\/a><a href=\"https:\/\/lauska.lv\/veikals\/Preces\/sviests\/\" data-quantity=\"1\" class=\"button product_type_simple\" data-product_id=\"1543\" data-product_sku=\"2005 CD005\" aria-label=\"Read more about &ldquo;SVIESTS&rdquo;\" aria-describedby=\"\" rel=\"nofollow\">Skat\u012bt<\/a><\/li>\n<\/ul>\n<\/div>\n","protected":false},"excerpt":{"rendered":"","protected":false},"author":2,"featured_media":0,"parent":218,"menu_order":0,"comment_status":"closed","ping_status":"closed","template":"page-group.php","meta":{"jetpack_post_was_ever_published":false,"footnotes":""},"categories":[563,559],"tags":[],"jetpack_sharing_enabled":true,"_links":{"self":[{"href":"https:\/\/lauska.lv\/veikals\/wp-json\/wp\/v2\/pages\/604"}],"collection":[{"href":"https:\/\/lauska.lv\/veikals\/wp-json\/wp\/v2\/pages"}],"about":[{"href":"https:\/\/lauska.lv\/veikals\/wp-json\/wp\/v2\/types\/page"}],"author":[{"embeddable":true,"href":"https:\/\/lauska.lv\/veikals\/wp-json\/wp\/v2\/users\/2"}],"replies":[{"embeddable":true,"href":"https:\/\/lauska.lv\/veikals\/wp-json\/wp\/v2\/comments?post=604"}],"version-history":[{"count":3,"href":"https:\/\/lauska.lv\/veikals\/wp-json\/wp\/v2\/pages\/604\/revisions"}],"predecessor-version":[{"id":3089,"href":"https:\/\/lauska.lv\/veikals\/wp-json\/wp\/v2\/pages\/604\/revisions\/3089"}],"up":[{"embeddable":true,"href":"https:\/\/lauska.lv\/veikals\/wp-json\/wp\/v2\/pages\/218"}],"wp:attachment":[{"href":"https:\/\/lauska.lv\/veikals\/wp-json\/wp\/v2\/media?parent=604"}],"wp:term":[{"taxonomy":"category","embeddable":true,"href":"https:\/\/lauska.lv\/veikals\/wp-json\/wp\/v2\/categories?post=604"},{"taxonomy":"post_tag","embeddable":true,"href":"https:\/\/lauska.lv\/veikals\/wp-json\/wp\/v2\/tags?post=604"}],"curies":[{"name":"wp","href":"https:\/\/api.w.org\/{rel}","templated":true}]}}