{"id":589,"date":"2018-08-27T15:54:09","date_gmt":"2018-08-27T12:54:09","guid":{"rendered":"http:\/\/lauska.lv\/veikals\/makslinieki\/dirzininkas-andris"},"modified":"2018-10-04T22:42:00","modified_gmt":"2018-10-04T19:42:00","slug":"dirzininkas-andris","status":"publish","type":"page","link":"https:\/\/lauska.lv\/veikals\/makslinieki-2\/dirzininkas-andris\/","title":{"rendered":"Dir\u017eininkas Andris"},"content":{"rendered":"\n<div class=\"wp-block-organic-profile-block\"><div class=\"organic-profile-content-title\"><nameartist>Andris Dir\u017eininkas<\/nameartist><hr\/><\/div><div class=\"organic-profile-content-flex\" style=\"text-align:left\"><div class=\"organic-profile-image\" style=\"background-image:url(http:\/\/lauska.lv\/veikalsbeta\/wp-content\/uploads\/sites\/6\/2018\/08\/Group_Dirzininkas.jpg)\"><img decoding=\"async\" src=\"http:\/\/lauska.lv\/veikalsbeta\/wp-content\/uploads\/sites\/6\/2018\/08\/Group_Dirzininkas.jpg\"\/><\/div><div class=\"organic-profile-content\" style=\"text-align:left\"><p>Jauns puisis improviz\u0113 uz tradicion\u0101l\u0101s kokles bez citu instrumentu pavad\u012bjuma. Dzirdams da\u017e\u0101dos krogos un b\u0101ros, sp\u0113l\u0113 ar\u012b k\u0101 ielas muzikants. Piedal\u0101s dziesminieku saietos un da\u017e\u0101dos citos alternat\u012bvos sar\u012bkojumos. \u201cPirmie pieci gadi m\u016bzik\u0101 tie gr\u016btakie, bet daudz kas v\u0113l j\u0101apg\u016bst un sevi j\u0101atrod, cauri neapzin\u0101t\u012bbai uz apzin\u0101t\u012bbu, pret\u012b bezgal\u012bbai.\u201d<\/p><div class=\"organic-profile-social\"><a class=\"social-link\" href=\"https:\/\/www.facebook.com\/dirzininkas\/\" target=\"_blank\"><i class=\"fab fa-facebook-f\"><\/i><\/a><a class=\"social-link\" href=\"https:\/\/www.draugiem.lv\/pirkstucilts\/\" target=\"_blank\"><i class=\"fas fa-link\"><\/i><\/a><a class=\"social-link\" href=\"https:\/\/www.youtube.com\/channel\/UC7SSa1BhsntZjgzVqUPR_RQ\" target=\"_blank\"><i class=\"fab fa-youtube\"><\/i><\/a><a class=\"social-link\" href=\"https:\/\/soundcloud.com\/andris-dirzininkas\" target=\"_blank\"><i class=\"fab fa-soundcloud\"><\/i><\/a><\/div><\/div><\/div><\/div>\n\n\n<div class=\"woocommerce columns-4 \"><ul class=\"products columns-4\">\n<li class=\"product type-product post-1206 status-publish first instock product_cat-alijeva-leila product_cat-auli product_cat-dirzininkas-andris product_cat-grunte-andris product_cat-jansone-laima product_cat-katalogs product_cat-lans product_cat-lata-donga product_cat-los-daugavas-nens product_cat-masas-dimantas product_cat-nepieradinata-folka-orkestris product_cat-orubs-artis product_cat-otava-yo product_cat-perkonviri product_cat-post-folks product_cat-pulsa-efekts product_cat-ruzupis-veiri product_cat-skaistkalnes-puteji product_cat-skyforger product_cat-sula product_cat-sviests product_cat-tarkski product_cat-vecpilsetas-dziedataji product_cat-vejam-kabata product_cat-vetras-saites product_cat-zanri product_tag-41 has-post-thumbnail taxable shipping-taxable purchasable product-type-simple\">\n\t<a href=\"https:\/\/lauska.lv\/veikals\/Preces\/sviests-v\/\" class=\"woocommerce-LoopProduct-link woocommerce-loop-product__link\"><img fetchpriority=\"high\" decoding=\"async\" width=\"324\" height=\"324\" src=\"https:\/\/lauska.lv\/veikals\/wp-content\/uploads\/sites\/6\/2018\/08\/Cover_Sviests_V_01-324x324.jpg\" class=\"attachment-woocommerce_thumbnail size-woocommerce_thumbnail\" alt=\"\" srcset=\"https:\/\/lauska.lv\/veikals\/wp-content\/uploads\/sites\/6\/2018\/08\/Cover_Sviests_V_01-324x324.jpg 324w, https:\/\/lauska.lv\/veikals\/wp-content\/uploads\/sites\/6\/2018\/08\/Cover_Sviests_V_01-100x100.jpg 100w, https:\/\/lauska.lv\/veikals\/wp-content\/uploads\/sites\/6\/2018\/08\/Cover_Sviests_V_01-416x416.jpg 416w, https:\/\/lauska.lv\/veikals\/wp-content\/uploads\/sites\/6\/2018\/08\/Cover_Sviests_V_01-150x150.jpg 150w, https:\/\/lauska.lv\/veikals\/wp-content\/uploads\/sites\/6\/2018\/08\/Cover_Sviests_V_01-300x300.jpg 300w, https:\/\/lauska.lv\/veikals\/wp-content\/uploads\/sites\/6\/2018\/08\/Cover_Sviests_V_01-768x767.jpg 768w, https:\/\/lauska.lv\/veikals\/wp-content\/uploads\/sites\/6\/2018\/08\/Cover_Sviests_V_01.jpg 880w\" sizes=\"(max-width: 324px) 100vw, 324px\" \/><h2 class=\"woocommerce-loop-product__title\">SVIESTS V<\/h2>\n\t<span class=\"price\"><span class=\"woocommerce-Price-amount amount\"><bdi>10.00&nbsp;<span class=\"woocommerce-Price-currencySymbol\">&euro;<\/span><\/bdi><\/span> <small class=\"woocommerce-price-suffix\">iesk. PVN<\/small><\/span>\n<\/a><a href=\"?add-to-cart=1206\" data-quantity=\"1\" class=\"button product_type_simple add_to_cart_button ajax_add_to_cart\" data-product_id=\"1206\" data-product_sku=\"2013 CD043\" aria-label=\"Add to cart: &ldquo;SVIESTS V&rdquo;\" aria-describedby=\"\" rel=\"nofollow\">+<\/a><\/li>\n<\/ul>\n<\/div>\n\n\n\n<h2 class=\"wp-block-heading\">Video<\/h2>\n\n\n\n<hr class=\"wp-block-separator\"\/>\n\n\n\n<figure class=\"wp-block-embed-youtube wp-block-embed is-type-video is-provider-youtube wp-has-aspect-ratio wp-embed-aspect-16-9\"><div class=\"wp-block-embed__wrapper\">\n<span class=\"embed-youtube\" style=\"text-align:center; display: block;\"><iframe class=\"youtube-player\" width=\"980\" height=\"552\" src=\"https:\/\/www.youtube.com\/embed\/AKYIu8vXfjw?version=3&#038;rel=1&#038;showsearch=0&#038;showinfo=1&#038;iv_load_policy=1&#038;fs=1&#038;hl=lv-LV&#038;autohide=2&#038;wmode=transparent&#038;listType=playlist&#038;list=PLlzUjSgLpT4yYJd2_93PRMmnAeQ2-80st\" allowfullscreen=\"true\" style=\"border:0;\" sandbox=\"allow-scripts allow-same-origin allow-popups allow-presentation allow-popups-to-escape-sandbox\"><\/iframe><\/span>\n<\/div><\/figure>\n","protected":false},"excerpt":{"rendered":"<p>Video<\/p>\n","protected":false},"author":2,"featured_media":0,"parent":218,"menu_order":0,"comment_status":"closed","ping_status":"closed","template":"page-group.php","meta":{"jetpack_post_was_ever_published":false,"footnotes":""},"categories":[563,559],"tags":[],"jetpack_sharing_enabled":true,"_links":{"self":[{"href":"https:\/\/lauska.lv\/veikals\/wp-json\/wp\/v2\/pages\/589"}],"collection":[{"href":"https:\/\/lauska.lv\/veikals\/wp-json\/wp\/v2\/pages"}],"about":[{"href":"https:\/\/lauska.lv\/veikals\/wp-json\/wp\/v2\/types\/page"}],"author":[{"embeddable":true,"href":"https:\/\/lauska.lv\/veikals\/wp-json\/wp\/v2\/users\/2"}],"replies":[{"embeddable":true,"href":"https:\/\/lauska.lv\/veikals\/wp-json\/wp\/v2\/comments?post=589"}],"version-history":[{"count":3,"href":"https:\/\/lauska.lv\/veikals\/wp-json\/wp\/v2\/pages\/589\/revisions"}],"predecessor-version":[{"id":3081,"href":"https:\/\/lauska.lv\/veikals\/wp-json\/wp\/v2\/pages\/589\/revisions\/3081"}],"up":[{"embeddable":true,"href":"https:\/\/lauska.lv\/veikals\/wp-json\/wp\/v2\/pages\/218"}],"wp:attachment":[{"href":"https:\/\/lauska.lv\/veikals\/wp-json\/wp\/v2\/media?parent=589"}],"wp:term":[{"taxonomy":"category","embeddable":true,"href":"https:\/\/lauska.lv\/veikals\/wp-json\/wp\/v2\/categories?post=589"},{"taxonomy":"post_tag","embeddable":true,"href":"https:\/\/lauska.lv\/veikals\/wp-json\/wp\/v2\/tags?post=589"}],"curies":[{"name":"wp","href":"https:\/\/api.w.org\/{rel}","templated":true}]}}