{"id":584,"date":"2018-08-27T15:50:59","date_gmt":"2018-08-27T12:50:59","guid":{"rendered":"http:\/\/lauska.lv\/veikals\/makslinieki\/der"},"modified":"2018-10-04T22:35:12","modified_gmt":"2018-10-04T19:35:12","slug":"der","status":"publish","type":"page","link":"https:\/\/lauska.lv\/veikals\/makslinieki-2\/der\/","title":{"rendered":"DER"},"content":{"rendered":"\n<div class=\"wp-block-organic-profile-block\"><div class=\"organic-profile-content-title\"><nameartist>DER<\/nameartist><hr\/><\/div><div class=\"organic-profile-content-flex\" style=\"text-align:left\"><div class=\"organic-profile-image\" style=\"background-image:url(http:\/\/lauska.lv\/veikalsbeta\/wp-content\/uploads\/sites\/6\/2018\/08\/Group_DER.jpg)\"><img decoding=\"async\" src=\"http:\/\/lauska.lv\/veikalsbeta\/wp-content\/uploads\/sites\/6\/2018\/08\/Group_DER.jpg\"\/><\/div><div class=\"organic-profile-content\" style=\"text-align:left\"><p><strong>D\u0101vis Stalts<\/strong>\u00a0balss, perkusijas, sitamie instrumenti<br\/><strong>Ieva T\u0101lberga<\/strong>\u00a0balss, \u0123it\u0101ra<br\/><strong>Reinis Zumbergs<\/strong>\u00a0balss<br\/><strong>Ernests Medenis<\/strong>\u00a0balss, d\u016bdas, kokle<br\/><strong>K\u0101rlis Heimr\u0101ts<\/strong>\u00a0balss<br\/><strong>Krists Lazdi\u0146\u0161<\/strong>\u00a0\u0123it\u0101ra, balss<br\/><br\/>DER dal\u012bbnieki jau darboju\u0161ies iepriek\u0161 da\u017e\u0101d\u0101s grup\u0101s, bet apvienoju\u0161ies \u0161aj\u0101 sast\u0101v\u0101, lai rad\u012btu kaut ko jaunu. Vi\u0146i pa\u0161i saka: \u201eKop\u0101 esam, lai nestu taut\u0101s domu par latvie\u0161u tradicion\u0101l\u0101s kult\u016bras izpausmi m\u016bsdien\u0101s. Sav\u0101 saj\u016bt\u0101 cen\u0161amies rad\u012bt un dot to, ko cilv\u0113ks sav\u0101 ikdienas \u201cskr\u0113jien\u0101\u201d m\u0113dz nepaman\u012bt \u2013 gar\u012bgo saikni ar dzimteni.\u201d Grupas muzik\u0101lais l\u012bderis ir D\u0101vis Stalts, kura rad\u012bt\u0101 m\u016bzika un teksti p\u0113c saj\u016bt\u0101m ir \u013coti tuvi tautasdziesm\u0101m.<br\/><\/p><div class=\"organic-profile-social\"><\/div><\/div><\/div><\/div>\n\n\n<div class=\"woocommerce columns-4 \"><ul class=\"products columns-4\">\n<li class=\"product type-product post-1303 status-publish first instock product_cat-brence-liene product_cat-der product_cat-enu-kaleidoskops product_cat-folkvakars product_cat-grasis-austris product_cat-hagenskalna-muzikanti product_cat-ilgi product_cat-ilza product_cat-jansone-laima product_cat-katalogs product_cat-krampis product_cat-laiksne product_cat-lans product_cat-miglas-asni product_cat-perkonviri product_cat-post-folks product_cat-rigas-dancu-klubs product_cat-rudzi product_cat-sprindza-aiga product_cat-sviests product_cat-tai-tai product_cat-teiksma product_cat-tervetes-trubaduri product_cat-trakula product_cat-vetras-saites product_cat-vilkaci product_cat-viteri product_cat-zanri product_tag-39 has-post-thumbnail taxable shipping-taxable purchasable product-type-simple\">\n\t<a href=\"https:\/\/lauska.lv\/veikals\/Preces\/sviests-iv\/\" class=\"woocommerce-LoopProduct-link woocommerce-loop-product__link\"><img fetchpriority=\"high\" decoding=\"async\" width=\"324\" height=\"324\" src=\"https:\/\/lauska.lv\/veikals\/wp-content\/uploads\/sites\/6\/2018\/08\/Cover_sviests_IV_01-324x324.jpg\" class=\"attachment-woocommerce_thumbnail size-woocommerce_thumbnail\" alt=\"\" srcset=\"https:\/\/lauska.lv\/veikals\/wp-content\/uploads\/sites\/6\/2018\/08\/Cover_sviests_IV_01-324x324.jpg 324w, https:\/\/lauska.lv\/veikals\/wp-content\/uploads\/sites\/6\/2018\/08\/Cover_sviests_IV_01-100x100.jpg 100w, https:\/\/lauska.lv\/veikals\/wp-content\/uploads\/sites\/6\/2018\/08\/Cover_sviests_IV_01-150x150.jpg 150w\" sizes=\"(max-width: 324px) 100vw, 324px\" \/><h2 class=\"woocommerce-loop-product__title\">SVIESTS IV<\/h2>\n\t<span class=\"price\"><span class=\"woocommerce-Price-amount amount\"><bdi>10.00&nbsp;<span class=\"woocommerce-Price-currencySymbol\">&euro;<\/span><\/bdi><\/span> <small class=\"woocommerce-price-suffix\">iesk. PVN<\/small><\/span>\n<\/a><a href=\"?add-to-cart=1303\" data-quantity=\"1\" class=\"button product_type_simple add_to_cart_button ajax_add_to_cart\" data-product_id=\"1303\" data-product_sku=\"2011 CD037\" aria-label=\"Add to cart: &ldquo;SVIESTS IV&rdquo;\" aria-describedby=\"\" rel=\"nofollow\">+<\/a><\/li>\n<\/ul>\n<\/div>\n","protected":false},"excerpt":{"rendered":"","protected":false},"author":2,"featured_media":0,"parent":218,"menu_order":0,"comment_status":"closed","ping_status":"closed","template":"page-group.php","meta":{"jetpack_post_was_ever_published":false,"footnotes":""},"categories":[563,559],"tags":[],"jetpack_sharing_enabled":true,"_links":{"self":[{"href":"https:\/\/lauska.lv\/veikals\/wp-json\/wp\/v2\/pages\/584"}],"collection":[{"href":"https:\/\/lauska.lv\/veikals\/wp-json\/wp\/v2\/pages"}],"about":[{"href":"https:\/\/lauska.lv\/veikals\/wp-json\/wp\/v2\/types\/page"}],"author":[{"embeddable":true,"href":"https:\/\/lauska.lv\/veikals\/wp-json\/wp\/v2\/users\/2"}],"replies":[{"embeddable":true,"href":"https:\/\/lauska.lv\/veikals\/wp-json\/wp\/v2\/comments?post=584"}],"version-history":[{"count":3,"href":"https:\/\/lauska.lv\/veikals\/wp-json\/wp\/v2\/pages\/584\/revisions"}],"predecessor-version":[{"id":3069,"href":"https:\/\/lauska.lv\/veikals\/wp-json\/wp\/v2\/pages\/584\/revisions\/3069"}],"up":[{"embeddable":true,"href":"https:\/\/lauska.lv\/veikals\/wp-json\/wp\/v2\/pages\/218"}],"wp:attachment":[{"href":"https:\/\/lauska.lv\/veikals\/wp-json\/wp\/v2\/media?parent=584"}],"wp:term":[{"taxonomy":"category","embeddable":true,"href":"https:\/\/lauska.lv\/veikals\/wp-json\/wp\/v2\/categories?post=584"},{"taxonomy":"post_tag","embeddable":true,"href":"https:\/\/lauska.lv\/veikals\/wp-json\/wp\/v2\/tags?post=584"}],"curies":[{"name":"wp","href":"https:\/\/api.w.org\/{rel}","templated":true}]}}