{"id":564,"date":"2018-08-27T15:34:41","date_gmt":"2018-08-27T12:34:41","guid":{"rendered":"http:\/\/lauska.lv\/veikals\/makslinieki\/canzone"},"modified":"2018-10-04T22:22:05","modified_gmt":"2018-10-04T19:22:05","slug":"canzone","status":"publish","type":"page","link":"https:\/\/lauska.lv\/veikals\/makslinieki-2\/canzone\/","title":{"rendered":"CanZone"},"content":{"rendered":"\n<div class=\"wp-block-organic-profile-block\"><div class=\"organic-profile-content-title\"><nameartist>CanZone<\/nameartist><hr\/><\/div><div class=\"organic-profile-content-flex\" style=\"text-align:left\"><div class=\"organic-profile-image\" style=\"background-image:url(http:\/\/lauska.lv\/veikalsbeta\/wp-content\/uploads\/sites\/6\/2018\/08\/Group_CanZone_FotoLiga-Petersone_m.jpg)\"><img decoding=\"async\" src=\"http:\/\/lauska.lv\/veikalsbeta\/wp-content\/uploads\/sites\/6\/2018\/08\/Group_CanZone_FotoLiga-Petersone_m.jpg\"\/><\/div><div class=\"organic-profile-content\" style=\"text-align:left\"><p><strong>Dagnija Millere-Baland\u012bna\u00a0<\/strong>\u2013 balss<br\/><strong>Rolands Zel\u010ds\u00a0<\/strong>\u2013 akordeons<br\/><strong>Oskars Kr\u016bklis\u00a0<\/strong>\u2013 bas\u0123it\u0101ra<br\/><strong>Raivo Millers<\/strong>\u00a0\u2013\u00a0\u0123it\u0101ra<br\/><strong>Art\u016brs Slaviks\u00a0<\/strong>\u2013 bungas<br\/><br\/>\u201cCanzone\u201d it\u0101liski noz\u012bm\u0113 \u201cdziesma\u201d, bet rokgrupa \u201cCanZone\u201d dibin\u0101ta 2009.gad\u0101 Gr\u012bzi\u0146kalna apkaim\u0113, R\u012bg\u0101. Taj\u0101 apvienoju\u0161ies pieci entuziastiski m\u016bzi\u0137i, kuri v\u0113las ar savu muzic\u0113\u0161anu sniegt klaus\u012bt\u0101jiem ne tikai \u012bslaic\u012bgu prieku, bet ar\u012b caur savu \u012bpa\u0161o skan\u0113jumu un performanci iedvesmot klaus\u012bt\u0101jus atrast katram pa\u0161am sev\u012b m\u0101kslinieku un iedro\u0161in\u0101t izpausties.<br\/><\/p><div class=\"organic-profile-social\"><a class=\"social-link\" href=\"https:\/\/www.facebook.com\/CANZONEband\/\" target=\"_blank\"><i class=\"fab fa-facebook-f\"><\/i><\/a><a class=\"social-link\" href=\"https:\/\/www.youtube.com\/user\/BandCanZone\" target=\"_blank\"><i class=\"fab fa-youtube\"><\/i><\/a><a class=\"social-link\" href=\"https:\/\/canzone.bandcamp.com\/\" target=\"_blank\"><i class=\"fab fa-bandcamp\"><\/i><\/a><\/div><\/div><\/div><\/div>\n\n\n<div class=\"woocommerce columns-4 \"><ul class=\"products columns-4\">\n<li class=\"product type-product post-910 status-publish first instock product_cat-canzone product_cat-lausa product_tag-47 has-post-thumbnail taxable shipping-taxable purchasable product-type-simple\">\n\t<a href=\"https:\/\/lauska.lv\/veikals\/Preces\/high-time\/\" class=\"woocommerce-LoopProduct-link woocommerce-loop-product__link\"><img fetchpriority=\"high\" decoding=\"async\" width=\"324\" height=\"324\" src=\"https:\/\/lauska.lv\/veikals\/wp-content\/uploads\/sites\/6\/2018\/08\/CanZone_High-Time_Vacins_m-324x324.jpg\" class=\"attachment-woocommerce_thumbnail size-woocommerce_thumbnail\" alt=\"\" srcset=\"https:\/\/lauska.lv\/veikals\/wp-content\/uploads\/sites\/6\/2018\/08\/CanZone_High-Time_Vacins_m-324x324.jpg 324w, https:\/\/lauska.lv\/veikals\/wp-content\/uploads\/sites\/6\/2018\/08\/CanZone_High-Time_Vacins_m-100x100.jpg 100w, https:\/\/lauska.lv\/veikals\/wp-content\/uploads\/sites\/6\/2018\/08\/CanZone_High-Time_Vacins_m-416x416.jpg 416w, https:\/\/lauska.lv\/veikals\/wp-content\/uploads\/sites\/6\/2018\/08\/CanZone_High-Time_Vacins_m-150x150.jpg 150w, https:\/\/lauska.lv\/veikals\/wp-content\/uploads\/sites\/6\/2018\/08\/CanZone_High-Time_Vacins_m-300x300.jpg 300w, https:\/\/lauska.lv\/veikals\/wp-content\/uploads\/sites\/6\/2018\/08\/CanZone_High-Time_Vacins_m.jpg 480w\" sizes=\"(max-width: 324px) 100vw, 324px\" \/><h2 class=\"woocommerce-loop-product__title\">High Time<\/h2>\n\t<span class=\"price\"><span class=\"woocommerce-Price-amount amount\"><bdi>10.00&nbsp;<span class=\"woocommerce-Price-currencySymbol\">&euro;<\/span><\/bdi><\/span> <small class=\"woocommerce-price-suffix\">iesk. PVN<\/small><\/span>\n<\/a><a href=\"?add-to-cart=910\" data-quantity=\"1\" class=\"button product_type_simple add_to_cart_button ajax_add_to_cart\" data-product_id=\"910\" data-product_sku=\"2018 CD075\" aria-label=\"Add to cart: &ldquo;High Time&rdquo;\" aria-describedby=\"\" rel=\"nofollow\">+<\/a><\/li>\n<\/ul>\n<\/div>\n\n\n\n<h2 class=\"wp-block-heading\">Video<\/h2>\n\n\n\n<hr class=\"wp-block-separator\"\/>\n\n\n\n<figure class=\"wp-block-embed-youtube wp-block-embed is-type-video is-provider-youtube wp-has-aspect-ratio wp-embed-aspect-16-9\"><div class=\"wp-block-embed__wrapper\">\n<span class=\"embed-youtube\" style=\"text-align:center; display: block;\"><iframe class=\"youtube-player\" width=\"980\" height=\"552\" src=\"https:\/\/www.youtube.com\/embed\/tS_stDAIDlQ?version=3&#038;rel=1&#038;showsearch=0&#038;showinfo=1&#038;iv_load_policy=1&#038;fs=1&#038;hl=lv-LV&#038;autohide=2&#038;wmode=transparent\" allowfullscreen=\"true\" style=\"border:0;\" sandbox=\"allow-scripts allow-same-origin allow-popups allow-presentation allow-popups-to-escape-sandbox\"><\/iframe><\/span>\n<\/div><\/figure>\n","protected":false},"excerpt":{"rendered":"<p>Video<\/p>\n","protected":false},"author":2,"featured_media":0,"parent":218,"menu_order":0,"comment_status":"closed","ping_status":"closed","template":"page-group.php","meta":{"jetpack_post_was_ever_published":false,"footnotes":""},"categories":[562,559],"tags":[],"jetpack_sharing_enabled":true,"_links":{"self":[{"href":"https:\/\/lauska.lv\/veikals\/wp-json\/wp\/v2\/pages\/564"}],"collection":[{"href":"https:\/\/lauska.lv\/veikals\/wp-json\/wp\/v2\/pages"}],"about":[{"href":"https:\/\/lauska.lv\/veikals\/wp-json\/wp\/v2\/types\/page"}],"author":[{"embeddable":true,"href":"https:\/\/lauska.lv\/veikals\/wp-json\/wp\/v2\/users\/2"}],"replies":[{"embeddable":true,"href":"https:\/\/lauska.lv\/veikals\/wp-json\/wp\/v2\/comments?post=564"}],"version-history":[{"count":3,"href":"https:\/\/lauska.lv\/veikals\/wp-json\/wp\/v2\/pages\/564\/revisions"}],"predecessor-version":[{"id":3056,"href":"https:\/\/lauska.lv\/veikals\/wp-json\/wp\/v2\/pages\/564\/revisions\/3056"}],"up":[{"embeddable":true,"href":"https:\/\/lauska.lv\/veikals\/wp-json\/wp\/v2\/pages\/218"}],"wp:attachment":[{"href":"https:\/\/lauska.lv\/veikals\/wp-json\/wp\/v2\/media?parent=564"}],"wp:term":[{"taxonomy":"category","embeddable":true,"href":"https:\/\/lauska.lv\/veikals\/wp-json\/wp\/v2\/categories?post=564"},{"taxonomy":"post_tag","embeddable":true,"href":"https:\/\/lauska.lv\/veikals\/wp-json\/wp\/v2\/tags?post=564"}],"curies":[{"name":"wp","href":"https:\/\/api.w.org\/{rel}","templated":true}]}}