{"id":552,"date":"2018-08-27T15:18:29","date_gmt":"2018-08-27T12:18:29","guid":{"rendered":"http:\/\/lauska.lv\/veikals\/makslinieki\/cesu-medibu-kolektiva-cepurisu-orkestris"},"modified":"2018-10-04T22:27:23","modified_gmt":"2018-10-04T19:27:23","slug":"cesu-medibu-kolektiva-cepurisu-orkestris","status":"publish","type":"page","link":"https:\/\/lauska.lv\/veikals\/makslinieki-2\/cesu-medibu-kolektiva-cepurisu-orkestris\/","title":{"rendered":"C\u0113su med\u012bbu kolekt\u012bva cepur\u012b\u0161u or\u0137estris"},"content":{"rendered":"\n<div class=\"wp-block-organic-profile-block\"><div class=\"organic-profile-content-title\"><nameartist>C\u0113su med\u012bbu kolekt\u012bva cepur\u012b\u0161u or\u0137estris<\/nameartist><hr\/><\/div><div class=\"organic-profile-content-flex\" style=\"text-align:left\"><div class=\"organic-profile-image\" style=\"background-image:url(http:\/\/lauska.lv\/veikalsbeta\/wp-content\/uploads\/sites\/6\/2018\/08\/Group_CesuCepurisu.jpg)\"><img decoding=\"async\" src=\"http:\/\/lauska.lv\/veikalsbeta\/wp-content\/uploads\/sites\/6\/2018\/08\/Group_CesuCepurisu.jpg\"\/><\/div><div class=\"organic-profile-content\" style=\"text-align:left\"><p><strong>Kri\u0161j\u0101nis Putni\u0146\u0161<\/strong>\u00a0\u0123it\u0101ra<br\/><strong>Gatis Valters<\/strong>\u00a0kontrabass<br\/><strong>Kaspars Indr\u0113vics<\/strong>\u00a0perkusijas<br\/><br\/>C\u0113su med\u012bbu kolekt\u012bva cepur\u012b\u0161u or\u0137estris sast\u0101v no klaus\u012bt\u0101jam labi zin\u0101miem v\u012briem k\u0101 ozoliem, kas ikvienu iepriecina ar savu kl\u0101tb\u016btni. Vi\u0146i labpr\u0101t uzsp\u0113l\u0113 ar\u012b kop\u0101 ar draudz\u012bg\u0101m muzikant\u0113m.<br\/><br\/><\/p><div class=\"organic-profile-social\"><\/div><\/div><\/div><\/div>\n\n\n<div class=\"woocommerce columns-4 \"><ul class=\"products columns-4\">\n<li class=\"product type-product post-1158 status-publish first instock product_cat-amorala-psihoze product_cat-auli product_cat-austrumkalns product_cat-balle-pie-ratna-zirdzina product_cat-black-diamonds product_cat-cesu-medibu-kolektiva-cepurisu-orkestris product_cat-dardi product_cat-dj-monsta product_cat-gaudeamus-viru-koris product_cat-jauno-janu-orkestris product_cat-katalogs product_cat-masas-dimantas product_cat-milleru-balandinu-gimene product_cat-post-folks product_cat-prievisu-andris product_cat-rasata product_cat-raxtu-raxti product_cat-riksi product_cat-sviests product_cat-symbolic product_cat-trio-smite-karkle-cinkuss product_cat-zala-zale product_cat-zanri product_cat-zari product_cat-zarins-jekabs product_tag-43 has-post-thumbnail taxable shipping-taxable purchasable product-type-simple\">\n\t<a href=\"https:\/\/lauska.lv\/veikals\/Preces\/sviests-6\/\" class=\"woocommerce-LoopProduct-link woocommerce-loop-product__link\"><img fetchpriority=\"high\" decoding=\"async\" width=\"324\" height=\"324\" src=\"https:\/\/lauska.lv\/veikals\/wp-content\/uploads\/sites\/6\/2018\/08\/Cover_Sviests_6_01-324x324.jpg\" class=\"attachment-woocommerce_thumbnail size-woocommerce_thumbnail\" alt=\"\" srcset=\"https:\/\/lauska.lv\/veikals\/wp-content\/uploads\/sites\/6\/2018\/08\/Cover_Sviests_6_01-324x324.jpg 324w, https:\/\/lauska.lv\/veikals\/wp-content\/uploads\/sites\/6\/2018\/08\/Cover_Sviests_6_01-100x100.jpg 100w, https:\/\/lauska.lv\/veikals\/wp-content\/uploads\/sites\/6\/2018\/08\/Cover_Sviests_6_01-150x150.jpg 150w\" sizes=\"(max-width: 324px) 100vw, 324px\" \/><h2 class=\"woocommerce-loop-product__title\">SVIESTS 6<\/h2>\n\t<span class=\"price\"><span class=\"woocommerce-Price-amount amount\"><bdi>10.00&nbsp;<span class=\"woocommerce-Price-currencySymbol\">&euro;<\/span><\/bdi><\/span> <small class=\"woocommerce-price-suffix\">iesk. PVN<\/small><\/span>\n<\/a><a href=\"?add-to-cart=1158\" data-quantity=\"1\" class=\"button product_type_simple add_to_cart_button ajax_add_to_cart\" data-product_id=\"1158\" data-product_sku=\"2015 CD057\" aria-label=\"Add to cart: &ldquo;SVIESTS 6&rdquo;\" aria-describedby=\"\" rel=\"nofollow\">+<\/a><\/li>\n<\/ul>\n<\/div>\n","protected":false},"excerpt":{"rendered":"","protected":false},"author":2,"featured_media":0,"parent":218,"menu_order":0,"comment_status":"closed","ping_status":"closed","template":"page-group.php","meta":{"jetpack_post_was_ever_published":false,"footnotes":""},"categories":[562,559],"tags":[],"jetpack_sharing_enabled":true,"_links":{"self":[{"href":"https:\/\/lauska.lv\/veikals\/wp-json\/wp\/v2\/pages\/552"}],"collection":[{"href":"https:\/\/lauska.lv\/veikals\/wp-json\/wp\/v2\/pages"}],"about":[{"href":"https:\/\/lauska.lv\/veikals\/wp-json\/wp\/v2\/types\/page"}],"author":[{"embeddable":true,"href":"https:\/\/lauska.lv\/veikals\/wp-json\/wp\/v2\/users\/2"}],"replies":[{"embeddable":true,"href":"https:\/\/lauska.lv\/veikals\/wp-json\/wp\/v2\/comments?post=552"}],"version-history":[{"count":4,"href":"https:\/\/lauska.lv\/veikals\/wp-json\/wp\/v2\/pages\/552\/revisions"}],"predecessor-version":[{"id":3061,"href":"https:\/\/lauska.lv\/veikals\/wp-json\/wp\/v2\/pages\/552\/revisions\/3061"}],"up":[{"embeddable":true,"href":"https:\/\/lauska.lv\/veikals\/wp-json\/wp\/v2\/pages\/218"}],"wp:attachment":[{"href":"https:\/\/lauska.lv\/veikals\/wp-json\/wp\/v2\/media?parent=552"}],"wp:term":[{"taxonomy":"category","embeddable":true,"href":"https:\/\/lauska.lv\/veikals\/wp-json\/wp\/v2\/categories?post=552"},{"taxonomy":"post_tag","embeddable":true,"href":"https:\/\/lauska.lv\/veikals\/wp-json\/wp\/v2\/tags?post=552"}],"curies":[{"name":"wp","href":"https:\/\/api.w.org\/{rel}","templated":true}]}}