{"id":547,"date":"2018-08-27T15:04:26","date_gmt":"2018-08-27T12:04:26","guid":{"rendered":"http:\/\/lauska.lv\/veikals\/makslinieki\/ceiruleits"},"modified":"2018-10-04T22:25:59","modified_gmt":"2018-10-04T19:25:59","slug":"ceiruleits","status":"publish","type":"page","link":"https:\/\/lauska.lv\/veikals\/makslinieki-2\/ceiruleits\/","title":{"rendered":"Ceiruleits"},"content":{"rendered":"\n<div class=\"wp-block-organic-profile-block\"><div class=\"organic-profile-content-title\"><nameartist>Ceiruleits<\/nameartist><hr\/><\/div><div class=\"organic-profile-content-flex\" style=\"text-align:left\"><div class=\"organic-profile-image\" style=\"background-image:url(http:\/\/lauska.lv\/veikalsbeta\/wp-content\/uploads\/sites\/6\/2018\/08\/Group_Ceiruleits.jpg)\"><img decoding=\"async\" src=\"http:\/\/lauska.lv\/veikalsbeta\/wp-content\/uploads\/sites\/6\/2018\/08\/Group_Ceiruleits.jpg\"\/><\/div><div class=\"organic-profile-content\" style=\"text-align:left\"><p><strong>Krist\u012bne K\u0101rkle\u00a0<\/strong>balss, vijole<br\/><strong>Edgars K\u0101rklis<\/strong>\u00a0balss, akordeons<br\/><strong>Agnese K\u0101rkle<\/strong>\u00a0balss<br\/><strong>Gatis Valters<\/strong>\u00a0bungas, mandol\u012bna, kontrabass<br\/><strong>M\u0101rti\u0146\u0161 Puri\u0146\u0161<\/strong>\u00a0balss<br\/><br\/>\u0160aj\u0101 Latgales grup\u0101 ir izaugu\u0161i jau vair\u0101ki lieliski tautas muzikanti, kas tagad sp\u0113l\u0113 ar\u012b citos sast\u0101vos, tom\u0113r laiku pa laikam atgrie\u017eas uzsp\u0113l\u0113t ar\u012b m\u0101j\u0101s L\u012bv\u0101nos. Annas K\u0101rkles vad\u012bb\u0101 \u201eCeiruleits\u201d ir sasniedzis atpaz\u012bstam\u012bbu uzst\u0101joties gan Latvij\u0101, gan daudzos festiv\u0101los vis\u0101 pasaul\u0113. Grupas repertu\u0101ru veido latgalie\u0161u dziesmas un dan\u010di, kas tiek izpild\u012bti ar lielu prieku un azartu.<br\/><\/p><div class=\"organic-profile-social\"><a class=\"social-link\" href=\"https:\/\/www.draugiem.lv\/music\/10010113\/\" target=\"_blank\"><i class=\"fas fa-link\"><\/i><\/a><\/div><\/div><\/div><\/div>\n\n\n<div class=\"woocommerce columns-4 \"><ul class=\"products columns-4\">\n<li class=\"product type-product post-17896 status-publish first outofstock product_cat-ceiruleits product_cat-folklora product_tag-720 has-post-thumbnail taxable shipping-taxable purchasable product-type-simple\">\n\t<a href=\"https:\/\/lauska.lv\/veikals\/Preces\/skanu-balsenu-palaidu\/\" class=\"woocommerce-LoopProduct-link woocommerce-loop-product__link\"><img fetchpriority=\"high\" decoding=\"async\" width=\"324\" height=\"324\" src=\"https:\/\/lauska.lv\/veikals\/wp-content\/uploads\/sites\/6\/2021\/03\/Ceiruleits_CD-1-324x324.jpg\" class=\"attachment-woocommerce_thumbnail size-woocommerce_thumbnail\" alt=\"\" srcset=\"https:\/\/lauska.lv\/veikals\/wp-content\/uploads\/sites\/6\/2021\/03\/Ceiruleits_CD-1-324x324.jpg 324w, https:\/\/lauska.lv\/veikals\/wp-content\/uploads\/sites\/6\/2021\/03\/Ceiruleits_CD-1-100x100.jpg 100w, https:\/\/lauska.lv\/veikals\/wp-content\/uploads\/sites\/6\/2021\/03\/Ceiruleits_CD-1-150x150.jpg 150w, https:\/\/lauska.lv\/veikals\/wp-content\/uploads\/sites\/6\/2021\/03\/Ceiruleits_CD-1-600x600.jpg 600w\" sizes=\"(max-width: 324px) 100vw, 324px\" \/><h2 class=\"woocommerce-loop-product__title\">Ska\u0146u balse\u0146u palaidu<\/h2>\n\t<span class=\"price\"><span class=\"woocommerce-Price-amount amount\"><bdi>10.00&nbsp;<span class=\"woocommerce-Price-currencySymbol\">&euro;<\/span><\/bdi><\/span> <small class=\"woocommerce-price-suffix\">iesk. PVN<\/small><\/span>\n<\/a><a href=\"https:\/\/lauska.lv\/veikals\/Preces\/skanu-balsenu-palaidu\/\" data-quantity=\"1\" class=\"button product_type_simple\" data-product_id=\"17896\" data-product_sku=\"C 01 2021\" aria-label=\"Read more about &ldquo;Ska\u0146u balse\u0146u palaidu&rdquo;\" aria-describedby=\"\" rel=\"nofollow\">Skat\u012bt<\/a><\/li>\n<li class=\"product type-product post-1291 status-publish instock product_cat-abra product_cat-auli product_cat-balki product_cat-baobabs product_cat-ceiruleits product_cat-etnomuzikologi product_cat-folkvakars product_cat-gosti product_cat-katalogs product_cat-kgb product_cat-kokle product_cat-laiksne product_cat-laimas-muzykanti product_cat-lini product_cat-lokal-heroes product_cat-misters product_cat-perlis product_cat-skyforger product_cat-sviests product_cat-trakula product_cat-vecpilsetas-dziedataji product_cat-vilkaci product_cat-zala-zale product_cat-zigridas-kalpi product_tag-37 has-post-thumbnail taxable shipping-taxable purchasable product-type-simple\">\n\t<a href=\"https:\/\/lauska.lv\/veikals\/Preces\/sviests-3\/\" class=\"woocommerce-LoopProduct-link woocommerce-loop-product__link\"><img decoding=\"async\" width=\"324\" height=\"324\" src=\"https:\/\/lauska.lv\/veikals\/wp-content\/uploads\/sites\/6\/2018\/08\/Cover_sviests_3_01-324x324.jpg\" class=\"attachment-woocommerce_thumbnail size-woocommerce_thumbnail\" alt=\"\" srcset=\"https:\/\/lauska.lv\/veikals\/wp-content\/uploads\/sites\/6\/2018\/08\/Cover_sviests_3_01-324x324.jpg 324w, https:\/\/lauska.lv\/veikals\/wp-content\/uploads\/sites\/6\/2018\/08\/Cover_sviests_3_01-100x100.jpg 100w, https:\/\/lauska.lv\/veikals\/wp-content\/uploads\/sites\/6\/2018\/08\/Cover_sviests_3_01-150x150.jpg 150w\" sizes=\"(max-width: 324px) 100vw, 324px\" \/><h2 class=\"woocommerce-loop-product__title\">SVIESTS 3<\/h2>\n\t<span class=\"price\"><span class=\"woocommerce-Price-amount amount\"><bdi>10.00&nbsp;<span class=\"woocommerce-Price-currencySymbol\">&euro;<\/span><\/bdi><\/span> <small class=\"woocommerce-price-suffix\">iesk. PVN<\/small><\/span>\n<\/a><a href=\"?add-to-cart=1291\" data-quantity=\"1\" class=\"button product_type_simple add_to_cart_button ajax_add_to_cart\" data-product_id=\"1291\" data-product_sku=\"2012 CD031\" aria-label=\"Add to cart: &ldquo;SVIESTS 3&rdquo;\" aria-describedby=\"\" rel=\"nofollow\">+<\/a><\/li>\n<li class=\"product type-product post-1543 status-publish outofstock product_cat-auli product_cat-auri product_cat-ceiruleits product_cat-delve product_cat-dudinieks product_cat-kala-jeng product_cat-karkle-kristine product_cat-katalogs product_cat-kokle product_cat-laiksne product_cat-lans product_cat-lidojosais-paklajs product_cat-patina product_cat-post-folks product_cat-risa-zvejnieki product_cat-skandinieki product_cat-skyforger product_cat-sviests product_cat-trejasmens product_cat-vilkaci product_cat-visi-veji product_cat-zanri product_tag-33 has-post-thumbnail taxable shipping-taxable purchasable product-type-simple\">\n\t<a href=\"https:\/\/lauska.lv\/veikals\/Preces\/sviests\/\" class=\"woocommerce-LoopProduct-link woocommerce-loop-product__link\"><img decoding=\"async\" width=\"324\" height=\"324\" src=\"https:\/\/lauska.lv\/veikals\/wp-content\/uploads\/sites\/6\/2005\/08\/sviests_1-324x324.png\" class=\"attachment-woocommerce_thumbnail size-woocommerce_thumbnail\" alt=\"\" srcset=\"https:\/\/lauska.lv\/veikals\/wp-content\/uploads\/sites\/6\/2005\/08\/sviests_1-324x324.png 324w, https:\/\/lauska.lv\/veikals\/wp-content\/uploads\/sites\/6\/2005\/08\/sviests_1-150x150.png 150w, https:\/\/lauska.lv\/veikals\/wp-content\/uploads\/sites\/6\/2005\/08\/sviests_1-100x100.png 100w\" sizes=\"(max-width: 324px) 100vw, 324px\" \/><h2 class=\"woocommerce-loop-product__title\">SVIESTS<\/h2>\n\t<span class=\"price\"><span class=\"woocommerce-Price-amount amount\"><bdi>10.00&nbsp;<span class=\"woocommerce-Price-currencySymbol\">&euro;<\/span><\/bdi><\/span> <small class=\"woocommerce-price-suffix\">iesk. PVN<\/small><\/span>\n<\/a><a href=\"https:\/\/lauska.lv\/veikals\/Preces\/sviests\/\" data-quantity=\"1\" class=\"button product_type_simple\" data-product_id=\"1543\" data-product_sku=\"2005 CD005\" aria-label=\"Read more about &ldquo;SVIESTS&rdquo;\" aria-describedby=\"\" rel=\"nofollow\">Skat\u012bt<\/a><\/li>\n<\/ul>\n<\/div>\n\n\n\n<h2 class=\"wp-block-heading\">Video<\/h2>\n\n\n\n<hr class=\"wp-block-separator\"\/>\n\n\n\n<figure class=\"wp-block-embed-youtube wp-block-embed is-type-video is-provider-youtube wp-has-aspect-ratio wp-embed-aspect-16-9\"><div class=\"wp-block-embed__wrapper\">\n<span class=\"embed-youtube\" style=\"text-align:center; display: block;\"><iframe class=\"youtube-player\" width=\"980\" height=\"552\" src=\"https:\/\/www.youtube.com\/embed\/ZP4i9BcqYVY?version=3&#038;rel=1&#038;showsearch=0&#038;showinfo=1&#038;iv_load_policy=1&#038;fs=1&#038;hl=lv-LV&#038;autohide=2&#038;wmode=transparent\" allowfullscreen=\"true\" style=\"border:0;\" sandbox=\"allow-scripts allow-same-origin allow-popups allow-presentation allow-popups-to-escape-sandbox\"><\/iframe><\/span>\n<\/div><\/figure>\n","protected":false},"excerpt":{"rendered":"<p>Video<\/p>\n","protected":false},"author":2,"featured_media":0,"parent":218,"menu_order":0,"comment_status":"closed","ping_status":"closed","template":"page-group.php","meta":{"jetpack_post_was_ever_published":false,"footnotes":""},"categories":[562,559],"tags":[],"jetpack_sharing_enabled":true,"_links":{"self":[{"href":"https:\/\/lauska.lv\/veikals\/wp-json\/wp\/v2\/pages\/547"}],"collection":[{"href":"https:\/\/lauska.lv\/veikals\/wp-json\/wp\/v2\/pages"}],"about":[{"href":"https:\/\/lauska.lv\/veikals\/wp-json\/wp\/v2\/types\/page"}],"author":[{"embeddable":true,"href":"https:\/\/lauska.lv\/veikals\/wp-json\/wp\/v2\/users\/2"}],"replies":[{"embeddable":true,"href":"https:\/\/lauska.lv\/veikals\/wp-json\/wp\/v2\/comments?post=547"}],"version-history":[{"count":3,"href":"https:\/\/lauska.lv\/veikals\/wp-json\/wp\/v2\/pages\/547\/revisions"}],"predecessor-version":[{"id":3059,"href":"https:\/\/lauska.lv\/veikals\/wp-json\/wp\/v2\/pages\/547\/revisions\/3059"}],"up":[{"embeddable":true,"href":"https:\/\/lauska.lv\/veikals\/wp-json\/wp\/v2\/pages\/218"}],"wp:attachment":[{"href":"https:\/\/lauska.lv\/veikals\/wp-json\/wp\/v2\/media?parent=547"}],"wp:term":[{"taxonomy":"category","embeddable":true,"href":"https:\/\/lauska.lv\/veikals\/wp-json\/wp\/v2\/categories?post=547"},{"taxonomy":"post_tag","embeddable":true,"href":"https:\/\/lauska.lv\/veikals\/wp-json\/wp\/v2\/tags?post=547"}],"curies":[{"name":"wp","href":"https:\/\/api.w.org\/{rel}","templated":true}]}}