{"id":502,"date":"2018-08-27T13:39:25","date_gmt":"2018-08-27T10:39:25","guid":{"rendered":"http:\/\/lauska.lv\/veikals\/makslinieki\/visi-veji"},"modified":"2018-09-26T20:07:16","modified_gmt":"2018-09-26T17:07:16","slug":"visi-veji","status":"publish","type":"page","link":"https:\/\/lauska.lv\/veikals\/makslinieki-2\/visi-veji\/","title":{"rendered":"Visi v\u0113ji"},"content":{"rendered":"\n<div class=\"wp-block-organic-profile-block\"><div class=\"organic-profile-content-title\"><nameartist>Visi v\u0113ji<\/nameartist><hr\/><\/div><div class=\"organic-profile-content-flex\" style=\"text-align:left\"><div class=\"organic-profile-image\" style=\"background-image:url(http:\/\/lauska.lv\/veikalsbeta\/wp-content\/uploads\/sites\/6\/2018\/08\/Group_VisiVeji.jpg)\"><img decoding=\"async\" src=\"http:\/\/lauska.lv\/veikalsbeta\/wp-content\/uploads\/sites\/6\/2018\/08\/Group_VisiVeji.jpg\"\/><\/div><div class=\"organic-profile-content\" style=\"text-align:left\"><p><strong>Ieva M\u016brniece<\/strong> balss, vijole<br\/><strong>Inese O\u0161a<\/strong> balss, \u0123it\u0101ra<br\/><strong>Kaspars B\u0101rbals<\/strong> d\u016bdas, stabule<br\/><strong>Mikus \u010cavarts<\/strong> perkusijas<br\/><strong>Gatis Valters<\/strong> bass<br\/><br\/>2002.gad\u0101 grupa Visis v\u0113ji apvienoj\u0101s jauni, akt\u012bvi un talant\u012bgi tautas muzikanti. \u201cVisi v\u0113ji\u201d iedvesmoj\u0101s tautas m\u016bzik\u0101 un izveidoja koncertprogrammy, kas \u012bpa\u0161i uzrun\u0101ja un piesaist\u012bja jaunie\u0161u auditoriju. Diem\u017e\u0113l 2004.gad\u0101 grupa beidza past\u0101v\u0113t, atst\u0101jot skaistas atmi\u0146as un da\u017eus studijas ierakstus.<\/p><div class=\"organic-profile-social\"><\/div><\/div><\/div><\/div>\n\n\n\n<h2 class=\"wp-block-heading\">Video<\/h2>\n\n\n\n<hr class=\"wp-block-separator\"\/>\n\n\n\n<figure class=\"wp-block-embed-youtube wp-block-embed is-type-video is-provider-youtube\">\n<span class=\"embed-youtube\" style=\"text-align:center; display: block;\"><iframe class=\"youtube-player\" width=\"980\" height=\"552\" src=\"https:\/\/www.youtube.com\/embed\/GgnqVQ8C0Lo?version=3&#038;rel=1&#038;showsearch=0&#038;showinfo=1&#038;iv_load_policy=1&#038;fs=1&#038;hl=lv-LV&#038;autohide=2&#038;wmode=transparent&#038;listType=playlist&#038;list=PLlzUjSgLpT4zXr4s6MNKpvuclgwizGKyL\" allowfullscreen=\"true\" style=\"border:0;\" sandbox=\"allow-scripts allow-same-origin allow-popups allow-presentation allow-popups-to-escape-sandbox\"><\/iframe><\/span>\n<\/figure>\n","protected":false},"excerpt":{"rendered":"<p>Video<\/p>\n","protected":false},"author":5,"featured_media":0,"parent":218,"menu_order":0,"comment_status":"closed","ping_status":"closed","template":"page-group.php","meta":{"jetpack_post_was_ever_published":false,"footnotes":""},"categories":[559,581],"tags":[],"jetpack_sharing_enabled":true,"_links":{"self":[{"href":"https:\/\/lauska.lv\/veikals\/wp-json\/wp\/v2\/pages\/502"}],"collection":[{"href":"https:\/\/lauska.lv\/veikals\/wp-json\/wp\/v2\/pages"}],"about":[{"href":"https:\/\/lauska.lv\/veikals\/wp-json\/wp\/v2\/types\/page"}],"author":[{"embeddable":true,"href":"https:\/\/lauska.lv\/veikals\/wp-json\/wp\/v2\/users\/5"}],"replies":[{"embeddable":true,"href":"https:\/\/lauska.lv\/veikals\/wp-json\/wp\/v2\/comments?post=502"}],"version-history":[{"count":1,"href":"https:\/\/lauska.lv\/veikals\/wp-json\/wp\/v2\/pages\/502\/revisions"}],"predecessor-version":[{"id":511,"href":"https:\/\/lauska.lv\/veikals\/wp-json\/wp\/v2\/pages\/502\/revisions\/511"}],"up":[{"embeddable":true,"href":"https:\/\/lauska.lv\/veikals\/wp-json\/wp\/v2\/pages\/218"}],"wp:attachment":[{"href":"https:\/\/lauska.lv\/veikals\/wp-json\/wp\/v2\/media?parent=502"}],"wp:term":[{"taxonomy":"category","embeddable":true,"href":"https:\/\/lauska.lv\/veikals\/wp-json\/wp\/v2\/categories?post=502"},{"taxonomy":"post_tag","embeddable":true,"href":"https:\/\/lauska.lv\/veikals\/wp-json\/wp\/v2\/tags?post=502"}],"curies":[{"name":"wp","href":"https:\/\/api.w.org\/{rel}","templated":true}]}}