{"id":496,"date":"2018-08-27T13:37:04","date_gmt":"2018-08-27T10:37:04","guid":{"rendered":"http:\/\/lauska.lv\/veikals\/makslinieki\/viteri"},"modified":"2018-09-26T20:07:18","modified_gmt":"2018-09-26T17:07:18","slug":"viteri","status":"publish","type":"page","link":"https:\/\/lauska.lv\/veikals\/makslinieki-2\/viteri\/","title":{"rendered":"V\u012bteri"},"content":{"rendered":"\n<div class=\"wp-block-organic-profile-block\"><div class=\"organic-profile-content-title\"><nameartist>V\u012bteri<\/nameartist><hr\/><\/div><div class=\"organic-profile-content-flex\" style=\"text-align:left\"><div class=\"organic-profile-image\" style=\"background-image:url(http:\/\/lauska.lv\/veikalsbeta\/wp-content\/uploads\/sites\/6\/2018\/08\/Group_Viteri.jpg)\"><img decoding=\"async\" src=\"http:\/\/lauska.lv\/veikalsbeta\/wp-content\/uploads\/sites\/6\/2018\/08\/Group_Viteri.jpg\"\/><\/div><div class=\"organic-profile-content\" style=\"text-align:left\"><p>Folkloras draugu kopa un kapela \u201cV\u012bteri\u201d izveidoj\u0101s 2003. gad\u0101, R\u0113zeknes pils\u0113tas Kult\u016bras nama rado\u0161iem darbiniekiem un akt\u012bv\u0101kajiem kolekt\u012bvu dal\u012bbniekiem san\u0101kot kop\u0101 \u2014 dziedot un muzic\u0113jot kop\u0101 ar saviem b\u0113rniem, lai saglab\u0101tu latgalisko dziesmu, deju un Latgales novada trad\u012bcijas. Rad\u0101s ideja dibin\u0101t folkloras draugu kopu, p\u0113c tam ar\u012b kapelu. \u0160\u012b kolekt\u012bva vad\u012bt\u0101ja ir Sandra Stare, kapelas vad\u012bt\u0101js \u2014 Ein\u0101rs Lipskis. \u201cV\u012bteru\u201d dal\u012bbnieki ir b\u0113rni un jaunie\u0161i, kas dzied, muzic\u0113 un dejo R\u0113zeknes pils\u0113tas Kult\u016bras nama organiz\u0113tajos pas\u0101kumos, t\u0101l\u0101kizgl\u012btojas folkloras muzikantu nometn\u0113s, akt\u012bvi piedal\u0101s valsts un starptautiska m\u0113roga folkloras kust\u012bbas pas\u0101kumos.<\/p><div class=\"organic-profile-social\"><a class=\"social-link\" href=\"https:\/\/www.draugiem.lv\/viteri\/\" target=\"_blank\"><i class=\"fas fa-link\"><\/i><\/a><a class=\"social-link\" href=\"https:\/\/www.youtube.com\/watch?v=HE4MFndQVfk&amp;list=PLdEyfOk2mm-ueAJvvq8VEMMCPivSOT5BM\" target=\"_blank\"><i class=\"fab fa-youtube\"><\/i><\/a><\/div><\/div><\/div><\/div>\n\n\n\n<h2 class=\"wp-block-heading\">Video<\/h2>\n\n\n\n<hr class=\"wp-block-separator\"\/>\n\n\n\n<figure class=\"wp-block-embed-youtube wp-block-embed is-type-video is-provider-youtube\">\n<span class=\"embed-youtube\" style=\"text-align:center; display: block;\"><iframe class=\"youtube-player\" width=\"980\" height=\"552\" src=\"https:\/\/www.youtube.com\/embed\/rfojiY6lNIY?version=3&#038;rel=1&#038;showsearch=0&#038;showinfo=1&#038;iv_load_policy=1&#038;fs=1&#038;hl=lv-LV&#038;autohide=2&#038;wmode=transparent&#038;listType=playlist&#038;list=PLlzUjSgLpT4xLM7LjSJcH7Mod0D8-lyZD\" allowfullscreen=\"true\" style=\"border:0;\" sandbox=\"allow-scripts allow-same-origin allow-popups allow-presentation allow-popups-to-escape-sandbox\"><\/iframe><\/span>\n<\/figure>\n","protected":false},"excerpt":{"rendered":"<p>Video<\/p>\n","protected":false},"author":5,"featured_media":0,"parent":218,"menu_order":0,"comment_status":"closed","ping_status":"closed","template":"page-group.php","meta":{"jetpack_post_was_ever_published":false,"footnotes":""},"categories":[559,581],"tags":[],"jetpack_sharing_enabled":true,"_links":{"self":[{"href":"https:\/\/lauska.lv\/veikals\/wp-json\/wp\/v2\/pages\/496"}],"collection":[{"href":"https:\/\/lauska.lv\/veikals\/wp-json\/wp\/v2\/pages"}],"about":[{"href":"https:\/\/lauska.lv\/veikals\/wp-json\/wp\/v2\/types\/page"}],"author":[{"embeddable":true,"href":"https:\/\/lauska.lv\/veikals\/wp-json\/wp\/v2\/users\/5"}],"replies":[{"embeddable":true,"href":"https:\/\/lauska.lv\/veikals\/wp-json\/wp\/v2\/comments?post=496"}],"version-history":[{"count":1,"href":"https:\/\/lauska.lv\/veikals\/wp-json\/wp\/v2\/pages\/496\/revisions"}],"predecessor-version":[{"id":500,"href":"https:\/\/lauska.lv\/veikals\/wp-json\/wp\/v2\/pages\/496\/revisions\/500"}],"up":[{"embeddable":true,"href":"https:\/\/lauska.lv\/veikals\/wp-json\/wp\/v2\/pages\/218"}],"wp:attachment":[{"href":"https:\/\/lauska.lv\/veikals\/wp-json\/wp\/v2\/media?parent=496"}],"wp:term":[{"taxonomy":"category","embeddable":true,"href":"https:\/\/lauska.lv\/veikals\/wp-json\/wp\/v2\/categories?post=496"},{"taxonomy":"post_tag","embeddable":true,"href":"https:\/\/lauska.lv\/veikals\/wp-json\/wp\/v2\/tags?post=496"}],"curies":[{"name":"wp","href":"https:\/\/api.w.org\/{rel}","templated":true}]}}