{"id":486,"date":"2018-08-27T13:34:40","date_gmt":"2018-08-27T10:34:40","guid":{"rendered":"http:\/\/lauska.lv\/veikals\/makslinieki\/varna"},"modified":"2018-09-26T20:04:26","modified_gmt":"2018-09-26T17:04:26","slug":"varna","status":"publish","type":"page","link":"https:\/\/lauska.lv\/veikals\/makslinieki-2\/varna\/","title":{"rendered":"V\u0101rna"},"content":{"rendered":"\n<div class=\"wp-block-organic-profile-block\"><div class=\"organic-profile-content-title\"><nameartist><strong><\/strong>V\u0101rna<\/nameartist><hr\/><\/div><div class=\"organic-profile-content-flex\" style=\"text-align:left\"><div class=\"organic-profile-image\" style=\"background-image:url(http:\/\/lauska.lv\/veikalsbeta\/wp-content\/uploads\/sites\/6\/2018\/08\/Group_Varna_zila.jpg)\"><img decoding=\"async\" src=\"http:\/\/lauska.lv\/veikalsbeta\/wp-content\/uploads\/sites\/6\/2018\/08\/Group_Varna_zila.jpg\"\/><\/div><div class=\"organic-profile-content\" style=\"text-align:left\"><p><strong>M\u0101rti\u0146\u0161 Links\u00a0<\/strong>kokle<br\/><br\/>\u201eV\u0101rna\u201c ir paral\u0113ls viena cilv\u0113ka (M\u0101rti\u0146\u0161 Links) projekts t\u0101d\u0101m grup\u0101m k\u0101 \u201e<a href=\"http:\/\/lauska.lv\/veikals\/makslinieki\/enu-kaleidoskops\/\">\u0112nu kaleidoskops<\/a>\u201c, \u201eSniegav\u012bru r\u016bpn\u012bca\u201c un \u201eSTandART\u201c. Radies ap 2002. gadu. Muzik\u0101lie novirzieni \u2013 neofolks, darkfolks, dark\/experimental ambient. Atsevi\u0161\u0137os koncertos un ierakstos V\u0101rna pieaicina ar\u012b citus viesm\u016bzi\u0137us, ta\u010du p\u0101rsvar\u0101 uzst\u0101jas un ieraksta dziesmas vienatn\u0113.<br\/><\/p><div class=\"organic-profile-social\"><a class=\"social-link\" href=\"https:\/\/www.facebook.com\/V%C4%81rna-1655014814768060\/?fref=ts\" target=\"_blank\"><i class=\"fab fa-facebook-f\"><\/i><\/a><a class=\"social-link\" href=\"https:\/\/www.youtube.com\/channel\/UCcpL1btXH7aNRYI2CQmswqQ\" target=\"_blank\"><i class=\"fab fa-youtube\"><\/i><\/a><\/div><\/div><\/div><\/div>\n\n\n\n<h2 class=\"wp-block-heading\">Video<\/h2>\n\n\n\n<hr class=\"wp-block-separator\"\/>\n\n\n\n<figure class=\"wp-block-embed-youtube wp-block-embed is-type-video is-provider-youtube\">\n<span class=\"embed-youtube\" style=\"text-align:center; display: block;\"><iframe class=\"youtube-player\" width=\"980\" height=\"552\" src=\"https:\/\/www.youtube.com\/embed\/ERPUy7TnjIk?version=3&#038;rel=1&#038;showsearch=0&#038;showinfo=1&#038;iv_load_policy=1&#038;fs=1&#038;hl=lv-LV&#038;autohide=2&#038;wmode=transparent\" allowfullscreen=\"true\" style=\"border:0;\" sandbox=\"allow-scripts allow-same-origin allow-popups allow-presentation allow-popups-to-escape-sandbox\"><\/iframe><\/span>\n<\/figure>\n","protected":false},"excerpt":{"rendered":"<p>Video<\/p>\n","protected":false},"author":5,"featured_media":0,"parent":218,"menu_order":0,"comment_status":"closed","ping_status":"closed","template":"page-group.php","meta":{"jetpack_post_was_ever_published":false,"footnotes":""},"categories":[559,581],"tags":[],"jetpack_sharing_enabled":true,"_links":{"self":[{"href":"https:\/\/lauska.lv\/veikals\/wp-json\/wp\/v2\/pages\/486"}],"collection":[{"href":"https:\/\/lauska.lv\/veikals\/wp-json\/wp\/v2\/pages"}],"about":[{"href":"https:\/\/lauska.lv\/veikals\/wp-json\/wp\/v2\/types\/page"}],"author":[{"embeddable":true,"href":"https:\/\/lauska.lv\/veikals\/wp-json\/wp\/v2\/users\/5"}],"replies":[{"embeddable":true,"href":"https:\/\/lauska.lv\/veikals\/wp-json\/wp\/v2\/comments?post=486"}],"version-history":[{"count":1,"href":"https:\/\/lauska.lv\/veikals\/wp-json\/wp\/v2\/pages\/486\/revisions"}],"predecessor-version":[{"id":492,"href":"https:\/\/lauska.lv\/veikals\/wp-json\/wp\/v2\/pages\/486\/revisions\/492"}],"up":[{"embeddable":true,"href":"https:\/\/lauska.lv\/veikals\/wp-json\/wp\/v2\/pages\/218"}],"wp:attachment":[{"href":"https:\/\/lauska.lv\/veikals\/wp-json\/wp\/v2\/media?parent=486"}],"wp:term":[{"taxonomy":"category","embeddable":true,"href":"https:\/\/lauska.lv\/veikals\/wp-json\/wp\/v2\/categories?post=486"},{"taxonomy":"post_tag","embeddable":true,"href":"https:\/\/lauska.lv\/veikals\/wp-json\/wp\/v2\/tags?post=486"}],"curies":[{"name":"wp","href":"https:\/\/api.w.org\/{rel}","templated":true}]}}