{"id":477,"date":"2018-08-27T13:29:17","date_gmt":"2018-08-27T10:29:17","guid":{"rendered":"http:\/\/lauska.lv\/veikals\/makslinieki\/zigridas-kalpi"},"modified":"2018-09-26T20:07:21","modified_gmt":"2018-09-26T17:07:21","slug":"zigridas-kalpi","status":"publish","type":"page","link":"https:\/\/lauska.lv\/veikals\/makslinieki-2\/zigridas-kalpi\/","title":{"rendered":"Zigr\u012bdas kalpi"},"content":{"rendered":"\n<div class=\"wp-block-organic-profile-block\"><div class=\"organic-profile-content-title\"><nameartist>Zigr\u012bdas kalpi<\/nameartist><hr\/><\/div><div class=\"organic-profile-content-flex\" style=\"text-align:left\"><div class=\"organic-profile-image\" style=\"background-image:url(http:\/\/lauska.lv\/veikalsbeta\/wp-content\/uploads\/sites\/6\/2018\/08\/Group_ZigridasKalpi.jpg)\"><img decoding=\"async\" src=\"http:\/\/lauska.lv\/veikalsbeta\/wp-content\/uploads\/sites\/6\/2018\/08\/Group_ZigridasKalpi.jpg\"\/><\/div><div class=\"organic-profile-content\" style=\"text-align:left\"><p><strong>Aleksandrs \u0160mits<\/strong> balss, perkusijas<br\/><strong>Ance Deksne<\/strong> melodika<br\/><strong>Kri\u0161j\u0101nis Putni\u0146\u0161<\/strong> \u0123it\u0101ra<br\/><strong>M\u0101rti\u0146\u0161 Medenis<\/strong> balss, d\u017eambis<br\/><strong>Mat\u012bss Biezaitis<\/strong> bas\u0123it\u0101ra<br\/><strong>Tija Lodi\u0146a<\/strong> balss, perkusijas<br\/><strong>Valda Biezaite<\/strong> balss, perkusijas<br\/><br\/>\u201eZigr\u012bdas Kalpi\u201d ir 2008. gad\u0101 Austr\u0101lij\u0101 izveidojies projekts, kas radies, apvienojot divas latvie\u0161u grupas \u2013 \u201eZigr\u012bdu\u201d no Brisbanes un \u201eKalna Kalpus\u201d no Adelaides. Sme\u013coties no v\u0113sturisk\u0101 un muzik\u0101li bag\u0101t\u0101 latvju tautas p\u016bra un iesaistot savas ori\u0123in\u0101l\u0101s m\u016bzik\u0101l\u0101s idejas, \u201eZigr\u012bdas Kalpi\u201d rada daudzveid\u012bgu m\u016bziku, kas sev\u012b iek\u013cauj ne tikai senas pag\u0101nu dziesmas un tautas dziesmu apdares, bet ar\u012b modernas post-folkloras interpret\u0101cijas.<\/p><div class=\"organic-profile-social\"><a class=\"social-link\" href=\"https:\/\/www.draugiem.lv\/wwwmyspacecomzigridaskalpi\/biography\/\" target=\"_blank\"><i class=\"fas fa-link\"><\/i><\/a><\/div><\/div><\/div><\/div>\n\n\n\n<h2 class=\"wp-block-heading\">Video<\/h2>\n\n\n\n<hr class=\"wp-block-separator\"\/>\n\n\n\n<figure class=\"wp-block-embed-youtube wp-block-embed is-type-video is-provider-youtube\">\n<span class=\"embed-youtube\" style=\"text-align:center; display: block;\"><iframe class=\"youtube-player\" width=\"980\" height=\"552\" src=\"https:\/\/www.youtube.com\/embed\/2iA4K7HQuIc?version=3&#038;rel=1&#038;showsearch=0&#038;showinfo=1&#038;iv_load_policy=1&#038;fs=1&#038;hl=lv-LV&#038;autohide=2&#038;wmode=transparent&#038;listType=playlist&#038;list=PLlzUjSgLpT4zOyxRLK6UDCpGLv0-rN8Xi\" allowfullscreen=\"true\" style=\"border:0;\" sandbox=\"allow-scripts allow-same-origin allow-popups allow-presentation allow-popups-to-escape-sandbox\"><\/iframe><\/span>\n<\/figure>\n","protected":false},"excerpt":{"rendered":"<p>Video<\/p>\n","protected":false},"author":5,"featured_media":0,"parent":218,"menu_order":0,"comment_status":"closed","ping_status":"closed","template":"page-group.php","meta":{"jetpack_post_was_ever_published":false,"footnotes":""},"categories":[559,584],"tags":[],"jetpack_sharing_enabled":true,"_links":{"self":[{"href":"https:\/\/lauska.lv\/veikals\/wp-json\/wp\/v2\/pages\/477"}],"collection":[{"href":"https:\/\/lauska.lv\/veikals\/wp-json\/wp\/v2\/pages"}],"about":[{"href":"https:\/\/lauska.lv\/veikals\/wp-json\/wp\/v2\/types\/page"}],"author":[{"embeddable":true,"href":"https:\/\/lauska.lv\/veikals\/wp-json\/wp\/v2\/users\/5"}],"replies":[{"embeddable":true,"href":"https:\/\/lauska.lv\/veikals\/wp-json\/wp\/v2\/comments?post=477"}],"version-history":[{"count":1,"href":"https:\/\/lauska.lv\/veikals\/wp-json\/wp\/v2\/pages\/477\/revisions"}],"predecessor-version":[{"id":485,"href":"https:\/\/lauska.lv\/veikals\/wp-json\/wp\/v2\/pages\/477\/revisions\/485"}],"up":[{"embeddable":true,"href":"https:\/\/lauska.lv\/veikals\/wp-json\/wp\/v2\/pages\/218"}],"wp:attachment":[{"href":"https:\/\/lauska.lv\/veikals\/wp-json\/wp\/v2\/media?parent=477"}],"wp:term":[{"taxonomy":"category","embeddable":true,"href":"https:\/\/lauska.lv\/veikals\/wp-json\/wp\/v2\/categories?post=477"},{"taxonomy":"post_tag","embeddable":true,"href":"https:\/\/lauska.lv\/veikals\/wp-json\/wp\/v2\/tags?post=477"}],"curies":[{"name":"wp","href":"https:\/\/api.w.org\/{rel}","templated":true}]}}