{"id":471,"date":"2018-08-27T13:26:11","date_gmt":"2018-08-27T10:26:11","guid":{"rendered":"http:\/\/lauska.lv\/veikals\/makslinieki\/zarins-jekabs"},"modified":"2018-09-26T20:07:20","modified_gmt":"2018-09-26T17:07:20","slug":"zarins-jekabs","status":"publish","type":"page","link":"https:\/\/lauska.lv\/veikals\/makslinieki-2\/zarins-jekabs\/","title":{"rendered":"Zari\u0146\u0161 J\u0113kabs"},"content":{"rendered":"\n<div class=\"wp-block-organic-profile-block\"><div class=\"organic-profile-content-title\"><nameartist>J\u0113kabs\u00a0Zari\u0146\u0161<\/nameartist><hr\/><\/div><div class=\"organic-profile-content-flex\" style=\"text-align:left\"><div class=\"organic-profile-image\" style=\"background-image:url(http:\/\/lauska.lv\/veikalsbeta\/wp-content\/uploads\/sites\/6\/2018\/08\/Group_ZarinsJekabs.jpg)\"><img decoding=\"async\" src=\"http:\/\/lauska.lv\/veikalsbeta\/wp-content\/uploads\/sites\/6\/2018\/08\/Group_ZarinsJekabs.jpg\"\/><\/div><div class=\"organic-profile-content\" style=\"text-align:left\"><p>2008.gad\u0101 p\u0101rdevu savu seno c\u012b\u0146u \u0137iveri un nopirku kokli. Uzmekl\u0113ju burv\u012bgu cilv\u0113ku \u2013 Dinu Liepu no k\u0101 man bija tas prieks iem\u0101c\u012bties kokles pamatus. Ar draugiem s\u0101k\u0101m bie\u017ei sp\u0113l\u0113t kokli un d\u016bdas. Visvair\u0101k sp\u0113l\u0113ju kop\u0101 ar talant\u012bgo K\u0101rli Jirgenu, ar kuru sasp\u0113l\u0113s ar\u012b rad\u0101s Kalnu dziesmas mot\u012bvs, kuru v\u0113l\u0101k piesl\u012bp\u0113ju l\u012bdz \u0161im ska\u0146darbam.<br\/>Patlaban dz\u012bvoju London\u0101 un no 2012.gada m\u0101cu kokles Londonas Latvie\u0161u skoli\u0146\u0101 un vadu kok\u013cu improviz\u0101cijas grupu Kok\u013cu Zapte.<\/p><div class=\"organic-profile-social\"><a class=\"social-link\" href=\"http:\/\/piekuns.com\/\" target=\"_blank\"><i class=\"fas fa-play\"><\/i><\/a><a class=\"social-link\" href=\"https:\/\/www.facebook.com\/zapteee\/?fref=ts\" target=\"_blank\"><i class=\"fab fa-facebook-f\"><\/i><\/a><a class=\"social-link\" href=\"https:\/\/www.youtube.com\/user\/ThePiekuns\" target=\"_blank\"><i class=\"fab fa-youtube\"><\/i><\/a><\/div><\/div><\/div><\/div>\n","protected":false},"excerpt":{"rendered":"","protected":false},"author":5,"featured_media":0,"parent":218,"menu_order":0,"comment_status":"closed","ping_status":"closed","template":"page-group.php","meta":{"jetpack_post_was_ever_published":false,"footnotes":""},"categories":[559,584],"tags":[],"jetpack_sharing_enabled":true,"_links":{"self":[{"href":"https:\/\/lauska.lv\/veikals\/wp-json\/wp\/v2\/pages\/471"}],"collection":[{"href":"https:\/\/lauska.lv\/veikals\/wp-json\/wp\/v2\/pages"}],"about":[{"href":"https:\/\/lauska.lv\/veikals\/wp-json\/wp\/v2\/types\/page"}],"author":[{"embeddable":true,"href":"https:\/\/lauska.lv\/veikals\/wp-json\/wp\/v2\/users\/5"}],"replies":[{"embeddable":true,"href":"https:\/\/lauska.lv\/veikals\/wp-json\/wp\/v2\/comments?post=471"}],"version-history":[{"count":1,"href":"https:\/\/lauska.lv\/veikals\/wp-json\/wp\/v2\/pages\/471\/revisions"}],"predecessor-version":[{"id":475,"href":"https:\/\/lauska.lv\/veikals\/wp-json\/wp\/v2\/pages\/471\/revisions\/475"}],"up":[{"embeddable":true,"href":"https:\/\/lauska.lv\/veikals\/wp-json\/wp\/v2\/pages\/218"}],"wp:attachment":[{"href":"https:\/\/lauska.lv\/veikals\/wp-json\/wp\/v2\/media?parent=471"}],"wp:term":[{"taxonomy":"category","embeddable":true,"href":"https:\/\/lauska.lv\/veikals\/wp-json\/wp\/v2\/categories?post=471"},{"taxonomy":"post_tag","embeddable":true,"href":"https:\/\/lauska.lv\/veikals\/wp-json\/wp\/v2\/tags?post=471"}],"curies":[{"name":"wp","href":"https:\/\/api.w.org\/{rel}","templated":true}]}}