{"id":463,"date":"2018-08-27T13:22:20","date_gmt":"2018-08-27T10:22:20","guid":{"rendered":"http:\/\/lauska.lv\/veikals\/makslinieki\/zari"},"modified":"2018-09-26T20:07:19","modified_gmt":"2018-09-26T17:07:19","slug":"zari","status":"publish","type":"page","link":"https:\/\/lauska.lv\/veikals\/makslinieki-2\/zari\/","title":{"rendered":"Zari"},"content":{"rendered":"\n<div class=\"wp-block-organic-profile-block\"><div class=\"organic-profile-content-title\"><nameartist>Zari<\/nameartist><hr\/><\/div><div class=\"organic-profile-content-flex\" style=\"text-align:left\"><div class=\"organic-profile-image\" style=\"background-image:url(http:\/\/lauska.lv\/veikalsbeta\/wp-content\/uploads\/sites\/6\/2018\/08\/Group_Zari.jpg)\"><img decoding=\"async\" src=\"http:\/\/lauska.lv\/veikalsbeta\/wp-content\/uploads\/sites\/6\/2018\/08\/Group_Zari.jpg\"\/><\/div><div class=\"organic-profile-content\" style=\"text-align:left\"><p><strong>Ieva Dreimane<\/strong> balss<br\/><strong>Liene Kri\u017eevica<\/strong> balss<br\/><strong>Vinsents Krebs<\/strong> akordeons, perkusijas<br\/><strong>Uldis Me\u013c\u0137is<\/strong> \u0123it\u0101ra, perkusijas<br\/><strong>Zigm\u0101rs Miemis<\/strong> elektronika, perkusijas<br\/><strong>Mat\u012bss Eisaks<\/strong> kontrabass<br\/><br\/>\u201eZari\u201d jau vair\u0101kus gadus darbojas Liep\u0101j\u0101 un t\u0101s dal\u012bbnieki postfolkloras \u017eanr\u0101 ir \u00a0labi zin\u0101mi m\u016bzi\u0137i. Vair\u0101ki dal\u012bbnieki ir muzic\u0113ju\u0161i kop\u0101 jau ilgus gadus v\u0113l pirms \u201eZaru\u201d izveido\u0161anas.<br\/>\u201eZari\u201d par pamatu ir izv\u0113l\u0113ju\u0161ies latvie\u0161u tautasdziesmas melodijas, kuras aran\u017e\u0113dami pie\u0161\u0137ir jau zin\u0101miem tekstiem neparastu skan\u0113jumu, izmantojot da\u017e\u0101dus elektroniskos instrumentus kop\u0101 ar tradicion\u0101liem akustiskiem instrumentiem, piem\u0113ram, stabul\u0113m, akordeonu, akustisko \u0123it\u0101ru. Grupa mekl\u0113 m\u016bzik\u0101 un tautasdziesm\u0101s jaunas dimensijas, rakstur\u012bg\u0101kas m\u016bsu laikmetam, m\u016bsu pa\u0161u iek\u0161\u0113jam un \u0101r\u0113jam ritmam. Grupas m\u0113r\u0137is ir izveidot aus\u012bm un sird\u012bm t\u012bkamu muzik\u0101lu sint\u0113zi, kas rad\u012bta ar elektroniku un dz\u012bvajiem instrumentiem.\u00a0 Kaut ar\u012b grupa s\u0113\u017e vien\u0101 kok\u0101, tom\u0113r katrs uz sava zara, jo katrs dal\u012bbnieks ienes m\u016bzik\u0101 citas v\u0113smas, t\u0101p\u0113c ar\u012b nosaukums \u2013 \u201eZari\u201d.<br\/><\/p><div class=\"organic-profile-social\"><a class=\"social-link\" href=\"https:\/\/www.facebook.com\/Grupa.Zari\/?fref=ts\" target=\"_blank\"><i class=\"fab fa-facebook-f\"><\/i><\/a><a class=\"social-link\" href=\"https:\/\/twitter.com\/BandZari\" target=\"_blank\"><i class=\"fab fa-twitter\"><\/i><\/a><a class=\"social-link\" href=\"https:\/\/www.draugiem.lv\/zari\/\" target=\"_blank\"><i class=\"fas fa-link\"><\/i><\/a><\/div><\/div><\/div><\/div>\n","protected":false},"excerpt":{"rendered":"","protected":false},"author":5,"featured_media":0,"parent":218,"menu_order":0,"comment_status":"closed","ping_status":"closed","template":"page-group.php","meta":{"jetpack_post_was_ever_published":false,"footnotes":""},"categories":[559,584],"tags":[],"jetpack_sharing_enabled":true,"_links":{"self":[{"href":"https:\/\/lauska.lv\/veikals\/wp-json\/wp\/v2\/pages\/463"}],"collection":[{"href":"https:\/\/lauska.lv\/veikals\/wp-json\/wp\/v2\/pages"}],"about":[{"href":"https:\/\/lauska.lv\/veikals\/wp-json\/wp\/v2\/types\/page"}],"author":[{"embeddable":true,"href":"https:\/\/lauska.lv\/veikals\/wp-json\/wp\/v2\/users\/5"}],"replies":[{"embeddable":true,"href":"https:\/\/lauska.lv\/veikals\/wp-json\/wp\/v2\/comments?post=463"}],"version-history":[{"count":1,"href":"https:\/\/lauska.lv\/veikals\/wp-json\/wp\/v2\/pages\/463\/revisions"}],"predecessor-version":[{"id":470,"href":"https:\/\/lauska.lv\/veikals\/wp-json\/wp\/v2\/pages\/463\/revisions\/470"}],"up":[{"embeddable":true,"href":"https:\/\/lauska.lv\/veikals\/wp-json\/wp\/v2\/pages\/218"}],"wp:attachment":[{"href":"https:\/\/lauska.lv\/veikals\/wp-json\/wp\/v2\/media?parent=463"}],"wp:term":[{"taxonomy":"category","embeddable":true,"href":"https:\/\/lauska.lv\/veikals\/wp-json\/wp\/v2\/categories?post=463"},{"taxonomy":"post_tag","embeddable":true,"href":"https:\/\/lauska.lv\/veikals\/wp-json\/wp\/v2\/tags?post=463"}],"curies":[{"name":"wp","href":"https:\/\/api.w.org\/{rel}","templated":true}]}}