{"id":456,"date":"2018-08-27T13:19:10","date_gmt":"2018-08-27T10:19:10","guid":{"rendered":"http:\/\/lauska.lv\/veikals\/makslinieki\/zala-zale"},"modified":"2018-09-26T20:07:19","modified_gmt":"2018-09-26T17:07:19","slug":"zala-zale","status":"publish","type":"page","link":"https:\/\/lauska.lv\/veikals\/makslinieki-2\/zala-zale\/","title":{"rendered":"Za\u013ca z\u0101le"},"content":{"rendered":"\n<div class=\"wp-block-organic-profile-block\"><div class=\"organic-profile-content-title\"><nameartist>Za\u013ca z\u0101le<\/nameartist><hr\/><\/div><div class=\"organic-profile-content-flex\" style=\"text-align:left\"><div class=\"organic-profile-image\" style=\"background-image:url(http:\/\/lauska.lv\/veikalsbeta\/wp-content\/uploads\/sites\/6\/2018\/08\/Group_ZalaZale-1.jpg)\"><img decoding=\"async\" src=\"http:\/\/lauska.lv\/veikalsbeta\/wp-content\/uploads\/sites\/6\/2018\/08\/Group_ZalaZale-1.jpg\"\/><\/div><div class=\"organic-profile-content\" style=\"text-align:left\"><p><strong>Dace Pr\u016bse<\/strong> balss, akordeons<br\/><strong>Oskars Patjanko<\/strong> balss, kontrabass<br\/><strong>Laima Jansone<\/strong> kokle<br\/><strong>Zane Opinc\u0101ne<\/strong> vijole<br\/><strong>Liene Vanaga<\/strong> flauta<br\/><br\/>Dace Pr\u016bse, sen\u0101k akt\u012bva grupas \u201cLaiksne\u201d dal\u012bbniece, p\u0113d\u0113jos gados vair\u0101k piev\u0113rsusies jauno dzied\u0101taju un muzikantu apm\u0101c\u012bbai. Ilggad\u012bg\u0101 un pamat\u012bg\u0101 teic\u0113ju ierakstu, k\u0101 ar\u012b tradicion\u0101l\u0101s dzied\u0101\u0161anas izp\u0113te \u013cauj Dacei visnota\u013c rado\u0161i pieiet folkloras materi\u0101lam un non\u0101kt pie p\u0101rsteidzo\u0161iem atradumiem.<\/p><div class=\"organic-profile-social\"><a class=\"social-link\" href=\"http:\/\/www.tvnet.lv\/muzika\/videoaudio\/12865-zala_zale_sudin_spudra_saule_lece_audio\" target=\"_blank\"><i class=\"fas fa-play\"><\/i><\/a><\/div><\/div><\/div><\/div>\n","protected":false},"excerpt":{"rendered":"","protected":false},"author":5,"featured_media":0,"parent":218,"menu_order":0,"comment_status":"closed","ping_status":"closed","template":"page-group.php","meta":{"jetpack_post_was_ever_published":false,"footnotes":""},"categories":[559,584],"tags":[],"jetpack_sharing_enabled":true,"_links":{"self":[{"href":"https:\/\/lauska.lv\/veikals\/wp-json\/wp\/v2\/pages\/456"}],"collection":[{"href":"https:\/\/lauska.lv\/veikals\/wp-json\/wp\/v2\/pages"}],"about":[{"href":"https:\/\/lauska.lv\/veikals\/wp-json\/wp\/v2\/types\/page"}],"author":[{"embeddable":true,"href":"https:\/\/lauska.lv\/veikals\/wp-json\/wp\/v2\/users\/5"}],"replies":[{"embeddable":true,"href":"https:\/\/lauska.lv\/veikals\/wp-json\/wp\/v2\/comments?post=456"}],"version-history":[{"count":1,"href":"https:\/\/lauska.lv\/veikals\/wp-json\/wp\/v2\/pages\/456\/revisions"}],"predecessor-version":[{"id":460,"href":"https:\/\/lauska.lv\/veikals\/wp-json\/wp\/v2\/pages\/456\/revisions\/460"}],"up":[{"embeddable":true,"href":"https:\/\/lauska.lv\/veikals\/wp-json\/wp\/v2\/pages\/218"}],"wp:attachment":[{"href":"https:\/\/lauska.lv\/veikals\/wp-json\/wp\/v2\/media?parent=456"}],"wp:term":[{"taxonomy":"category","embeddable":true,"href":"https:\/\/lauska.lv\/veikals\/wp-json\/wp\/v2\/categories?post=456"},{"taxonomy":"post_tag","embeddable":true,"href":"https:\/\/lauska.lv\/veikals\/wp-json\/wp\/v2\/tags?post=456"}],"curies":[{"name":"wp","href":"https:\/\/api.w.org\/{rel}","templated":true}]}}