{"id":3558,"date":"2019-05-09T11:19:32","date_gmt":"2019-05-09T08:19:32","guid":{"rendered":"http:\/\/lauska.lv\/veikals\/?page_id=3558"},"modified":"2024-02-14T14:38:21","modified_gmt":"2024-02-14T12:38:21","slug":"zeme","status":"publish","type":"page","link":"https:\/\/lauska.lv\/veikals\/makslinieki-2\/zeme\/","title":{"rendered":"ZeMe"},"content":{"rendered":"\n<div class=\"wp-block-organic-profile-block\"><div class=\"organic-profile-content-title\"><nameartist>ZeMe<\/nameartist><hr\/><\/div><div class=\"organic-profile-content-flex\" style=\"text-align:left\"><div class=\"organic-profile-image\" style=\"background-image:url(http:\/\/lauska.lv\/veikals\/wp-content\/uploads\/sites\/6\/2019\/05\/ZeMe-01_mazs.jpg)\"><img decoding=\"async\" src=\"http:\/\/lauska.lv\/veikals\/wp-content\/uploads\/sites\/6\/2019\/05\/ZeMe-01_mazs.jpg\"\/><\/div><div class=\"organic-profile-content\" style=\"text-align:left\"><p><strong> Laima Jansone <\/strong>kokle<br\/><strong> DJ Monsta (Uldis C\u012brulis) <\/strong>perkusijas, elektronika<br\/><br\/>Apvien\u012bb\u0101 \u201cZeMe\u201d apvienoju\u0161\u0101s divas rado\u0161\u0101s person\u012bbas: kok\u013cu pav\u0113lniece Laima Jansone un d\u012bd\u017eejo\u0161anas \u010dempions, elektronisk\u0101s m\u016bzikas p\u0101rst\u0101vis Monsta (Uldis C\u012brulis). <br\/>Monsta ar Laimu Jansoni m\u016bzik\u0101lie ce\u013ci \u00a0krustoj\u0101s 2015. gad\u0101, kad kop\u0101 sp\u0113l\u0113ja koncertprogrammu \u201cZeme\u201d, p\u0113c kuras m\u0101kslinieki non\u0101ca l\u012bdz kop\u012bg\u0101s apvien\u012bbas nosaukuma \u00a0\u201cZeMe\u201d. <\/p><div class=\"organic-profile-social\"><a class=\"social-link\" href=\"www.zemeband.com\" target=\"_blank\" rel=\"noopener noreferrer\"><i class=\"fas fa-play\"><\/i><\/a><a class=\"social-link\" href=\"https:\/\/www.facebook.com\/ZeMeBand\/\" target=\"_blank\" rel=\"noopener noreferrer\"><i class=\"fab fa-facebook-f\"><\/i><\/a><a class=\"social-link\" href=\"https:\/\/www.instagram.com\/zemeband\/\" target=\"_blank\" rel=\"noopener noreferrer\"><i class=\"fab fa-instagram\"><\/i><\/a><a class=\"social-link\" href=\"https:\/\/www.youtube.com\/channel\/UCl9Z2WpkHGkRZOUq3tp9aDA\" target=\"_blank\" rel=\"noopener noreferrer\"><i class=\"fab fa-youtube\"><\/i><\/a><\/div><\/div><\/div><\/div>\n\n\n<div class=\"woocommerce columns-4 \"><ul class=\"products columns-4\">\n<li class=\"product type-product post-4629 status-publish first instock product_cat-auli product_cat-banga product_cat-barbals-kaspars product_cat-dj-monsta product_cat-ilgi product_cat-imantadimanta-un-draugi product_cat-jansone-laima product_cat-jansons-ansis product_cat-katalogs product_cat-laiksne product_cat-lata-donga product_cat-ligas-ph3 product_cat-post-folks product_cat-rava product_cat-saucejas product_cat-sviests product_cat-zeme product_tag-685 has-post-thumbnail taxable shipping-taxable purchasable product-type-simple\">\n\t<a href=\"https:\/\/lauska.lv\/veikals\/Preces\/sviests-8\/\" class=\"woocommerce-LoopProduct-link woocommerce-loop-product__link\"><img fetchpriority=\"high\" decoding=\"async\" width=\"324\" height=\"324\" src=\"https:\/\/lauska.lv\/veikals\/wp-content\/uploads\/sites\/6\/2019\/07\/Sviest-8-square-800px-324x324.jpg\" class=\"attachment-woocommerce_thumbnail size-woocommerce_thumbnail\" alt=\"\" srcset=\"https:\/\/lauska.lv\/veikals\/wp-content\/uploads\/sites\/6\/2019\/07\/Sviest-8-square-800px-324x324.jpg 324w, https:\/\/lauska.lv\/veikals\/wp-content\/uploads\/sites\/6\/2019\/07\/Sviest-8-square-800px-100x100.jpg 100w, https:\/\/lauska.lv\/veikals\/wp-content\/uploads\/sites\/6\/2019\/07\/Sviest-8-square-800px-416x416.jpg 416w, https:\/\/lauska.lv\/veikals\/wp-content\/uploads\/sites\/6\/2019\/07\/Sviest-8-square-800px-150x150.jpg 150w, https:\/\/lauska.lv\/veikals\/wp-content\/uploads\/sites\/6\/2019\/07\/Sviest-8-square-800px-300x300.jpg 300w, https:\/\/lauska.lv\/veikals\/wp-content\/uploads\/sites\/6\/2019\/07\/Sviest-8-square-800px-768x768.jpg 768w, https:\/\/lauska.lv\/veikals\/wp-content\/uploads\/sites\/6\/2019\/07\/Sviest-8-square-800px-600x600.jpg 600w, https:\/\/lauska.lv\/veikals\/wp-content\/uploads\/sites\/6\/2019\/07\/Sviest-8-square-800px.jpg 800w\" sizes=\"(max-width: 324px) 100vw, 324px\" \/><h2 class=\"woocommerce-loop-product__title\">SVIESTS 8<\/h2>\n\t<span class=\"price\"><span class=\"woocommerce-Price-amount amount\"><bdi>10.00&nbsp;<span class=\"woocommerce-Price-currencySymbol\">&euro;<\/span><\/bdi><\/span> <small class=\"woocommerce-price-suffix\">iesk. PVN<\/small><\/span>\n<\/a><a href=\"?add-to-cart=4629\" data-quantity=\"1\" class=\"button product_type_simple add_to_cart_button ajax_add_to_cart\" data-product_id=\"4629\" data-product_sku=\"2019 CD089\" aria-label=\"Add to cart: &ldquo;SVIESTS 8&rdquo;\" aria-describedby=\"\" rel=\"nofollow\">+<\/a><\/li>\n<li class=\"product type-product post-3549 status-publish instock product_cat-dj-monsta product_cat-jansone-laima product_cat-katalogs product_cat-zeme product_tag-685 has-post-thumbnail taxable shipping-taxable purchasable product-type-simple\">\n\t<a href=\"https:\/\/lauska.lv\/veikals\/Preces\/visuma-vizosa-tumsa\/\" class=\"woocommerce-LoopProduct-link woocommerce-loop-product__link\"><img decoding=\"async\" width=\"324\" height=\"324\" src=\"https:\/\/lauska.lv\/veikals\/wp-content\/uploads\/sites\/6\/2019\/05\/ZeMe_VisumaVizosaTumsa_cover_front-324x324.jpg\" class=\"attachment-woocommerce_thumbnail size-woocommerce_thumbnail\" alt=\"\" srcset=\"https:\/\/lauska.lv\/veikals\/wp-content\/uploads\/sites\/6\/2019\/05\/ZeMe_VisumaVizosaTumsa_cover_front-324x324.jpg 324w, https:\/\/lauska.lv\/veikals\/wp-content\/uploads\/sites\/6\/2019\/05\/ZeMe_VisumaVizosaTumsa_cover_front-100x100.jpg 100w, https:\/\/lauska.lv\/veikals\/wp-content\/uploads\/sites\/6\/2019\/05\/ZeMe_VisumaVizosaTumsa_cover_front-150x150.jpg 150w, https:\/\/lauska.lv\/veikals\/wp-content\/uploads\/sites\/6\/2019\/05\/ZeMe_VisumaVizosaTumsa_cover_front-600x600.jpg 600w\" sizes=\"(max-width: 324px) 100vw, 324px\" \/><h2 class=\"woocommerce-loop-product__title\">Visuma Vizo\u0161\u0101 Tumsa<\/h2>\n\t<span class=\"price\"><span class=\"woocommerce-Price-amount amount\"><bdi>10.00&nbsp;<span class=\"woocommerce-Price-currencySymbol\">&euro;<\/span><\/bdi><\/span> <small class=\"woocommerce-price-suffix\">iesk. PVN<\/small><\/span>\n<\/a><a href=\"?add-to-cart=3549\" data-quantity=\"1\" class=\"button product_type_simple add_to_cart_button ajax_add_to_cart\" data-product_id=\"3549\" data-product_sku=\"CD088\" aria-label=\"Add to cart: &ldquo;Visuma Vizo\u0161\u0101 Tumsa&rdquo;\" aria-describedby=\"\" rel=\"nofollow\">+<\/a><\/li>\n<\/ul>\n<\/div>\n\n\n\n<hr class=\"wp-block-separator\"\/>\n\n\n\n<h2 class=\"wp-block-heading\">Video<\/h2>\n\n\n\n<figure class=\"wp-block-embed-youtube alignfull wp-block-embed is-type-video is-provider-youtube wp-embed-aspect-16-9 wp-has-aspect-ratio\"><div class=\"wp-block-embed__wrapper\">\n<span class=\"embed-youtube\" style=\"text-align:center; display: block;\"><iframe class=\"youtube-player\" width=\"980\" height=\"552\" src=\"https:\/\/www.youtube.com\/embed\/jwoUolVUuHI?version=3&#038;rel=1&#038;showsearch=0&#038;showinfo=1&#038;iv_load_policy=1&#038;fs=1&#038;hl=lv-LV&#038;autohide=2&#038;wmode=transparent&#038;listType=playlist&#038;list=PLlzUjSgLpT4w8nn2mIu363O44RcCLhmYW\" allowfullscreen=\"true\" style=\"border:0;\" sandbox=\"allow-scripts allow-same-origin allow-popups allow-presentation allow-popups-to-escape-sandbox\"><\/iframe><\/span>\n<\/div><\/figure>\n","protected":false},"excerpt":{"rendered":"<p>Video<\/p>\n","protected":false},"author":2,"featured_media":0,"parent":218,"menu_order":0,"comment_status":"closed","ping_status":"closed","template":"page-group.php","meta":{"jetpack_post_was_ever_published":false,"footnotes":""},"categories":[559,584],"tags":[],"jetpack_sharing_enabled":true,"_links":{"self":[{"href":"https:\/\/lauska.lv\/veikals\/wp-json\/wp\/v2\/pages\/3558"}],"collection":[{"href":"https:\/\/lauska.lv\/veikals\/wp-json\/wp\/v2\/pages"}],"about":[{"href":"https:\/\/lauska.lv\/veikals\/wp-json\/wp\/v2\/types\/page"}],"author":[{"embeddable":true,"href":"https:\/\/lauska.lv\/veikals\/wp-json\/wp\/v2\/users\/2"}],"replies":[{"embeddable":true,"href":"https:\/\/lauska.lv\/veikals\/wp-json\/wp\/v2\/comments?post=3558"}],"version-history":[{"count":3,"href":"https:\/\/lauska.lv\/veikals\/wp-json\/wp\/v2\/pages\/3558\/revisions"}],"predecessor-version":[{"id":4372,"href":"https:\/\/lauska.lv\/veikals\/wp-json\/wp\/v2\/pages\/3558\/revisions\/4372"}],"up":[{"embeddable":true,"href":"https:\/\/lauska.lv\/veikals\/wp-json\/wp\/v2\/pages\/218"}],"wp:attachment":[{"href":"https:\/\/lauska.lv\/veikals\/wp-json\/wp\/v2\/media?parent=3558"}],"wp:term":[{"taxonomy":"category","embeddable":true,"href":"https:\/\/lauska.lv\/veikals\/wp-json\/wp\/v2\/categories?post=3558"},{"taxonomy":"post_tag","embeddable":true,"href":"https:\/\/lauska.lv\/veikals\/wp-json\/wp\/v2\/tags?post=3558"}],"curies":[{"name":"wp","href":"https:\/\/api.w.org\/{rel}","templated":true}]}}