{"id":3531,"date":"2019-04-08T11:27:19","date_gmt":"2019-04-08T08:27:19","guid":{"rendered":"http:\/\/lauska.lv\/veikals\/?page_id=3531"},"modified":"2019-05-24T12:50:34","modified_gmt":"2019-05-24T09:50:34","slug":"liepins-tenis-arvids","status":"publish","type":"page","link":"https:\/\/lauska.lv\/veikals\/makslinieki-2\/liepins-tenis-arvids\/","title":{"rendered":"Liepi\u0146\u0161 Tenis Arv\u012bds"},"content":{"rendered":"\n<div class=\"wp-block-organic-profile-block\"><div class=\"organic-profile-content-title\"><nameartist>Tenis Arv\u012bds Liepi\u0146\u0161<\/nameartist><hr\/><\/div><div class=\"organic-profile-content-flex\" style=\"text-align:left\"><div class=\"organic-profile-image\" style=\"background-image:url(http:\/\/lauska.lv\/veikals\/wp-content\/uploads\/sites\/6\/2019\/04\/TenLiep-1.jpg)\"><img decoding=\"async\" src=\"http:\/\/lauska.lv\/veikals\/wp-content\/uploads\/sites\/6\/2019\/04\/TenLiep-1.jpg\"\/><\/div><div class=\"organic-profile-content\" style=\"text-align:left\"><p>Tenis Arv\u012bds Liepi\u0146\u0161 (05.03.1949-15.02.2103) dzimis latvie\u0161u \u0123imen\u0113 V\u0101cij\u0101, visu dz\u012bvi bijis akt\u012bvs trimdas latvie\u0161u sabiedriskais darbinieks. Dzejnieks, publicists, sat\u012bri\u0137is. L\u012bdzdarbojies da\u017e\u0101du trimdas latvie\u0161u periodisku izdevumu veido\u0161an\u0101 &#8211; &#8220;R\u016bgtais apinis&#8221;, &#8220;ELJA`s inform\u0101cija&#8221;, &#8220;T\u012br\u0101 Latvija&#8221;, &#8220;Abrenes av\u012bze&#8221;. <\/p><div class=\"organic-profile-social\"><a class=\"social-link\" href=\"https:\/\/tira-latvija.lv\/\" target=\"_blank\" rel=\"noopener noreferrer\"><i class=\"fas fa-play\"><\/i><\/a><\/div><\/div><\/div><\/div>\n\n\n\n<h2 class=\"wp-block-heading\">Izdevumi<\/h2>\n\n\n<div class=\"woocommerce columns-4 \"><ul class=\"products columns-4\">\n<li class=\"product type-product post-3536 status-publish first outofstock product_cat-katalogs product_cat-liepins-tenis product_tag-685 has-post-thumbnail taxable shipping-taxable purchasable product-type-simple\">\n\t<a href=\"https:\/\/lauska.lv\/veikals\/Preces\/dzive-un-dzeja\/\" class=\"woocommerce-LoopProduct-link woocommerce-loop-product__link\"><img fetchpriority=\"high\" decoding=\"async\" width=\"324\" height=\"324\" src=\"https:\/\/lauska.lv\/veikals\/wp-content\/uploads\/sites\/6\/2019\/04\/Tenis_gramata-324x324.jpg\" class=\"attachment-woocommerce_thumbnail size-woocommerce_thumbnail\" alt=\"\" srcset=\"https:\/\/lauska.lv\/veikals\/wp-content\/uploads\/sites\/6\/2019\/04\/Tenis_gramata-324x324.jpg 324w, https:\/\/lauska.lv\/veikals\/wp-content\/uploads\/sites\/6\/2019\/04\/Tenis_gramata-100x100.jpg 100w, https:\/\/lauska.lv\/veikals\/wp-content\/uploads\/sites\/6\/2019\/04\/Tenis_gramata-150x150.jpg 150w, https:\/\/lauska.lv\/veikals\/wp-content\/uploads\/sites\/6\/2019\/04\/Tenis_gramata-600x600.jpg 600w\" sizes=\"(max-width: 324px) 100vw, 324px\" \/><h2 class=\"woocommerce-loop-product__title\">Dz\u012bv\u0113 un dzej\u0101<\/h2>\n\t<span class=\"price\"><span class=\"woocommerce-Price-amount amount\"><bdi>5.00&nbsp;<span class=\"woocommerce-Price-currencySymbol\">&euro;<\/span><\/bdi><\/span> <small class=\"woocommerce-price-suffix\">iesk. PVN<\/small><\/span>\n<\/a><a href=\"https:\/\/lauska.lv\/veikals\/Preces\/dzive-un-dzeja\/\" data-quantity=\"1\" class=\"button product_type_simple\" data-product_id=\"3536\" data-product_sku=\"\" aria-label=\"Read more about &ldquo;Dz\u012bv\u0113 un dzej\u0101&rdquo;\" aria-describedby=\"\" rel=\"nofollow\">Skat\u012bt<\/a><\/li>\n<\/ul>\n<\/div>\n","protected":false},"excerpt":{"rendered":"<p>Izdevumi<\/p>\n","protected":false},"author":2,"featured_media":0,"parent":218,"menu_order":0,"comment_status":"closed","ping_status":"closed","template":"template-fullwidth.php","meta":{"jetpack_post_was_ever_published":false,"footnotes":""},"categories":[559,571],"tags":[],"jetpack_sharing_enabled":true,"_links":{"self":[{"href":"https:\/\/lauska.lv\/veikals\/wp-json\/wp\/v2\/pages\/3531"}],"collection":[{"href":"https:\/\/lauska.lv\/veikals\/wp-json\/wp\/v2\/pages"}],"about":[{"href":"https:\/\/lauska.lv\/veikals\/wp-json\/wp\/v2\/types\/page"}],"author":[{"embeddable":true,"href":"https:\/\/lauska.lv\/veikals\/wp-json\/wp\/v2\/users\/2"}],"replies":[{"embeddable":true,"href":"https:\/\/lauska.lv\/veikals\/wp-json\/wp\/v2\/comments?post=3531"}],"version-history":[{"count":3,"href":"https:\/\/lauska.lv\/veikals\/wp-json\/wp\/v2\/pages\/3531\/revisions"}],"predecessor-version":[{"id":3596,"href":"https:\/\/lauska.lv\/veikals\/wp-json\/wp\/v2\/pages\/3531\/revisions\/3596"}],"up":[{"embeddable":true,"href":"https:\/\/lauska.lv\/veikals\/wp-json\/wp\/v2\/pages\/218"}],"wp:attachment":[{"href":"https:\/\/lauska.lv\/veikals\/wp-json\/wp\/v2\/media?parent=3531"}],"wp:term":[{"taxonomy":"category","embeddable":true,"href":"https:\/\/lauska.lv\/veikals\/wp-json\/wp\/v2\/categories?post=3531"},{"taxonomy":"post_tag","embeddable":true,"href":"https:\/\/lauska.lv\/veikals\/wp-json\/wp\/v2\/tags?post=3531"}],"curies":[{"name":"wp","href":"https:\/\/api.w.org\/{rel}","templated":true}]}}