{"id":3353,"date":"2018-11-22T23:23:46","date_gmt":"2018-11-22T21:23:46","guid":{"rendered":"http:\/\/lauska.lv\/veikals\/?page_id=3353"},"modified":"2018-11-29T09:28:08","modified_gmt":"2018-11-29T07:28:08","slug":"anima-saulkrastu-jauktais-koris","status":"publish","type":"page","link":"https:\/\/lauska.lv\/veikals\/makslinieki-2\/anima-saulkrastu-jauktais-koris\/","title":{"rendered":"ANIMA, Saulkrastu jauktais koris"},"content":{"rendered":"\n<div class=\"wp-block-organic-profile-block\"><div class=\"organic-profile-content-title\"><nameartist>Saulkrastu jauktais koris ANIMA<\/nameartist><hr\/><\/div><div class=\"organic-profile-content-flex\" style=\"text-align:left\"><div class=\"organic-profile-image\" style=\"background-image:url(http:\/\/lauska.lv\/veikals\/wp-content\/uploads\/sites\/6\/2018\/11\/Group_Anima.jpg)\"><img decoding=\"async\" src=\"http:\/\/lauska.lv\/veikals\/wp-content\/uploads\/sites\/6\/2018\/11\/Group_Anima.jpg\"\/><\/div><div class=\"organic-profile-content\" style=\"text-align:left\"><p>Diri\u0123ente: Laura Leontjeva<br\/>Saulkrastu jauktais koris ANIMA muzic\u0113 kop\u0161 2001.gada un ir uzskat\u0101ms par vienu no lab\u0101kajiem koriem Vidzemes re\u0123ion\u0101. Kora m\u0101ksliniecisk\u0101 vad\u012bt\u0101ja un diri\u0123ente ir Laura Leontjeva, diri\u0123ents &#8211; Mat\u012bss Tu\u010ds, vok\u0101l\u0101 pedago\u0123e &#8211; El\u012bna Ose.\u00a0<\/p><div class=\"organic-profile-social\"><a class=\"social-link\" href=\"https:\/\/www.facebook.com\/korisanima\/\" target=\"_blank\"><i class=\"fab fa-facebook-f\"><\/i><\/a><a class=\"social-link\" href=\"https:\/\/www.youtube.com\/channel\/UCYTQHSdhcI84pyCFfiYomnQ\" target=\"_blank\"><i class=\"fab fa-youtube\"><\/i><\/a><\/div><\/div><\/div><\/div>\n\n\n\n<hr class=\"wp-block-separator\"\/>\n\n\n<div class=\"woocommerce columns-4 \"><ul class=\"products columns-4\">\n<li class=\"product type-product post-3388 status-publish first instock product_cat-anima product_cat-jansone-laima product_cat-katalogs product_cat-kormuzika product_cat-post-folks product_cat-zanri product_tag-47 has-post-thumbnail taxable shipping-taxable purchasable product-type-simple\">\n\t<a href=\"https:\/\/lauska.lv\/veikals\/Preces\/jurd-saknes-roots\/\" class=\"woocommerce-LoopProduct-link woocommerce-loop-product__link\"><img fetchpriority=\"high\" decoding=\"async\" width=\"324\" height=\"324\" src=\"https:\/\/lauska.lv\/veikals\/wp-content\/uploads\/sites\/6\/2018\/11\/Anima_JSR_vaks_1-324x324.jpg\" class=\"attachment-woocommerce_thumbnail size-woocommerce_thumbnail\" alt=\"\" srcset=\"https:\/\/lauska.lv\/veikals\/wp-content\/uploads\/sites\/6\/2018\/11\/Anima_JSR_vaks_1-324x324.jpg 324w, https:\/\/lauska.lv\/veikals\/wp-content\/uploads\/sites\/6\/2018\/11\/Anima_JSR_vaks_1-100x100.jpg 100w, https:\/\/lauska.lv\/veikals\/wp-content\/uploads\/sites\/6\/2018\/11\/Anima_JSR_vaks_1-150x150.jpg 150w, https:\/\/lauska.lv\/veikals\/wp-content\/uploads\/sites\/6\/2018\/11\/Anima_JSR_vaks_1-600x600.jpg 600w\" sizes=\"(max-width: 324px) 100vw, 324px\" \/><h2 class=\"woocommerce-loop-product__title\">J\u016brd. Saknes. Roots<\/h2>\n\t<span class=\"price\"><span class=\"woocommerce-Price-amount amount\"><bdi>15.00&nbsp;<span class=\"woocommerce-Price-currencySymbol\">&euro;<\/span><\/bdi><\/span> <small class=\"woocommerce-price-suffix\">iesk. PVN<\/small><\/span>\n<\/a><a href=\"?add-to-cart=3388\" data-quantity=\"1\" class=\"button product_type_simple add_to_cart_button ajax_add_to_cart\" data-product_id=\"3388\" data-product_sku=\"CD085\" aria-label=\"Add to cart: &ldquo;J\u016brd. Saknes. Roots&rdquo;\" aria-describedby=\"\" rel=\"nofollow\">+<\/a><\/li>\n<\/ul>\n<\/div>\n","protected":false},"excerpt":{"rendered":"","protected":false},"author":2,"featured_media":0,"parent":218,"menu_order":0,"comment_status":"closed","ping_status":"closed","template":"page-group.php","meta":{"jetpack_post_was_ever_published":false,"footnotes":""},"categories":[560,559],"tags":[],"jetpack_sharing_enabled":true,"_links":{"self":[{"href":"https:\/\/lauska.lv\/veikals\/wp-json\/wp\/v2\/pages\/3353"}],"collection":[{"href":"https:\/\/lauska.lv\/veikals\/wp-json\/wp\/v2\/pages"}],"about":[{"href":"https:\/\/lauska.lv\/veikals\/wp-json\/wp\/v2\/types\/page"}],"author":[{"embeddable":true,"href":"https:\/\/lauska.lv\/veikals\/wp-json\/wp\/v2\/users\/2"}],"replies":[{"embeddable":true,"href":"https:\/\/lauska.lv\/veikals\/wp-json\/wp\/v2\/comments?post=3353"}],"version-history":[{"count":4,"href":"https:\/\/lauska.lv\/veikals\/wp-json\/wp\/v2\/pages\/3353\/revisions"}],"predecessor-version":[{"id":3410,"href":"https:\/\/lauska.lv\/veikals\/wp-json\/wp\/v2\/pages\/3353\/revisions\/3410"}],"up":[{"embeddable":true,"href":"https:\/\/lauska.lv\/veikals\/wp-json\/wp\/v2\/pages\/218"}],"wp:attachment":[{"href":"https:\/\/lauska.lv\/veikals\/wp-json\/wp\/v2\/media?parent=3353"}],"wp:term":[{"taxonomy":"category","embeddable":true,"href":"https:\/\/lauska.lv\/veikals\/wp-json\/wp\/v2\/categories?post=3353"},{"taxonomy":"post_tag","embeddable":true,"href":"https:\/\/lauska.lv\/veikals\/wp-json\/wp\/v2\/tags?post=3353"}],"curies":[{"name":"wp","href":"https:\/\/api.w.org\/{rel}","templated":true}]}}