{"id":299,"date":"2018-08-26T09:38:07","date_gmt":"2018-08-26T06:38:07","guid":{"rendered":"http:\/\/lauska.lv\/veikalsbeta\/?page_id=299"},"modified":"2018-10-05T00:26:33","modified_gmt":"2018-10-04T21:26:33","slug":"gulbis-dinars","status":"publish","type":"page","link":"https:\/\/lauska.lv\/veikals\/makslinieki-2\/gulbis-dinars\/","title":{"rendered":"Gulbis Din\u0101rs"},"content":{"rendered":"\n<div class=\"wp-block-organic-profile-block\"><div class=\"organic-profile-content-title\"><nameartist>Din\u0101rs Gulbis<\/nameartist><hr\/><\/div><div class=\"organic-profile-content-flex\" style=\"text-align:left\"><div class=\"organic-profile-image\" style=\"background-image:url(http:\/\/lauska.lv\/veikalsbeta\/wp-content\/uploads\/sites\/6\/2018\/08\/Dinars_Gulbis_m.jpg)\"><img decoding=\"async\" src=\"http:\/\/lauska.lv\/veikalsbeta\/wp-content\/uploads\/sites\/6\/2018\/08\/Dinars_Gulbis_m.jpg\"\/><\/div><div class=\"organic-profile-content\" style=\"text-align:left\"><p>Din\u0101rs Gulbis ir dziesminieks, kur\u0161 pats veidojis savu ce\u013cu m\u016bzik\u0101 un savu neparasto skan\u0113jumu. Par Din\u0101ra m\u016bzikas \u012bpa\u0161o iez\u012bmi k\u013cuvu\u0161i v\u0113rt\u012bgie dziesmu v\u0101rdi. B\u016bs gr\u016bti atrast m\u016bzi\u0137i, kur\u0161 tik veiksm\u012bgi izmantojis sav\u0101 dai\u013crad\u0113 tik daudzu izcilu latvie\u0161u dzejnieku darbus. Vi\u0146a dziesm\u0101s varam dzird\u0113t Oj\u0101ru V\u0101cieti, Imantu Ziedoni, Agitu Dragunu, Amandu Aizpurieti, Velgu Krili un citus. Album\u0101 iek\u013cauta ar\u012b Din\u0101ra Gulbja kompon\u0113t\u0101 un izpild\u012bt\u0101 \u201eHimna Salaspilij\u201d.<br\/>Pats Din\u0101rs saka: \u201cDzej\u0101 mekl\u0113ju cilv\u0113c\u012bbu. Dzi\u013cumu caur vienk\u0101r\u0161\u012bbu. Mekl\u0113ju tekstus, kas mani uzrun\u0101. Dr\u012bz\u0101k jau \u2013 tie pa\u0161i mani atrod. Es tikai m\u0113\u0123inu tos iznest. Vienk\u0101r\u0161i. Caur sevi.\u201d<\/p><div class=\"organic-profile-social\"><a class=\"social-link\" href=\"https:\/\/www.facebook.com\/profile.php?id=100004810837597\" target=\"_blank\"><i class=\"fab fa-facebook-f\"><\/i><\/a><a class=\"social-link\" href=\"https:\/\/www.draugiem.lv\/gulbis\/\" target=\"_blank\"><i class=\"fas fa-link\"><\/i><\/a><a class=\"social-link\" href=\"https:\/\/www.youtube.com\/channel\/UC504g0GbIqEK_MgRviS9O2A\" target=\"_blank\"><i class=\"fab fa-youtube\"><\/i><\/a><a class=\"social-link\" href=\"https:\/\/dinarsgulbis.bandcamp.com\/\" target=\"_blank\"><i class=\"fab fa-bandcamp\"><\/i><\/a><a class=\"social-link\" href=\"https:\/\/open.spotify.com\/artist\/3dOCUkAyjqOuLkhAMIuZgG?si=KnHtStbbSSSsEHKn9tVC1A\" target=\"_blank\"><i class=\"fab fa-spotify\"><\/i><\/a><\/div><\/div><\/div><\/div>\n\n\n\n<h2 class=\"wp-block-heading\" style=\"text-align:center\">Lauskas izdevumos<\/h2>\n\n\n\n<hr class=\"wp-block-separator\"\/>\n\n\n<div class=\"woocommerce columns-4 \"><ul class=\"products columns-4\">\n<li class=\"product type-product post-166 status-publish first instock product_cat-dinars-gulbis product_cat-dziesminieki-autormuzika product_cat-gulbis-dinars product_cat-katalogs product_cat-zanri product_tag-47 has-post-thumbnail taxable shipping-taxable purchasable product-type-simple\">\n\t<a href=\"https:\/\/lauska.lv\/veikals\/Preces\/kad\/\" class=\"woocommerce-LoopProduct-link woocommerce-loop-product__link\"><img fetchpriority=\"high\" decoding=\"async\" width=\"324\" height=\"324\" src=\"https:\/\/lauska.lv\/veikals\/wp-content\/uploads\/sites\/6\/2018\/08\/Dinars_Gulbis_KAD_Cover_2018-324x324.jpg\" class=\"attachment-woocommerce_thumbnail size-woocommerce_thumbnail\" alt=\"Dinars Gulbis \/\/ Kad\" srcset=\"https:\/\/lauska.lv\/veikals\/wp-content\/uploads\/sites\/6\/2018\/08\/Dinars_Gulbis_KAD_Cover_2018-324x324.jpg 324w, https:\/\/lauska.lv\/veikals\/wp-content\/uploads\/sites\/6\/2018\/08\/Dinars_Gulbis_KAD_Cover_2018-100x100.jpg 100w, https:\/\/lauska.lv\/veikals\/wp-content\/uploads\/sites\/6\/2018\/08\/Dinars_Gulbis_KAD_Cover_2018-150x150.jpg 150w, https:\/\/lauska.lv\/veikals\/wp-content\/uploads\/sites\/6\/2018\/08\/Dinars_Gulbis_KAD_Cover_2018-50x50.jpg 50w\" sizes=\"(max-width: 324px) 100vw, 324px\" \/><h2 class=\"woocommerce-loop-product__title\">KAD<\/h2>\n\t<span class=\"price\"><span class=\"woocommerce-Price-amount amount\"><bdi>10.00&nbsp;<span class=\"woocommerce-Price-currencySymbol\">&euro;<\/span><\/bdi><\/span> <small class=\"woocommerce-price-suffix\">iesk. PVN<\/small><\/span>\n<\/a><a href=\"?add-to-cart=166\" data-quantity=\"1\" class=\"button product_type_simple add_to_cart_button ajax_add_to_cart\" data-product_id=\"166\" data-product_sku=\"2018 CD081\" aria-label=\"Add to cart: &ldquo;KAD&rdquo;\" aria-describedby=\"\" rel=\"nofollow\">+<\/a><\/li>\n<li class=\"product type-product post-1150 status-publish instock product_cat-dziesminieki-autormuzika product_cat-gulbis-dinars product_cat-katalogs product_cat-zanri product_tag-43 has-post-thumbnail taxable shipping-taxable purchasable product-type-simple\">\n\t<a href=\"https:\/\/lauska.lv\/veikals\/Preces\/es-nezinu-kads-ir-isakais-cels-pie-tevis\/\" class=\"woocommerce-LoopProduct-link woocommerce-loop-product__link\"><img decoding=\"async\" width=\"324\" height=\"324\" src=\"https:\/\/lauska.lv\/veikals\/wp-content\/uploads\/sites\/6\/2018\/08\/Cover_Dinars_Gulbis-es_nezinu_kads_ir_isakais_cels_pie_tevis_01-324x324.jpg\" class=\"attachment-woocommerce_thumbnail size-woocommerce_thumbnail\" alt=\"\" srcset=\"https:\/\/lauska.lv\/veikals\/wp-content\/uploads\/sites\/6\/2018\/08\/Cover_Dinars_Gulbis-es_nezinu_kads_ir_isakais_cels_pie_tevis_01-324x324.jpg 324w, https:\/\/lauska.lv\/veikals\/wp-content\/uploads\/sites\/6\/2018\/08\/Cover_Dinars_Gulbis-es_nezinu_kads_ir_isakais_cels_pie_tevis_01-100x100.jpg 100w, https:\/\/lauska.lv\/veikals\/wp-content\/uploads\/sites\/6\/2018\/08\/Cover_Dinars_Gulbis-es_nezinu_kads_ir_isakais_cels_pie_tevis_01-150x150.jpg 150w\" sizes=\"(max-width: 324px) 100vw, 324px\" \/><h2 class=\"woocommerce-loop-product__title\">Es nezinu k\u0101ds ir \u012bs\u0101kais ce\u013c\u0161 pie tevis<\/h2>\n\t<span class=\"price\"><span class=\"woocommerce-Price-amount amount\"><bdi>10.00&nbsp;<span class=\"woocommerce-Price-currencySymbol\">&euro;<\/span><\/bdi><\/span> <small class=\"woocommerce-price-suffix\">iesk. PVN<\/small><\/span>\n<\/a><a href=\"?add-to-cart=1150\" data-quantity=\"1\" class=\"button product_type_simple add_to_cart_button ajax_add_to_cart\" data-product_id=\"1150\" data-product_sku=\"2015 CD058\" aria-label=\"Add to cart: &ldquo;Es nezinu k\u0101ds ir \u012bs\u0101kais ce\u013c\u0161 pie tevis&rdquo;\" aria-describedby=\"\" rel=\"nofollow\">+<\/a><\/li>\n<\/ul>\n<\/div>\n\n\n\n<h2 class=\"wp-block-heading\" style=\"text-align:center\">Video<\/h2>\n\n\n\n<hr class=\"wp-block-separator\"\/>\n\n\n\n<figure class=\"wp-block-embed-youtube wp-block-embed is-type-video is-provider-youtube wp-has-aspect-ratio wp-embed-aspect-16-9\"><div class=\"wp-block-embed__wrapper\">\n<span class=\"embed-youtube\" style=\"text-align:center; display: block;\"><iframe class=\"youtube-player\" width=\"980\" height=\"552\" src=\"https:\/\/www.youtube.com\/embed?version=3&#038;rel=1&#038;showsearch=0&#038;showinfo=1&#038;iv_load_policy=1&#038;fs=1&#038;hl=lv-LV&#038;autohide=2&#038;wmode=transparent&#038;listType=playlist&#038;list=PLlzUjSgLpT4x1PoOLtvPnknNkzLeLDBvK\" allowfullscreen=\"true\" style=\"border:0;\" sandbox=\"allow-scripts allow-same-origin allow-popups allow-presentation allow-popups-to-escape-sandbox\"><\/iframe><\/span>\n<\/div><\/figure>\n","protected":false},"excerpt":{"rendered":"<p>Lauskas izdevumos Video<\/p>\n","protected":false},"author":1,"featured_media":0,"parent":218,"menu_order":0,"comment_status":"closed","ping_status":"closed","template":"page-group.php","meta":{"jetpack_post_was_ever_published":false,"footnotes":""},"categories":[566,559],"tags":[],"jetpack_sharing_enabled":true,"_links":{"self":[{"href":"https:\/\/lauska.lv\/veikals\/wp-json\/wp\/v2\/pages\/299"}],"collection":[{"href":"https:\/\/lauska.lv\/veikals\/wp-json\/wp\/v2\/pages"}],"about":[{"href":"https:\/\/lauska.lv\/veikals\/wp-json\/wp\/v2\/types\/page"}],"author":[{"embeddable":true,"href":"https:\/\/lauska.lv\/veikals\/wp-json\/wp\/v2\/users\/1"}],"replies":[{"embeddable":true,"href":"https:\/\/lauska.lv\/veikals\/wp-json\/wp\/v2\/comments?post=299"}],"version-history":[{"count":60,"href":"https:\/\/lauska.lv\/veikals\/wp-json\/wp\/v2\/pages\/299\/revisions"}],"predecessor-version":[{"id":3161,"href":"https:\/\/lauska.lv\/veikals\/wp-json\/wp\/v2\/pages\/299\/revisions\/3161"}],"up":[{"embeddable":true,"href":"https:\/\/lauska.lv\/veikals\/wp-json\/wp\/v2\/pages\/218"}],"wp:attachment":[{"href":"https:\/\/lauska.lv\/veikals\/wp-json\/wp\/v2\/media?parent=299"}],"wp:term":[{"taxonomy":"category","embeddable":true,"href":"https:\/\/lauska.lv\/veikals\/wp-json\/wp\/v2\/categories?post=299"},{"taxonomy":"post_tag","embeddable":true,"href":"https:\/\/lauska.lv\/veikals\/wp-json\/wp\/v2\/tags?post=299"}],"curies":[{"name":"wp","href":"https:\/\/api.w.org\/{rel}","templated":true}]}}