{"id":2989,"date":"2018-09-26T19:08:33","date_gmt":"2018-09-26T16:08:33","guid":{"rendered":"http:\/\/lauska.lv\/veikals\/auli-2\/"},"modified":"2018-10-04T10:45:27","modified_gmt":"2018-10-04T07:45:27","slug":"auli","status":"publish","type":"page","link":"https:\/\/lauska.lv\/veikals\/auli\/","title":{"rendered":"Au\u013ci"},"content":{"rendered":"\n<div class=\"wp-block-organic-profile-block\"><div class=\"organic-profile-content-title\"><nameartist>Au\u013ci<\/nameartist><hr\/><\/div><div class=\"organic-profile-content-flex\" style=\"text-align:left\"><div class=\"organic-profile-image\" style=\"background-image:url(http:\/\/lauska.lv\/veikalsbeta\/wp-content\/uploads\/sites\/6\/2018\/08\/Group_Auli.jpg)\"><img decoding=\"async\" src=\"http:\/\/lauska.lv\/veikalsbeta\/wp-content\/uploads\/sites\/6\/2018\/08\/Group_Auli.jpg\"\/><\/div><div class=\"organic-profile-content\" style=\"text-align:left\"><p><strong>Kaspars B\u0101rbals<\/strong> d\u016bdas<br\/><strong>M\u0101ris J\u0113kabsons<\/strong> d\u016bdas, balss<br\/><strong>Edgars K\u0101rklis<\/strong> d\u016bdas, balss<br\/><strong>Gatis Indr\u0113vics<\/strong> d\u016bdas<br\/><strong>Normunds Vaivads <\/strong>d\u016bdas, balss<br\/><strong>Leanne Barbo<\/strong> d\u016bdas, balss<br\/><strong>M\u0101rti\u0146\u0161 Mi\u013cevskis<\/strong> bungas<br\/><strong>Edgars Kr\u016bmi\u0146\u0161<\/strong> bungas<br\/><strong>Kaspars Indr\u0113vics<\/strong> celma bungas<br\/><strong>Gatis Valters<\/strong> \u0123\u012bga<br\/>Biju\u0161ie grupas dal\u012bbnieki:<br\/><strong>Mikus \u010cavarts<\/strong> bungas<br\/><strong>Andris Buls<\/strong> bungas<br\/><br\/>Bungu un d\u016bdu m\u016bzikas grupa \u201cAu\u013ci\u201d dibin\u0101ta 2003.gad\u0101 un nu jau 13 gadus akt\u012bvi kopj<br\/>un att\u012bsta d\u016bdu un bungu m\u016bziku Latvij\u0101. 6 d\u016bdinieki, kontrabasists un 3 bundzinieki uz<br\/>skatuves rada sp\u0113c\u012bgu un pozit\u012bvu ener\u0123ijas l\u0101di\u0146u, kas aizrauj katru klaus\u012bt\u0101ju, iesaistot<br\/>un aicinot l\u012bdzi au\u013cojo\u0161os ritmos. \u201cAu\u013ci\u201d ir pla\u0161i paz\u012bstami ar\u012b \u0101rvalst\u012bs, ta\u010du savas rado\u0161\u0101s<br\/>darb\u012bbas pamat\u0101 nezaud\u0113 saikni ar latvie\u0161u tautas m\u016bziku.<br\/><\/p><div class=\"organic-profile-social\"><a class=\"social-link\" href=\"http:\/\/www.auli.lv\/\" target=\"_blank\"><i class=\"fas fa-play\"><\/i><\/a><a class=\"social-link\" href=\"https:\/\/www.facebook.com\/AuliEtnotranss\/\" target=\"_blank\"><i class=\"fab fa-facebook-f\"><\/i><\/a><a class=\"social-link\" href=\"https:\/\/twitter.com\/Auli_Etnotranss\" target=\"_blank\"><i class=\"fab fa-twitter\"><\/i><\/a><a class=\"social-link\" href=\"https:\/\/www.instagram.com\/grupa_auli_\/\" target=\"_blank\"><i class=\"fab fa-instagram\"><\/i><\/a><a class=\"social-link\" href=\"https:\/\/www.draugiem.lv\/auli\" target=\"_blank\"><i class=\"fas fa-link\"><\/i><\/a><a class=\"social-link\" href=\"https:\/\/www.youtube.com\/user\/AuliEtnotranss\" target=\"_blank\"><i class=\"fab fa-youtube\"><\/i><\/a><a class=\"social-link\" href=\"https:\/\/soundcloud.com\/aulietnotranss\" target=\"_blank\"><i class=\"fab fa-soundcloud\"><\/i><\/a><a class=\"social-link\" href=\"https:\/\/itunes.apple.com\/lv\/artist\/auli\/id273131726\" target=\"_blank\"><i class=\"fab fa-apple\"><\/i><\/a><\/div><\/div><\/div><\/div>\n\n\n\n<h2 class=\"wp-block-heading\">Video<\/h2>\n\n\n\n<hr class=\"wp-block-separator\"\/>\n\n\n\n<figure class=\"wp-block-embed-youtube wp-block-embed is-type-video is-provider-youtube wp-has-aspect-ratio wp-embed-aspect-16-9\"><div class=\"wp-block-embed__wrapper\">\n<span class=\"embed-youtube\" style=\"text-align:center; display: block;\"><iframe class=\"youtube-player\" width=\"980\" height=\"552\" src=\"https:\/\/www.youtube.com\/embed\/UCEf2WTEA2s?version=3&#038;rel=1&#038;showsearch=0&#038;showinfo=1&#038;iv_load_policy=1&#038;fs=1&#038;hl=lv-LV&#038;autohide=2&#038;wmode=transparent\" allowfullscreen=\"true\" style=\"border:0;\" sandbox=\"allow-scripts allow-same-origin allow-popups allow-presentation allow-popups-to-escape-sandbox\"><\/iframe><\/span>\n<\/div><\/figure>\n","protected":false},"excerpt":{"rendered":"<p>Video<\/p>\n","protected":false},"author":5,"featured_media":0,"parent":0,"menu_order":0,"comment_status":"closed","ping_status":"closed","template":"page-group.php","meta":{"jetpack_post_was_ever_published":false,"footnotes":""},"categories":[],"tags":[],"jetpack_sharing_enabled":true,"_links":{"self":[{"href":"https:\/\/lauska.lv\/veikals\/wp-json\/wp\/v2\/pages\/2989"}],"collection":[{"href":"https:\/\/lauska.lv\/veikals\/wp-json\/wp\/v2\/pages"}],"about":[{"href":"https:\/\/lauska.lv\/veikals\/wp-json\/wp\/v2\/types\/page"}],"author":[{"embeddable":true,"href":"https:\/\/lauska.lv\/veikals\/wp-json\/wp\/v2\/users\/5"}],"replies":[{"embeddable":true,"href":"https:\/\/lauska.lv\/veikals\/wp-json\/wp\/v2\/comments?post=2989"}],"version-history":[{"count":1,"href":"https:\/\/lauska.lv\/veikals\/wp-json\/wp\/v2\/pages\/2989\/revisions"}],"predecessor-version":[{"id":2991,"href":"https:\/\/lauska.lv\/veikals\/wp-json\/wp\/v2\/pages\/2989\/revisions\/2991"}],"wp:attachment":[{"href":"https:\/\/lauska.lv\/veikals\/wp-json\/wp\/v2\/media?parent=2989"}],"wp:term":[{"taxonomy":"category","embeddable":true,"href":"https:\/\/lauska.lv\/veikals\/wp-json\/wp\/v2\/categories?post=2989"},{"taxonomy":"post_tag","embeddable":true,"href":"https:\/\/lauska.lv\/veikals\/wp-json\/wp\/v2\/tags?post=2989"}],"curies":[{"name":"wp","href":"https:\/\/api.w.org\/{rel}","templated":true}]}}