{"id":2432,"date":"2018-08-27T13:33:11","date_gmt":"2018-08-27T10:33:11","guid":{"rendered":"http:\/\/lauska.lv\/veikalsbeta\/balki\/"},"modified":"2018-09-26T19:20:37","modified_gmt":"2018-09-26T16:20:37","slug":"balki","status":"publish","type":"page","link":"https:\/\/lauska.lv\/veikals\/artists\/balki\/?lang=en","title":{"rendered":"Ba\u013c\u0137i"},"content":{"rendered":"\n<div class=\"wp-block-organic-profile-block\"><div class=\"organic-profile-content-title\"><nameartist>Ba\u013c\u0137i<\/nameartist><hr\/><\/div><div class=\"organic-profile-content-flex\" style=\"text-align:left\"><div class=\"organic-profile-image\" style=\"background-image:url(http:\/\/lauska.lv\/veikalsbeta\/wp-content\/uploads\/sites\/6\/2018\/08\/Group_Balki.jpg)\"><img decoding=\"async\" src=\"http:\/\/lauska.lv\/veikalsbeta\/wp-content\/uploads\/sites\/6\/2018\/08\/Group_Balki.jpg\"\/><\/div><div class=\"organic-profile-content\" style=\"text-align:left\"><p><strong><strong>Ieva\u00a0<\/strong><\/strong>vocal, guitar<strong><br\/><strong>Inga\u00a0<\/strong><\/strong>vocal, guitar<strong><br\/><strong>Liene\u00a0<\/strong><\/strong>vocal, bodran<strong><br\/><strong>Ineta\u00a0<\/strong><\/strong>vocal<strong><br\/><strong>Sanita\u00a0<\/strong><\/strong>vocal<strong><br\/><strong>M\u0101ris\u00a0<\/strong><\/strong>vocal, flute<strong><br\/><strong>Vinsents\u00a0<\/strong><\/strong>vocal, accordion<strong><br\/><strong>J\u0101nis\u00a0<\/strong><\/strong>base<strong><br\/><strong>Sandis\u00a0<\/strong><\/strong>percussions<br\/> <br\/>The folk group Ba\u013c\u0137i sing Latvian folk songs accompanied by the guitar, base etc. The group met in 2000 in Liep\u0101ja, a musical city at the Western coast of Latvia. Ba\u013c\u0137i emphasise their roots in Liep\u0101ja and state: \u201cWe have a secret \u2013 our soul is like a bird. We can fly in the folk song. Wherever we are. The sound of the folk song makes the soul resound and the flight starts, from the ancient times through the present into the future. Inside. Home. Together.\u201d <br\/><\/p><div class=\"organic-profile-social\"><\/div><\/div><\/div><\/div>\n\n\n\n<h2 class=\"wp-block-heading\">Video<\/h2>\n\n\n\n<hr class=\"wp-block-separator\"\/>\n\n\n\n<figure class=\"wp-block-embed-youtube wp-block-embed is-type-video is-provider-youtube\">\n<span class=\"embed-youtube\" style=\"text-align:center; display: block;\"><iframe class=\"youtube-player\" width=\"980\" height=\"552\" src=\"https:\/\/www.youtube.com\/embed\/0S92I6JV-n8?version=3&#038;rel=1&#038;showsearch=0&#038;showinfo=1&#038;iv_load_policy=1&#038;fs=1&#038;hl=lv-LV&#038;autohide=2&#038;wmode=transparent&#038;listType=playlist&#038;list=PLlzUjSgLpT4xkydJrkSLFbId8kgv1QuAB\" allowfullscreen=\"true\" style=\"border:0;\" sandbox=\"allow-scripts allow-same-origin allow-popups allow-presentation allow-popups-to-escape-sandbox\"><\/iframe><\/span>\n<\/figure>\n","protected":false},"excerpt":{"rendered":"<p>Video<\/p>\n","protected":false},"author":2,"featured_media":0,"parent":222,"menu_order":0,"comment_status":"closed","ping_status":"closed","template":"page-group.php","meta":{"jetpack_post_was_ever_published":false,"footnotes":""},"categories":[589,594],"tags":[],"jetpack_sharing_enabled":true,"_links":{"self":[{"href":"https:\/\/lauska.lv\/veikals\/wp-json\/wp\/v2\/pages\/2432"}],"collection":[{"href":"https:\/\/lauska.lv\/veikals\/wp-json\/wp\/v2\/pages"}],"about":[{"href":"https:\/\/lauska.lv\/veikals\/wp-json\/wp\/v2\/types\/page"}],"author":[{"embeddable":true,"href":"https:\/\/lauska.lv\/veikals\/wp-json\/wp\/v2\/users\/2"}],"replies":[{"embeddable":true,"href":"https:\/\/lauska.lv\/veikals\/wp-json\/wp\/v2\/comments?post=2432"}],"version-history":[{"count":1,"href":"https:\/\/lauska.lv\/veikals\/wp-json\/wp\/v2\/pages\/2432\/revisions"}],"predecessor-version":[{"id":2460,"href":"https:\/\/lauska.lv\/veikals\/wp-json\/wp\/v2\/pages\/2432\/revisions\/2460"}],"up":[{"embeddable":true,"href":"https:\/\/lauska.lv\/veikals\/wp-json\/wp\/v2\/pages\/222"}],"wp:attachment":[{"href":"https:\/\/lauska.lv\/veikals\/wp-json\/wp\/v2\/media?parent=2432"}],"wp:term":[{"taxonomy":"category","embeddable":true,"href":"https:\/\/lauska.lv\/veikals\/wp-json\/wp\/v2\/categories?post=2432"},{"taxonomy":"post_tag","embeddable":true,"href":"https:\/\/lauska.lv\/veikals\/wp-json\/wp\/v2\/tags?post=2432"}],"curies":[{"name":"wp","href":"https:\/\/api.w.org\/{rel}","templated":true}]}}