{"id":2393,"date":"2018-08-28T13:02:25","date_gmt":"2018-08-28T10:02:25","guid":{"rendered":"http:\/\/lauska.lv\/veikals\/artists\/tautumeitas\/"},"modified":"2018-09-26T20:03:33","modified_gmt":"2018-09-26T17:03:33","slug":"tautumeitas","status":"publish","type":"page","link":"https:\/\/lauska.lv\/veikals\/artists\/tautumeitas\/?lang=en","title":{"rendered":"Tautumeitas"},"content":{"rendered":"\r\n<div class=\"wp-block-organic-profile-block\"><div class=\"organic-profile-content-title\"><nameartist>Tautumeitas<\/nameartist><hr\/><\/div><div class=\"organic-profile-content-flex\" style=\"text-align:left\"><div class=\"organic-profile-image\" style=\"background-image:url(http:\/\/lauska.lv\/veikalsbeta\/wp-content\/uploads\/sites\/6\/2018\/08\/Group_Tautumeitas.jpg)\"><img decoding=\"async\" src=\"http:\/\/lauska.lv\/veikalsbeta\/wp-content\/uploads\/sites\/6\/2018\/08\/Group_Tautumeitas.jpg\"\/><\/div><div class=\"organic-profile-content\" style=\"text-align:left\"><p><strong>Asnate Ranc\u0101ne<\/strong>\u00a0voice,\u00a0violin<br\/><strong>Lauma B\u0113rza<\/strong>\u00a0voice,\u00a0violin<br\/><strong>Aur\u0113lija Ranc\u0101ne<\/strong>\u00a0voice,\u00a0drums<br\/><strong>Laura Ar\u0101ja<\/strong>\u00a0voice, shruti box,\u00a0percussions<br\/><strong>Ilona Dz\u0113rve<\/strong>\u00a0voice,\u00a0harmonica<br\/><strong>Laura Liepi\u0146a<\/strong>\u00a0voice, percussions<br\/><strong>Sta\u0146islavs Judins<\/strong>\u00a0base<br\/><strong>M\u0101rti\u0146\u0161 Mi\u013cevskis<\/strong>\u00a0drums <br\/> <br\/>The music of \u201cTautumeitas\u201d is created by six voices and six pairs of hands, These are Latvian girls who believe that music can make the world a better place.<br\/>The participants have studied traditional singing, especially polyphony.<br\/>To present traditional music in a contemporary way and to reflect on\u00a0what a contemporary \u201ctautumeita\u201d (folk girl) feels and thinks, the participants also use diverse music instruments. Most of the participants have studied ethnomusicology, that is why there are also musical motives from other cultures around the world.<br\/>The diversity if the timbres, a fresh approach and style create the special sound of\u00a0\u201cTautumeitas\u201d. <br\/><\/p><div class=\"organic-profile-social\"><a class=\"social-link\" href=\"http:\/\/tautumeitas.lv\/\" target=\"_blank\"><i class=\"fas fa-play\"><\/i><\/a><a class=\"social-link\" href=\"https:\/\/www.facebook.com\/tautumeitas\/?fb_dtsg_ag=AdwbkYpIdkl4JaqUGWYQ3SPOp-LNwVF1K2BAbNFCMHcg6Q%3AAdwdImSZ9i9v4030fFjUW6SV4kaA7Q-bXgWZ7vhxp6zhtA\" target=\"_blank\"><i class=\"fab fa-facebook-f\"><\/i><\/a><a class=\"social-link\" href=\"https:\/\/twitter.com\/tautumeitas\" target=\"_blank\"><i class=\"fab fa-twitter\"><\/i><\/a><a class=\"social-link\" href=\"https:\/\/www.instagram.com\/tautumeitas\/\" target=\"_blank\"><i class=\"fab fa-instagram\"><\/i><\/a><a class=\"social-link\" href=\"https:\/\/www.youtube.com\/channel\/UClXwCDJzbasRQV3BFjVkqDQ\" target=\"_blank\"><i class=\"fab fa-youtube\"><\/i><\/a><a class=\"social-link\" href=\"https:\/\/soundcloud.com\/tautumeitas\" target=\"_blank\"><i class=\"fab fa-soundcloud\"><\/i><\/a><\/div><\/div><\/div><\/div>\r\n\r\n\r\n\r\n<h2 class=\"wp-block-heading\" style=\"text-align:center\">Published by lauska<\/h2>\r\n\r\n\r\n\r\n<hr class=\"wp-block-separator\"\/>\r\n\r\n\r\n<div class=\"woocommerce columns-4 \"><ul class=\"products columns-4\">\n<li class=\"product type-product post-18079 status-publish first instock product_cat-auli product_cat-banga product_cat-dardi product_cat-jora product_cat-lausa product_cat-muktupavels-valdis product_cat-rahu-the-fool product_cat-rava product_cat-saucejas product_cat-sviests product_cat-tautumeitas product_cat-tkp product_tag-722 has-post-thumbnail taxable shipping-taxable purchasable product-type-simple\">\n\t<a href=\"https:\/\/lauska.lv\/veikals\/Preces\/sviests-9\/\" class=\"woocommerce-LoopProduct-link woocommerce-loop-product__link\"><img fetchpriority=\"high\" decoding=\"async\" width=\"324\" height=\"324\" src=\"https:\/\/lauska.lv\/veikals\/wp-content\/uploads\/sites\/6\/2022\/04\/Sviests-9-3000x3000-lo-res-scaled-324x324.jpg\" class=\"attachment-woocommerce_thumbnail size-woocommerce_thumbnail\" alt=\"\" srcset=\"https:\/\/lauska.lv\/veikals\/wp-content\/uploads\/sites\/6\/2022\/04\/Sviests-9-3000x3000-lo-res-324x324.jpg 324w, https:\/\/lauska.lv\/veikals\/wp-content\/uploads\/sites\/6\/2022\/04\/Sviests-9-3000x3000-lo-res-100x100.jpg 100w, https:\/\/lauska.lv\/veikals\/wp-content\/uploads\/sites\/6\/2022\/04\/Sviests-9-3000x3000-lo-res-416x416.jpg 416w, https:\/\/lauska.lv\/veikals\/wp-content\/uploads\/sites\/6\/2022\/04\/Sviests-9-3000x3000-lo-res-300x300.jpg 300w, https:\/\/lauska.lv\/veikals\/wp-content\/uploads\/sites\/6\/2022\/04\/Sviests-9-3000x3000-lo-res-1024x1024.jpg 1024w, https:\/\/lauska.lv\/veikals\/wp-content\/uploads\/sites\/6\/2022\/04\/Sviests-9-3000x3000-lo-res-150x150.jpg 150w, https:\/\/lauska.lv\/veikals\/wp-content\/uploads\/sites\/6\/2022\/04\/Sviests-9-3000x3000-lo-res-768x768.jpg 768w, https:\/\/lauska.lv\/veikals\/wp-content\/uploads\/sites\/6\/2022\/04\/Sviests-9-3000x3000-lo-res-1536x1536.jpg 1536w, https:\/\/lauska.lv\/veikals\/wp-content\/uploads\/sites\/6\/2022\/04\/Sviests-9-3000x3000-lo-res-2048x2048.jpg 2048w, https:\/\/lauska.lv\/veikals\/wp-content\/uploads\/sites\/6\/2022\/04\/Sviests-9-3000x3000-lo-res-600x600.jpg 600w\" sizes=\"(max-width: 324px) 100vw, 324px\" \/><h2 class=\"woocommerce-loop-product__title\">SVIESTS 9<\/h2>\n\t<span class=\"price\"><span class=\"woocommerce-Price-amount amount\"><bdi>10.00&nbsp;<span class=\"woocommerce-Price-currencySymbol\">&euro;<\/span><\/bdi><\/span> <small class=\"woocommerce-price-suffix\">iesk. PVN<\/small><\/span>\n<\/a><a href=\"?add-to-cart=18079\" data-quantity=\"1\" class=\"button product_type_simple add_to_cart_button ajax_add_to_cart\" data-product_id=\"18079\" data-product_sku=\"2022 CD098\" aria-label=\"Add to cart: &ldquo;SVIESTS 9&rdquo;\" aria-describedby=\"\" rel=\"nofollow\">+<\/a><\/li>\n<li class=\"product type-product post-13014 status-publish instock product_cat-lausa product_cat-tautumeitas product_tag-712 has-post-thumbnail taxable shipping-taxable purchasable product-type-simple\">\n\t<a href=\"https:\/\/lauska.lv\/veikals\/Preces\/tautumeitas-skanuplate\/\" class=\"woocommerce-LoopProduct-link woocommerce-loop-product__link\"><img decoding=\"async\" width=\"324\" height=\"324\" src=\"https:\/\/lauska.lv\/veikals\/wp-content\/uploads\/sites\/6\/2020\/01\/Tautumeitas-Vinyl-black-front_small-324x324.jpg\" class=\"attachment-woocommerce_thumbnail size-woocommerce_thumbnail\" alt=\"\" srcset=\"https:\/\/lauska.lv\/veikals\/wp-content\/uploads\/sites\/6\/2020\/01\/Tautumeitas-Vinyl-black-front_small-324x324.jpg 324w, https:\/\/lauska.lv\/veikals\/wp-content\/uploads\/sites\/6\/2020\/01\/Tautumeitas-Vinyl-black-front_small-100x100.jpg 100w, https:\/\/lauska.lv\/veikals\/wp-content\/uploads\/sites\/6\/2020\/01\/Tautumeitas-Vinyl-black-front_small-300x300.jpg 300w, https:\/\/lauska.lv\/veikals\/wp-content\/uploads\/sites\/6\/2020\/01\/Tautumeitas-Vinyl-black-front_small-150x150.jpg 150w, https:\/\/lauska.lv\/veikals\/wp-content\/uploads\/sites\/6\/2020\/01\/Tautumeitas-Vinyl-black-front_small-600x600.jpg 600w\" sizes=\"(max-width: 324px) 100vw, 324px\" \/><h2 class=\"woocommerce-loop-product__title\">tautumeitas &#8211; ska\u0146uplate<\/h2>\n\t<span class=\"price\"><span class=\"woocommerce-Price-amount amount\"><bdi>25.00&nbsp;<span class=\"woocommerce-Price-currencySymbol\">&euro;<\/span><\/bdi><\/span> <small class=\"woocommerce-price-suffix\">iesk. PVN<\/small><\/span>\n<\/a><a href=\"?add-to-cart=13014\" data-quantity=\"1\" class=\"button product_type_simple add_to_cart_button ajax_add_to_cart\" data-product_id=\"13014\" data-product_sku=\"CPL025LP\/C23533\" aria-label=\"Add to cart: &ldquo;tautumeitas - ska\u0146uplate&rdquo;\" aria-describedby=\"\" rel=\"nofollow\">+<\/a><\/li>\n<li class=\"product type-product post-13002 status-publish outofstock product_cat-lausa product_cat-tautumeitas product_tag-712 has-post-thumbnail taxable shipping-taxable purchasable product-type-simple\">\n\t<a href=\"https:\/\/lauska.lv\/veikals\/Preces\/dziesmas-no-aulejas-skanuplate\/\" class=\"woocommerce-LoopProduct-link woocommerce-loop-product__link\"><img decoding=\"async\" width=\"324\" height=\"324\" src=\"https:\/\/lauska.lv\/veikals\/wp-content\/uploads\/sites\/6\/2020\/01\/Tautumeitas-Vinyl_white_Cover_small-324x324.jpg\" class=\"attachment-woocommerce_thumbnail size-woocommerce_thumbnail\" alt=\"\" srcset=\"https:\/\/lauska.lv\/veikals\/wp-content\/uploads\/sites\/6\/2020\/01\/Tautumeitas-Vinyl_white_Cover_small-324x324.jpg 324w, https:\/\/lauska.lv\/veikals\/wp-content\/uploads\/sites\/6\/2020\/01\/Tautumeitas-Vinyl_white_Cover_small-100x100.jpg 100w, https:\/\/lauska.lv\/veikals\/wp-content\/uploads\/sites\/6\/2020\/01\/Tautumeitas-Vinyl_white_Cover_small-416x416.jpg 416w, https:\/\/lauska.lv\/veikals\/wp-content\/uploads\/sites\/6\/2020\/01\/Tautumeitas-Vinyl_white_Cover_small-300x300.jpg 300w, https:\/\/lauska.lv\/veikals\/wp-content\/uploads\/sites\/6\/2020\/01\/Tautumeitas-Vinyl_white_Cover_small-150x150.jpg 150w, https:\/\/lauska.lv\/veikals\/wp-content\/uploads\/sites\/6\/2020\/01\/Tautumeitas-Vinyl_white_Cover_small-768x768.jpg 768w, https:\/\/lauska.lv\/veikals\/wp-content\/uploads\/sites\/6\/2020\/01\/Tautumeitas-Vinyl_white_Cover_small-600x600.jpg 600w, https:\/\/lauska.lv\/veikals\/wp-content\/uploads\/sites\/6\/2020\/01\/Tautumeitas-Vinyl_white_Cover_small.jpg 800w\" sizes=\"(max-width: 324px) 100vw, 324px\" \/><h2 class=\"woocommerce-loop-product__title\">Dziesmas no Aulejas &#8211; ska\u0146uplate<\/h2>\n\t<span class=\"price\"><span class=\"woocommerce-Price-amount amount\"><bdi>25.00&nbsp;<span class=\"woocommerce-Price-currencySymbol\">&euro;<\/span><\/bdi><\/span> <small class=\"woocommerce-price-suffix\">iesk. PVN<\/small><\/span>\n<\/a><a href=\"https:\/\/lauska.lv\/veikals\/Preces\/dziesmas-no-aulejas-skanuplate\/\" data-quantity=\"1\" class=\"button product_type_simple\" data-product_id=\"13002\" data-product_sku=\"CPL040LP\/LC23533\" aria-label=\"Read more about &ldquo;Dziesmas no Aulejas - ska\u0146uplate&rdquo;\" aria-describedby=\"\" rel=\"nofollow\">Skat\u012bt<\/a><\/li>\n<li class=\"product type-product post-12997 status-publish last outofstock product_cat-lausa product_cat-tautumeitas product_tag-712 has-post-thumbnail taxable shipping-taxable purchasable product-type-simple\">\n\t<a href=\"https:\/\/lauska.lv\/veikals\/Preces\/dziesmas-no-aulejas-cd\/\" class=\"woocommerce-LoopProduct-link woocommerce-loop-product__link\"><img loading=\"lazy\" decoding=\"async\" width=\"324\" height=\"324\" src=\"https:\/\/lauska.lv\/veikals\/wp-content\/uploads\/sites\/6\/2020\/01\/Auleja_cover_small-324x324.jpg\" class=\"attachment-woocommerce_thumbnail size-woocommerce_thumbnail\" alt=\"\" srcset=\"https:\/\/lauska.lv\/veikals\/wp-content\/uploads\/sites\/6\/2020\/01\/Auleja_cover_small-324x324.jpg 324w, https:\/\/lauska.lv\/veikals\/wp-content\/uploads\/sites\/6\/2020\/01\/Auleja_cover_small-100x100.jpg 100w, https:\/\/lauska.lv\/veikals\/wp-content\/uploads\/sites\/6\/2020\/01\/Auleja_cover_small-150x150.jpg 150w, https:\/\/lauska.lv\/veikals\/wp-content\/uploads\/sites\/6\/2020\/01\/Auleja_cover_small-600x600.jpg 600w\" sizes=\"(max-width: 324px) 100vw, 324px\" \/><h2 class=\"woocommerce-loop-product__title\">Dziesmas no Aulejas &#8211; CD<\/h2>\n\t<span class=\"price\"><span class=\"woocommerce-Price-amount amount\"><bdi>12.00&nbsp;<span class=\"woocommerce-Price-currencySymbol\">&euro;<\/span><\/bdi><\/span> <small class=\"woocommerce-price-suffix\">iesk. PVN<\/small><\/span>\n<\/a><a href=\"https:\/\/lauska.lv\/veikals\/Preces\/dziesmas-no-aulejas-cd\/\" data-quantity=\"1\" class=\"button product_type_simple\" data-product_id=\"12997\" data-product_sku=\"TM CD 001\" aria-label=\"Read more about &ldquo;Dziesmas no Aulejas - CD&rdquo;\" aria-describedby=\"\" rel=\"nofollow\">Skat\u012bt<\/a><\/li>\n<li class=\"product type-product post-6614 status-publish first instock product_cat-auli product_cat-katalogs product_cat-post-folks product_cat-tautumeitas product_cat-zanri product_tag-685 has-post-thumbnail taxable shipping-taxable purchasable product-type-simple\">\n\t<a href=\"https:\/\/lauska.lv\/veikals\/Preces\/sencu-balsis-voices-of-the-ancestors\/\" class=\"woocommerce-LoopProduct-link woocommerce-loop-product__link\"><img loading=\"lazy\" decoding=\"async\" width=\"324\" height=\"324\" src=\"https:\/\/lauska.lv\/veikals\/wp-content\/uploads\/sites\/6\/2019\/09\/AULI-SencuBalsis-CD-Cover-324x324.jpg\" class=\"attachment-woocommerce_thumbnail size-woocommerce_thumbnail\" alt=\"\" srcset=\"https:\/\/lauska.lv\/veikals\/wp-content\/uploads\/sites\/6\/2019\/09\/AULI-SencuBalsis-CD-Cover-324x324.jpg 324w, https:\/\/lauska.lv\/veikals\/wp-content\/uploads\/sites\/6\/2019\/09\/AULI-SencuBalsis-CD-Cover-100x100.jpg 100w, https:\/\/lauska.lv\/veikals\/wp-content\/uploads\/sites\/6\/2019\/09\/AULI-SencuBalsis-CD-Cover-150x150.jpg 150w, https:\/\/lauska.lv\/veikals\/wp-content\/uploads\/sites\/6\/2019\/09\/AULI-SencuBalsis-CD-Cover-600x600.jpg 600w\" sizes=\"(max-width: 324px) 100vw, 324px\" \/><h2 class=\"woocommerce-loop-product__title\">Sen\u010du balsis &#8211; Voices of the Ancestors<\/h2>\n\t<span class=\"price\"><span class=\"woocommerce-Price-amount amount\"><bdi>10.00&nbsp;<span class=\"woocommerce-Price-currencySymbol\">&euro;<\/span><\/bdi><\/span> <small class=\"woocommerce-price-suffix\">iesk. PVN<\/small><\/span>\n<\/a><a href=\"?add-to-cart=6614\" data-quantity=\"1\" class=\"button product_type_simple add_to_cart_button ajax_add_to_cart\" data-product_id=\"6614\" data-product_sku=\"2019 CD090\" aria-label=\"Add to cart: &ldquo;Sen\u010du balsis - Voices of the Ancestors&rdquo;\" aria-describedby=\"\" rel=\"nofollow\">+<\/a><\/li>\n<li class=\"product type-product post-3316 status-publish instock product_cat-auli product_cat-austrumkalns product_cat-daba-san product_cat-dj-monsta product_cat-ilgi product_cat-ilza product_cat-imantadimanta-un-draugi product_cat-jansone-laima product_cat-jauno-janu-orkestris product_cat-katalogs product_cat-lans product_cat-lata-donga product_cat-lausa product_cat-muktupavels-valdis product_cat-post-folks product_cat-rahu-the-fool product_cat-rava product_cat-raxtu-raxti product_cat-saucejas product_cat-tarkski product_cat-tautumeitas product_cat-trejasmens product_cat-zanri product_cat-zari product_tag-47 has-post-thumbnail taxable shipping-taxable purchasable product-type-simple\">\n\t<a href=\"https:\/\/lauska.lv\/veikals\/Preces\/folk-great-tunes-from-latvia\/\" class=\"woocommerce-LoopProduct-link woocommerce-loop-product__link\"><img loading=\"lazy\" decoding=\"async\" width=\"324\" height=\"324\" src=\"https:\/\/lauska.lv\/veikals\/wp-content\/uploads\/sites\/6\/2018\/10\/CD_FolkGreatTunesLatvia-1-324x324.jpg\" class=\"attachment-woocommerce_thumbnail size-woocommerce_thumbnail\" alt=\"\" srcset=\"https:\/\/lauska.lv\/veikals\/wp-content\/uploads\/sites\/6\/2018\/10\/CD_FolkGreatTunesLatvia-1-324x324.jpg 324w, https:\/\/lauska.lv\/veikals\/wp-content\/uploads\/sites\/6\/2018\/10\/CD_FolkGreatTunesLatvia-1-100x100.jpg 100w, https:\/\/lauska.lv\/veikals\/wp-content\/uploads\/sites\/6\/2018\/10\/CD_FolkGreatTunesLatvia-1-150x150.jpg 150w, https:\/\/lauska.lv\/veikals\/wp-content\/uploads\/sites\/6\/2018\/10\/CD_FolkGreatTunesLatvia-1-600x600.jpg 600w\" sizes=\"(max-width: 324px) 100vw, 324px\" \/><h2 class=\"woocommerce-loop-product__title\">Folk &#038; great Tunes from Latvia<\/h2>\n\t<span class=\"price\"><span class=\"woocommerce-Price-amount amount\"><bdi>12.00&nbsp;<span class=\"woocommerce-Price-currencySymbol\">&euro;<\/span><\/bdi><\/span> <small class=\"woocommerce-price-suffix\">iesk. PVN<\/small><\/span>\n<\/a><a href=\"?add-to-cart=3316\" data-quantity=\"1\" class=\"button product_type_simple add_to_cart_button ajax_add_to_cart\" data-product_id=\"3316\" data-product_sku=\"CPL026\" aria-label=\"Add to cart: &ldquo;Folk &amp; great Tunes from Latvia&rdquo;\" aria-describedby=\"\" rel=\"nofollow\">+<\/a><\/li>\n<li class=\"product type-product post-971 status-publish outofstock product_cat-auli product_cat-katalogs product_cat-post-folks product_cat-tautumeitas product_cat-zanri product_tag-46 has-post-thumbnail taxable shipping-taxable purchasable product-type-simple\">\n\t<a href=\"https:\/\/lauska.lv\/veikals\/Preces\/lai-masina-rotajas\/\" class=\"woocommerce-LoopProduct-link woocommerce-loop-product__link\"><img loading=\"lazy\" decoding=\"async\" width=\"324\" height=\"324\" src=\"https:\/\/lauska.lv\/veikals\/wp-content\/uploads\/sites\/6\/2018\/08\/AuliUnTautumeitas_CD-324x324.jpg\" class=\"attachment-woocommerce_thumbnail size-woocommerce_thumbnail\" alt=\"\" srcset=\"https:\/\/lauska.lv\/veikals\/wp-content\/uploads\/sites\/6\/2018\/08\/AuliUnTautumeitas_CD-324x324.jpg 324w, https:\/\/lauska.lv\/veikals\/wp-content\/uploads\/sites\/6\/2018\/08\/AuliUnTautumeitas_CD-100x100.jpg 100w, https:\/\/lauska.lv\/veikals\/wp-content\/uploads\/sites\/6\/2018\/08\/AuliUnTautumeitas_CD-150x150.jpg 150w\" sizes=\"(max-width: 324px) 100vw, 324px\" \/><h2 class=\"woocommerce-loop-product__title\">Lai m\u0101si\u0146a rot\u0101j\u0101s<\/h2>\n\t<span class=\"price\"><span class=\"woocommerce-Price-amount amount\"><bdi>12.00&nbsp;<span class=\"woocommerce-Price-currencySymbol\">&euro;<\/span><\/bdi><\/span> <small class=\"woocommerce-price-suffix\">iesk. PVN<\/small><\/span>\n<\/a><a href=\"https:\/\/lauska.lv\/veikals\/Preces\/lai-masina-rotajas\/\" data-quantity=\"1\" class=\"button product_type_simple\" data-product_id=\"971\" data-product_sku=\"2017 CD072\" aria-label=\"Read more about &ldquo;Lai m\u0101si\u0146a rot\u0101j\u0101s&rdquo;\" aria-describedby=\"\" rel=\"nofollow\">Skat\u012bt<\/a><\/li>\n<li class=\"product type-product post-975 status-publish last instock product_cat-artemisia-absinthium product_cat-bezgalibiesi product_cat-brali-un-masas product_cat-ceidari product_cat-dj-monsta product_cat-elza-rozentale-un-bur-mani product_cat-gaudeamus-viru-koris product_cat-jansone-laima product_cat-jansons-oskars product_cat-jauno-janu-orkestris product_cat-katalogs product_cat-kazaks-karlis product_cat-lipors-edgars product_cat-misters product_cat-muktupavela-ruta product_cat-muktupavels-valdis product_cat-post-folks product_cat-rava product_cat-skandi product_cat-sviests product_cat-tautumeitas product_cat-teikas-muzikanti product_cat-trejasmens product_cat-varna product_cat-zanri product_tag-46 has-post-thumbnail taxable shipping-taxable purchasable product-type-simple\">\n\t<a href=\"https:\/\/lauska.lv\/veikals\/Preces\/sviests-7\/\" class=\"woocommerce-LoopProduct-link woocommerce-loop-product__link\"><img loading=\"lazy\" decoding=\"async\" width=\"324\" height=\"324\" src=\"https:\/\/lauska.lv\/veikals\/wp-content\/uploads\/sites\/6\/2018\/08\/sviests7-front-small-324x324.jpg\" class=\"attachment-woocommerce_thumbnail size-woocommerce_thumbnail\" alt=\"\" srcset=\"https:\/\/lauska.lv\/veikals\/wp-content\/uploads\/sites\/6\/2018\/08\/sviests7-front-small-324x324.jpg 324w, https:\/\/lauska.lv\/veikals\/wp-content\/uploads\/sites\/6\/2018\/08\/sviests7-front-small-100x100.jpg 100w, https:\/\/lauska.lv\/veikals\/wp-content\/uploads\/sites\/6\/2018\/08\/sviests7-front-small-150x150.jpg 150w\" sizes=\"(max-width: 324px) 100vw, 324px\" \/><h2 class=\"woocommerce-loop-product__title\">SVIESTS 7<\/h2>\n\t<span class=\"price\"><span class=\"woocommerce-Price-amount amount\"><bdi>10.00&nbsp;<span class=\"woocommerce-Price-currencySymbol\">&euro;<\/span><\/bdi><\/span> <small class=\"woocommerce-price-suffix\">iesk. PVN<\/small><\/span>\n<\/a><a href=\"?add-to-cart=975\" data-quantity=\"1\" class=\"button product_type_simple add_to_cart_button ajax_add_to_cart\" data-product_id=\"975\" data-product_sku=\"2017 CD071\" aria-label=\"Add to cart: &ldquo;SVIESTS 7&rdquo;\" aria-describedby=\"\" rel=\"nofollow\">+<\/a><\/li>\n<\/ul>\n<\/div>\n\r\n\r\n\r\n<h2 class=\"wp-block-heading\" style=\"text-align:center\">Video<\/h2>\r\n\r\n\r\n\r\n<hr class=\"wp-block-separator\"\/>\r\n\r\n\r\n\r\n<figure class=\"wp-block-embed-youtube wp-block-embed is-type-video is-provider-youtube\">\r\n<span class=\"embed-youtube\" style=\"text-align:center; display: block;\"><iframe class=\"youtube-player\" width=\"980\" height=\"552\" src=\"https:\/\/www.youtube.com\/embed\/LsgO5OTUsRU?version=3&#038;rel=1&#038;showsearch=0&#038;showinfo=1&#038;iv_load_policy=1&#038;fs=1&#038;hl=lv-LV&#038;autohide=2&#038;wmode=transparent\" allowfullscreen=\"true\" style=\"border:0;\" sandbox=\"allow-scripts allow-same-origin allow-popups allow-presentation allow-popups-to-escape-sandbox\"><\/iframe><\/span>\r\n<\/figure>\r\n","protected":false},"excerpt":{"rendered":"<p>Published by lauska Video<\/p>\n","protected":false},"author":2,"featured_media":0,"parent":222,"menu_order":0,"comment_status":"closed","ping_status":"closed","template":"page-group.php","meta":{"jetpack_post_was_ever_published":false,"footnotes":""},"categories":[589,628],"tags":[],"jetpack_sharing_enabled":true,"_links":{"self":[{"href":"https:\/\/lauska.lv\/veikals\/wp-json\/wp\/v2\/pages\/2393"}],"collection":[{"href":"https:\/\/lauska.lv\/veikals\/wp-json\/wp\/v2\/pages"}],"about":[{"href":"https:\/\/lauska.lv\/veikals\/wp-json\/wp\/v2\/types\/page"}],"author":[{"embeddable":true,"href":"https:\/\/lauska.lv\/veikals\/wp-json\/wp\/v2\/users\/2"}],"replies":[{"embeddable":true,"href":"https:\/\/lauska.lv\/veikals\/wp-json\/wp\/v2\/comments?post=2393"}],"version-history":[{"count":1,"href":"https:\/\/lauska.lv\/veikals\/wp-json\/wp\/v2\/pages\/2393\/revisions"}],"predecessor-version":[{"id":2642,"href":"https:\/\/lauska.lv\/veikals\/wp-json\/wp\/v2\/pages\/2393\/revisions\/2642"}],"up":[{"embeddable":true,"href":"https:\/\/lauska.lv\/veikals\/wp-json\/wp\/v2\/pages\/222"}],"wp:attachment":[{"href":"https:\/\/lauska.lv\/veikals\/wp-json\/wp\/v2\/media?parent=2393"}],"wp:term":[{"taxonomy":"category","embeddable":true,"href":"https:\/\/lauska.lv\/veikals\/wp-json\/wp\/v2\/categories?post=2393"},{"taxonomy":"post_tag","embeddable":true,"href":"https:\/\/lauska.lv\/veikals\/wp-json\/wp\/v2\/tags?post=2393"}],"curies":[{"name":"wp","href":"https:\/\/api.w.org\/{rel}","templated":true}]}}