{"id":2378,"date":"2018-08-27T13:42:15","date_gmt":"2018-08-27T10:42:15","guid":{"rendered":"http:\/\/lauska.lv\/veikals\/artistss\/vilki\/"},"modified":"2018-09-26T20:06:06","modified_gmt":"2018-09-26T17:06:06","slug":"vilki","status":"publish","type":"page","link":"https:\/\/lauska.lv\/veikals\/artists\/vilki\/?lang=en","title":{"rendered":"Vilki"},"content":{"rendered":"\r\n<div class=\"wp-block-organic-profile-block\"><div class=\"organic-profile-content-title\"><nameartist><\/nameartist><hr\/><\/div><div class=\"organic-profile-content-flex\" style=\"text-align:left\"><div class=\"organic-profile-image\" style=\"background-image:url(http:\/\/lauska.lv\/veikalsbeta\/wp-content\/uploads\/sites\/6\/2018\/08\/Group_Vilki_01.jpg)\"><img decoding=\"async\" src=\"http:\/\/lauska.lv\/veikalsbeta\/wp-content\/uploads\/sites\/6\/2018\/08\/Group_Vilki_01.jpg\"\/><\/div><div class=\"organic-profile-content\" style=\"text-align:left\"><p><strong>Edgars Lipors<\/strong><br\/><strong>Gundars Kalni\u0146\u0161<\/strong><br\/><strong>U\u0123is Treide<\/strong><br\/><strong>Andris Balcers<\/strong><br\/><strong>J\u0101nis Kr\u016bmi\u0146\u0161<\/strong><br\/><strong>Raimonds Kundzi\u0146\u0161<\/strong><br\/><strong>\u0112riks \u0112riksons<\/strong><br\/><br\/>In 1980, the teacher M\u0101ris O\u0161s began a folklore ensemble in Engure, Latvia, named after Jukums V\u0101cietis, a commander of Latvian Red Riflemen forces during World War I.<br\/>Such an action, however, did not sit well with the ideology of the occupying Soviet regime of that time, and therefore the KGB (Cheka) of the Latvian SSR fabricated a criminal case against O\u0161s in 1982 and arrested him. The \u201cEngure Folklore Ensemble Named in Honour of Jukums V\u0101cietis\u201d was subsequently reorganized and a part of its members continued their activities and accepted new members to the group under the leadership of B\u0113rtulis Pizi\u010ds, who was then director of the Daile Theatre in Riga.<br\/>But the KGB pressured the folklore group once again. And again a part of the members reorganized, accepted new members, and formed the group \u201cLiepavots\u201d in 1987. The goal of this group was to continue popularizing the cultural heritage of Latvian soldiers.<br\/>\u201cVilki\u201d<br\/>As the group turned its attention to learning the songs and way of life of ancient soldiers, it decided to change its name and has been known as the \u201cVilki\u201d men\u2019s ensemble since November 5, 1992.<br\/>The core of the \u201cVilki\u201d repertoire consists of soldiers\u2019 songs from the most ancient times to the present day. We search for songs in published Latvian folk music materials but also from our own recorded interviews with people. Thus, many of our songs of the Riflemen in World War I, soldiers in the Latvian War of Independence, the Latvian Legion in World War II, and the national partisans have been learned directly from the former soldiers themselves.<br\/>Currently \u201cVilki\u201d consists of six men, all of whom have an interest in the soldier\u2019s way of life as well as Latvian traditions and folklore. Each of us also practices one of many ancient arts, such woodworking, leather working, the making of musical instruments, and silver smithing. Most of our costumes \u2013 shirts, cloaks, footwear, jewelry and ornaments \u2013 are also handmade by ourselves based on fragments of clothing and other ethnographic material from the 9th to 13th centuries found in archaeological excavations throughout Latvia.<br\/>But a soldier does not stand apart from the rhythms of everyday life, and therefore \u201cVilki\u2019s\u201d repertoire includes songs reflecting all stages in a man\u2019s life \u2013 from the cradle to the grave \u2013 family celebrations, seasonal festivals, and so on. We often sing these songs at weddings, name-giving ceremonies, and funerals in which we are asked to participate as well as at seasonal festivals, celebrations, and special events where we teach traditions to others.<br\/>We consider the most important aspect of our activities to be the popularization and transmitting of this rich cultural heritage to the next generations, especially the very colourful heritage of soldiers\u2019 songs, which are unfortunately often silenced. To this end, we often perform in schools and for army troops.<br\/>In schools we teach children about our history, the ancient soldier\u2019s clothing and armament, musical instruments, Latvian freedom fighters of the 20th century, patriotism, and selflessness in the fight for our country\u2019s freedom. These are not dry lectures, but instead a lively illustration of the soldier\u2019s life through song, ritual, and true stories from the battlefield.<br\/>We also demonstrate and teach about the richness and diversity of Latvian folklore, music, songs, dances, games, and rituals at festivals and concerts abroad. <br\/><\/p><div class=\"organic-profile-social\"><a class=\"social-link\" href=\"http:\/\/www.vilki.lv\/\" target=\"_blank\"><i class=\"fas fa-play\"><\/i><\/a><a class=\"social-link\" href=\"Edgars Lipors Gundars Kalni\u0146\u0161 U\u0123is Treide Andris Balcers J\u0101nis Kr\u016bmi\u0146\u0161 Raimonds Kundzi\u0146\u0161 \u0112riks \u0112riksons\" target=\"_blank\"><i class=\"fab fa-facebook-f\"><\/i><\/a><a class=\"social-link\" href=\"https:\/\/twitter.com\/VilkiFolk\" target=\"_blank\"><i class=\"fab fa-twitter\"><\/i><\/a><a class=\"social-link\" href=\"https:\/\/www.draugiem.lv\/music\/10019445\/\" target=\"_blank\"><i class=\"fas fa-link\"><\/i><\/a><\/div><\/div><\/div><\/div>\r\n\r\n\r\n\r\n<h2 class=\"wp-block-heading\" style=\"text-align:center\">Published by lauska<\/h2>\r\n\r\n\r\n\r\n<hr class=\"wp-block-separator\"\/>\r\n\r\n\r\n<div class=\"woocommerce columns-4 \"><ul class=\"products columns-4\">\n<li class=\"product type-product post-18035 status-publish first outofstock product_cat-katalogs product_cat-vilki product_tag-722 has-post-thumbnail taxable shipping-taxable purchasable product-type-simple\">\n\t<a href=\"https:\/\/lauska.lv\/veikals\/Preces\/bunkurs-13\/\" class=\"woocommerce-LoopProduct-link woocommerce-loop-product__link\"><img fetchpriority=\"high\" decoding=\"async\" width=\"324\" height=\"324\" src=\"https:\/\/lauska.lv\/veikals\/wp-content\/uploads\/sites\/6\/2022\/01\/Vilki_Bunkurs13_CD-324x324.jpg\" class=\"attachment-woocommerce_thumbnail size-woocommerce_thumbnail\" alt=\"\" srcset=\"https:\/\/lauska.lv\/veikals\/wp-content\/uploads\/sites\/6\/2022\/01\/Vilki_Bunkurs13_CD-324x324.jpg 324w, https:\/\/lauska.lv\/veikals\/wp-content\/uploads\/sites\/6\/2022\/01\/Vilki_Bunkurs13_CD-100x100.jpg 100w, https:\/\/lauska.lv\/veikals\/wp-content\/uploads\/sites\/6\/2022\/01\/Vilki_Bunkurs13_CD-416x416.jpg 416w, https:\/\/lauska.lv\/veikals\/wp-content\/uploads\/sites\/6\/2022\/01\/Vilki_Bunkurs13_CD-300x300.jpg 300w, https:\/\/lauska.lv\/veikals\/wp-content\/uploads\/sites\/6\/2022\/01\/Vilki_Bunkurs13_CD-150x150.jpg 150w, https:\/\/lauska.lv\/veikals\/wp-content\/uploads\/sites\/6\/2022\/01\/Vilki_Bunkurs13_CD-768x768.jpg 768w, https:\/\/lauska.lv\/veikals\/wp-content\/uploads\/sites\/6\/2022\/01\/Vilki_Bunkurs13_CD-600x600.jpg 600w, https:\/\/lauska.lv\/veikals\/wp-content\/uploads\/sites\/6\/2022\/01\/Vilki_Bunkurs13_CD.jpg 800w\" sizes=\"(max-width: 324px) 100vw, 324px\" \/><h2 class=\"woocommerce-loop-product__title\">Bunkurs 13<\/h2>\n\t<span class=\"price\"><span class=\"woocommerce-Price-amount amount\"><bdi>10.00&nbsp;<span class=\"woocommerce-Price-currencySymbol\">&euro;<\/span><\/bdi><\/span> <small class=\"woocommerce-price-suffix\">iesk. PVN<\/small><\/span>\n<\/a><a href=\"https:\/\/lauska.lv\/veikals\/Preces\/bunkurs-13\/\" data-quantity=\"1\" class=\"button product_type_simple\" data-product_id=\"18035\" data-product_sku=\"000 2022\" aria-label=\"Read more about &ldquo;Bunkurs 13&rdquo;\" aria-describedby=\"\" rel=\"nofollow\">Skat\u012bt<\/a><\/li>\n<li class=\"product type-product post-1142 status-publish instock product_cat-katalogs product_cat-roks-pops product_cat-vilki product_cat-zanri product_tag-43 has-post-thumbnail taxable shipping-taxable purchasable product-type-simple\">\n\t<a href=\"https:\/\/lauska.lv\/veikals\/Preces\/cinai-sveiks\/\" class=\"woocommerce-LoopProduct-link woocommerce-loop-product__link\"><img decoding=\"async\" width=\"324\" height=\"324\" src=\"https:\/\/lauska.lv\/veikals\/wp-content\/uploads\/sites\/6\/2018\/08\/Cover_C\u012bnai_sveiks_01-324x324.jpg\" class=\"attachment-woocommerce_thumbnail size-woocommerce_thumbnail\" alt=\"\" srcset=\"https:\/\/lauska.lv\/veikals\/wp-content\/uploads\/sites\/6\/2018\/08\/Cover_C\u012bnai_sveiks_01-324x324.jpg 324w, https:\/\/lauska.lv\/veikals\/wp-content\/uploads\/sites\/6\/2018\/08\/Cover_C\u012bnai_sveiks_01-100x100.jpg 100w, https:\/\/lauska.lv\/veikals\/wp-content\/uploads\/sites\/6\/2018\/08\/Cover_C\u012bnai_sveiks_01-150x150.jpg 150w\" sizes=\"(max-width: 324px) 100vw, 324px\" \/><h2 class=\"woocommerce-loop-product__title\">C\u012b\u0146ai sveiks!<\/h2>\n\t<span class=\"price\"><span class=\"woocommerce-Price-amount amount\"><bdi>10.00&nbsp;<span class=\"woocommerce-Price-currencySymbol\">&euro;<\/span><\/bdi><\/span> <small class=\"woocommerce-price-suffix\">iesk. PVN<\/small><\/span>\n<\/a><a href=\"?add-to-cart=1142\" data-quantity=\"1\" class=\"button product_type_simple add_to_cart_button ajax_add_to_cart\" data-product_id=\"1142\" data-product_sku=\"2015 CD_aaraa_01\" aria-label=\"Add to cart: &ldquo;C\u012b\u0146ai sveiks!&rdquo;\" aria-describedby=\"\" rel=\"nofollow\">+<\/a><\/li>\n<\/ul>\n<\/div>\n\r\n\r\n\r\n<h2 class=\"wp-block-heading\" style=\"text-align:center\">Video<\/h2>\r\n\r\n\r\n\r\n<hr class=\"wp-block-separator\"\/>\r\n\r\n\r\n\r\n<figure class=\"wp-block-embed-youtube wp-block-embed is-type-video is-provider-youtube\">\r\n<span class=\"embed-youtube\" style=\"text-align:center; display: block;\"><iframe class=\"youtube-player\" width=\"980\" height=\"552\" src=\"https:\/\/www.youtube.com\/embed\/rcIGPr6aJHM?version=3&#038;rel=1&#038;showsearch=0&#038;showinfo=1&#038;iv_load_policy=1&#038;fs=1&#038;hl=lv-LV&#038;autohide=2&#038;wmode=transparent&#038;listType=playlist&#038;list=PLlzUjSgLpT4yd-n81hxyuV21kYXXTpFD1\" allowfullscreen=\"true\" style=\"border:0;\" sandbox=\"allow-scripts allow-same-origin allow-popups allow-presentation allow-popups-to-escape-sandbox\"><\/iframe><\/span>\r\n<\/figure>\r\n","protected":false},"excerpt":{"rendered":"<p>Published by lauska Video<\/p>\n","protected":false},"author":5,"featured_media":0,"parent":222,"menu_order":0,"comment_status":"closed","ping_status":"closed","template":"page-group.php","meta":{"jetpack_post_was_ever_published":false,"footnotes":""},"categories":[589,632],"tags":[],"jetpack_sharing_enabled":true,"_links":{"self":[{"href":"https:\/\/lauska.lv\/veikals\/wp-json\/wp\/v2\/pages\/2378"}],"collection":[{"href":"https:\/\/lauska.lv\/veikals\/wp-json\/wp\/v2\/pages"}],"about":[{"href":"https:\/\/lauska.lv\/veikals\/wp-json\/wp\/v2\/types\/page"}],"author":[{"embeddable":true,"href":"https:\/\/lauska.lv\/veikals\/wp-json\/wp\/v2\/users\/5"}],"replies":[{"embeddable":true,"href":"https:\/\/lauska.lv\/veikals\/wp-json\/wp\/v2\/comments?post=2378"}],"version-history":[{"count":1,"href":"https:\/\/lauska.lv\/veikals\/wp-json\/wp\/v2\/pages\/2378\/revisions"}],"predecessor-version":[{"id":2669,"href":"https:\/\/lauska.lv\/veikals\/wp-json\/wp\/v2\/pages\/2378\/revisions\/2669"}],"up":[{"embeddable":true,"href":"https:\/\/lauska.lv\/veikals\/wp-json\/wp\/v2\/pages\/222"}],"wp:attachment":[{"href":"https:\/\/lauska.lv\/veikals\/wp-json\/wp\/v2\/media?parent=2378"}],"wp:term":[{"taxonomy":"category","embeddable":true,"href":"https:\/\/lauska.lv\/veikals\/wp-json\/wp\/v2\/categories?post=2378"},{"taxonomy":"post_tag","embeddable":true,"href":"https:\/\/lauska.lv\/veikals\/wp-json\/wp\/v2\/tags?post=2378"}],"curies":[{"name":"wp","href":"https:\/\/api.w.org\/{rel}","templated":true}]}}