{"id":2372,"date":"2018-08-28T12:08:54","date_gmt":"2018-08-28T09:08:54","guid":{"rendered":"http:\/\/lauska.lv\/veikals\/artists\/symbolic\/"},"modified":"2018-09-26T20:03:31","modified_gmt":"2018-09-26T17:03:31","slug":"symbolic","status":"publish","type":"page","link":"https:\/\/lauska.lv\/veikals\/artists\/symbolic\/?lang=en","title":{"rendered":"Symbolic"},"content":{"rendered":"\r\n<div class=\"wp-block-organic-profile-block\"><div class=\"organic-profile-content-title\"><nameartist>Symbolic<\/nameartist><hr\/><\/div><div class=\"organic-profile-content-flex\" style=\"text-align:left\"><div class=\"organic-profile-image\" style=\"background-image:url(http:\/\/lauska.lv\/veikalsbeta\/wp-content\/uploads\/sites\/6\/2018\/08\/Group_Symbolic.jpg)\"><img decoding=\"async\" src=\"http:\/\/lauska.lv\/veikalsbeta\/wp-content\/uploads\/sites\/6\/2018\/08\/Group_Symbolic.jpg\"\/><\/div><div class=\"organic-profile-content\" style=\"text-align:left\"><p><strong>Raitis Baland\u012bns<\/strong>\u00a0vocals<br\/><strong>Uldis K\u0101kulis<\/strong>\u00a0vocals<br\/><strong>J\u0101nis Rage-Ra\u0123is<\/strong>\u00a0guitar<br\/><strong>Lauris Ai\u0161purs<\/strong>\u00a0guitar<br\/><strong>\u0122irts Bl\u016bms<\/strong>\u00a0base<br\/><strong>\u0112riks Lizbovskis<\/strong>\u00a0drums<br\/><strong>Dina Liepa<\/strong>\u00a0kokle, vocals <br\/><br\/>\u201cSymbolic\u201d formed in a three year period, from 2000 up untill 2003, when they participated at music and art festival \u201cBildes\u201d. Symbolic performed a folk-metal song \u201cDaugavi\u0146a\u201d together with Niks Matvejevs and that was the turning point when the band decided to continue playing this style.<br\/>Latvians have longstanding history of singing about nature, mythological characters and the same is present in the music of Symbolic. Folk is still important for the latvian culture and identity and that is the message the band wants to spread to their audience.<br\/>Symbolic wants to reach people who feel that their roots, their land and ancestors and history is really important and all others who are interested in latvian culture and tradition. <br\/><\/p><div class=\"organic-profile-social\"><a class=\"social-link\" href=\"http:\/\/www.symbolic.lv\/\" target=\"_blank\"><i class=\"fas fa-play\"><\/i><\/a><a class=\"social-link\" href=\"https:\/\/www.facebook.com\/Symbolic.lv\/?fref=ts\" target=\"_blank\"><i class=\"fab fa-facebook-f\"><\/i><\/a><a class=\"social-link\" href=\"https:\/\/www.draugiem.lv\/symbolic\/\" target=\"_blank\"><i class=\"fas fa-link\"><\/i><\/a><a class=\"social-link\" href=\"https:\/\/symbolic.bandcamp.com\/\" target=\"_blank\"><i class=\"fab fa-bandcamp\"><\/i><\/a><\/div><\/div><\/div><\/div>\r\n\r\n\r\n\r\n<h2 class=\"wp-block-heading\" style=\"text-align:center\">Published by lauska<\/h2>\r\n\r\n\r\n\r\n<hr class=\"wp-block-separator\"\/>\r\n\r\n\r\n<div class=\"woocommerce columns-4 \"><ul class=\"products columns-4\">\n<li class=\"product type-product post-942 status-publish first instock product_cat-symbolic product_tag-46 has-post-thumbnail taxable shipping-taxable purchasable product-type-simple\">\n\t<a href=\"https:\/\/lauska.lv\/veikals\/Preces\/muzam-saule-debesis\/\" class=\"woocommerce-LoopProduct-link woocommerce-loop-product__link\"><img fetchpriority=\"high\" decoding=\"async\" width=\"324\" height=\"324\" src=\"https:\/\/lauska.lv\/veikals\/wp-content\/uploads\/sites\/6\/2018\/08\/Symbolic_cover-324x324.jpg\" class=\"attachment-woocommerce_thumbnail size-woocommerce_thumbnail\" alt=\"\" srcset=\"https:\/\/lauska.lv\/veikals\/wp-content\/uploads\/sites\/6\/2018\/08\/Symbolic_cover-324x324.jpg 324w, https:\/\/lauska.lv\/veikals\/wp-content\/uploads\/sites\/6\/2018\/08\/Symbolic_cover-100x100.jpg 100w, https:\/\/lauska.lv\/veikals\/wp-content\/uploads\/sites\/6\/2018\/08\/Symbolic_cover-150x150.jpg 150w\" sizes=\"(max-width: 324px) 100vw, 324px\" \/><h2 class=\"woocommerce-loop-product__title\">M\u016b\u017eam saule debes\u012bs<\/h2>\n\t<span class=\"price\"><span class=\"woocommerce-Price-amount amount\"><bdi>10.00&nbsp;<span class=\"woocommerce-Price-currencySymbol\">&euro;<\/span><\/bdi><\/span> <small class=\"woocommerce-price-suffix\">iesk. PVN<\/small><\/span>\n<\/a><a href=\"?add-to-cart=942\" data-quantity=\"1\" class=\"button product_type_simple add_to_cart_button ajax_add_to_cart\" data-product_id=\"942\" data-product_sku=\"2017 CD074\" aria-label=\"Add to cart: &ldquo;M\u016b\u017eam saule debes\u012bs&rdquo;\" aria-describedby=\"\" rel=\"nofollow\">+<\/a><\/li>\n<li class=\"product type-product post-1158 status-publish instock product_cat-amorala-psihoze product_cat-auli product_cat-austrumkalns product_cat-balle-pie-ratna-zirdzina product_cat-black-diamonds product_cat-cesu-medibu-kolektiva-cepurisu-orkestris product_cat-dardi product_cat-dj-monsta product_cat-gaudeamus-viru-koris product_cat-jauno-janu-orkestris product_cat-katalogs product_cat-masas-dimantas product_cat-milleru-balandinu-gimene product_cat-post-folks product_cat-prievisu-andris product_cat-rasata product_cat-raxtu-raxti product_cat-riksi product_cat-sviests product_cat-symbolic product_cat-trio-smite-karkle-cinkuss product_cat-zala-zale product_cat-zanri product_cat-zari product_cat-zarins-jekabs product_tag-43 has-post-thumbnail taxable shipping-taxable purchasable product-type-simple\">\n\t<a href=\"https:\/\/lauska.lv\/veikals\/Preces\/sviests-6\/\" class=\"woocommerce-LoopProduct-link woocommerce-loop-product__link\"><img decoding=\"async\" width=\"324\" height=\"324\" src=\"https:\/\/lauska.lv\/veikals\/wp-content\/uploads\/sites\/6\/2018\/08\/Cover_Sviests_6_01-324x324.jpg\" class=\"attachment-woocommerce_thumbnail size-woocommerce_thumbnail\" alt=\"\" srcset=\"https:\/\/lauska.lv\/veikals\/wp-content\/uploads\/sites\/6\/2018\/08\/Cover_Sviests_6_01-324x324.jpg 324w, https:\/\/lauska.lv\/veikals\/wp-content\/uploads\/sites\/6\/2018\/08\/Cover_Sviests_6_01-100x100.jpg 100w, https:\/\/lauska.lv\/veikals\/wp-content\/uploads\/sites\/6\/2018\/08\/Cover_Sviests_6_01-150x150.jpg 150w\" sizes=\"(max-width: 324px) 100vw, 324px\" \/><h2 class=\"woocommerce-loop-product__title\">SVIESTS 6<\/h2>\n\t<span class=\"price\"><span class=\"woocommerce-Price-amount amount\"><bdi>10.00&nbsp;<span class=\"woocommerce-Price-currencySymbol\">&euro;<\/span><\/bdi><\/span> <small class=\"woocommerce-price-suffix\">iesk. PVN<\/small><\/span>\n<\/a><a href=\"?add-to-cart=1158\" data-quantity=\"1\" class=\"button product_type_simple add_to_cart_button ajax_add_to_cart\" data-product_id=\"1158\" data-product_sku=\"2015 CD057\" aria-label=\"Add to cart: &ldquo;SVIESTS 6&rdquo;\" aria-describedby=\"\" rel=\"nofollow\">+<\/a><\/li>\n<\/ul>\n<\/div>\n\r\n\r\n\r\n<h2 class=\"wp-block-heading\" style=\"text-align:center\">Video<\/h2>\r\n\r\n\r\n\r\n<hr class=\"wp-block-separator\"\/>\r\n\r\n\r\n\r\n<figure class=\"wp-block-embed-youtube wp-block-embed is-type-video is-provider-youtube\">\r\n<span class=\"embed-youtube\" style=\"text-align:center; display: block;\"><iframe class=\"youtube-player\" width=\"980\" height=\"552\" src=\"https:\/\/www.youtube.com\/embed\/9OKmyo9toyM?version=3&#038;rel=1&#038;showsearch=0&#038;showinfo=1&#038;iv_load_policy=1&#038;fs=1&#038;hl=lv-LV&#038;autohide=2&#038;wmode=transparent&#038;listType=playlist&#038;list=PLlzUjSgLpT4zsIQKRg2JawNbs_O1GZqak\" allowfullscreen=\"true\" style=\"border:0;\" sandbox=\"allow-scripts allow-same-origin allow-popups allow-presentation allow-popups-to-escape-sandbox\"><\/iframe><\/span>\r\n<\/figure>\r\n","protected":false},"excerpt":{"rendered":"<p>Published by lauska Video<\/p>\n","protected":false},"author":2,"featured_media":0,"parent":222,"menu_order":0,"comment_status":"closed","ping_status":"closed","template":"page-group.php","meta":{"jetpack_post_was_ever_published":false,"footnotes":""},"categories":[589,626],"tags":[],"jetpack_sharing_enabled":true,"_links":{"self":[{"href":"https:\/\/lauska.lv\/veikals\/wp-json\/wp\/v2\/pages\/2372"}],"collection":[{"href":"https:\/\/lauska.lv\/veikals\/wp-json\/wp\/v2\/pages"}],"about":[{"href":"https:\/\/lauska.lv\/veikals\/wp-json\/wp\/v2\/types\/page"}],"author":[{"embeddable":true,"href":"https:\/\/lauska.lv\/veikals\/wp-json\/wp\/v2\/users\/2"}],"replies":[{"embeddable":true,"href":"https:\/\/lauska.lv\/veikals\/wp-json\/wp\/v2\/comments?post=2372"}],"version-history":[{"count":2,"href":"https:\/\/lauska.lv\/veikals\/wp-json\/wp\/v2\/pages\/2372\/revisions"}],"predecessor-version":[{"id":2636,"href":"https:\/\/lauska.lv\/veikals\/wp-json\/wp\/v2\/pages\/2372\/revisions\/2636"}],"up":[{"embeddable":true,"href":"https:\/\/lauska.lv\/veikals\/wp-json\/wp\/v2\/pages\/222"}],"wp:attachment":[{"href":"https:\/\/lauska.lv\/veikals\/wp-json\/wp\/v2\/media?parent=2372"}],"wp:term":[{"taxonomy":"category","embeddable":true,"href":"https:\/\/lauska.lv\/veikals\/wp-json\/wp\/v2\/categories?post=2372"},{"taxonomy":"post_tag","embeddable":true,"href":"https:\/\/lauska.lv\/veikals\/wp-json\/wp\/v2\/tags?post=2372"}],"curies":[{"name":"wp","href":"https:\/\/api.w.org\/{rel}","templated":true}]}}