{"id":2367,"date":"2018-08-28T13:47:07","date_gmt":"2018-08-28T10:47:07","guid":{"rendered":"http:\/\/lauska.lv\/veikals\/artists\/vilcenes\/"},"modified":"2018-09-26T20:06:04","modified_gmt":"2018-09-26T17:06:04","slug":"vilcenes","status":"publish","type":"page","link":"https:\/\/lauska.lv\/veikals\/artists\/vilcenes\/?lang=en","title":{"rendered":"Vilcenes"},"content":{"rendered":"\r\n<div class=\"wp-block-organic-profile-block\"><div class=\"organic-profile-content-title\"><nameartist>Vilcenes<\/nameartist><hr\/><\/div><div class=\"organic-profile-content-flex\" style=\"text-align:left\"><div class=\"organic-profile-image\" style=\"background-image:url(http:\/\/lauska.lv\/veikalsbeta\/wp-content\/uploads\/sites\/6\/2018\/08\/Group_Vilcenes-2.jpg)\"><img decoding=\"async\" src=\"http:\/\/lauska.lv\/veikalsbeta\/wp-content\/uploads\/sites\/6\/2018\/08\/Group_Vilcenes-2.jpg\"\/><\/div><div class=\"organic-profile-content\" style=\"text-align:left\"><p><strong>Inta Balcere<\/strong><br\/><strong>Ulvija Br\u012bvlauka<\/strong><br\/><strong>Gundega Drava<\/strong><br\/><strong>Ieva Kalni\u0146a<\/strong><br\/><strong>Ieva Ku\u0161\u0137e<\/strong><br\/><strong>Inese Kr\u016bmi\u0146a<\/strong><br\/><strong>Lilija Lipora<\/strong><br\/><strong>Ilze Kundzi\u0146a<\/strong><br\/><strong>Baiba Treide<\/strong><br\/><strong>Sarm\u012bte Sedli\u0146a<br\/><\/strong><br\/>The Latvian women\u2019s folklore ensemble \u201cVilcenes\u201d was established in 1996 by the wifes and brides of the members of the men\u2019s ensemble \u201cVilki\u201d. For this reason the main repertoire of \u201cVilcenes\u201d consists of the songs of warroir\u2019s wifes and brides, which are some of the oldest songs in Latvian folklore.A great flourishing of ethnic culture took place during the 10<sup>th<\/sup>-13<sup>th<\/sup>\u00a0centuries. During this time certain singing traditions took root, and many of these traditions have remained relatively unchanged to this day. This period in history has inspired the group\u2019s creative research, focusing on the reconstruction of archaeological materials and making their own costumes using historical methods. Among the members are masters of ancient Latvian textile techniques: weaving, card weaving, ornament sewing, lace making, basketry, needle wickerwork.The women\u2019s ensemble \u201cVilcenes\u201d has sung at many culture centres and schools across Latvia. \u201cVilcenes\u201d have also performed at the International Folklore Festival \u201cBaltica\u201d and Latvian song festivals, as well as abroad in Lithuania, France, Germany and Georgia. <\/p><div class=\"organic-profile-social\"><a class=\"social-link\" href=\"https:\/\/www.facebook.com\/vilcenes\/\" target=\"_blank\"><i class=\"fab fa-facebook-f\"><\/i><\/a><a class=\"social-link\" href=\"https:\/\/www.draugiem.lv\/music\/10022750\/biography\/\" target=\"_blank\"><i class=\"fas fa-link\"><\/i><\/a><\/div><\/div><\/div><\/div>\r\n\r\n\r\n\r\n<h2 class=\"wp-block-heading\" style=\"text-align:center\">Published by lauska<\/h2>\r\n\r\n\r\n\r\n<hr class=\"wp-block-separator\"\/>\r\n\r\n\r\n<div class=\"woocommerce columns-4 \"><ul class=\"products columns-4\">\n<li class=\"product type-product post-1503 status-publish first outofstock product_cat-folklora product_cat-katalogs product_cat-vilcenes product_cat-zanri product_tag-35 has-post-thumbnail taxable shipping-taxable purchasable product-type-simple\">\n\t<a href=\"https:\/\/lauska.lv\/veikals\/Preces\/karavira-ligavina\/\" class=\"woocommerce-LoopProduct-link woocommerce-loop-product__link\"><img fetchpriority=\"high\" decoding=\"async\" width=\"324\" height=\"324\" src=\"https:\/\/lauska.lv\/veikals\/wp-content\/uploads\/sites\/6\/2018\/08\/Cover_Vilcenes_Karavira_ligavina_01-324x324.jpg\" class=\"attachment-woocommerce_thumbnail size-woocommerce_thumbnail\" alt=\"\" srcset=\"https:\/\/lauska.lv\/veikals\/wp-content\/uploads\/sites\/6\/2018\/08\/Cover_Vilcenes_Karavira_ligavina_01-324x324.jpg 324w, https:\/\/lauska.lv\/veikals\/wp-content\/uploads\/sites\/6\/2018\/08\/Cover_Vilcenes_Karavira_ligavina_01-100x100.jpg 100w, https:\/\/lauska.lv\/veikals\/wp-content\/uploads\/sites\/6\/2018\/08\/Cover_Vilcenes_Karavira_ligavina_01-150x150.jpg 150w\" sizes=\"(max-width: 324px) 100vw, 324px\" \/><h2 class=\"woocommerce-loop-product__title\">Karav\u012bra l\u012bgavi\u0146a<\/h2>\n\t<span class=\"price\"><span class=\"woocommerce-Price-amount amount\"><bdi>10.00&nbsp;<span class=\"woocommerce-Price-currencySymbol\">&euro;<\/span><\/bdi><\/span> <small class=\"woocommerce-price-suffix\">iesk. PVN<\/small><\/span>\n<\/a><a href=\"https:\/\/lauska.lv\/veikals\/Preces\/karavira-ligavina\/\" data-quantity=\"1\" class=\"button product_type_simple\" data-product_id=\"1503\" data-product_sku=\"2007 CD010\" aria-label=\"Read more about &ldquo;Karav\u012bra l\u012bgavi\u0146a&rdquo;\" aria-describedby=\"\" rel=\"nofollow\">Skat\u012bt<\/a><\/li>\n<\/ul>\n<\/div>\n\r\n\r\n\r\n<h2 class=\"wp-block-heading\" style=\"text-align:center\">Video<\/h2>\r\n\r\n\r\n\r\n<hr class=\"wp-block-separator\"\/>\r\n\r\n\r\n\r\n<figure class=\"wp-block-embed-youtube wp-block-embed is-type-video is-provider-youtube\">\r\n<span class=\"embed-youtube\" style=\"text-align:center; display: block;\"><iframe class=\"youtube-player\" width=\"980\" height=\"552\" src=\"https:\/\/www.youtube.com\/embed\/I6LqUxmEZgY?version=3&#038;rel=1&#038;showsearch=0&#038;showinfo=1&#038;iv_load_policy=1&#038;fs=1&#038;hl=lv-LV&#038;autohide=2&#038;wmode=transparent&#038;listType=playlist&#038;list=PLlzUjSgLpT4wsXqP2N01anE495BABKvuR\" allowfullscreen=\"true\" style=\"border:0;\" sandbox=\"allow-scripts allow-same-origin allow-popups allow-presentation allow-popups-to-escape-sandbox\"><\/iframe><\/span>\r\n<\/figure>\r\n","protected":false},"excerpt":{"rendered":"<p>Published by lauska Video<\/p>\n","protected":false},"author":2,"featured_media":0,"parent":222,"menu_order":0,"comment_status":"closed","ping_status":"closed","template":"page-group.php","meta":{"jetpack_post_was_ever_published":false,"footnotes":""},"categories":[589,632],"tags":[],"jetpack_sharing_enabled":true,"_links":{"self":[{"href":"https:\/\/lauska.lv\/veikals\/wp-json\/wp\/v2\/pages\/2367"}],"collection":[{"href":"https:\/\/lauska.lv\/veikals\/wp-json\/wp\/v2\/pages"}],"about":[{"href":"https:\/\/lauska.lv\/veikals\/wp-json\/wp\/v2\/types\/page"}],"author":[{"embeddable":true,"href":"https:\/\/lauska.lv\/veikals\/wp-json\/wp\/v2\/users\/2"}],"replies":[{"embeddable":true,"href":"https:\/\/lauska.lv\/veikals\/wp-json\/wp\/v2\/comments?post=2367"}],"version-history":[{"count":2,"href":"https:\/\/lauska.lv\/veikals\/wp-json\/wp\/v2\/pages\/2367\/revisions"}],"predecessor-version":[{"id":2666,"href":"https:\/\/lauska.lv\/veikals\/wp-json\/wp\/v2\/pages\/2367\/revisions\/2666"}],"up":[{"embeddable":true,"href":"https:\/\/lauska.lv\/veikals\/wp-json\/wp\/v2\/pages\/222"}],"wp:attachment":[{"href":"https:\/\/lauska.lv\/veikals\/wp-json\/wp\/v2\/media?parent=2367"}],"wp:term":[{"taxonomy":"category","embeddable":true,"href":"https:\/\/lauska.lv\/veikals\/wp-json\/wp\/v2\/categories?post=2367"},{"taxonomy":"post_tag","embeddable":true,"href":"https:\/\/lauska.lv\/veikals\/wp-json\/wp\/v2\/tags?post=2367"}],"curies":[{"name":"wp","href":"https:\/\/api.w.org\/{rel}","templated":true}]}}