{"id":2357,"date":"2018-08-28T13:17:36","date_gmt":"2018-08-28T10:17:36","guid":{"rendered":"http:\/\/lauska.lv\/veikals\/artists\/vecpilsetas-dziedataja\/"},"modified":"2018-09-26T20:04:27","modified_gmt":"2018-09-26T17:04:27","slug":"vecpilsetas-dziedataja","status":"publish","type":"page","link":"https:\/\/lauska.lv\/veikals\/artists\/vecpilsetas-dziedataja\/?lang=en","title":{"rendered":"Vecpils\u0113tas dzied\u0101t\u0101ja"},"content":{"rendered":"\r\n<div class=\"wp-block-organic-profile-block\"><div class=\"organic-profile-content-title\"><nameartist>Vecpils\u0113tas dzied\u0101t\u0101ja<\/nameartist><hr\/><\/div><div class=\"organic-profile-content-flex\" style=\"text-align:left\"><div class=\"organic-profile-image\" style=\"background-image:url(http:\/\/lauska.lv\/veikalsbeta\/wp-content\/uploads\/sites\/6\/2018\/08\/Group_Vecpilsetas_dziedataji.jpg)\"><img decoding=\"async\" src=\"http:\/\/lauska.lv\/veikalsbeta\/wp-content\/uploads\/sites\/6\/2018\/08\/Group_Vecpilsetas_dziedataji.jpg\"\/><\/div><div class=\"organic-profile-content\" style=\"text-align:left\"><p><strong><br\/><strong>R\u016bta Abaja\u00a0<\/strong><\/strong>vocals, rythm, kokle,\u00a0violin<strong><br\/><strong>Inese Neimane\u00a0<\/strong><\/strong>vocals, flute<strong><br\/><strong>Linda Zonne\u00a0<\/strong><\/strong>vocals, accordion<strong><br\/><strong>Reinis Grants\u00a0<\/strong><\/strong>percussions<strong><br\/><strong>Anna Freimane\u00a0<\/strong><\/strong>vocals,\u00a0flute<strong><br\/><strong>M\u0101rti\u0146\u0161 Abajs\u00a0<\/strong><\/strong>base<strong><br\/><strong>Andris Kimonts\u00a0<\/strong><\/strong>guitar<strong><br\/><strong>Solveiga Ka\u013cva\u00a0<\/strong><\/strong>guitar, kokle<strong><br\/><strong>Daniels Mar\u0161als\u00a0<\/strong><\/strong>guitar<strong><br\/><strong>Dace Sloka\u00a0<\/strong><\/strong>vocals, guitar, kokle,\u00a0flute<strong><br\/><strong>V\u0113sma Keire\u00a0<\/strong><\/strong>vocals,\u00a0flute<strong><br\/><strong>M\u0101ra Abaja<\/strong><\/strong>\u00a0vocals,\u00a0guitar<strong><br\/><strong>Anastasija Sli\u0161a\u00a0<\/strong><\/strong>vocals <br\/> <br\/>The postfolklore group from Riga unites young people and students who create their own music while drawing inspiration from Latvian folklore. \u201eOur songs start from browsing through thick volumes of traditional dainas, plugging the guitar or pushing buttons on the accordeon. As an ensemble we weave these songs into a joint sound of individual emotions. This is why our music is always changing, depending on our members and feelings.\u201d<br\/>In 2016 the group changed its name to\u00a0Daba San. <br\/><\/p><div class=\"organic-profile-social\"><a class=\"social-link\" href=\"https:\/\/www.youtube.com\/channel\/UCWde4BlzG5Vk-atXUU81l7g\" target=\"_blank\"><i class=\"fab fa-youtube\"><\/i><\/a><\/div><\/div><\/div><\/div>\r\n\r\n\r\n\r\n<h2 class=\"wp-block-heading\" style=\"text-align:center\">Published by lauska<\/h2>\r\n\r\n\r\n\r\n<hr class=\"wp-block-separator\"\/>\r\n\r\n\r\n<div class=\"woocommerce columns-4 \"><\/div>\n\r\n\r\n\r\n<h2 class=\"wp-block-heading\" style=\"text-align:center\">Video<\/h2>\r\n\r\n\r\n\r\n<hr class=\"wp-block-separator\"\/>\r\n\r\n\r\n\r\n<figure class=\"wp-block-embed-youtube wp-block-embed is-type-video is-provider-youtube\">\r\n<span class=\"embed-youtube\" style=\"text-align:center; display: block;\"><iframe class=\"youtube-player\" width=\"980\" height=\"552\" src=\"https:\/\/www.youtube.com\/embed\/PBTCQYCZI1o?version=3&#038;rel=1&#038;showsearch=0&#038;showinfo=1&#038;iv_load_policy=1&#038;fs=1&#038;hl=lv-LV&#038;autohide=2&#038;wmode=transparent&#038;listType=playlist&#038;list=PLlzUjSgLpT4yRLnWegpXZrNK_2tkORvlf\" allowfullscreen=\"true\" style=\"border:0;\" sandbox=\"allow-scripts allow-same-origin allow-popups allow-presentation allow-popups-to-escape-sandbox\"><\/iframe><\/span>\r\n<\/figure>\r\n","protected":false},"excerpt":{"rendered":"<p>Published by lauska Video<\/p>\n","protected":false},"author":2,"featured_media":0,"parent":222,"menu_order":0,"comment_status":"closed","ping_status":"closed","template":"page-group.php","meta":{"jetpack_post_was_ever_published":false,"footnotes":""},"categories":[589,632],"tags":[],"jetpack_sharing_enabled":true,"_links":{"self":[{"href":"https:\/\/lauska.lv\/veikals\/wp-json\/wp\/v2\/pages\/2357"}],"collection":[{"href":"https:\/\/lauska.lv\/veikals\/wp-json\/wp\/v2\/pages"}],"about":[{"href":"https:\/\/lauska.lv\/veikals\/wp-json\/wp\/v2\/types\/page"}],"author":[{"embeddable":true,"href":"https:\/\/lauska.lv\/veikals\/wp-json\/wp\/v2\/users\/2"}],"replies":[{"embeddable":true,"href":"https:\/\/lauska.lv\/veikals\/wp-json\/wp\/v2\/comments?post=2357"}],"version-history":[{"count":2,"href":"https:\/\/lauska.lv\/veikals\/wp-json\/wp\/v2\/pages\/2357\/revisions"}],"predecessor-version":[{"id":2658,"href":"https:\/\/lauska.lv\/veikals\/wp-json\/wp\/v2\/pages\/2357\/revisions\/2658"}],"up":[{"embeddable":true,"href":"https:\/\/lauska.lv\/veikals\/wp-json\/wp\/v2\/pages\/222"}],"wp:attachment":[{"href":"https:\/\/lauska.lv\/veikals\/wp-json\/wp\/v2\/media?parent=2357"}],"wp:term":[{"taxonomy":"category","embeddable":true,"href":"https:\/\/lauska.lv\/veikals\/wp-json\/wp\/v2\/categories?post=2357"},{"taxonomy":"post_tag","embeddable":true,"href":"https:\/\/lauska.lv\/veikals\/wp-json\/wp\/v2\/tags?post=2357"}],"curies":[{"name":"wp","href":"https:\/\/api.w.org\/{rel}","templated":true}]}}