{"id":2262,"date":"2018-08-28T10:19:34","date_gmt":"2018-08-28T07:19:34","guid":{"rendered":"http:\/\/lauska.lv\/veikals\/artists\/saucejas\/"},"modified":"2021-04-07T09:25:00","modified_gmt":"2021-04-07T06:25:00","slug":"saucejas","status":"publish","type":"page","link":"https:\/\/lauska.lv\/veikals\/artists\/saucejas\/?lang=en","title":{"rendered":"Sauc\u0113jas"},"content":{"rendered":"\n<div class=\"wp-block-organic-profile-block\"><div class=\"organic-profile-content-title\"><nameartist>Sauc\u0113jas<\/nameartist><hr\/><\/div><div class=\"organic-profile-content-flex\" style=\"text-align:left\"><div class=\"organic-profile-image\" style=\"background-image:url(http:\/\/lauska.lv\/veikals\/wp-content\/uploads\/sites\/6\/2021\/04\/Saucejas-2019-Gribuvasaru-lv-167_mazs.jpg)\"><img decoding=\"async\" src=\"http:\/\/lauska.lv\/veikals\/wp-content\/uploads\/sites\/6\/2021\/04\/Saucejas-2019-Gribuvasaru-lv-167_mazs.jpg\"\/><\/div><div class=\"organic-profile-content\" style=\"text-align:left\"><p><strong>Iveta T\u0101le<\/strong><br\/><strong>Marianna Auliciema<\/strong><br\/><strong>Krist\u012bne Jansone<\/strong><br\/><strong>Janta Me\u017ea<\/strong><br\/><strong>Indra M\u0113tra<\/strong><br\/><strong>Signe Puj\u0101te<\/strong><br\/><strong>Vineta Rom\u0101ne<\/strong><br\/><strong>Vija Veinberga<\/strong><br\/><strong>Just\u012bne Jaunzema<\/strong><br\/><strong>Anna Paula Puj\u0113na<\/strong><br\/><strong>El\u012bna Ellere<br\/><\/strong><br\/>Sauc\u0113jas, the traditional singing group of the Latvian Academy of Culture, was established in 2003 in Riga. Its members focus on traditional Latvian singing styles and techniques, with particular attention to those local traditions involving multipart singing. Their repertoire includes various types of archaic polyphony, such as drone singing, as well as a variety of later forms<br\/>of multipart singing including songs linked with seasonal festivals, family celebrations, daily life and various types of work.<br\/>In developing their repertoire, the singers rely on archived audio recordings of traditional singing as well as direct contact with traditional singers during fieldwork. The group also learns about the functional context of the music, the individual experience of particular singers and local dialects.<br\/>In Nature is Sauc\u0113jas fifth album. The previous albums have focused on the singing traditions of different regions in Latvia.<br\/><\/p><div class=\"organic-profile-social\"><a class=\"social-link\" href=\"https:\/\/lka.edu.lv\/lv\/par-akademiju\/struktura\/makslinieciskie-kolektivi\/tradicionalas-dziedasanas-grupa-saucejas\/\" target=\"_blank\" rel=\"noopener\"><i class=\"fas fa-play\"><\/i><\/a><a class=\"social-link\" href=\"https:\/\/www.facebook.com\/Saucejas\/?fref=ts\" target=\"_blank\" rel=\"noopener\"><i class=\"fab fa-facebook-f\"><\/i><\/a><a class=\"social-link\" href=\"https:\/\/twitter.com\/saucejas\" target=\"_blank\" rel=\"noopener\"><i class=\"fab fa-twitter\"><\/i><\/a><a class=\"social-link\" href=\"https:\/\/www.draugiem.lv\/saucejas\/\" target=\"_blank\" rel=\"noopener\"><i class=\"fas fa-link\"><\/i><\/a><a class=\"social-link\" href=\"https:\/\/www.youtube.com\/channel\/UC1G8W8P0wO2YVEJDizEbd_g\" target=\"_blank\" rel=\"noopener\"><i class=\"fab fa-youtube\"><\/i><\/a><\/div><\/div><\/div><\/div>\n\n\n<div class=\"woocommerce columns-4 \"><ul class=\"products columns-4\">\n<li class=\"product type-product post-18550 status-publish first instock product_cat-berza-lauma product_cat-cirse-latvite product_cat-gaudeamus-viru-koris product_cat-kokle product_cat-post-folks product_cat-risa-zvejnieki product_cat-saucejas product_cat-sviests product_cat-tkp product_cat-trakula product_tag-757 has-post-thumbnail taxable shipping-taxable purchasable product-type-simple\">\n\t<a href=\"https:\/\/lauska.lv\/veikals\/Preces\/18550\/\" class=\"woocommerce-LoopProduct-link woocommerce-loop-product__link\"><img fetchpriority=\"high\" decoding=\"async\" width=\"324\" height=\"324\" src=\"https:\/\/lauska.lv\/veikals\/wp-content\/uploads\/sites\/6\/2025\/10\/Sviests-3000x3000-small-324x324.jpg\" class=\"attachment-woocommerce_thumbnail size-woocommerce_thumbnail\" alt=\"\" srcset=\"https:\/\/lauska.lv\/veikals\/wp-content\/uploads\/sites\/6\/2025\/10\/Sviests-3000x3000-small-324x324.jpg 324w, https:\/\/lauska.lv\/veikals\/wp-content\/uploads\/sites\/6\/2025\/10\/Sviests-3000x3000-small-300x300.jpg 300w, https:\/\/lauska.lv\/veikals\/wp-content\/uploads\/sites\/6\/2025\/10\/Sviests-3000x3000-small-150x150.jpg 150w, https:\/\/lauska.lv\/veikals\/wp-content\/uploads\/sites\/6\/2025\/10\/Sviests-3000x3000-small-768x768.jpg 768w, https:\/\/lauska.lv\/veikals\/wp-content\/uploads\/sites\/6\/2025\/10\/Sviests-3000x3000-small-416x416.jpg 416w, https:\/\/lauska.lv\/veikals\/wp-content\/uploads\/sites\/6\/2025\/10\/Sviests-3000x3000-small-100x100.jpg 100w, https:\/\/lauska.lv\/veikals\/wp-content\/uploads\/sites\/6\/2025\/10\/Sviests-3000x3000-small.jpg 800w\" sizes=\"(max-width: 324px) 100vw, 324px\" \/><h2 class=\"woocommerce-loop-product__title\">SVIESTS 11<\/h2>\n\t<span class=\"price\"><span class=\"woocommerce-Price-amount amount\"><bdi>12.00&nbsp;<span class=\"woocommerce-Price-currencySymbol\">&euro;<\/span><\/bdi><\/span> <small class=\"woocommerce-price-suffix\">iesk. PVN<\/small><\/span>\n<\/a><a href=\"?add-to-cart=18550\" data-quantity=\"1\" class=\"button product_type_simple add_to_cart_button ajax_add_to_cart\" data-product_id=\"18550\" data-product_sku=\"CD116\" aria-label=\"Add to cart: &ldquo;SVIESTS 11&rdquo;\" aria-describedby=\"\" rel=\"nofollow\">+<\/a><\/li>\n<li class=\"product type-product post-18249 status-publish instock product_cat-adriana-gotlube product_cat-aiiz product_cat-baltic-sisters product_cat-cirse-latvite product_cat-garataka product_cat-katalogs product_cat-krace product_cat-laiksne product_cat-lans product_cat-lausa product_cat-ligas-ph3 product_cat-maijers-aleksandrs product_cat-ogas product_cat-saucejas product_cat-sviests product_cat-zanri product_tag-729 has-post-thumbnail taxable shipping-taxable purchasable product-type-simple\">\n\t<a href=\"https:\/\/lauska.lv\/veikals\/Preces\/sviests-10\/\" class=\"woocommerce-LoopProduct-link woocommerce-loop-product__link\"><img decoding=\"async\" width=\"324\" height=\"324\" src=\"https:\/\/lauska.lv\/veikals\/wp-content\/uploads\/sites\/6\/2023\/11\/Sviests10-850px-324x324.jpg\" class=\"attachment-woocommerce_thumbnail size-woocommerce_thumbnail\" alt=\"\" srcset=\"https:\/\/lauska.lv\/veikals\/wp-content\/uploads\/sites\/6\/2023\/11\/Sviests10-850px-324x324.jpg 324w, https:\/\/lauska.lv\/veikals\/wp-content\/uploads\/sites\/6\/2023\/11\/Sviests10-850px-300x300.jpg 300w, https:\/\/lauska.lv\/veikals\/wp-content\/uploads\/sites\/6\/2023\/11\/Sviests10-850px-150x150.jpg 150w, https:\/\/lauska.lv\/veikals\/wp-content\/uploads\/sites\/6\/2023\/11\/Sviests10-850px-768x768.jpg 768w, https:\/\/lauska.lv\/veikals\/wp-content\/uploads\/sites\/6\/2023\/11\/Sviests10-850px-416x416.jpg 416w, https:\/\/lauska.lv\/veikals\/wp-content\/uploads\/sites\/6\/2023\/11\/Sviests10-850px-100x100.jpg 100w, https:\/\/lauska.lv\/veikals\/wp-content\/uploads\/sites\/6\/2023\/11\/Sviests10-850px.jpg 850w\" sizes=\"(max-width: 324px) 100vw, 324px\" \/><h2 class=\"woocommerce-loop-product__title\">SVIESTS 10<\/h2>\n\t<span class=\"price\"><span class=\"woocommerce-Price-amount amount\"><bdi>10.00&nbsp;<span class=\"woocommerce-Price-currencySymbol\">&euro;<\/span><\/bdi><\/span> <small class=\"woocommerce-price-suffix\">iesk. PVN<\/small><\/span>\n<\/a><a href=\"?add-to-cart=18249\" data-quantity=\"1\" class=\"button product_type_simple add_to_cart_button ajax_add_to_cart\" data-product_id=\"18249\" data-product_sku=\"CD 105\" aria-label=\"Add to cart: &ldquo;SVIESTS 10&rdquo;\" aria-describedby=\"\" rel=\"nofollow\">+<\/a><\/li>\n<li class=\"product type-product post-18079 status-publish instock product_cat-auli product_cat-banga product_cat-dardi product_cat-jora product_cat-lausa product_cat-muktupavels-valdis product_cat-rahu-the-fool product_cat-rava product_cat-saucejas product_cat-sviests product_cat-tautumeitas product_cat-tkp product_tag-722 has-post-thumbnail taxable shipping-taxable purchasable product-type-simple\">\n\t<a href=\"https:\/\/lauska.lv\/veikals\/Preces\/sviests-9\/\" class=\"woocommerce-LoopProduct-link woocommerce-loop-product__link\"><img decoding=\"async\" width=\"324\" height=\"324\" src=\"https:\/\/lauska.lv\/veikals\/wp-content\/uploads\/sites\/6\/2022\/04\/Sviests-9-3000x3000-lo-res-scaled-324x324.jpg\" class=\"attachment-woocommerce_thumbnail size-woocommerce_thumbnail\" alt=\"\" srcset=\"https:\/\/lauska.lv\/veikals\/wp-content\/uploads\/sites\/6\/2022\/04\/Sviests-9-3000x3000-lo-res-324x324.jpg 324w, https:\/\/lauska.lv\/veikals\/wp-content\/uploads\/sites\/6\/2022\/04\/Sviests-9-3000x3000-lo-res-100x100.jpg 100w, https:\/\/lauska.lv\/veikals\/wp-content\/uploads\/sites\/6\/2022\/04\/Sviests-9-3000x3000-lo-res-416x416.jpg 416w, https:\/\/lauska.lv\/veikals\/wp-content\/uploads\/sites\/6\/2022\/04\/Sviests-9-3000x3000-lo-res-300x300.jpg 300w, https:\/\/lauska.lv\/veikals\/wp-content\/uploads\/sites\/6\/2022\/04\/Sviests-9-3000x3000-lo-res-1024x1024.jpg 1024w, https:\/\/lauska.lv\/veikals\/wp-content\/uploads\/sites\/6\/2022\/04\/Sviests-9-3000x3000-lo-res-150x150.jpg 150w, https:\/\/lauska.lv\/veikals\/wp-content\/uploads\/sites\/6\/2022\/04\/Sviests-9-3000x3000-lo-res-768x768.jpg 768w, https:\/\/lauska.lv\/veikals\/wp-content\/uploads\/sites\/6\/2022\/04\/Sviests-9-3000x3000-lo-res-1536x1536.jpg 1536w, https:\/\/lauska.lv\/veikals\/wp-content\/uploads\/sites\/6\/2022\/04\/Sviests-9-3000x3000-lo-res-2048x2048.jpg 2048w, https:\/\/lauska.lv\/veikals\/wp-content\/uploads\/sites\/6\/2022\/04\/Sviests-9-3000x3000-lo-res-600x600.jpg 600w\" sizes=\"(max-width: 324px) 100vw, 324px\" \/><h2 class=\"woocommerce-loop-product__title\">SVIESTS 9<\/h2>\n\t<span class=\"price\"><span class=\"woocommerce-Price-amount amount\"><bdi>10.00&nbsp;<span class=\"woocommerce-Price-currencySymbol\">&euro;<\/span><\/bdi><\/span> <small class=\"woocommerce-price-suffix\">iesk. PVN<\/small><\/span>\n<\/a><a href=\"?add-to-cart=18079\" data-quantity=\"1\" class=\"button product_type_simple add_to_cart_button ajax_add_to_cart\" data-product_id=\"18079\" data-product_sku=\"2022 CD098\" aria-label=\"Add to cart: &ldquo;SVIESTS 9&rdquo;\" aria-describedby=\"\" rel=\"nofollow\">+<\/a><\/li>\n<li class=\"product type-product post-17911 status-publish last instock product_cat-folklora product_cat-katalogs product_cat-literari-diski-un-gramatas product_cat-saucejas product_tag-720 has-post-thumbnail taxable shipping-taxable purchasable product-type-simple\">\n\t<a href=\"https:\/\/lauska.lv\/veikals\/Preces\/daba\/\" class=\"woocommerce-LoopProduct-link woocommerce-loop-product__link\"><img loading=\"lazy\" decoding=\"async\" width=\"324\" height=\"324\" src=\"https:\/\/lauska.lv\/veikals\/wp-content\/uploads\/sites\/6\/2021\/04\/pr-vaks-Saucejas_daba_mazs-324x324.jpg\" class=\"attachment-woocommerce_thumbnail size-woocommerce_thumbnail\" alt=\"\" srcset=\"https:\/\/lauska.lv\/veikals\/wp-content\/uploads\/sites\/6\/2021\/04\/pr-vaks-Saucejas_daba_mazs-324x324.jpg 324w, https:\/\/lauska.lv\/veikals\/wp-content\/uploads\/sites\/6\/2021\/04\/pr-vaks-Saucejas_daba_mazs-100x100.jpg 100w, https:\/\/lauska.lv\/veikals\/wp-content\/uploads\/sites\/6\/2021\/04\/pr-vaks-Saucejas_daba_mazs-150x150.jpg 150w\" sizes=\"(max-width: 324px) 100vw, 324px\" \/><h2 class=\"woocommerce-loop-product__title\">Dab\u0101<\/h2>\n\t<span class=\"price\"><span class=\"woocommerce-Price-amount amount\"><bdi>20.00&nbsp;<span class=\"woocommerce-Price-currencySymbol\">&euro;<\/span><\/bdi><\/span> <small class=\"woocommerce-price-suffix\">iesk. PVN<\/small><\/span>\n<\/a><a href=\"?add-to-cart=17911\" data-quantity=\"1\" class=\"button product_type_simple add_to_cart_button ajax_add_to_cart\" data-product_id=\"17911\" data-product_sku=\"CD093\" aria-label=\"Add to cart: &ldquo;Dab\u0101&rdquo;\" aria-describedby=\"\" rel=\"nofollow\">+<\/a><\/li>\n<li class=\"product type-product post-4629 status-publish first instock product_cat-auli product_cat-banga product_cat-barbals-kaspars product_cat-dj-monsta product_cat-ilgi product_cat-imantadimanta-un-draugi product_cat-jansone-laima product_cat-jansons-ansis product_cat-katalogs product_cat-laiksne product_cat-lata-donga product_cat-ligas-ph3 product_cat-post-folks product_cat-rava product_cat-saucejas product_cat-sviests product_cat-zeme product_tag-685 has-post-thumbnail taxable shipping-taxable purchasable product-type-simple\">\n\t<a href=\"https:\/\/lauska.lv\/veikals\/Preces\/sviests-8\/\" class=\"woocommerce-LoopProduct-link woocommerce-loop-product__link\"><img loading=\"lazy\" decoding=\"async\" width=\"324\" height=\"324\" src=\"https:\/\/lauska.lv\/veikals\/wp-content\/uploads\/sites\/6\/2019\/07\/Sviest-8-square-800px-324x324.jpg\" class=\"attachment-woocommerce_thumbnail size-woocommerce_thumbnail\" alt=\"\" srcset=\"https:\/\/lauska.lv\/veikals\/wp-content\/uploads\/sites\/6\/2019\/07\/Sviest-8-square-800px-324x324.jpg 324w, https:\/\/lauska.lv\/veikals\/wp-content\/uploads\/sites\/6\/2019\/07\/Sviest-8-square-800px-100x100.jpg 100w, https:\/\/lauska.lv\/veikals\/wp-content\/uploads\/sites\/6\/2019\/07\/Sviest-8-square-800px-416x416.jpg 416w, https:\/\/lauska.lv\/veikals\/wp-content\/uploads\/sites\/6\/2019\/07\/Sviest-8-square-800px-150x150.jpg 150w, https:\/\/lauska.lv\/veikals\/wp-content\/uploads\/sites\/6\/2019\/07\/Sviest-8-square-800px-300x300.jpg 300w, https:\/\/lauska.lv\/veikals\/wp-content\/uploads\/sites\/6\/2019\/07\/Sviest-8-square-800px-768x768.jpg 768w, https:\/\/lauska.lv\/veikals\/wp-content\/uploads\/sites\/6\/2019\/07\/Sviest-8-square-800px-600x600.jpg 600w, https:\/\/lauska.lv\/veikals\/wp-content\/uploads\/sites\/6\/2019\/07\/Sviest-8-square-800px.jpg 800w\" sizes=\"(max-width: 324px) 100vw, 324px\" \/><h2 class=\"woocommerce-loop-product__title\">SVIESTS 8<\/h2>\n\t<span class=\"price\"><span class=\"woocommerce-Price-amount amount\"><bdi>10.00&nbsp;<span class=\"woocommerce-Price-currencySymbol\">&euro;<\/span><\/bdi><\/span> <small class=\"woocommerce-price-suffix\">iesk. PVN<\/small><\/span>\n<\/a><a href=\"?add-to-cart=4629\" data-quantity=\"1\" class=\"button product_type_simple add_to_cart_button ajax_add_to_cart\" data-product_id=\"4629\" data-product_sku=\"2019 CD089\" aria-label=\"Add to cart: &ldquo;SVIESTS 8&rdquo;\" aria-describedby=\"\" rel=\"nofollow\">+<\/a><\/li>\n<li class=\"product type-product post-3316 status-publish instock product_cat-auli product_cat-austrumkalns product_cat-daba-san product_cat-dj-monsta product_cat-ilgi product_cat-ilza product_cat-imantadimanta-un-draugi product_cat-jansone-laima product_cat-jauno-janu-orkestris product_cat-katalogs product_cat-lans product_cat-lata-donga product_cat-lausa product_cat-muktupavels-valdis product_cat-post-folks product_cat-rahu-the-fool product_cat-rava product_cat-raxtu-raxti product_cat-saucejas product_cat-tarkski product_cat-tautumeitas product_cat-trejasmens product_cat-zanri product_cat-zari product_tag-47 has-post-thumbnail taxable shipping-taxable purchasable product-type-simple\">\n\t<a href=\"https:\/\/lauska.lv\/veikals\/Preces\/folk-great-tunes-from-latvia\/\" class=\"woocommerce-LoopProduct-link woocommerce-loop-product__link\"><img loading=\"lazy\" decoding=\"async\" width=\"324\" height=\"324\" src=\"https:\/\/lauska.lv\/veikals\/wp-content\/uploads\/sites\/6\/2018\/10\/CD_FolkGreatTunesLatvia-1-324x324.jpg\" class=\"attachment-woocommerce_thumbnail size-woocommerce_thumbnail\" alt=\"\" srcset=\"https:\/\/lauska.lv\/veikals\/wp-content\/uploads\/sites\/6\/2018\/10\/CD_FolkGreatTunesLatvia-1-324x324.jpg 324w, https:\/\/lauska.lv\/veikals\/wp-content\/uploads\/sites\/6\/2018\/10\/CD_FolkGreatTunesLatvia-1-100x100.jpg 100w, https:\/\/lauska.lv\/veikals\/wp-content\/uploads\/sites\/6\/2018\/10\/CD_FolkGreatTunesLatvia-1-150x150.jpg 150w, https:\/\/lauska.lv\/veikals\/wp-content\/uploads\/sites\/6\/2018\/10\/CD_FolkGreatTunesLatvia-1-600x600.jpg 600w\" sizes=\"(max-width: 324px) 100vw, 324px\" \/><h2 class=\"woocommerce-loop-product__title\">Folk &#038; great Tunes from Latvia<\/h2>\n\t<span class=\"price\"><span class=\"woocommerce-Price-amount amount\"><bdi>12.00&nbsp;<span class=\"woocommerce-Price-currencySymbol\">&euro;<\/span><\/bdi><\/span> <small class=\"woocommerce-price-suffix\">iesk. PVN<\/small><\/span>\n<\/a><a href=\"?add-to-cart=3316\" data-quantity=\"1\" class=\"button product_type_simple add_to_cart_button ajax_add_to_cart\" data-product_id=\"3316\" data-product_sku=\"CPL026\" aria-label=\"Add to cart: &ldquo;Folk &amp; great Tunes from Latvia&rdquo;\" aria-describedby=\"\" rel=\"nofollow\">+<\/a><\/li>\n<li class=\"product type-product post-1039 status-publish instock product_cat-folklora product_cat-katalogs product_cat-literari-diski-un-gramatas product_cat-saucejas product_tag-44 has-post-thumbnail taxable shipping-taxable purchasable product-type-simple\">\n\t<a href=\"https:\/\/lauska.lv\/veikals\/Preces\/trici-munu-ustabeni\/\" class=\"woocommerce-LoopProduct-link woocommerce-loop-product__link\"><img loading=\"lazy\" decoding=\"async\" width=\"324\" height=\"324\" src=\"https:\/\/lauska.lv\/veikals\/wp-content\/uploads\/sites\/6\/2018\/08\/Cover_Saucejas_Tricimunu_m-324x324.jpg\" class=\"attachment-woocommerce_thumbnail size-woocommerce_thumbnail\" alt=\"\" srcset=\"https:\/\/lauska.lv\/veikals\/wp-content\/uploads\/sites\/6\/2018\/08\/Cover_Saucejas_Tricimunu_m-324x324.jpg 324w, https:\/\/lauska.lv\/veikals\/wp-content\/uploads\/sites\/6\/2018\/08\/Cover_Saucejas_Tricimunu_m-100x100.jpg 100w, https:\/\/lauska.lv\/veikals\/wp-content\/uploads\/sites\/6\/2018\/08\/Cover_Saucejas_Tricimunu_m-150x150.jpg 150w\" sizes=\"(max-width: 324px) 100vw, 324px\" \/><h2 class=\"woocommerce-loop-product__title\">Tr\u012bci, munu ustabeni!<\/h2>\n\t<span class=\"price\"><span class=\"woocommerce-Price-amount amount\"><bdi>12.00&nbsp;<span class=\"woocommerce-Price-currencySymbol\">&euro;<\/span><\/bdi><\/span> <small class=\"woocommerce-price-suffix\">iesk. PVN<\/small><\/span>\n<\/a><a href=\"?add-to-cart=1039\" data-quantity=\"1\" class=\"button product_type_simple add_to_cart_button ajax_add_to_cart\" data-product_id=\"1039\" data-product_sku=\"2016 CD053\" aria-label=\"Add to cart: &ldquo;Tr\u012bci, munu ustabeni!&rdquo;\" aria-describedby=\"\" rel=\"nofollow\">+<\/a><\/li>\n<li class=\"product type-product post-1204 status-publish last instock product_cat-folklora product_cat-katalogs product_cat-literari-diski-un-gramatas product_cat-saucejas product_cat-zanri product_tag-40 has-post-thumbnail taxable shipping-taxable purchasable product-type-simple\">\n\t<a href=\"https:\/\/lauska.lv\/veikals\/Preces\/dziediet-meitas-vokora\/\" class=\"woocommerce-LoopProduct-link woocommerce-loop-product__link\"><img loading=\"lazy\" decoding=\"async\" width=\"324\" height=\"324\" src=\"https:\/\/lauska.lv\/veikals\/wp-content\/uploads\/sites\/6\/2018\/08\/Cover_Saucejas_dziediet-meitas-vokora_01-324x324.jpg\" class=\"attachment-woocommerce_thumbnail size-woocommerce_thumbnail\" alt=\"\" srcset=\"https:\/\/lauska.lv\/veikals\/wp-content\/uploads\/sites\/6\/2018\/08\/Cover_Saucejas_dziediet-meitas-vokora_01-324x324.jpg 324w, https:\/\/lauska.lv\/veikals\/wp-content\/uploads\/sites\/6\/2018\/08\/Cover_Saucejas_dziediet-meitas-vokora_01-100x100.jpg 100w, https:\/\/lauska.lv\/veikals\/wp-content\/uploads\/sites\/6\/2018\/08\/Cover_Saucejas_dziediet-meitas-vokora_01-150x150.jpg 150w\" sizes=\"(max-width: 324px) 100vw, 324px\" \/><h2 class=\"woocommerce-loop-product__title\">dziediet, meitas, vokor\u0101<\/h2>\n\t<span class=\"price\"><span class=\"woocommerce-Price-amount amount\"><bdi>12.00&nbsp;<span class=\"woocommerce-Price-currencySymbol\">&euro;<\/span><\/bdi><\/span> <small class=\"woocommerce-price-suffix\">iesk. PVN<\/small><\/span>\n<\/a><a href=\"?add-to-cart=1204\" data-quantity=\"1\" class=\"button product_type_simple add_to_cart_button ajax_add_to_cart\" data-product_id=\"1204\" data-product_sku=\"2014 GR05, CD035\" aria-label=\"Add to cart: &ldquo;dziediet, meitas, vokor\u0101&rdquo;\" aria-describedby=\"\" rel=\"nofollow\">+<\/a><\/li>\n<li class=\"product type-product post-1497 status-publish first instock product_cat-folklora product_cat-katalogs product_cat-saucejas product_cat-zanri product_tag-35 has-post-thumbnail taxable shipping-taxable purchasable product-type-simple\">\n\t<a href=\"https:\/\/lauska.lv\/veikals\/Preces\/saucejas-tradicionalas-dziedasanas-grupa\/\" class=\"woocommerce-LoopProduct-link woocommerce-loop-product__link\"><img loading=\"lazy\" decoding=\"async\" width=\"324\" height=\"324\" src=\"https:\/\/lauska.lv\/veikals\/wp-content\/uploads\/sites\/6\/2018\/08\/Cover_Saucejas_01-324x324.jpg\" class=\"attachment-woocommerce_thumbnail size-woocommerce_thumbnail\" alt=\"\" srcset=\"https:\/\/lauska.lv\/veikals\/wp-content\/uploads\/sites\/6\/2018\/08\/Cover_Saucejas_01-324x324.jpg 324w, https:\/\/lauska.lv\/veikals\/wp-content\/uploads\/sites\/6\/2018\/08\/Cover_Saucejas_01-100x100.jpg 100w, https:\/\/lauska.lv\/veikals\/wp-content\/uploads\/sites\/6\/2018\/08\/Cover_Saucejas_01-150x150.jpg 150w\" sizes=\"(max-width: 324px) 100vw, 324px\" \/><h2 class=\"woocommerce-loop-product__title\">Sauc\u0113jas, tradicion\u0101l\u0101s dzied\u0101\u0161anas grupa<\/h2>\n\t<span class=\"price\"><span class=\"woocommerce-Price-amount amount\"><bdi>10.00&nbsp;<span class=\"woocommerce-Price-currencySymbol\">&euro;<\/span><\/bdi><\/span> <small class=\"woocommerce-price-suffix\">iesk. PVN<\/small><\/span>\n<\/a><a href=\"?add-to-cart=1497\" data-quantity=\"1\" class=\"button product_type_simple add_to_cart_button ajax_add_to_cart\" data-product_id=\"1497\" data-product_sku=\"2007 CD015\" aria-label=\"Add to cart: &ldquo;Sauc\u0113jas, tradicion\u0101l\u0101s dzied\u0101\u0161anas grupa&rdquo;\" aria-describedby=\"\" rel=\"nofollow\">+<\/a><\/li>\n<\/ul>\n<\/div>\n\n\n\n<h2 class=\"wp-block-heading\">Video<\/h2>\n\n\n\n<hr class=\"wp-block-separator\"\/>\n\n\n\n<figure class=\"wp-block-embed is-type-video is-provider-youtube wp-block-embed-youtube wp-embed-aspect-16-9 wp-has-aspect-ratio\"><div class=\"wp-block-embed__wrapper\">\n<span class=\"embed-youtube\" style=\"text-align:center; display: block;\"><iframe class=\"youtube-player\" width=\"980\" height=\"552\" src=\"https:\/\/www.youtube.com\/embed\/4aqMsg5X6uo?version=3&#038;rel=1&#038;showsearch=0&#038;showinfo=1&#038;iv_load_policy=1&#038;fs=1&#038;hl=lv-LV&#038;autohide=2&#038;wmode=transparent\" allowfullscreen=\"true\" style=\"border:0;\" sandbox=\"allow-scripts allow-same-origin allow-popups allow-presentation allow-popups-to-escape-sandbox\"><\/iframe><\/span>\n<\/div><\/figure>\n","protected":false},"excerpt":{"rendered":"<p>Video<\/p>\n","protected":false},"author":2,"featured_media":0,"parent":222,"menu_order":0,"comment_status":"closed","ping_status":"closed","template":"page-group.php","meta":{"jetpack_post_was_ever_published":false,"footnotes":""},"categories":[589,626],"tags":[],"jetpack_sharing_enabled":true,"_links":{"self":[{"href":"https:\/\/lauska.lv\/veikals\/wp-json\/wp\/v2\/pages\/2262"}],"collection":[{"href":"https:\/\/lauska.lv\/veikals\/wp-json\/wp\/v2\/pages"}],"about":[{"href":"https:\/\/lauska.lv\/veikals\/wp-json\/wp\/v2\/types\/page"}],"author":[{"embeddable":true,"href":"https:\/\/lauska.lv\/veikals\/wp-json\/wp\/v2\/users\/2"}],"replies":[{"embeddable":true,"href":"https:\/\/lauska.lv\/veikals\/wp-json\/wp\/v2\/comments?post=2262"}],"version-history":[{"count":2,"href":"https:\/\/lauska.lv\/veikals\/wp-json\/wp\/v2\/pages\/2262\/revisions"}],"predecessor-version":[{"id":17924,"href":"https:\/\/lauska.lv\/veikals\/wp-json\/wp\/v2\/pages\/2262\/revisions\/17924"}],"up":[{"embeddable":true,"href":"https:\/\/lauska.lv\/veikals\/wp-json\/wp\/v2\/pages\/222"}],"wp:attachment":[{"href":"https:\/\/lauska.lv\/veikals\/wp-json\/wp\/v2\/media?parent=2262"}],"wp:term":[{"taxonomy":"category","embeddable":true,"href":"https:\/\/lauska.lv\/veikals\/wp-json\/wp\/v2\/categories?post=2262"},{"taxonomy":"post_tag","embeddable":true,"href":"https:\/\/lauska.lv\/veikals\/wp-json\/wp\/v2\/tags?post=2262"}],"curies":[{"name":"wp","href":"https:\/\/api.w.org\/{rel}","templated":true}]}}