{"id":2127,"date":"2018-08-27T20:34:55","date_gmt":"2018-08-27T17:34:55","guid":{"rendered":"http:\/\/lauska.lv\/veikals\/artists\/martuzeva-bronislava\/"},"modified":"2018-09-26T19:31:12","modified_gmt":"2018-09-26T16:31:12","slug":"martuzeva-bronislava","status":"publish","type":"page","link":"https:\/\/lauska.lv\/veikals\/artists\/martuzeva-bronislava\/?lang=en","title":{"rendered":"Martu\u017eeva Bro\u0146islava"},"content":{"rendered":"\r\n<div class=\"wp-block-organic-profile-block\"><div class=\"organic-profile-content-title\"><nameartist>Bro\u0146islava Martu\u017eeva<\/nameartist><hr\/><\/div><div class=\"organic-profile-content-flex\" style=\"text-align:left\"><div class=\"organic-profile-image\" style=\"background-image:url(http:\/\/lauska.lv\/veikalsbeta\/wp-content\/uploads\/sites\/6\/2018\/08\/Group_Martuzeva.jpg)\"><img decoding=\"async\" src=\"http:\/\/lauska.lv\/veikalsbeta\/wp-content\/uploads\/sites\/6\/2018\/08\/Group_Martuzeva.jpg\"\/><\/div><div class=\"organic-profile-content\" style=\"text-align:left\"><p>The poet Bro\u0146islava Martu\u017eeva (1924-2012) is a unique phenomenon in Latvian cultural history. In the years after the war, all her family has involved in the National Resistance Movement. The poet was included in the wanted persons list and thus lived for five years (1946-1951) hidden in a bunker under the floor of her family home. After being arrested, Martu\u017eeva\u2018s family was senteneced for high treason and she returned from incarceration in Siberia in 1956. Martu\u017eeva is author of a number of poetry collections, she is a Latvian traditional singer and story-teller, and has composed melodies for both her own and other author\u2019s verses. In 1994 she received the Three Star Order. <\/p><div class=\"organic-profile-social\"><\/div><\/div><\/div><\/div>\r\n\r\n\r\n\r\n<h2 class=\"wp-block-heading\" style=\"text-align:center\">Published by lauska<\/h2>\r\n\r\n\r\n\r\n<hr class=\"wp-block-separator\"\/>\r\n\r\n\r\n<div class=\"woocommerce columns-4 \"><ul class=\"products columns-4\">\n<li class=\"product type-product post-1535 status-publish first outofstock product_cat-katalogs product_cat-literari-diski-un-gramatas product_cat-martuzeva-bronislava product_cat-zanri product_tag-32 has-post-thumbnail taxable shipping-taxable purchasable product-type-simple\">\n\t<a href=\"https:\/\/lauska.lv\/veikals\/Preces\/un-viss-klust-dziesma-beigas\/\" class=\"woocommerce-LoopProduct-link woocommerce-loop-product__link\"><img fetchpriority=\"high\" decoding=\"async\" width=\"324\" height=\"324\" src=\"https:\/\/lauska.lv\/veikals\/wp-content\/uploads\/sites\/6\/2018\/08\/Cover_bronislava_martuzeva_01-324x324.jpg\" class=\"attachment-woocommerce_thumbnail size-woocommerce_thumbnail\" alt=\"\" srcset=\"https:\/\/lauska.lv\/veikals\/wp-content\/uploads\/sites\/6\/2018\/08\/Cover_bronislava_martuzeva_01-324x324.jpg 324w, https:\/\/lauska.lv\/veikals\/wp-content\/uploads\/sites\/6\/2018\/08\/Cover_bronislava_martuzeva_01-100x100.jpg 100w, https:\/\/lauska.lv\/veikals\/wp-content\/uploads\/sites\/6\/2018\/08\/Cover_bronislava_martuzeva_01-150x150.jpg 150w\" sizes=\"(max-width: 324px) 100vw, 324px\" \/><h2 class=\"woocommerce-loop-product__title\">&#8230;un viss k\u013c\u016bst dziesma beig\u0101s<\/h2>\n\t<span class=\"price\"><span class=\"woocommerce-Price-amount amount\"><bdi>10.00&nbsp;<span class=\"woocommerce-Price-currencySymbol\">&euro;<\/span><\/bdi><\/span> <small class=\"woocommerce-price-suffix\">iesk. PVN<\/small><\/span>\n<\/a><a href=\"https:\/\/lauska.lv\/veikals\/Preces\/un-viss-klust-dziesma-beigas\/\" data-quantity=\"1\" class=\"button product_type_simple\" data-product_id=\"1535\" data-product_sku=\"2004 CD003\" aria-label=\"Read more about &ldquo;...un viss k\u013c\u016bst dziesma beig\u0101s&rdquo;\" aria-describedby=\"\" rel=\"nofollow\">Skat\u012bt<\/a><\/li>\n<\/ul>\n<\/div>\n\r\n\r\n\r\n<h2 class=\"wp-block-heading\" style=\"text-align:center\">Video<\/h2>\r\n\r\n\r\n\r\n<hr class=\"wp-block-separator\"\/>\r\n","protected":false},"excerpt":{"rendered":"<p>Published by lauska Video<\/p>\n","protected":false},"author":2,"featured_media":0,"parent":222,"menu_order":0,"comment_status":"closed","ping_status":"closed","template":"page-group.php","meta":{"jetpack_post_was_ever_published":false,"footnotes":""},"categories":[589,614],"tags":[],"jetpack_sharing_enabled":true,"_links":{"self":[{"href":"https:\/\/lauska.lv\/veikals\/wp-json\/wp\/v2\/pages\/2127"}],"collection":[{"href":"https:\/\/lauska.lv\/veikals\/wp-json\/wp\/v2\/pages"}],"about":[{"href":"https:\/\/lauska.lv\/veikals\/wp-json\/wp\/v2\/types\/page"}],"author":[{"embeddable":true,"href":"https:\/\/lauska.lv\/veikals\/wp-json\/wp\/v2\/users\/2"}],"replies":[{"embeddable":true,"href":"https:\/\/lauska.lv\/veikals\/wp-json\/wp\/v2\/comments?post=2127"}],"version-history":[{"count":1,"href":"https:\/\/lauska.lv\/veikals\/wp-json\/wp\/v2\/pages\/2127\/revisions"}],"predecessor-version":[{"id":2560,"href":"https:\/\/lauska.lv\/veikals\/wp-json\/wp\/v2\/pages\/2127\/revisions\/2560"}],"up":[{"embeddable":true,"href":"https:\/\/lauska.lv\/veikals\/wp-json\/wp\/v2\/pages\/222"}],"wp:attachment":[{"href":"https:\/\/lauska.lv\/veikals\/wp-json\/wp\/v2\/media?parent=2127"}],"wp:term":[{"taxonomy":"category","embeddable":true,"href":"https:\/\/lauska.lv\/veikals\/wp-json\/wp\/v2\/categories?post=2127"},{"taxonomy":"post_tag","embeddable":true,"href":"https:\/\/lauska.lv\/veikals\/wp-json\/wp\/v2\/tags?post=2127"}],"curies":[{"name":"wp","href":"https:\/\/api.w.org\/{rel}","templated":true}]}}