{"id":2120,"date":"2018-08-27T19:41:02","date_gmt":"2018-08-27T16:41:02","guid":{"rendered":"http:\/\/lauska.lv\/veikals\/artists\/lini\/"},"modified":"2018-09-26T19:28:55","modified_gmt":"2018-09-26T16:28:55","slug":"lini","status":"publish","type":"page","link":"https:\/\/lauska.lv\/veikals\/artists\/lini\/?lang=en","title":{"rendered":"Lini"},"content":{"rendered":"\r\n<div class=\"wp-block-organic-profile-block\"><div class=\"organic-profile-content-title\"><nameartist>Lini<\/nameartist><hr\/><\/div><div class=\"organic-profile-content-flex\" style=\"text-align:left\"><div class=\"organic-profile-image\" style=\"background-image:url(http:\/\/lauska.lv\/veikalsbeta\/wp-content\/uploads\/sites\/6\/2018\/08\/Group_Lini.jpg)\"><img decoding=\"async\" src=\"http:\/\/lauska.lv\/veikalsbeta\/wp-content\/uploads\/sites\/6\/2018\/08\/Group_Lini.jpg\"\/><\/div><div class=\"organic-profile-content\" style=\"text-align:left\"><p><strong>Ingr\u012bda Erdmane<\/strong>\u00a0vocals<br\/><strong>Amanda J\u0101tniece<\/strong>\u00a0vocals<br\/><strong>Gunta Herona<\/strong>\u00a0vocals<br\/><strong>Zinta Pone<\/strong>\u00a0vocals<br\/><strong>Mi\u0137elis \u0122iga<\/strong>\u00a0vocals<br\/><strong>J\u0101nis Paulis Skuji\u0146\u0161<\/strong>\u00a0vocals <br\/><br\/>\u201eLini\u201d is active since 1994 and is based in Mineapolis in the U.S. The group was formed by Latvian musicians who are inspired by the Latvian music and heritage. The group has released two albums since. Though for already some years a part of the musicians live in Latvia and in the U.S., \u201eLini\u201d prevail and are now working on new recordings.<br\/><br\/><br\/><br\/><\/p><div class=\"organic-profile-social\"><\/div><\/div><\/div><\/div>\r\n\r\n\r\n\r\n<h2 class=\"wp-block-heading\" style=\"text-align:center\">Published by lauska<\/h2>\r\n\r\n\r\n\r\n<hr class=\"wp-block-separator\"\/>\r\n\r\n\r\n<div class=\"woocommerce columns-4 \"><ul class=\"products columns-4\">\n<li class=\"product type-product post-1291 status-publish first instock product_cat-abra product_cat-auli product_cat-balki product_cat-baobabs product_cat-ceiruleits product_cat-etnomuzikologi product_cat-folkvakars product_cat-gosti product_cat-katalogs product_cat-kgb product_cat-kokle product_cat-laiksne product_cat-laimas-muzykanti product_cat-lini product_cat-lokal-heroes product_cat-misters product_cat-perlis product_cat-skyforger product_cat-sviests product_cat-trakula product_cat-vecpilsetas-dziedataji product_cat-vilkaci product_cat-zala-zale product_cat-zigridas-kalpi product_tag-37 has-post-thumbnail taxable shipping-taxable purchasable product-type-simple\">\n\t<a href=\"https:\/\/lauska.lv\/veikals\/Preces\/sviests-3\/\" class=\"woocommerce-LoopProduct-link woocommerce-loop-product__link\"><img fetchpriority=\"high\" decoding=\"async\" width=\"324\" height=\"324\" src=\"https:\/\/lauska.lv\/veikals\/wp-content\/uploads\/sites\/6\/2018\/08\/Cover_sviests_3_01-324x324.jpg\" class=\"attachment-woocommerce_thumbnail size-woocommerce_thumbnail\" alt=\"\" srcset=\"https:\/\/lauska.lv\/veikals\/wp-content\/uploads\/sites\/6\/2018\/08\/Cover_sviests_3_01-324x324.jpg 324w, https:\/\/lauska.lv\/veikals\/wp-content\/uploads\/sites\/6\/2018\/08\/Cover_sviests_3_01-100x100.jpg 100w, https:\/\/lauska.lv\/veikals\/wp-content\/uploads\/sites\/6\/2018\/08\/Cover_sviests_3_01-150x150.jpg 150w\" sizes=\"(max-width: 324px) 100vw, 324px\" \/><h2 class=\"woocommerce-loop-product__title\">SVIESTS 3<\/h2>\n\t<span class=\"price\"><span class=\"woocommerce-Price-amount amount\"><bdi>10.00&nbsp;<span class=\"woocommerce-Price-currencySymbol\">&euro;<\/span><\/bdi><\/span> <small class=\"woocommerce-price-suffix\">iesk. PVN<\/small><\/span>\n<\/a><a href=\"?add-to-cart=1291\" data-quantity=\"1\" class=\"button product_type_simple add_to_cart_button ajax_add_to_cart\" data-product_id=\"1291\" data-product_sku=\"2012 CD031\" aria-label=\"Add to cart: &ldquo;SVIESTS 3&rdquo;\" aria-describedby=\"\" rel=\"nofollow\">+<\/a><\/li>\n<li class=\"product type-product post-1439 status-publish outofstock product_cat-katalogs product_cat-lini product_cat-post-folks product_cat-zanri product_tag-36 has-post-thumbnail taxable shipping-taxable purchasable product-type-simple\">\n\t<a href=\"https:\/\/lauska.lv\/veikals\/Preces\/lini\/\" class=\"woocommerce-LoopProduct-link woocommerce-loop-product__link\"><img decoding=\"async\" width=\"324\" height=\"324\" src=\"https:\/\/lauska.lv\/veikals\/wp-content\/uploads\/sites\/6\/2018\/08\/Cover_Lini_Lini_01-324x324.jpg\" class=\"attachment-woocommerce_thumbnail size-woocommerce_thumbnail\" alt=\"\" srcset=\"https:\/\/lauska.lv\/veikals\/wp-content\/uploads\/sites\/6\/2018\/08\/Cover_Lini_Lini_01-324x324.jpg 324w, https:\/\/lauska.lv\/veikals\/wp-content\/uploads\/sites\/6\/2018\/08\/Cover_Lini_Lini_01-100x100.jpg 100w, https:\/\/lauska.lv\/veikals\/wp-content\/uploads\/sites\/6\/2018\/08\/Cover_Lini_Lini_01-150x150.jpg 150w\" sizes=\"(max-width: 324px) 100vw, 324px\" \/><h2 class=\"woocommerce-loop-product__title\">LINI<\/h2>\n\t<span class=\"price\"><span class=\"woocommerce-Price-amount amount\"><bdi>10.00&nbsp;<span class=\"woocommerce-Price-currencySymbol\">&euro;<\/span><\/bdi><\/span> <small class=\"woocommerce-price-suffix\">iesk. PVN<\/small><\/span>\n<\/a><a href=\"https:\/\/lauska.lv\/veikals\/Preces\/lini\/\" data-quantity=\"1\" class=\"button product_type_simple\" data-product_id=\"1439\" data-product_sku=\"2008 CD_aaraa_01\" aria-label=\"Read more about &ldquo;LINI&rdquo;\" aria-describedby=\"\" rel=\"nofollow\">Skat\u012bt<\/a><\/li>\n<\/ul>\n<\/div>\n\r\n\r\n\r\n<h2 class=\"wp-block-heading\" style=\"text-align:center\">Video<\/h2>\r\n\r\n\r\n\r\n<hr class=\"wp-block-separator\"\/>\r\n","protected":false},"excerpt":{"rendered":"<p>Published by lauska Video<\/p>\n","protected":false},"author":2,"featured_media":0,"parent":222,"menu_order":0,"comment_status":"closed","ping_status":"closed","template":"page-group.php","meta":{"jetpack_post_was_ever_published":false,"footnotes":""},"categories":[589,612],"tags":[],"jetpack_sharing_enabled":true,"_links":{"self":[{"href":"https:\/\/lauska.lv\/veikals\/wp-json\/wp\/v2\/pages\/2120"}],"collection":[{"href":"https:\/\/lauska.lv\/veikals\/wp-json\/wp\/v2\/pages"}],"about":[{"href":"https:\/\/lauska.lv\/veikals\/wp-json\/wp\/v2\/types\/page"}],"author":[{"embeddable":true,"href":"https:\/\/lauska.lv\/veikals\/wp-json\/wp\/v2\/users\/2"}],"replies":[{"embeddable":true,"href":"https:\/\/lauska.lv\/veikals\/wp-json\/wp\/v2\/comments?post=2120"}],"version-history":[{"count":2,"href":"https:\/\/lauska.lv\/veikals\/wp-json\/wp\/v2\/pages\/2120\/revisions"}],"predecessor-version":[{"id":2554,"href":"https:\/\/lauska.lv\/veikals\/wp-json\/wp\/v2\/pages\/2120\/revisions\/2554"}],"up":[{"embeddable":true,"href":"https:\/\/lauska.lv\/veikals\/wp-json\/wp\/v2\/pages\/222"}],"wp:attachment":[{"href":"https:\/\/lauska.lv\/veikals\/wp-json\/wp\/v2\/media?parent=2120"}],"wp:term":[{"taxonomy":"category","embeddable":true,"href":"https:\/\/lauska.lv\/veikals\/wp-json\/wp\/v2\/categories?post=2120"},{"taxonomy":"post_tag","embeddable":true,"href":"https:\/\/lauska.lv\/veikals\/wp-json\/wp\/v2\/tags?post=2120"}],"curies":[{"name":"wp","href":"https:\/\/api.w.org\/{rel}","templated":true}]}}