{"id":1929,"date":"2018-08-27T13:38:13","date_gmt":"2018-08-27T10:38:13","guid":{"rendered":"http:\/\/lauska.lv\/veikals\/artists\/balle-pie-ratna-zirdzina\/"},"modified":"2018-09-26T19:20:38","modified_gmt":"2018-09-26T16:20:38","slug":"balle-pie-ratna-zirdzina","status":"publish","type":"page","link":"https:\/\/lauska.lv\/veikals\/artists\/balle-pie-ratna-zirdzina\/?lang=en","title":{"rendered":"Balle pie r\u0101tn\u0101 zirdzi\u0146a"},"content":{"rendered":"\r\n<div class=\"wp-block-organic-profile-block\"><div class=\"organic-profile-content-title\"><nameartist>Balle pie r\u0101tn\u0101 zirdzi\u0146a<\/nameartist><hr\/><\/div><div class=\"organic-profile-content-flex\" style=\"text-align:left\"><div class=\"organic-profile-image\" style=\"background-image:url(http:\/\/lauska.lv\/veikalsbeta\/wp-content\/uploads\/sites\/6\/2018\/08\/Group_BallePieRatnaZirdzina.jpg)\"><img decoding=\"async\" src=\"http:\/\/lauska.lv\/veikalsbeta\/wp-content\/uploads\/sites\/6\/2018\/08\/Group_BallePieRatnaZirdzina.jpg\"\/><\/div><div class=\"organic-profile-content\" style=\"text-align:left\"><p><strong>Lauma B\u0113rza<\/strong>\u00a0\u2013 violin<br\/><strong>Jolanta \u0112ceniece<\/strong>\u00a0\u2013 trumpet<br\/><strong>Raitis Sondors<\/strong>\u00a0\u2013 bajan<br\/><strong>Ansis Jansons<\/strong>\u00a0\u2013 clarinette<br\/><strong>Oskars Patjanko<\/strong>\u00a0\u2013 helicon <br\/><br\/>This group unites musicians who are interested in the authentic sound of songs and dances of the beginning of the 20th century. Each of the musicians have studied thoroughly a particular instrument, but together they play music, that is still very much alive nowadays, but creates a nice retro-feeling of dance-gatherings of the old times. <br\/><\/p><div class=\"organic-profile-social\"><a class=\"social-link\" href=\"https:\/\/www.facebook.com\/events\/626022750800124\" target=\"_blank\"><i class=\"fab fa-facebook-f\"><\/i><\/a><\/div><\/div><\/div><\/div>\r\n\r\n\r\n\r\n<h2 class=\"wp-block-heading\" style=\"text-align:center\">Published by lauska<\/h2>\r\n\r\n\r\n\r\n<hr class=\"wp-block-separator\"\/>\r\n\r\n\r\n<div class=\"woocommerce columns-4 \"><ul class=\"products columns-4\">\n<li class=\"product type-product post-1158 status-publish first instock product_cat-amorala-psihoze product_cat-auli product_cat-austrumkalns product_cat-balle-pie-ratna-zirdzina product_cat-black-diamonds product_cat-cesu-medibu-kolektiva-cepurisu-orkestris product_cat-dardi product_cat-dj-monsta product_cat-gaudeamus-viru-koris product_cat-jauno-janu-orkestris product_cat-katalogs product_cat-masas-dimantas product_cat-milleru-balandinu-gimene product_cat-post-folks product_cat-prievisu-andris product_cat-rasata product_cat-raxtu-raxti product_cat-riksi product_cat-sviests product_cat-symbolic product_cat-trio-smite-karkle-cinkuss product_cat-zala-zale product_cat-zanri product_cat-zari product_cat-zarins-jekabs product_tag-43 has-post-thumbnail taxable shipping-taxable purchasable product-type-simple\">\n\t<a href=\"https:\/\/lauska.lv\/veikals\/Preces\/sviests-6\/\" class=\"woocommerce-LoopProduct-link woocommerce-loop-product__link\"><img fetchpriority=\"high\" decoding=\"async\" width=\"324\" height=\"324\" src=\"https:\/\/lauska.lv\/veikals\/wp-content\/uploads\/sites\/6\/2018\/08\/Cover_Sviests_6_01-324x324.jpg\" class=\"attachment-woocommerce_thumbnail size-woocommerce_thumbnail\" alt=\"\" srcset=\"https:\/\/lauska.lv\/veikals\/wp-content\/uploads\/sites\/6\/2018\/08\/Cover_Sviests_6_01-324x324.jpg 324w, https:\/\/lauska.lv\/veikals\/wp-content\/uploads\/sites\/6\/2018\/08\/Cover_Sviests_6_01-100x100.jpg 100w, https:\/\/lauska.lv\/veikals\/wp-content\/uploads\/sites\/6\/2018\/08\/Cover_Sviests_6_01-150x150.jpg 150w\" sizes=\"(max-width: 324px) 100vw, 324px\" \/><h2 class=\"woocommerce-loop-product__title\">SVIESTS 6<\/h2>\n\t<span class=\"price\"><span class=\"woocommerce-Price-amount amount\"><bdi>10.00&nbsp;<span class=\"woocommerce-Price-currencySymbol\">&euro;<\/span><\/bdi><\/span> <small class=\"woocommerce-price-suffix\">iesk. PVN<\/small><\/span>\n<\/a><a href=\"?add-to-cart=1158\" data-quantity=\"1\" class=\"button product_type_simple add_to_cart_button ajax_add_to_cart\" data-product_id=\"1158\" data-product_sku=\"2015 CD057\" aria-label=\"Add to cart: &ldquo;SVIESTS 6&rdquo;\" aria-describedby=\"\" rel=\"nofollow\">+<\/a><\/li>\n<\/ul>\n<\/div>\n\r\n\r\n\r\n<h2 class=\"wp-block-heading\" style=\"text-align:center\">Video<\/h2>\r\n\r\n\r\n\r\n<hr class=\"wp-block-separator\"\/>\r\n","protected":false},"excerpt":{"rendered":"<p>Published by lauska Video<\/p>\n","protected":false},"author":2,"featured_media":0,"parent":222,"menu_order":0,"comment_status":"closed","ping_status":"closed","template":"page-group.php","meta":{"jetpack_post_was_ever_published":false,"footnotes":""},"categories":[589,594],"tags":[],"jetpack_sharing_enabled":true,"_links":{"self":[{"href":"https:\/\/lauska.lv\/veikals\/wp-json\/wp\/v2\/pages\/1929"}],"collection":[{"href":"https:\/\/lauska.lv\/veikals\/wp-json\/wp\/v2\/pages"}],"about":[{"href":"https:\/\/lauska.lv\/veikals\/wp-json\/wp\/v2\/types\/page"}],"author":[{"embeddable":true,"href":"https:\/\/lauska.lv\/veikals\/wp-json\/wp\/v2\/users\/2"}],"replies":[{"embeddable":true,"href":"https:\/\/lauska.lv\/veikals\/wp-json\/wp\/v2\/comments?post=1929"}],"version-history":[{"count":2,"href":"https:\/\/lauska.lv\/veikals\/wp-json\/wp\/v2\/pages\/1929\/revisions"}],"predecessor-version":[{"id":2462,"href":"https:\/\/lauska.lv\/veikals\/wp-json\/wp\/v2\/pages\/1929\/revisions\/2462"}],"up":[{"embeddable":true,"href":"https:\/\/lauska.lv\/veikals\/wp-json\/wp\/v2\/pages\/222"}],"wp:attachment":[{"href":"https:\/\/lauska.lv\/veikals\/wp-json\/wp\/v2\/media?parent=1929"}],"wp:term":[{"taxonomy":"category","embeddable":true,"href":"https:\/\/lauska.lv\/veikals\/wp-json\/wp\/v2\/categories?post=1929"},{"taxonomy":"post_tag","embeddable":true,"href":"https:\/\/lauska.lv\/veikals\/wp-json\/wp\/v2\/tags?post=1929"}],"curies":[{"name":"wp","href":"https:\/\/api.w.org\/{rel}","templated":true}]}}