{"id":1919,"date":"2018-08-27T14:00:01","date_gmt":"2018-08-27T11:00:01","guid":{"rendered":"http:\/\/lauska.lv\/veikals\/artists\/brali-un-masas\/"},"modified":"2018-09-26T19:21:19","modified_gmt":"2018-09-26T16:21:19","slug":"brali-un-masas","status":"publish","type":"page","link":"https:\/\/lauska.lv\/veikals\/artists\/brali-un-masas\/?lang=en","title":{"rendered":"Br\u0101\u013ci un m\u0101sas"},"content":{"rendered":"\r\n<div class=\"wp-block-organic-profile-block\"><div class=\"organic-profile-content-title\"><nameartist>Br\u0101\u013ci un m\u0101sas<\/nameartist><hr\/><\/div><div class=\"organic-profile-content-flex\" style=\"text-align:left\"><div class=\"organic-profile-image\" style=\"background-image:url(http:\/\/lauska.lv\/veikalsbeta\/wp-content\/uploads\/sites\/6\/2018\/08\/Group_BraliunMasas.jpg)\"><img decoding=\"async\" src=\"http:\/\/lauska.lv\/veikalsbeta\/wp-content\/uploads\/sites\/6\/2018\/08\/Group_BraliunMasas.jpg\"\/><\/div><div class=\"organic-profile-content\" style=\"text-align:left\"><p><strong>Krist\u012bne K\u0101rkle<\/strong>\u00a0vocal, violin<br\/><strong>Edgars K\u0101rklis<\/strong>\u00a0vocal, accordion, flutes, bagpipes<br\/><strong>Artis Orubs<\/strong>\u00a0drums, percussions, vibraphone, keys, vocal<br\/><strong>Ilze Grunte<\/strong>\u00a012-string guitar, harp, banjo<br\/><strong>Andris Grunte<\/strong>\u00a0double bass <br\/><br\/>Br\u0101\u013ci un m\u0101sas \u2013 Brothers and Sisters. Over the years the musicians have met up in various bands, producing contemporary readings of Latvian-rooted folk and world music. This time around their sound is not just the sum of their common onstage experiences \u2013 it comes enriched by real ties of blood. Since childhood Ilze and Andris, as well as Krist\u012bne and Edgars have been making music together as siblings. And Artis fits heart and soul with their combined clans as a close kindred spirit and creative affiliate. To play together with the folk you love and feel in pure fellowship, among whom you can communicate without words, in the language of music, now that is a fertile field! <br\/><\/p><div class=\"organic-profile-social\"><a class=\"social-link\" href=\"https:\/\/www.facebook.com\/brothers.n.sisters.music\/\" target=\"_blank\"><i class=\"fab fa-facebook-f\"><\/i><\/a><a class=\"social-link\" href=\"https:\/\/www.youtube.com\/channel\/UCJLmkZPq2JC8tXzl_tTU3RA\" target=\"_blank\"><i class=\"fab fa-youtube\"><\/i><\/a><a class=\"social-link\" href=\"https:\/\/soundcloud.com\/brothersnsistersmusic\" target=\"_blank\"><i class=\"fab fa-soundcloud\"><\/i><\/a><\/div><\/div><\/div><\/div>\r\n\r\n\r\n\r\n<h2 class=\"wp-block-heading\" style=\"text-align:center\">Published by lauska<\/h2>\r\n\r\n\r\n\r\n<hr class=\"wp-block-separator\"\/>\r\n\r\n\r\n<div class=\"woocommerce columns-4 \"><ul class=\"products columns-4\">\n<li class=\"product type-product post-975 status-publish first instock product_cat-artemisia-absinthium product_cat-bezgalibiesi product_cat-brali-un-masas product_cat-ceidari product_cat-dj-monsta product_cat-elza-rozentale-un-bur-mani product_cat-gaudeamus-viru-koris product_cat-jansone-laima product_cat-jansons-oskars product_cat-jauno-janu-orkestris product_cat-katalogs product_cat-kazaks-karlis product_cat-lipors-edgars product_cat-misters product_cat-muktupavela-ruta product_cat-muktupavels-valdis product_cat-post-folks product_cat-rava product_cat-skandi product_cat-sviests product_cat-tautumeitas product_cat-teikas-muzikanti product_cat-trejasmens product_cat-varna product_cat-zanri product_tag-46 has-post-thumbnail taxable shipping-taxable purchasable product-type-simple\">\n\t<a href=\"https:\/\/lauska.lv\/veikals\/Preces\/sviests-7\/\" class=\"woocommerce-LoopProduct-link woocommerce-loop-product__link\"><img fetchpriority=\"high\" decoding=\"async\" width=\"324\" height=\"324\" src=\"https:\/\/lauska.lv\/veikals\/wp-content\/uploads\/sites\/6\/2018\/08\/sviests7-front-small-324x324.jpg\" class=\"attachment-woocommerce_thumbnail size-woocommerce_thumbnail\" alt=\"\" srcset=\"https:\/\/lauska.lv\/veikals\/wp-content\/uploads\/sites\/6\/2018\/08\/sviests7-front-small-324x324.jpg 324w, https:\/\/lauska.lv\/veikals\/wp-content\/uploads\/sites\/6\/2018\/08\/sviests7-front-small-100x100.jpg 100w, https:\/\/lauska.lv\/veikals\/wp-content\/uploads\/sites\/6\/2018\/08\/sviests7-front-small-150x150.jpg 150w\" sizes=\"(max-width: 324px) 100vw, 324px\" \/><h2 class=\"woocommerce-loop-product__title\">SVIESTS 7<\/h2>\n\t<span class=\"price\"><span class=\"woocommerce-Price-amount amount\"><bdi>10.00&nbsp;<span class=\"woocommerce-Price-currencySymbol\">&euro;<\/span><\/bdi><\/span> <small class=\"woocommerce-price-suffix\">iesk. PVN<\/small><\/span>\n<\/a><a href=\"?add-to-cart=975\" data-quantity=\"1\" class=\"button product_type_simple add_to_cart_button ajax_add_to_cart\" data-product_id=\"975\" data-product_sku=\"2017 CD071\" aria-label=\"Add to cart: &ldquo;SVIESTS 7&rdquo;\" aria-describedby=\"\" rel=\"nofollow\">+<\/a><\/li>\n<li class=\"product type-product post-1007 status-publish outofstock product_cat-brali-un-masas product_cat-katalogs product_cat-post-folks product_cat-zanri product_tag-44 has-post-thumbnail taxable shipping-taxable purchasable product-type-simple\">\n\t<a href=\"https:\/\/lauska.lv\/veikals\/Preces\/divejadi\/\" class=\"woocommerce-LoopProduct-link woocommerce-loop-product__link\"><img decoding=\"async\" width=\"324\" height=\"324\" src=\"https:\/\/lauska.lv\/veikals\/wp-content\/uploads\/sites\/6\/2018\/08\/Divejadi_CD_cover-324x324.jpg\" class=\"attachment-woocommerce_thumbnail size-woocommerce_thumbnail\" alt=\"\" srcset=\"https:\/\/lauska.lv\/veikals\/wp-content\/uploads\/sites\/6\/2018\/08\/Divejadi_CD_cover-324x324.jpg 324w, https:\/\/lauska.lv\/veikals\/wp-content\/uploads\/sites\/6\/2018\/08\/Divejadi_CD_cover-100x100.jpg 100w, https:\/\/lauska.lv\/veikals\/wp-content\/uploads\/sites\/6\/2018\/08\/Divejadi_CD_cover-150x150.jpg 150w\" sizes=\"(max-width: 324px) 100vw, 324px\" \/><h2 class=\"woocommerce-loop-product__title\">Div\u0113j\u0101di<\/h2>\n\t<span class=\"price\"><span class=\"woocommerce-Price-amount amount\"><bdi>10.00&nbsp;<span class=\"woocommerce-Price-currencySymbol\">&euro;<\/span><\/bdi><\/span> <small class=\"woocommerce-price-suffix\">iesk. PVN<\/small><\/span>\n<\/a><a href=\"https:\/\/lauska.lv\/veikals\/Preces\/divejadi\/\" data-quantity=\"1\" class=\"button product_type_simple\" data-product_id=\"1007\" data-product_sku=\"2016 CD_aaraa_01\" aria-label=\"Read more about &ldquo;Div\u0113j\u0101di&rdquo;\" aria-describedby=\"\" rel=\"nofollow\">Skat\u012bt<\/a><\/li>\n<\/ul>\n<\/div>\n\r\n\r\n\r\n<h2 class=\"wp-block-heading\" style=\"text-align:center\">Video<\/h2>\r\n\r\n\r\n\r\n<hr class=\"wp-block-separator\"\/>\r\n\r\n\r\n\r\n<figure class=\"wp-block-embed-youtube wp-block-embed is-type-video is-provider-youtube\">\r\n<span class=\"embed-youtube\" style=\"text-align:center; display: block;\"><iframe class=\"youtube-player\" width=\"980\" height=\"552\" src=\"https:\/\/www.youtube.com\/embed\/r0R7Ipy9fRQ?version=3&#038;rel=1&#038;showsearch=0&#038;showinfo=1&#038;iv_load_policy=1&#038;fs=1&#038;hl=lv-LV&#038;autohide=2&#038;wmode=transparent\" allowfullscreen=\"true\" style=\"border:0;\" sandbox=\"allow-scripts allow-same-origin allow-popups allow-presentation allow-popups-to-escape-sandbox\"><\/iframe><\/span>\r\n<\/figure>\r\n","protected":false},"excerpt":{"rendered":"<p>Published by lauska Video<\/p>\n","protected":false},"author":2,"featured_media":0,"parent":222,"menu_order":0,"comment_status":"closed","ping_status":"closed","template":"page-group.php","meta":{"jetpack_post_was_ever_published":false,"footnotes":""},"categories":[589,594],"tags":[],"jetpack_sharing_enabled":true,"_links":{"self":[{"href":"https:\/\/lauska.lv\/veikals\/wp-json\/wp\/v2\/pages\/1919"}],"collection":[{"href":"https:\/\/lauska.lv\/veikals\/wp-json\/wp\/v2\/pages"}],"about":[{"href":"https:\/\/lauska.lv\/veikals\/wp-json\/wp\/v2\/types\/page"}],"author":[{"embeddable":true,"href":"https:\/\/lauska.lv\/veikals\/wp-json\/wp\/v2\/users\/2"}],"replies":[{"embeddable":true,"href":"https:\/\/lauska.lv\/veikals\/wp-json\/wp\/v2\/comments?post=1919"}],"version-history":[{"count":2,"href":"https:\/\/lauska.lv\/veikals\/wp-json\/wp\/v2\/pages\/1919\/revisions"}],"predecessor-version":[{"id":2471,"href":"https:\/\/lauska.lv\/veikals\/wp-json\/wp\/v2\/pages\/1919\/revisions\/2471"}],"up":[{"embeddable":true,"href":"https:\/\/lauska.lv\/veikals\/wp-json\/wp\/v2\/pages\/222"}],"wp:attachment":[{"href":"https:\/\/lauska.lv\/veikals\/wp-json\/wp\/v2\/media?parent=1919"}],"wp:term":[{"taxonomy":"category","embeddable":true,"href":"https:\/\/lauska.lv\/veikals\/wp-json\/wp\/v2\/categories?post=1919"},{"taxonomy":"post_tag","embeddable":true,"href":"https:\/\/lauska.lv\/veikals\/wp-json\/wp\/v2\/tags?post=1919"}],"curies":[{"name":"wp","href":"https:\/\/api.w.org\/{rel}","templated":true}]}}