{"id":18572,"date":"2024-02-09T10:19:50","date_gmt":"2024-02-09T08:19:50","guid":{"rendered":"https:\/\/lauska.lv\/veikals\/artists\/ogas\/"},"modified":"2026-02-15T19:49:07","modified_gmt":"2026-02-15T17:49:07","slug":"ogas","status":"publish","type":"page","link":"https:\/\/lauska.lv\/veikals\/artists\/ogas\/?lang=en","title":{"rendered":"Ogas"},"content":{"rendered":"\n<h2 class=\"wp-block-heading\">Ogas<\/h2>\n\n\n\n<figure class=\"wp-block-image size-full\"><img fetchpriority=\"high\" decoding=\"async\" width=\"800\" height=\"533\" src=\"https:\/\/lauska.lv\/veikals\/wp-content\/uploads\/sites\/6\/2026\/02\/OGAS-un-Armands-1.jpg\" alt=\"\" class=\"wp-image-18577\" srcset=\"https:\/\/lauska.lv\/veikals\/wp-content\/uploads\/sites\/6\/2026\/02\/OGAS-un-Armands-1.jpg 800w, https:\/\/lauska.lv\/veikals\/wp-content\/uploads\/sites\/6\/2026\/02\/OGAS-un-Armands-1-300x200.jpg 300w, https:\/\/lauska.lv\/veikals\/wp-content\/uploads\/sites\/6\/2026\/02\/OGAS-un-Armands-1-768x512.jpg 768w, https:\/\/lauska.lv\/veikals\/wp-content\/uploads\/sites\/6\/2026\/02\/OGAS-un-Armands-1-416x277.jpg 416w\" sizes=\"(max-width: 800px) 100vw, 800px\" \/><\/figure>\n\n\n\nGrupas sast\u0101vs:\nIgeta Ozoli\u0146a \u2014 kokle, balss,\nAgate Pa\u0161tore \u2014 akordeons\nEl\u012bna L\u012bce \u2014 stabules, akustisk\u0101 \u0123it\u0101ra\nL\u012bga But\u0101ne \u2014 vijole\nLu\u012bze V\u012btola \u2014 balss\nArt\u016brs U\u0161k\u0101ns \u2014 bass, d\u016bdas, balss, multiinstrument\u0101lists\nKristaps Karps \u2014 bungas, perkusijas\n\n&#8220;OGAS&#8221; ir Latvijas ethno-fusion un turbo-folk etnogrupa no R\u012bgas, kas dibin\u0101ta 2017. gad\u0101. Grupas sast\u0101v\u0101 darbojas profesion\u0101li m\u016bzi\u0137i, kuri sp\u0113l\u0113 akustiskos instrumentus \u2014 kokli, d\u016bdas, akordeonu, stabuli, vijoli un citus tautas m\u016bzikas instrumentus. To skan\u0113jums tiek papildin\u0101ts ar bas\u0123it\u0101ru un bung\u0101m. Grupas priek\u0161nesumos skan latvie\u0161u, \u012bru, ukrai\u0146u un citu tautu melodijas m\u016bsdien\u012bgos aran\u017e\u0113jumos. Etnogrupa &#8220;OGAS&#8221; regul\u0101ri koncert\u0113 Latvij\u0101, uzst\u0101jusies ar\u012b Kan\u0101d\u0101, Be\u013c\u0123ij\u0101 un V\u0101cij\u0101. 2025. gad\u0101 grupa sa\u0146\u0113ma presti\u017eo balvu \u201cZelta Mikrofons\u201d kategorij\u0101 \u201cGada lab\u0101kais tautas vai pasaules m\u016bzikas albums\u201d, un tika nomin\u0113ta balvai &#8220;GAMMA&#8221; kategorij\u0101 &#8220;Tautas m\u016bzika\/folks&#8221;.\nGrupa uzst\u0101jusies festiv\u0101los &#8220;Laba Daba&#8221;, \u201cValmiermui\u017eas etnom\u016bzikas festiv\u0101ls\u201d, \u201cSummer Sound\u201dieska\u0146a, M\u016bzikas un m\u0101kslas festiv\u0101ls &#8220;Bildes&#8221;, Festiv\u0101ls Gunta Skrasti\u0146a piemi\u0146ai, Latvijas Telev\u012bzijas raid\u012bjum\u0101 &#8220;Latvijas Sirdsdziesma&#8221;, LTV labdar\u012bbas koncertos \u201cUkrainas br\u012bv\u012bbai\u201d, \u201cKop\u0101 ar Ukrainu\u201d, \u201cNo sirds Ukrainai\u201d,  Lietuvas telev\u012bzijas raid\u012bjum\u0101 \u201cDuokim Garo!\u201d, Labdar\u012bbas maraton\u0101 \u201cDod pieci!\u201d, labdar\u012bbas koncertos \u201cAr m\u016bziku pret v\u0113tru\u201d un \u201cAr m\u016bziku p\u0113c v\u0113tras\u201d.\nIzdevniec\u012bba \u201cLauska\u201d laidusi klaj\u0101 grupas albumus: &#8220;LAIKARATI&#8221; (2023), &#8220;OK, LAIME!&#8221; (2024), &#8220;ROKAM!&#8221; kop\u0101 ar Armandu Alksni (2025).\n\n\n\n<div class=\"woocommerce columns-4 \"><ul class=\"products columns-4\">\n<li class=\"product type-product post-18589 status-publish first instock product_cat-ogas product_cat-post-folks product_tag-757 has-post-thumbnail taxable shipping-taxable purchasable product-type-simple\">\n\t<a href=\"https:\/\/lauska.lv\/veikals\/Preces\/rokam\/\" class=\"woocommerce-LoopProduct-link woocommerce-loop-product__link\"><img decoding=\"async\" width=\"324\" height=\"324\" src=\"https:\/\/lauska.lv\/veikals\/wp-content\/uploads\/sites\/6\/2026\/02\/CD_ROKAM_cover_3000px-324x324.jpg\" class=\"attachment-woocommerce_thumbnail size-woocommerce_thumbnail\" alt=\"\" srcset=\"https:\/\/lauska.lv\/veikals\/wp-content\/uploads\/sites\/6\/2026\/02\/CD_ROKAM_cover_3000px-324x324.jpg 324w, https:\/\/lauska.lv\/veikals\/wp-content\/uploads\/sites\/6\/2026\/02\/CD_ROKAM_cover_3000px-300x300.jpg 300w, https:\/\/lauska.lv\/veikals\/wp-content\/uploads\/sites\/6\/2026\/02\/CD_ROKAM_cover_3000px-150x150.jpg 150w, https:\/\/lauska.lv\/veikals\/wp-content\/uploads\/sites\/6\/2026\/02\/CD_ROKAM_cover_3000px-768x768.jpg 768w, https:\/\/lauska.lv\/veikals\/wp-content\/uploads\/sites\/6\/2026\/02\/CD_ROKAM_cover_3000px-416x416.jpg 416w, https:\/\/lauska.lv\/veikals\/wp-content\/uploads\/sites\/6\/2026\/02\/CD_ROKAM_cover_3000px-100x100.jpg 100w, https:\/\/lauska.lv\/veikals\/wp-content\/uploads\/sites\/6\/2026\/02\/CD_ROKAM_cover_3000px.jpg 800w\" sizes=\"(max-width: 324px) 100vw, 324px\" \/><h2 class=\"woocommerce-loop-product__title\">Rokam!<\/h2>\n\t<span class=\"price\"><span class=\"woocommerce-Price-amount amount\"><bdi>10.00&nbsp;<span class=\"woocommerce-Price-currencySymbol\">&euro;<\/span><\/bdi><\/span> <small class=\"woocommerce-price-suffix\">iesk. PVN<\/small><\/span>\n<\/a><a href=\"?add-to-cart=18589\" data-quantity=\"1\" class=\"button product_type_simple add_to_cart_button ajax_add_to_cart\" data-product_id=\"18589\" data-product_sku=\"OGAS 2025\" aria-label=\"Add to cart: &ldquo;Rokam!&rdquo;\" aria-describedby=\"\" rel=\"nofollow\">+<\/a><\/li>\n<li class=\"product type-product post-18583 status-publish instock product_cat-ogas product_cat-post-folks product_tag-736 has-post-thumbnail taxable shipping-taxable purchasable product-type-simple\">\n\t<a href=\"https:\/\/lauska.lv\/veikals\/Preces\/ok-laime\/\" class=\"woocommerce-LoopProduct-link woocommerce-loop-product__link\"><img decoding=\"async\" width=\"324\" height=\"324\" src=\"https:\/\/lauska.lv\/veikals\/wp-content\/uploads\/sites\/6\/2026\/02\/OGAS_OK-Laime_CD_3000px-324x324.jpg\" class=\"attachment-woocommerce_thumbnail size-woocommerce_thumbnail\" alt=\"\" srcset=\"https:\/\/lauska.lv\/veikals\/wp-content\/uploads\/sites\/6\/2026\/02\/OGAS_OK-Laime_CD_3000px-324x324.jpg 324w, https:\/\/lauska.lv\/veikals\/wp-content\/uploads\/sites\/6\/2026\/02\/OGAS_OK-Laime_CD_3000px-300x300.jpg 300w, https:\/\/lauska.lv\/veikals\/wp-content\/uploads\/sites\/6\/2026\/02\/OGAS_OK-Laime_CD_3000px-150x150.jpg 150w, https:\/\/lauska.lv\/veikals\/wp-content\/uploads\/sites\/6\/2026\/02\/OGAS_OK-Laime_CD_3000px-768x768.jpg 768w, https:\/\/lauska.lv\/veikals\/wp-content\/uploads\/sites\/6\/2026\/02\/OGAS_OK-Laime_CD_3000px-416x416.jpg 416w, https:\/\/lauska.lv\/veikals\/wp-content\/uploads\/sites\/6\/2026\/02\/OGAS_OK-Laime_CD_3000px-100x100.jpg 100w, https:\/\/lauska.lv\/veikals\/wp-content\/uploads\/sites\/6\/2026\/02\/OGAS_OK-Laime_CD_3000px.jpg 800w\" sizes=\"(max-width: 324px) 100vw, 324px\" \/><h2 class=\"woocommerce-loop-product__title\">Ok, laime!<\/h2>\n\t<span class=\"price\"><span class=\"woocommerce-Price-amount amount\"><bdi>10.00&nbsp;<span class=\"woocommerce-Price-currencySymbol\">&euro;<\/span><\/bdi><\/span> <small class=\"woocommerce-price-suffix\">iesk. PVN<\/small><\/span>\n<\/a><a href=\"?add-to-cart=18583\" data-quantity=\"1\" class=\"button product_type_simple add_to_cart_button ajax_add_to_cart\" data-product_id=\"18583\" data-product_sku=\"OGAS 2024\" aria-label=\"Add to cart: &ldquo;Ok, laime!&rdquo;\" aria-describedby=\"\" rel=\"nofollow\">+<\/a><\/li>\n<li class=\"product type-product post-18249 status-publish instock product_cat-adriana-gotlube product_cat-aiiz product_cat-baltic-sisters product_cat-cirse-latvite product_cat-garataka product_cat-katalogs product_cat-krace product_cat-laiksne product_cat-lans product_cat-lausa product_cat-ligas-ph3 product_cat-maijers-aleksandrs product_cat-ogas product_cat-saucejas product_cat-sviests product_cat-zanri product_tag-729 has-post-thumbnail taxable shipping-taxable purchasable product-type-simple\">\n\t<a href=\"https:\/\/lauska.lv\/veikals\/Preces\/sviests-10\/\" class=\"woocommerce-LoopProduct-link woocommerce-loop-product__link\"><img loading=\"lazy\" decoding=\"async\" width=\"324\" height=\"324\" src=\"https:\/\/lauska.lv\/veikals\/wp-content\/uploads\/sites\/6\/2023\/11\/Sviests10-850px-324x324.jpg\" class=\"attachment-woocommerce_thumbnail size-woocommerce_thumbnail\" alt=\"\" srcset=\"https:\/\/lauska.lv\/veikals\/wp-content\/uploads\/sites\/6\/2023\/11\/Sviests10-850px-324x324.jpg 324w, https:\/\/lauska.lv\/veikals\/wp-content\/uploads\/sites\/6\/2023\/11\/Sviests10-850px-300x300.jpg 300w, https:\/\/lauska.lv\/veikals\/wp-content\/uploads\/sites\/6\/2023\/11\/Sviests10-850px-150x150.jpg 150w, https:\/\/lauska.lv\/veikals\/wp-content\/uploads\/sites\/6\/2023\/11\/Sviests10-850px-768x768.jpg 768w, https:\/\/lauska.lv\/veikals\/wp-content\/uploads\/sites\/6\/2023\/11\/Sviests10-850px-416x416.jpg 416w, https:\/\/lauska.lv\/veikals\/wp-content\/uploads\/sites\/6\/2023\/11\/Sviests10-850px-100x100.jpg 100w, https:\/\/lauska.lv\/veikals\/wp-content\/uploads\/sites\/6\/2023\/11\/Sviests10-850px.jpg 850w\" sizes=\"(max-width: 324px) 100vw, 324px\" \/><h2 class=\"woocommerce-loop-product__title\">SVIESTS 10<\/h2>\n\t<span class=\"price\"><span class=\"woocommerce-Price-amount amount\"><bdi>10.00&nbsp;<span class=\"woocommerce-Price-currencySymbol\">&euro;<\/span><\/bdi><\/span> <small class=\"woocommerce-price-suffix\">iesk. PVN<\/small><\/span>\n<\/a><a href=\"?add-to-cart=18249\" data-quantity=\"1\" class=\"button product_type_simple add_to_cart_button ajax_add_to_cart\" data-product_id=\"18249\" data-product_sku=\"CD 105\" aria-label=\"Add to cart: &ldquo;SVIESTS 10&rdquo;\" aria-describedby=\"\" rel=\"nofollow\">+<\/a><\/li>\n<\/ul>\n<\/div>\n\n\n\n<p><iframe width=\"560\" height=\"315\" src=\"https:\/\/www.youtube.com\/embed\/P9fdUaudF_E?si=5kucofe0HZ1njaX7\" title=\"YouTube video player\" frameborder=\"0\" allow=\"accelerometer; autoplay; clipboard-write; encrypted-media; gyroscope; picture-in-picture; web-share\" allowfullscreen=\"\"><\/iframe><\/p>\n","protected":false},"excerpt":{"rendered":"<p>Ogas Grupas sast\u0101vs: Igeta Ozoli\u0146a \u2014 kokle, balss, Agate Pa\u0161tore \u2014 akordeons El\u012bna L\u012bce \u2014 stabules, akustisk\u0101 \u0123it\u0101ra L\u012bga But\u0101ne \u2014 vijole Lu\u012bze V\u012btola \u2014 balss Art\u016brs U\u0161k\u0101ns \u2014 bass, d\u016bdas, balss, multiinstrument\u0101lists Kristaps Karps \u2014 bungas, perkusijas &#8220;OGAS&#8221; ir Latvijas ethno-fusion un turbo-folk etnogrupa no R\u012bgas, kas dibin\u0101ta 2017. gad\u0101. Grupas sast\u0101v\u0101 darbojas profesion\u0101li [&hellip;]<\/p>\n","protected":false},"author":1,"featured_media":18568,"parent":222,"menu_order":0,"comment_status":"closed","ping_status":"closed","template":"page-group.php","meta":{"jetpack_post_was_ever_published":false,"footnotes":""},"categories":[589,618],"tags":[],"jetpack_sharing_enabled":true,"_links":{"self":[{"href":"https:\/\/lauska.lv\/veikals\/wp-json\/wp\/v2\/pages\/18572"}],"collection":[{"href":"https:\/\/lauska.lv\/veikals\/wp-json\/wp\/v2\/pages"}],"about":[{"href":"https:\/\/lauska.lv\/veikals\/wp-json\/wp\/v2\/types\/page"}],"author":[{"embeddable":true,"href":"https:\/\/lauska.lv\/veikals\/wp-json\/wp\/v2\/users\/1"}],"replies":[{"embeddable":true,"href":"https:\/\/lauska.lv\/veikals\/wp-json\/wp\/v2\/comments?post=18572"}],"version-history":[{"count":2,"href":"https:\/\/lauska.lv\/veikals\/wp-json\/wp\/v2\/pages\/18572\/revisions"}],"predecessor-version":[{"id":18581,"href":"https:\/\/lauska.lv\/veikals\/wp-json\/wp\/v2\/pages\/18572\/revisions\/18581"}],"up":[{"embeddable":true,"href":"https:\/\/lauska.lv\/veikals\/wp-json\/wp\/v2\/pages\/222"}],"wp:featuredmedia":[{"embeddable":true,"href":"https:\/\/lauska.lv\/veikals\/wp-json\/wp\/v2\/media\/18568"}],"wp:attachment":[{"href":"https:\/\/lauska.lv\/veikals\/wp-json\/wp\/v2\/media?parent=18572"}],"wp:term":[{"taxonomy":"category","embeddable":true,"href":"https:\/\/lauska.lv\/veikals\/wp-json\/wp\/v2\/categories?post=18572"},{"taxonomy":"post_tag","embeddable":true,"href":"https:\/\/lauska.lv\/veikals\/wp-json\/wp\/v2\/tags?post=18572"}],"curies":[{"name":"wp","href":"https:\/\/api.w.org\/{rel}","templated":true}]}}