{"id":18498,"date":"2024-12-06T11:48:12","date_gmt":"2024-12-06T09:48:12","guid":{"rendered":"https:\/\/lauska.lv\/veikals\/?page_id=18498"},"modified":"2024-12-06T11:53:09","modified_gmt":"2024-12-06T09:53:09","slug":"black-rooster-kapelye","status":"publish","type":"page","link":"https:\/\/lauska.lv\/veikals\/black-rooster-kapelye\/","title":{"rendered":"Black Rooster Kapelye"},"content":{"rendered":"\n<p><strong>Ilga V\u0101lodze \u0100bele<\/strong> balss, d\u016bdas, stabule, kokle, bungas<br><strong>Sa\u0161a Lurje<\/strong> balss, bungas<strong><br>Ilja \u0160neiveiss<\/strong> balss, vijole<strong><br>Eli Ellere<\/strong> balss, blokflauta, bungas<strong><br>J\u0101nis Zemgus J\u0101tnieks<\/strong> balss, trompete, koka taure<strong><br>Kreigs J\u016bdelmans<\/strong> vijole<\/p>\n","protected":false},"excerpt":{"rendered":"<p>Ilga V\u0101lodze \u0100bele balss, d\u016bdas, stabule, kokle, bungasSa\u0161a Lurje balss, bungasIlja \u0160neiveiss balss, vijoleEli Ellere balss, blokflauta, bungasJ\u0101nis Zemgus J\u0101tnieks balss, trompete, koka taureKreigs J\u016bdelmans vijole<\/p>\n","protected":false},"author":2,"featured_media":0,"parent":0,"menu_order":0,"comment_status":"closed","ping_status":"closed","template":"","meta":{"jetpack_post_was_ever_published":false,"footnotes":""},"categories":[561],"tags":[],"jetpack_sharing_enabled":true,"_links":{"self":[{"href":"https:\/\/lauska.lv\/veikals\/wp-json\/wp\/v2\/pages\/18498"}],"collection":[{"href":"https:\/\/lauska.lv\/veikals\/wp-json\/wp\/v2\/pages"}],"about":[{"href":"https:\/\/lauska.lv\/veikals\/wp-json\/wp\/v2\/types\/page"}],"author":[{"embeddable":true,"href":"https:\/\/lauska.lv\/veikals\/wp-json\/wp\/v2\/users\/2"}],"replies":[{"embeddable":true,"href":"https:\/\/lauska.lv\/veikals\/wp-json\/wp\/v2\/comments?post=18498"}],"version-history":[{"count":1,"href":"https:\/\/lauska.lv\/veikals\/wp-json\/wp\/v2\/pages\/18498\/revisions"}],"predecessor-version":[{"id":18499,"href":"https:\/\/lauska.lv\/veikals\/wp-json\/wp\/v2\/pages\/18498\/revisions\/18499"}],"wp:attachment":[{"href":"https:\/\/lauska.lv\/veikals\/wp-json\/wp\/v2\/media?parent=18498"}],"wp:term":[{"taxonomy":"category","embeddable":true,"href":"https:\/\/lauska.lv\/veikals\/wp-json\/wp\/v2\/categories?post=18498"},{"taxonomy":"post_tag","embeddable":true,"href":"https:\/\/lauska.lv\/veikals\/wp-json\/wp\/v2\/tags?post=18498"}],"curies":[{"name":"wp","href":"https:\/\/api.w.org\/{rel}","templated":true}]}}