{"id":18420,"date":"2024-02-20T10:09:34","date_gmt":"2024-02-20T08:09:34","guid":{"rendered":"https:\/\/lauska.lv\/veikals\/?page_id=18420"},"modified":"2024-02-23T09:15:43","modified_gmt":"2024-02-23T07:15:43","slug":"banga","status":"publish","type":"page","link":"https:\/\/lauska.lv\/veikals\/makslinieki-2\/banga\/","title":{"rendered":"Banga"},"content":{"rendered":"\n<figure class=\"wp-block-image size-full is-resized\"><img fetchpriority=\"high\" decoding=\"async\" width=\"800\" height=\"319\" src=\"https:\/\/lauska.lv\/veikals\/wp-content\/uploads\/sites\/6\/2024\/02\/banga_devums_prezentacija.jpg\" alt=\"\" class=\"wp-image-18421\" style=\"width:500px\" srcset=\"https:\/\/lauska.lv\/veikals\/wp-content\/uploads\/sites\/6\/2024\/02\/banga_devums_prezentacija.jpg 800w, https:\/\/lauska.lv\/veikals\/wp-content\/uploads\/sites\/6\/2024\/02\/banga_devums_prezentacija-300x120.jpg 300w, https:\/\/lauska.lv\/veikals\/wp-content\/uploads\/sites\/6\/2024\/02\/banga_devums_prezentacija-768x306.jpg 768w, https:\/\/lauska.lv\/veikals\/wp-content\/uploads\/sites\/6\/2024\/02\/banga_devums_prezentacija-416x166.jpg 416w\" sizes=\"(max-width: 800px) 100vw, 800px\" \/><figcaption class=\"wp-element-caption\">Foto: Edmunds Brencis<\/figcaption><\/figure>\n\n\n\n<h2 class=\"wp-block-heading\">Banga<\/h2>\n\n\n\n<p><strong>Ilga V\u0101lodze \u0100bele<\/strong> balss, d\u016bdas, stabule, kokle, bungas<br><strong>Paula \u0100bele<\/strong> balss, mandol\u012bna, d\u016bdas<strong><br>Janta Jasjukevi\u010da<\/strong> balss, vijole<strong><br>Didzis Romanovskis<\/strong> balss, blokflauta, bungas<strong><br>Kristaps Ku\u0161\u0137is<\/strong> balss, trompete, koka taure<strong><br>Megija Zonne<\/strong> balss<strong><br>Em\u012bls Zonne<\/strong> balss, akordeons, okt\u0101vmandol\u012bna<strong><br>Laima Liel\u0101<\/strong> balss<strong><br>Madara Kv\u0113pa<\/strong> balss<\/p>\n\n\n\n<p><em>Banga<\/em> ir tradicion\u0101l\u0101s m\u016bzikas grupa, kuras dal\u012bbnieki savas moderno pils\u0113tnieku dz\u012bves caurvij ar gadsk\u0101rtu iera\u017e\u0101m, k\u0101 ar\u012b veido notikumus, kur folkloras materi\u0101li run\u0101 par m\u016bsdienu pasaul\u0113 aktu\u0101liem procesiem. Asto\u0146u darb\u012bbas gadu laik\u0101 &#8221;Banga&#8221; ir g\u0101jusi cauri da\u017e\u0101diem periodiem, pamat\u0101 turpinot iepaz\u012bties ar Latvijas folkloras materi\u0101liem, godinot da\u017e\u0101du novadu daudzbals\u012bbu un nododoties lust\u012bgiem dan\u010diem.<\/p>\n\n\n\n<p><strong>Liel\u0101kie notikumi:<\/strong><br>Latvijas ebreju m\u016bzikas programma &#8216;D\u017eingale&#8217; (2020)<br><a href=\"https:\/\/bangafolk.bandcamp.com\/album\/talka\">Debijas albums &#8216;TALKA&#8217;<\/a> (2022, Lauska) Ierakst\u0101 piedal\u0101s: Ilga V\u0101lodze  \u0100bele, Janta Jasjukevi\u010da, J\u0101nis Zemgus J\u0101tnieks, Didzis Romanovskis, Kristaps Ku\u0161\u0137is, Atis \u0112riks Dumpis,  El\u012bna Ellere, Laima J\u0101tniece, El\u012bna Ar\u0101ja, Just\u012bne Jasjukevi\u010da.<br>Latvij\u0101 dejotu cittautu dan\u010du disks &#8221;\u0160ai sve\u0161\u0101 pus\u012bt\u0113&#8221; (tiks izdots 2024. gada pavasar\u012b, Dan\u010du kr\u0101tuve)<\/p>\n\n\n<div class=\"woocommerce columns-4 \"><ul class=\"products columns-4\">\n<li class=\"product type-product post-18263 status-publish first instock product_cat-banga product_cat-folklora product_cat-garataka product_cat-katalogs product_cat-lans product_cat-lausa product_cat-saviesi product_cat-skandinieki product_cat-vilkaci product_cat-zanri product_tag-729 has-post-thumbnail taxable shipping-taxable purchasable product-type-simple\">\n\t<a href=\"https:\/\/lauska.lv\/veikals\/Preces\/devums\/\" class=\"woocommerce-LoopProduct-link woocommerce-loop-product__link\"><img decoding=\"async\" width=\"324\" height=\"324\" src=\"https:\/\/lauska.lv\/veikals\/wp-content\/uploads\/sites\/6\/2023\/12\/DEVUMS_cd_front_small-324x324.jpg\" class=\"attachment-woocommerce_thumbnail size-woocommerce_thumbnail\" alt=\"\" srcset=\"https:\/\/lauska.lv\/veikals\/wp-content\/uploads\/sites\/6\/2023\/12\/DEVUMS_cd_front_small-324x324.jpg 324w, https:\/\/lauska.lv\/veikals\/wp-content\/uploads\/sites\/6\/2023\/12\/DEVUMS_cd_front_small-300x300.jpg 300w, https:\/\/lauska.lv\/veikals\/wp-content\/uploads\/sites\/6\/2023\/12\/DEVUMS_cd_front_small-150x150.jpg 150w, https:\/\/lauska.lv\/veikals\/wp-content\/uploads\/sites\/6\/2023\/12\/DEVUMS_cd_front_small-768x768.jpg 768w, https:\/\/lauska.lv\/veikals\/wp-content\/uploads\/sites\/6\/2023\/12\/DEVUMS_cd_front_small-416x416.jpg 416w, https:\/\/lauska.lv\/veikals\/wp-content\/uploads\/sites\/6\/2023\/12\/DEVUMS_cd_front_small-100x100.jpg 100w, https:\/\/lauska.lv\/veikals\/wp-content\/uploads\/sites\/6\/2023\/12\/DEVUMS_cd_front_small.jpg 800w\" sizes=\"(max-width: 324px) 100vw, 324px\" \/><h2 class=\"woocommerce-loop-product__title\">Devums<\/h2>\n\t<span class=\"price\"><span class=\"woocommerce-Price-amount amount\"><bdi>10.00&nbsp;<span class=\"woocommerce-Price-currencySymbol\">&euro;<\/span><\/bdi><\/span> <small class=\"woocommerce-price-suffix\">iesk. PVN<\/small><\/span>\n<\/a><a href=\"?add-to-cart=18263\" data-quantity=\"1\" class=\"button product_type_simple add_to_cart_button ajax_add_to_cart\" data-product_id=\"18263\" data-product_sku=\"CD 107\" aria-label=\"Add to cart: &ldquo;Devums&rdquo;\" aria-describedby=\"\" rel=\"nofollow\">+<\/a><\/li>\n<li class=\"product type-product post-18079 status-publish instock product_cat-auli product_cat-banga product_cat-dardi product_cat-jora product_cat-lausa product_cat-muktupavels-valdis product_cat-rahu-the-fool product_cat-rava product_cat-saucejas product_cat-sviests product_cat-tautumeitas product_cat-tkp product_tag-722 has-post-thumbnail taxable shipping-taxable purchasable product-type-simple\">\n\t<a href=\"https:\/\/lauska.lv\/veikals\/Preces\/sviests-9\/\" class=\"woocommerce-LoopProduct-link woocommerce-loop-product__link\"><img decoding=\"async\" width=\"324\" height=\"324\" src=\"https:\/\/lauska.lv\/veikals\/wp-content\/uploads\/sites\/6\/2022\/04\/Sviests-9-3000x3000-lo-res-scaled-324x324.jpg\" class=\"attachment-woocommerce_thumbnail size-woocommerce_thumbnail\" alt=\"\" srcset=\"https:\/\/lauska.lv\/veikals\/wp-content\/uploads\/sites\/6\/2022\/04\/Sviests-9-3000x3000-lo-res-324x324.jpg 324w, https:\/\/lauska.lv\/veikals\/wp-content\/uploads\/sites\/6\/2022\/04\/Sviests-9-3000x3000-lo-res-100x100.jpg 100w, https:\/\/lauska.lv\/veikals\/wp-content\/uploads\/sites\/6\/2022\/04\/Sviests-9-3000x3000-lo-res-416x416.jpg 416w, https:\/\/lauska.lv\/veikals\/wp-content\/uploads\/sites\/6\/2022\/04\/Sviests-9-3000x3000-lo-res-300x300.jpg 300w, https:\/\/lauska.lv\/veikals\/wp-content\/uploads\/sites\/6\/2022\/04\/Sviests-9-3000x3000-lo-res-1024x1024.jpg 1024w, https:\/\/lauska.lv\/veikals\/wp-content\/uploads\/sites\/6\/2022\/04\/Sviests-9-3000x3000-lo-res-150x150.jpg 150w, https:\/\/lauska.lv\/veikals\/wp-content\/uploads\/sites\/6\/2022\/04\/Sviests-9-3000x3000-lo-res-768x768.jpg 768w, https:\/\/lauska.lv\/veikals\/wp-content\/uploads\/sites\/6\/2022\/04\/Sviests-9-3000x3000-lo-res-1536x1536.jpg 1536w, https:\/\/lauska.lv\/veikals\/wp-content\/uploads\/sites\/6\/2022\/04\/Sviests-9-3000x3000-lo-res-2048x2048.jpg 2048w, https:\/\/lauska.lv\/veikals\/wp-content\/uploads\/sites\/6\/2022\/04\/Sviests-9-3000x3000-lo-res-600x600.jpg 600w\" sizes=\"(max-width: 324px) 100vw, 324px\" \/><h2 class=\"woocommerce-loop-product__title\">SVIESTS 9<\/h2>\n\t<span class=\"price\"><span class=\"woocommerce-Price-amount amount\"><bdi>10.00&nbsp;<span class=\"woocommerce-Price-currencySymbol\">&euro;<\/span><\/bdi><\/span> <small class=\"woocommerce-price-suffix\">iesk. PVN<\/small><\/span>\n<\/a><a href=\"?add-to-cart=18079\" data-quantity=\"1\" class=\"button product_type_simple add_to_cart_button ajax_add_to_cart\" data-product_id=\"18079\" data-product_sku=\"2022 CD098\" aria-label=\"Add to cart: &ldquo;SVIESTS 9&rdquo;\" aria-describedby=\"\" rel=\"nofollow\">+<\/a><\/li>\n<li class=\"product type-product post-4629 status-publish instock product_cat-auli product_cat-banga product_cat-barbals-kaspars product_cat-dj-monsta product_cat-ilgi product_cat-imantadimanta-un-draugi product_cat-jansone-laima product_cat-jansons-ansis product_cat-katalogs product_cat-laiksne product_cat-lata-donga product_cat-ligas-ph3 product_cat-post-folks product_cat-rava product_cat-saucejas product_cat-sviests product_cat-zeme product_tag-685 has-post-thumbnail taxable shipping-taxable purchasable product-type-simple\">\n\t<a href=\"https:\/\/lauska.lv\/veikals\/Preces\/sviests-8\/\" class=\"woocommerce-LoopProduct-link woocommerce-loop-product__link\"><img loading=\"lazy\" decoding=\"async\" width=\"324\" height=\"324\" src=\"https:\/\/lauska.lv\/veikals\/wp-content\/uploads\/sites\/6\/2019\/07\/Sviest-8-square-800px-324x324.jpg\" class=\"attachment-woocommerce_thumbnail size-woocommerce_thumbnail\" alt=\"\" srcset=\"https:\/\/lauska.lv\/veikals\/wp-content\/uploads\/sites\/6\/2019\/07\/Sviest-8-square-800px-324x324.jpg 324w, https:\/\/lauska.lv\/veikals\/wp-content\/uploads\/sites\/6\/2019\/07\/Sviest-8-square-800px-100x100.jpg 100w, https:\/\/lauska.lv\/veikals\/wp-content\/uploads\/sites\/6\/2019\/07\/Sviest-8-square-800px-416x416.jpg 416w, https:\/\/lauska.lv\/veikals\/wp-content\/uploads\/sites\/6\/2019\/07\/Sviest-8-square-800px-150x150.jpg 150w, https:\/\/lauska.lv\/veikals\/wp-content\/uploads\/sites\/6\/2019\/07\/Sviest-8-square-800px-300x300.jpg 300w, https:\/\/lauska.lv\/veikals\/wp-content\/uploads\/sites\/6\/2019\/07\/Sviest-8-square-800px-768x768.jpg 768w, https:\/\/lauska.lv\/veikals\/wp-content\/uploads\/sites\/6\/2019\/07\/Sviest-8-square-800px-600x600.jpg 600w, https:\/\/lauska.lv\/veikals\/wp-content\/uploads\/sites\/6\/2019\/07\/Sviest-8-square-800px.jpg 800w\" sizes=\"(max-width: 324px) 100vw, 324px\" \/><h2 class=\"woocommerce-loop-product__title\">SVIESTS 8<\/h2>\n\t<span class=\"price\"><span class=\"woocommerce-Price-amount amount\"><bdi>10.00&nbsp;<span class=\"woocommerce-Price-currencySymbol\">&euro;<\/span><\/bdi><\/span> <small class=\"woocommerce-price-suffix\">iesk. PVN<\/small><\/span>\n<\/a><a href=\"?add-to-cart=4629\" data-quantity=\"1\" class=\"button product_type_simple add_to_cart_button ajax_add_to_cart\" data-product_id=\"4629\" data-product_sku=\"2019 CD089\" aria-label=\"Add to cart: &ldquo;SVIESTS 8&rdquo;\" aria-describedby=\"\" rel=\"nofollow\">+<\/a><\/li>\n<\/ul>\n<\/div>\n\n\n\n<p><strong>Vair\u0101k info:<\/strong><br><a href=\"http:\/\/www.facebook.com\/bangafolk\" data-type=\"link\" data-id=\"www.facebook.com\/bangafolk\">www.facebook.com\/bangafolk <\/a><br><a href=\"http:\/\/bangafolk.bandcamp.com\/\">bangafolk.bandcamp.com\/<\/a><br><a href=\"https:\/\/www.instagram.com\/bangafolk\/\">instagram.com\/bangafolk<\/a><\/p>\n\n\n\n<figure class=\"wp-block-embed is-type-video is-provider-youtube wp-block-embed-youtube wp-embed-aspect-16-9 wp-has-aspect-ratio\"><div class=\"wp-block-embed__wrapper\">\n<span class=\"embed-youtube\" style=\"text-align:center; display: block;\"><iframe class=\"youtube-player\" width=\"980\" height=\"552\" src=\"https:\/\/www.youtube.com\/embed\/yBNaBP69cSc?version=3&#038;rel=1&#038;showsearch=0&#038;showinfo=1&#038;iv_load_policy=1&#038;fs=1&#038;hl=lv-LV&#038;autohide=2&#038;wmode=transparent\" allowfullscreen=\"true\" style=\"border:0;\" sandbox=\"allow-scripts allow-same-origin allow-popups allow-presentation allow-popups-to-escape-sandbox\"><\/iframe><\/span>\n<\/div><\/figure>\n\n\n\n<figure class=\"wp-block-embed is-type-video is-provider-youtube wp-block-embed-youtube wp-embed-aspect-16-9 wp-has-aspect-ratio\"><div class=\"wp-block-embed__wrapper\">\n<span class=\"embed-youtube\" style=\"text-align:center; display: block;\"><iframe class=\"youtube-player\" width=\"980\" height=\"552\" src=\"https:\/\/www.youtube.com\/embed\/9UqjjJQ6ynw?version=3&#038;rel=1&#038;showsearch=0&#038;showinfo=1&#038;iv_load_policy=1&#038;fs=1&#038;hl=lv-LV&#038;autohide=2&#038;wmode=transparent\" allowfullscreen=\"true\" style=\"border:0;\" sandbox=\"allow-scripts allow-same-origin allow-popups allow-presentation allow-popups-to-escape-sandbox\"><\/iframe><\/span>\n<\/div><\/figure>\n","protected":false},"excerpt":{"rendered":"<p>Banga Ilga V\u0101lodze \u0100bele balss, d\u016bdas, stabule, kokle, bungasPaula \u0100bele balss, mandol\u012bna, d\u016bdasJanta Jasjukevi\u010da balss, vijoleDidzis Romanovskis balss, blokflauta, bungasKristaps Ku\u0161\u0137is balss, trompete, koka taureMegija Zonne balssEm\u012bls Zonne balss, akordeons, okt\u0101vmandol\u012bnaLaima Liel\u0101 balssMadara Kv\u0113pa balss Banga ir tradicion\u0101l\u0101s m\u016bzikas grupa, kuras dal\u012bbnieki savas moderno pils\u0113tnieku dz\u012bves caurvij ar gadsk\u0101rtu iera\u017e\u0101m, k\u0101 ar\u012b veido notikumus, kur [&hellip;]<\/p>\n","protected":false},"author":1,"featured_media":0,"parent":218,"menu_order":0,"comment_status":"closed","ping_status":"closed","template":"page-group.php","meta":{"jetpack_post_was_ever_published":false,"footnotes":""},"categories":[561,559],"tags":[],"jetpack_sharing_enabled":true,"_links":{"self":[{"href":"https:\/\/lauska.lv\/veikals\/wp-json\/wp\/v2\/pages\/18420"}],"collection":[{"href":"https:\/\/lauska.lv\/veikals\/wp-json\/wp\/v2\/pages"}],"about":[{"href":"https:\/\/lauska.lv\/veikals\/wp-json\/wp\/v2\/types\/page"}],"author":[{"embeddable":true,"href":"https:\/\/lauska.lv\/veikals\/wp-json\/wp\/v2\/users\/1"}],"replies":[{"embeddable":true,"href":"https:\/\/lauska.lv\/veikals\/wp-json\/wp\/v2\/comments?post=18420"}],"version-history":[{"count":7,"href":"https:\/\/lauska.lv\/veikals\/wp-json\/wp\/v2\/pages\/18420\/revisions"}],"predecessor-version":[{"id":18443,"href":"https:\/\/lauska.lv\/veikals\/wp-json\/wp\/v2\/pages\/18420\/revisions\/18443"}],"up":[{"embeddable":true,"href":"https:\/\/lauska.lv\/veikals\/wp-json\/wp\/v2\/pages\/218"}],"wp:attachment":[{"href":"https:\/\/lauska.lv\/veikals\/wp-json\/wp\/v2\/media?parent=18420"}],"wp:term":[{"taxonomy":"category","embeddable":true,"href":"https:\/\/lauska.lv\/veikals\/wp-json\/wp\/v2\/categories?post=18420"},{"taxonomy":"post_tag","embeddable":true,"href":"https:\/\/lauska.lv\/veikals\/wp-json\/wp\/v2\/tags?post=18420"}],"curies":[{"name":"wp","href":"https:\/\/api.w.org\/{rel}","templated":true}]}}