{"id":18412,"date":"2024-02-19T11:14:16","date_gmt":"2024-02-19T09:14:16","guid":{"rendered":"https:\/\/lauska.lv\/veikals\/?page_id=18412"},"modified":"2024-02-20T10:16:07","modified_gmt":"2024-02-20T08:16:07","slug":"tkp","status":"publish","type":"page","link":"https:\/\/lauska.lv\/veikals\/makslinieki-2\/tkp\/","title":{"rendered":"TKP"},"content":{"rendered":"\n<h2 class=\"wp-block-heading\">TKP<\/h2>\n\n\n\n<figure class=\"wp-block-image size-full is-resized\"><img fetchpriority=\"high\" decoding=\"async\" width=\"700\" height=\"456\" src=\"https:\/\/lauska.lv\/veikals\/wp-content\/uploads\/sites\/6\/2024\/02\/tkp_mazais_izmers.jpg\" alt=\"\" class=\"wp-image-18413\" style=\"width:500px\" srcset=\"https:\/\/lauska.lv\/veikals\/wp-content\/uploads\/sites\/6\/2024\/02\/tkp_mazais_izmers.jpg 700w, https:\/\/lauska.lv\/veikals\/wp-content\/uploads\/sites\/6\/2024\/02\/tkp_mazais_izmers-300x195.jpg 300w, https:\/\/lauska.lv\/veikals\/wp-content\/uploads\/sites\/6\/2024\/02\/tkp_mazais_izmers-416x271.jpg 416w\" sizes=\"(max-width: 700px) 100vw, 700px\" \/><figcaption class=\"wp-element-caption\">Foto: Anrijs Po\u017earskis<\/figcaption><\/figure>\n\n\n\n<p><strong>Julg\u012b Stalte <\/strong>balss, vijole<br><strong>\u0112riks Zeps<\/strong> balss, akordeons<br><strong>Ingus Gr\u012bnbergs<\/strong> vijole<strong><br>Art\u016brs Jefremovs<\/strong> bungas<br><strong>Peteris Narubins<\/strong> \u0123it\u0101ra, mandol\u012bna<\/p>\n\n\n\n<p>\u201cTKP\u201d dzima Latvijas 3&#215;3 nometne\u0304s s\u030ci\u0304 gadsimta sa\u0304kuma\u0304, izskanot ties\u030ci reizi gada\u0304 un \u201eta\u0304 ka\u0304 pe\u0304rn\u201d. Ve\u0304la\u0304k, 2018.gada\u0304 tande\u0304ms izlauza\u0304s a\u0304rpus ierasta\u0304s vides \u2013 li\u0304dz pat Sibi\u0304rijai. Un tagad mu\u0304su energ\u0327ija ir gatava mi\u0304ties ar ju\u0304se\u0304jo un mu\u0304su vijoles, akordeona un balsu saskan\u0327a un improviza\u0304cija ir gatava priece\u0304t ju\u0304su sirdis.<br>Dziesmas un st\u0101sti caur laiku laikiem no visas Latvijas, savijas m\u016bsu m\u016bzik\u0101. T\u0101 skan k\u0101 m\u016bsu gada saules ritums, k\u0101 dz\u012bves ce\u013c\u0161, k\u0101 Dievu un garu sarunas. M\u016bsu m\u016bzika ir par L\u012bvu tautas un baltu cil\u0161u sapl\u016bsmi caur dziesmu, caur m\u012blest\u012bbu, caur m\u016bsu zemi. Par br\u012bnumu &#8211;  k\u0101 kult\u016bra var rast da\u017e\u0101dus evol\u016bcijas ce\u013cus, bet saglab\u0101t sen\u0101ko inform\u0101ciju. Latvijas pirmtautas l\u012bvu rimtums savienojas ar baltu cil\u0161u azartu. M\u016bsu dziesmas aij\u0101 b\u0113rnu k\u0101 to dar\u012bju\u0161i pirms t\u016bksto\u0161iem gadu, st\u0101stot st\u0101stus par izcelsmi no la\u010diem. M\u016bsu dziesmas apdzied m\u012blest\u012bbu. M\u016bsu dziesmas ir himnas J\u016brai, me\u017eam, avotiem, purviem, laukiem, saulei un Vi\u0146saulei. M\u016bsu dziesmas ir sarunas ar visu dz\u012bvo mums apk\u0101rt.<br>\nM\u0113s esam dz\u012bvesprieka pilni un t\u0101da ir m\u016bsu tautas m\u016bzika \u2013 ar divej\u0101d\u0101m sakn\u0113m un ko\u0161u lapotni!\n<\/p>\n\n\n<div class=\"woocommerce columns-4 \"><ul class=\"products columns-4\">\n<li class=\"product type-product post-18550 status-publish first instock product_cat-berza-lauma product_cat-cirse-latvite product_cat-gaudeamus-viru-koris product_cat-kokle product_cat-post-folks product_cat-risa-zvejnieki product_cat-saucejas product_cat-sviests product_cat-tkp product_cat-trakula product_tag-757 has-post-thumbnail taxable shipping-taxable purchasable product-type-simple\">\n\t<a href=\"https:\/\/lauska.lv\/veikals\/Preces\/18550\/\" class=\"woocommerce-LoopProduct-link woocommerce-loop-product__link\"><img decoding=\"async\" width=\"324\" height=\"324\" src=\"https:\/\/lauska.lv\/veikals\/wp-content\/uploads\/sites\/6\/2025\/10\/Sviests-3000x3000-small-324x324.jpg\" class=\"attachment-woocommerce_thumbnail size-woocommerce_thumbnail\" alt=\"\" srcset=\"https:\/\/lauska.lv\/veikals\/wp-content\/uploads\/sites\/6\/2025\/10\/Sviests-3000x3000-small-324x324.jpg 324w, https:\/\/lauska.lv\/veikals\/wp-content\/uploads\/sites\/6\/2025\/10\/Sviests-3000x3000-small-300x300.jpg 300w, https:\/\/lauska.lv\/veikals\/wp-content\/uploads\/sites\/6\/2025\/10\/Sviests-3000x3000-small-150x150.jpg 150w, https:\/\/lauska.lv\/veikals\/wp-content\/uploads\/sites\/6\/2025\/10\/Sviests-3000x3000-small-768x768.jpg 768w, https:\/\/lauska.lv\/veikals\/wp-content\/uploads\/sites\/6\/2025\/10\/Sviests-3000x3000-small-416x416.jpg 416w, https:\/\/lauska.lv\/veikals\/wp-content\/uploads\/sites\/6\/2025\/10\/Sviests-3000x3000-small-100x100.jpg 100w, https:\/\/lauska.lv\/veikals\/wp-content\/uploads\/sites\/6\/2025\/10\/Sviests-3000x3000-small.jpg 800w\" sizes=\"(max-width: 324px) 100vw, 324px\" \/><h2 class=\"woocommerce-loop-product__title\">SVIESTS 11<\/h2>\n\t<span class=\"price\"><span class=\"woocommerce-Price-amount amount\"><bdi>12.00&nbsp;<span class=\"woocommerce-Price-currencySymbol\">&euro;<\/span><\/bdi><\/span> <small class=\"woocommerce-price-suffix\">iesk. PVN<\/small><\/span>\n<\/a><a href=\"?add-to-cart=18550\" data-quantity=\"1\" class=\"button product_type_simple add_to_cart_button ajax_add_to_cart\" data-product_id=\"18550\" data-product_sku=\"CD116\" aria-label=\"Add to cart: &ldquo;SVIESTS 11&rdquo;\" aria-describedby=\"\" rel=\"nofollow\">+<\/a><\/li>\n<li class=\"product type-product post-18079 status-publish instock product_cat-auli product_cat-banga product_cat-dardi product_cat-jora product_cat-lausa product_cat-muktupavels-valdis product_cat-rahu-the-fool product_cat-rava product_cat-saucejas product_cat-sviests product_cat-tautumeitas product_cat-tkp product_tag-722 has-post-thumbnail taxable shipping-taxable purchasable product-type-simple\">\n\t<a href=\"https:\/\/lauska.lv\/veikals\/Preces\/sviests-9\/\" class=\"woocommerce-LoopProduct-link woocommerce-loop-product__link\"><img decoding=\"async\" width=\"324\" height=\"324\" src=\"https:\/\/lauska.lv\/veikals\/wp-content\/uploads\/sites\/6\/2022\/04\/Sviests-9-3000x3000-lo-res-scaled-324x324.jpg\" class=\"attachment-woocommerce_thumbnail size-woocommerce_thumbnail\" alt=\"\" srcset=\"https:\/\/lauska.lv\/veikals\/wp-content\/uploads\/sites\/6\/2022\/04\/Sviests-9-3000x3000-lo-res-324x324.jpg 324w, https:\/\/lauska.lv\/veikals\/wp-content\/uploads\/sites\/6\/2022\/04\/Sviests-9-3000x3000-lo-res-100x100.jpg 100w, https:\/\/lauska.lv\/veikals\/wp-content\/uploads\/sites\/6\/2022\/04\/Sviests-9-3000x3000-lo-res-416x416.jpg 416w, https:\/\/lauska.lv\/veikals\/wp-content\/uploads\/sites\/6\/2022\/04\/Sviests-9-3000x3000-lo-res-300x300.jpg 300w, https:\/\/lauska.lv\/veikals\/wp-content\/uploads\/sites\/6\/2022\/04\/Sviests-9-3000x3000-lo-res-1024x1024.jpg 1024w, https:\/\/lauska.lv\/veikals\/wp-content\/uploads\/sites\/6\/2022\/04\/Sviests-9-3000x3000-lo-res-150x150.jpg 150w, https:\/\/lauska.lv\/veikals\/wp-content\/uploads\/sites\/6\/2022\/04\/Sviests-9-3000x3000-lo-res-768x768.jpg 768w, https:\/\/lauska.lv\/veikals\/wp-content\/uploads\/sites\/6\/2022\/04\/Sviests-9-3000x3000-lo-res-1536x1536.jpg 1536w, https:\/\/lauska.lv\/veikals\/wp-content\/uploads\/sites\/6\/2022\/04\/Sviests-9-3000x3000-lo-res-2048x2048.jpg 2048w, https:\/\/lauska.lv\/veikals\/wp-content\/uploads\/sites\/6\/2022\/04\/Sviests-9-3000x3000-lo-res-600x600.jpg 600w\" sizes=\"(max-width: 324px) 100vw, 324px\" \/><h2 class=\"woocommerce-loop-product__title\">SVIESTS 9<\/h2>\n\t<span class=\"price\"><span class=\"woocommerce-Price-amount amount\"><bdi>10.00&nbsp;<span class=\"woocommerce-Price-currencySymbol\">&euro;<\/span><\/bdi><\/span> <small class=\"woocommerce-price-suffix\">iesk. PVN<\/small><\/span>\n<\/a><a href=\"?add-to-cart=18079\" data-quantity=\"1\" class=\"button product_type_simple add_to_cart_button ajax_add_to_cart\" data-product_id=\"18079\" data-product_sku=\"2022 CD098\" aria-label=\"Add to cart: &ldquo;SVIESTS 9&rdquo;\" aria-describedby=\"\" rel=\"nofollow\">+<\/a><\/li>\n<\/ul>\n<\/div>\n\n\n\n<figure class=\"wp-block-embed is-type-video is-provider-youtube wp-block-embed-youtube wp-embed-aspect-16-9 wp-has-aspect-ratio\"><div class=\"wp-block-embed__wrapper\">\n<span class=\"embed-youtube\" style=\"text-align:center; display: block;\"><iframe class=\"youtube-player\" width=\"980\" height=\"552\" src=\"https:\/\/www.youtube.com\/embed\/Xo8-CoxwpN8?version=3&#038;rel=1&#038;showsearch=0&#038;showinfo=1&#038;iv_load_policy=1&#038;fs=1&#038;hl=lv-LV&#038;autohide=2&#038;wmode=transparent\" allowfullscreen=\"true\" style=\"border:0;\" sandbox=\"allow-scripts allow-same-origin allow-popups allow-presentation allow-popups-to-escape-sandbox\"><\/iframe><\/span>\n<\/div><\/figure>\n","protected":false},"excerpt":{"rendered":"<p>TKP Julg\u012b Stalte balss, vijole\u0112riks Zeps balss, akordeonsIngus Gr\u012bnbergs vijoleArt\u016brs Jefremovs bungasPeteris Narubins \u0123it\u0101ra, mandol\u012bna \u201cTKP\u201d dzima Latvijas 3&#215;3 nometne\u0304s s\u030ci\u0304 gadsimta sa\u0304kuma\u0304, izskanot ties\u030ci reizi gada\u0304 un \u201eta\u0304 ka\u0304 pe\u0304rn\u201d. Ve\u0304la\u0304k, 2018.gada\u0304 tande\u0304ms izlauza\u0304s a\u0304rpus ierasta\u0304s vides \u2013 li\u0304dz pat Sibi\u0304rijai. Un tagad mu\u0304su energ\u0327ija ir gatava mi\u0304ties ar ju\u0304se\u0304jo un mu\u0304su vijoles, akordeona [&hellip;]<\/p>\n","protected":false},"author":1,"featured_media":0,"parent":218,"menu_order":0,"comment_status":"closed","ping_status":"closed","template":"page-group.php","meta":{"jetpack_post_was_ever_published":false,"footnotes":""},"categories":[559,579],"tags":[],"jetpack_sharing_enabled":true,"_links":{"self":[{"href":"https:\/\/lauska.lv\/veikals\/wp-json\/wp\/v2\/pages\/18412"}],"collection":[{"href":"https:\/\/lauska.lv\/veikals\/wp-json\/wp\/v2\/pages"}],"about":[{"href":"https:\/\/lauska.lv\/veikals\/wp-json\/wp\/v2\/types\/page"}],"author":[{"embeddable":true,"href":"https:\/\/lauska.lv\/veikals\/wp-json\/wp\/v2\/users\/1"}],"replies":[{"embeddable":true,"href":"https:\/\/lauska.lv\/veikals\/wp-json\/wp\/v2\/comments?post=18412"}],"version-history":[{"count":3,"href":"https:\/\/lauska.lv\/veikals\/wp-json\/wp\/v2\/pages\/18412\/revisions"}],"predecessor-version":[{"id":18427,"href":"https:\/\/lauska.lv\/veikals\/wp-json\/wp\/v2\/pages\/18412\/revisions\/18427"}],"up":[{"embeddable":true,"href":"https:\/\/lauska.lv\/veikals\/wp-json\/wp\/v2\/pages\/218"}],"wp:attachment":[{"href":"https:\/\/lauska.lv\/veikals\/wp-json\/wp\/v2\/media?parent=18412"}],"wp:term":[{"taxonomy":"category","embeddable":true,"href":"https:\/\/lauska.lv\/veikals\/wp-json\/wp\/v2\/categories?post=18412"},{"taxonomy":"post_tag","embeddable":true,"href":"https:\/\/lauska.lv\/veikals\/wp-json\/wp\/v2\/tags?post=18412"}],"curies":[{"name":"wp","href":"https:\/\/api.w.org\/{rel}","templated":true}]}}