{"id":18407,"date":"2024-02-19T10:52:03","date_gmt":"2024-02-19T08:52:03","guid":{"rendered":"https:\/\/lauska.lv\/veikals\/?page_id=18407"},"modified":"2024-02-21T09:34:12","modified_gmt":"2024-02-21T07:34:12","slug":"ligas-ph3","status":"publish","type":"page","link":"https:\/\/lauska.lv\/veikals\/makslinieki-2\/ligas-ph3\/","title":{"rendered":"L\u012bgas pH3"},"content":{"rendered":"\n<h2 class=\"wp-block-heading\">L\u012bgas pH3<\/h2>\n\n\n\n<figure class=\"wp-block-image size-full is-resized\"><img fetchpriority=\"high\" decoding=\"async\" width=\"1000\" height=\"568\" src=\"https:\/\/lauska.lv\/veikals\/wp-content\/uploads\/sites\/6\/2024\/02\/ligas.jpg\" alt=\"\" class=\"wp-image-18434\" style=\"width:500px\" srcset=\"https:\/\/lauska.lv\/veikals\/wp-content\/uploads\/sites\/6\/2024\/02\/ligas.jpg 1000w, https:\/\/lauska.lv\/veikals\/wp-content\/uploads\/sites\/6\/2024\/02\/ligas-300x170.jpg 300w, https:\/\/lauska.lv\/veikals\/wp-content\/uploads\/sites\/6\/2024\/02\/ligas-768x436.jpg 768w, https:\/\/lauska.lv\/veikals\/wp-content\/uploads\/sites\/6\/2024\/02\/ligas-416x236.jpg 416w\" sizes=\"(max-width: 1000px) 100vw, 1000px\" \/><\/figure>\n\n\n\n<p><strong>L\u012bga Egl\u012bte<\/strong> balss<br><strong> L\u012bga Kri\u0137e<\/strong> balss<br><strong>L\u012bga Kalni\u0146a<\/strong> balss<br><strong>Laura Gr\u012bnberga<\/strong> balss<br><strong> Anita Laime<\/strong> balss<br><strong> Inese Tone<\/strong> balss<br><strong> Amanda Zaeska<\/strong> balss, harmonijas<br><strong>K\u0101rlis Tone<\/strong> aran\u017e\u0113jums<\/p>\n\n\n\n<p>Projekta \u201cL\u012bgas pH3\u201d pamat\u0101 ir interese par tradicion\u0101l\u0101s dzied\u0101\u0161anas netradicion\u0101liem izpild\u012bjumiem, k\u0101 ar\u012b m\u012btisk\u0101,<br>arhetipisk\u0101, sakr\u0101l\u0101 sl\u0101\u0146a mekl\u0113jumi un izcel\u0161ana tautas dziesm\u0101s un pa\u0161\u0101 dziesmu izpild\u012b\u0161anas proces\u0101. Folklora ir cie\u0161i saist\u012bta ar cilv\u0113ka v\u0113lmi izprast dabas varenos sp\u0113kus un apzin\u0101ties savu vietu \u0161aj\u0101 pasaul\u0113. Daba ir skaista, bet neap\u0161aub\u0101mi skarba un t\u0101s sp\u0113ki \u2013 nepiel\u016bdzami.<br>Folklora un m\u012bts sev\u012b nes mirkli p\u0113c pasaules rad\u012b\u0161anas, ko senu, t\u0101lu, arhaisku, kas vienlaikus ir gan skaists, gan brut\u0101ls. Kad gais\u0101 v\u0113l virmo vulk\u0101niskie putek\u013ci, v\u0113l nav saciet\u0113jusi magma, kad v\u0113l krak\u0161\u0137\u0113dami un brak\u0161\u0137\u0113dami dzimst kalni un pirmatn\u0113jais oke\u0101ns v\u0101r\u0101s. T\u0101p\u0113c \u0161aj\u0101 projekt\u0101 L\u012bg\u0101m pievienojies Latvijas smag\u0101s m\u016bzikas aprind\u0101s labi zin\u0101mais m\u016bzi\u0137is K\u0101rlis Tone (Tesa, Anna Kijev\u0101), papildinot L\u012bgu dzied\u0101jumu ar tum\u0161\u0101m, pies\u0101tin\u0101t\u0101m un neparast\u0101m noska\u0146\u0101m un ievedot tautas m\u016bziku eksperiment\u0101l\u0101s m\u016bzikas teritorij\u0101.<\/p>\n\n\n<div class=\"woocommerce columns-4 \"><ul class=\"products columns-4\">\n<li class=\"product type-product post-18249 status-publish first instock product_cat-adriana-gotlube product_cat-aiiz product_cat-baltic-sisters product_cat-cirse-latvite product_cat-garataka product_cat-katalogs product_cat-krace product_cat-laiksne product_cat-lans product_cat-lausa product_cat-ligas-ph3 product_cat-maijers-aleksandrs product_cat-ogas product_cat-saucejas product_cat-sviests product_cat-zanri product_tag-729 has-post-thumbnail taxable shipping-taxable purchasable product-type-simple\">\n\t<a href=\"https:\/\/lauska.lv\/veikals\/Preces\/sviests-10\/\" class=\"woocommerce-LoopProduct-link woocommerce-loop-product__link\"><img decoding=\"async\" width=\"324\" height=\"324\" src=\"https:\/\/lauska.lv\/veikals\/wp-content\/uploads\/sites\/6\/2023\/11\/Sviests10-850px-324x324.jpg\" class=\"attachment-woocommerce_thumbnail size-woocommerce_thumbnail\" alt=\"\" srcset=\"https:\/\/lauska.lv\/veikals\/wp-content\/uploads\/sites\/6\/2023\/11\/Sviests10-850px-324x324.jpg 324w, https:\/\/lauska.lv\/veikals\/wp-content\/uploads\/sites\/6\/2023\/11\/Sviests10-850px-300x300.jpg 300w, https:\/\/lauska.lv\/veikals\/wp-content\/uploads\/sites\/6\/2023\/11\/Sviests10-850px-150x150.jpg 150w, https:\/\/lauska.lv\/veikals\/wp-content\/uploads\/sites\/6\/2023\/11\/Sviests10-850px-768x768.jpg 768w, https:\/\/lauska.lv\/veikals\/wp-content\/uploads\/sites\/6\/2023\/11\/Sviests10-850px-416x416.jpg 416w, https:\/\/lauska.lv\/veikals\/wp-content\/uploads\/sites\/6\/2023\/11\/Sviests10-850px-100x100.jpg 100w, https:\/\/lauska.lv\/veikals\/wp-content\/uploads\/sites\/6\/2023\/11\/Sviests10-850px.jpg 850w\" sizes=\"(max-width: 324px) 100vw, 324px\" \/><h2 class=\"woocommerce-loop-product__title\">SVIESTS 10<\/h2>\n\t<span class=\"price\"><span class=\"woocommerce-Price-amount amount\"><bdi>10.00&nbsp;<span class=\"woocommerce-Price-currencySymbol\">&euro;<\/span><\/bdi><\/span> <small class=\"woocommerce-price-suffix\">iesk. PVN<\/small><\/span>\n<\/a><a href=\"?add-to-cart=18249\" data-quantity=\"1\" class=\"button product_type_simple add_to_cart_button ajax_add_to_cart\" data-product_id=\"18249\" data-product_sku=\"CD 105\" aria-label=\"Add to cart: &ldquo;SVIESTS 10&rdquo;\" aria-describedby=\"\" rel=\"nofollow\">+<\/a><\/li>\n<li class=\"product type-product post-4629 status-publish instock product_cat-auli product_cat-banga product_cat-barbals-kaspars product_cat-dj-monsta product_cat-ilgi product_cat-imantadimanta-un-draugi product_cat-jansone-laima product_cat-jansons-ansis product_cat-katalogs product_cat-laiksne product_cat-lata-donga product_cat-ligas-ph3 product_cat-post-folks product_cat-rava product_cat-saucejas product_cat-sviests product_cat-zeme product_tag-685 has-post-thumbnail taxable shipping-taxable purchasable product-type-simple\">\n\t<a href=\"https:\/\/lauska.lv\/veikals\/Preces\/sviests-8\/\" class=\"woocommerce-LoopProduct-link woocommerce-loop-product__link\"><img decoding=\"async\" width=\"324\" height=\"324\" src=\"https:\/\/lauska.lv\/veikals\/wp-content\/uploads\/sites\/6\/2019\/07\/Sviest-8-square-800px-324x324.jpg\" class=\"attachment-woocommerce_thumbnail size-woocommerce_thumbnail\" alt=\"\" srcset=\"https:\/\/lauska.lv\/veikals\/wp-content\/uploads\/sites\/6\/2019\/07\/Sviest-8-square-800px-324x324.jpg 324w, https:\/\/lauska.lv\/veikals\/wp-content\/uploads\/sites\/6\/2019\/07\/Sviest-8-square-800px-100x100.jpg 100w, https:\/\/lauska.lv\/veikals\/wp-content\/uploads\/sites\/6\/2019\/07\/Sviest-8-square-800px-416x416.jpg 416w, https:\/\/lauska.lv\/veikals\/wp-content\/uploads\/sites\/6\/2019\/07\/Sviest-8-square-800px-150x150.jpg 150w, https:\/\/lauska.lv\/veikals\/wp-content\/uploads\/sites\/6\/2019\/07\/Sviest-8-square-800px-300x300.jpg 300w, https:\/\/lauska.lv\/veikals\/wp-content\/uploads\/sites\/6\/2019\/07\/Sviest-8-square-800px-768x768.jpg 768w, https:\/\/lauska.lv\/veikals\/wp-content\/uploads\/sites\/6\/2019\/07\/Sviest-8-square-800px-600x600.jpg 600w, https:\/\/lauska.lv\/veikals\/wp-content\/uploads\/sites\/6\/2019\/07\/Sviest-8-square-800px.jpg 800w\" sizes=\"(max-width: 324px) 100vw, 324px\" \/><h2 class=\"woocommerce-loop-product__title\">SVIESTS 8<\/h2>\n\t<span class=\"price\"><span class=\"woocommerce-Price-amount amount\"><bdi>10.00&nbsp;<span class=\"woocommerce-Price-currencySymbol\">&euro;<\/span><\/bdi><\/span> <small class=\"woocommerce-price-suffix\">iesk. PVN<\/small><\/span>\n<\/a><a href=\"?add-to-cart=4629\" data-quantity=\"1\" class=\"button product_type_simple add_to_cart_button ajax_add_to_cart\" data-product_id=\"4629\" data-product_sku=\"2019 CD089\" aria-label=\"Add to cart: &ldquo;SVIESTS 8&rdquo;\" aria-describedby=\"\" rel=\"nofollow\">+<\/a><\/li>\n<\/ul>\n<\/div>\n\n\n\n<figure class=\"wp-block-embed is-type-video is-provider-youtube wp-block-embed-youtube wp-embed-aspect-4-3 wp-has-aspect-ratio\"><div class=\"wp-block-embed__wrapper\">\n<span class=\"embed-youtube\" style=\"text-align:center; display: block;\"><iframe class=\"youtube-player\" width=\"980\" height=\"552\" src=\"https:\/\/www.youtube.com\/embed\/P2gY72ZBsVc?version=3&#038;rel=1&#038;showsearch=0&#038;showinfo=1&#038;iv_load_policy=1&#038;fs=1&#038;hl=lv-LV&#038;autohide=2&#038;wmode=transparent\" allowfullscreen=\"true\" style=\"border:0;\" sandbox=\"allow-scripts allow-same-origin allow-popups allow-presentation allow-popups-to-escape-sandbox\"><\/iframe><\/span>\n<\/div><\/figure>\n","protected":false},"excerpt":{"rendered":"<p>L\u012bgas pH3 L\u012bga Egl\u012bte balss L\u012bga Kri\u0137e balssL\u012bga Kalni\u0146a balssLaura Gr\u012bnberga balss Anita Laime balss Inese Tone balss Amanda Zaeska balss, harmonijasK\u0101rlis Tone aran\u017e\u0113jums Projekta \u201cL\u012bgas pH3\u201d pamat\u0101 ir interese par tradicion\u0101l\u0101s dzied\u0101\u0161anas netradicion\u0101liem izpild\u012bjumiem, k\u0101 ar\u012b m\u012btisk\u0101,arhetipisk\u0101, sakr\u0101l\u0101 sl\u0101\u0146a mekl\u0113jumi un izcel\u0161ana tautas dziesm\u0101s un pa\u0161\u0101 dziesmu izpild\u012b\u0161anas proces\u0101. Folklora ir cie\u0161i saist\u012bta ar [&hellip;]<\/p>\n","protected":false},"author":1,"featured_media":0,"parent":218,"menu_order":0,"comment_status":"closed","ping_status":"closed","template":"page-group.php","meta":{"jetpack_post_was_ever_published":false,"footnotes":""},"categories":[559,571],"tags":[],"jetpack_sharing_enabled":true,"_links":{"self":[{"href":"https:\/\/lauska.lv\/veikals\/wp-json\/wp\/v2\/pages\/18407"}],"collection":[{"href":"https:\/\/lauska.lv\/veikals\/wp-json\/wp\/v2\/pages"}],"about":[{"href":"https:\/\/lauska.lv\/veikals\/wp-json\/wp\/v2\/types\/page"}],"author":[{"embeddable":true,"href":"https:\/\/lauska.lv\/veikals\/wp-json\/wp\/v2\/users\/1"}],"replies":[{"embeddable":true,"href":"https:\/\/lauska.lv\/veikals\/wp-json\/wp\/v2\/comments?post=18407"}],"version-history":[{"count":2,"href":"https:\/\/lauska.lv\/veikals\/wp-json\/wp\/v2\/pages\/18407\/revisions"}],"predecessor-version":[{"id":18437,"href":"https:\/\/lauska.lv\/veikals\/wp-json\/wp\/v2\/pages\/18407\/revisions\/18437"}],"up":[{"embeddable":true,"href":"https:\/\/lauska.lv\/veikals\/wp-json\/wp\/v2\/pages\/218"}],"wp:attachment":[{"href":"https:\/\/lauska.lv\/veikals\/wp-json\/wp\/v2\/media?parent=18407"}],"wp:term":[{"taxonomy":"category","embeddable":true,"href":"https:\/\/lauska.lv\/veikals\/wp-json\/wp\/v2\/categories?post=18407"},{"taxonomy":"post_tag","embeddable":true,"href":"https:\/\/lauska.lv\/veikals\/wp-json\/wp\/v2\/tags?post=18407"}],"curies":[{"name":"wp","href":"https:\/\/api.w.org\/{rel}","templated":true}]}}