{"id":18399,"date":"2024-02-19T09:55:40","date_gmt":"2024-02-19T07:55:40","guid":{"rendered":"https:\/\/lauska.lv\/veikals\/?page_id=18399"},"modified":"2024-02-19T09:59:15","modified_gmt":"2024-02-19T07:59:15","slug":"baltic-sisters","status":"publish","type":"page","link":"https:\/\/lauska.lv\/veikals\/makslinieki-2\/baltic-sisters\/","title":{"rendered":"Baltic sisters"},"content":{"rendered":"\n<h2 class=\"wp-block-heading\">The Baltic Sisters \/ Baltijas m\u0101sas<\/h2>\n\n\n\n<figure class=\"wp-block-image size-full is-resized\"><img fetchpriority=\"high\" decoding=\"async\" width=\"1000\" height=\"664\" src=\"https:\/\/lauska.lv\/veikals\/wp-content\/uploads\/sites\/6\/2024\/02\/unnamed.jpg\" alt=\"\" class=\"wp-image-18400\" style=\"width:500px\" srcset=\"https:\/\/lauska.lv\/veikals\/wp-content\/uploads\/sites\/6\/2024\/02\/unnamed.jpg 1000w, https:\/\/lauska.lv\/veikals\/wp-content\/uploads\/sites\/6\/2024\/02\/unnamed-300x199.jpg 300w, https:\/\/lauska.lv\/veikals\/wp-content\/uploads\/sites\/6\/2024\/02\/unnamed-768x510.jpg 768w, https:\/\/lauska.lv\/veikals\/wp-content\/uploads\/sites\/6\/2024\/02\/unnamed-416x276.jpg 416w\" sizes=\"(max-width: 1000px) 100vw, 1000px\" \/><\/figure>\n\n\n\n<p>The Baltic sisters ir tradicion\u0101l\u0101s m\u016bzikas starptautisks projekts, kur\u0161 2022. gada nogal\u0113 uzplaiksn\u012bja t\u0101lu no Baltijas krastiem \u2013 m\u016bzikas izst\u0101d\u0113 WOMEX Lisabon\u0101, kur satik\u0101s tr\u012bs dzied\u0101t\u0101jas no Igaunijas, Latvijas un Lietuvas. S\u0101kotn\u0113ji The Baltic Sisters vienoja aizrau\u0161an\u0101s ar sutartin\u0113m \u2013 arhaisk\u0101m lietuvie\u0161u daudzbals\u012bg\u0101m dziesm\u0101m, bet tagad dzied\u0101t\u0101ju repertu\u0101r\u0101 ir ar\u012b Igaunijas un Latvijas tradicion\u0101l\u0101 m\u016bzika.<br>Grupas koncertos skan gan latvie\u0161u, lietuvie\u0161u un igau\u0146u tautasdziesmas atsevi\u0161\u0137i, gan ar\u012b savijoties kop\u0101, veidojot unik\u0101lu un at\u0161\u0137ir\u012bgu skan\u0113jumu. Dzied\u0101t\u0101jas sniedz ar\u012b meistarklases igau\u0146u, latvie\u0161u un lietuvie\u0161u tradicion\u0101laj\u0101 dzied\u0101\u0161an\u0101.<br>The Baltic Sisters ir ierakst\u012bju\u0161as kop\u012bgu ska\u0146darbu ar Sp\u0101nijas virsto\u0146u dzied\u0101t\u0101jiem no Barcelona Overtone Singing Choir MuOM \u2013 lietuvie\u0161u sutartini Saulala, kas ir iek\u013cauta 2023. gad\u0101 izdotaj\u0101 m\u016bsdienu tautas m\u016bzikas izlas\u0113 Sviests 10. <br>2024. gad\u0101 The Baltic Sisters V\u0101cijas izdevniec\u012bb\u0101s CPL Music pasp\u0101rn\u0113 pl\u0101no izdot savu albumu.<br>Grupa jau ir piedal\u012bjusies liel\u0101kaj\u0101 Lietuvas etnom\u016bzikas festiv\u0101l\u0101 Menuo Juodaragis 2023. gad\u0101, bet 2024. gada vasar\u0101 pl\u0101no koncert\u0113t Valmiermui\u017eas Etnom\u016bzikas festiv\u0101l\u0101 Latvij\u0101 un V\u012blandes folkm\u016bzikas festiv\u0101l\u0101 Igaunij\u0101.  <\/p>\n\n\n\n<p><strong>Mariona Selgalla<\/strong> (Igaunija) ir Igaunijas M\u016bzikas un te\u0101tra akad\u0113mijas tradicion\u0101l\u0101s dzied\u0101\u0161anas studente, grupu <em>6hunesseq<\/em> un <em>Talina Naase<\/em> dal\u012bbniece.<br><strong>Vineta Rom\u0101ne<\/strong> (Latvija) ir Latvijas Kult\u016bras akad\u0113mijas tradicion\u0101l\u0101s dzied\u0101\u0161anas grupas <em>Sauc\u0113jas<\/em> un folkloras kopas <em>Laiksne<\/em> dal\u012bbniece.<br><strong>Laurita Peleni\u016bt\u0117<\/strong> (Lietuva) jau 15 gadus r\u012bko sutartin\u0117s dzied\u0101\u0161anas meistarklases Lietuv\u0101 un \u0101rzem\u0113s, piedal\u0101s vair\u0101k\u0101s muzik\u0101l\u0101s apvien\u012bb\u0101s (<em>M\u0101ros rijos<\/em>, <em>UDU<\/em>, <em>Marga muzika<\/em>).<br>Da\u017eos grupas koncertos un ierakstos piedal\u0101s ar\u012b ceturt\u0101 Baltijas m\u0101sa \u2013 dzied\u0101t\u0101ja un kokl\u0113t\u0101ja<strong> Liene Skrebinska<\/strong>, kura n\u0101k no folkloras grupas <em>V\u012bteri<\/em> R\u0113zeknes pus\u0113 Latvij\u0101, bet pa\u0161laik stud\u0113 Igaunijas M\u016bzikas un te\u0101tra akad\u0113mij\u0101.<\/p>\n\n\n<div class=\"woocommerce columns-4 \"><ul class=\"products columns-4\">\n<li class=\"product type-product post-18525 status-publish first instock product_cat-b product_cat-baltic-sisters product_cat-post-folks product_tag-757 has-post-thumbnail taxable shipping-taxable purchasable product-type-simple\">\n\t<a href=\"https:\/\/lauska.lv\/veikals\/Preces\/varav-varti-vartai\/\" class=\"woocommerce-LoopProduct-link woocommerce-loop-product__link\"><img decoding=\"async\" width=\"324\" height=\"324\" src=\"https:\/\/lauska.lv\/veikals\/wp-content\/uploads\/sites\/6\/2025\/05\/BalticSisters_CD-324x324.jpg\" class=\"attachment-woocommerce_thumbnail size-woocommerce_thumbnail\" alt=\"\" srcset=\"https:\/\/lauska.lv\/veikals\/wp-content\/uploads\/sites\/6\/2025\/05\/BalticSisters_CD-324x324.jpg 324w, https:\/\/lauska.lv\/veikals\/wp-content\/uploads\/sites\/6\/2025\/05\/BalticSisters_CD-300x300.jpg 300w, https:\/\/lauska.lv\/veikals\/wp-content\/uploads\/sites\/6\/2025\/05\/BalticSisters_CD-150x150.jpg 150w, https:\/\/lauska.lv\/veikals\/wp-content\/uploads\/sites\/6\/2025\/05\/BalticSisters_CD-416x416.jpg 416w, https:\/\/lauska.lv\/veikals\/wp-content\/uploads\/sites\/6\/2025\/05\/BalticSisters_CD-100x100.jpg 100w, https:\/\/lauska.lv\/veikals\/wp-content\/uploads\/sites\/6\/2025\/05\/BalticSisters_CD.jpg 700w\" sizes=\"(max-width: 324px) 100vw, 324px\" \/><h2 class=\"woocommerce-loop-product__title\">V\u00c4RAV \/ V\u0100RTI \/ VARTAI<\/h2>\n\t<span class=\"price\"><span class=\"woocommerce-Price-amount amount\"><bdi>12.00&nbsp;<span class=\"woocommerce-Price-currencySymbol\">&euro;<\/span><\/bdi><\/span> <small class=\"woocommerce-price-suffix\">iesk. PVN<\/small><\/span>\n<\/a><a href=\"?add-to-cart=18525\" data-quantity=\"1\" class=\"button product_type_simple add_to_cart_button ajax_add_to_cart\" data-product_id=\"18525\" data-product_sku=\"CPL\" aria-label=\"Add to cart: &ldquo;V\u00c4RAV \/ V\u0100RTI \/ VARTAI&rdquo;\" aria-describedby=\"\" rel=\"nofollow\">+<\/a><\/li>\n<li class=\"product type-product post-18249 status-publish instock product_cat-adriana-gotlube product_cat-aiiz product_cat-baltic-sisters product_cat-cirse-latvite product_cat-garataka product_cat-katalogs product_cat-krace product_cat-laiksne product_cat-lans product_cat-lausa product_cat-ligas-ph3 product_cat-maijers-aleksandrs product_cat-ogas product_cat-saucejas product_cat-sviests product_cat-zanri product_tag-729 has-post-thumbnail taxable shipping-taxable purchasable product-type-simple\">\n\t<a href=\"https:\/\/lauska.lv\/veikals\/Preces\/sviests-10\/\" class=\"woocommerce-LoopProduct-link woocommerce-loop-product__link\"><img decoding=\"async\" width=\"324\" height=\"324\" src=\"https:\/\/lauska.lv\/veikals\/wp-content\/uploads\/sites\/6\/2023\/11\/Sviests10-850px-324x324.jpg\" class=\"attachment-woocommerce_thumbnail size-woocommerce_thumbnail\" alt=\"\" srcset=\"https:\/\/lauska.lv\/veikals\/wp-content\/uploads\/sites\/6\/2023\/11\/Sviests10-850px-324x324.jpg 324w, https:\/\/lauska.lv\/veikals\/wp-content\/uploads\/sites\/6\/2023\/11\/Sviests10-850px-300x300.jpg 300w, https:\/\/lauska.lv\/veikals\/wp-content\/uploads\/sites\/6\/2023\/11\/Sviests10-850px-150x150.jpg 150w, https:\/\/lauska.lv\/veikals\/wp-content\/uploads\/sites\/6\/2023\/11\/Sviests10-850px-768x768.jpg 768w, https:\/\/lauska.lv\/veikals\/wp-content\/uploads\/sites\/6\/2023\/11\/Sviests10-850px-416x416.jpg 416w, https:\/\/lauska.lv\/veikals\/wp-content\/uploads\/sites\/6\/2023\/11\/Sviests10-850px-100x100.jpg 100w, https:\/\/lauska.lv\/veikals\/wp-content\/uploads\/sites\/6\/2023\/11\/Sviests10-850px.jpg 850w\" sizes=\"(max-width: 324px) 100vw, 324px\" \/><h2 class=\"woocommerce-loop-product__title\">SVIESTS 10<\/h2>\n\t<span class=\"price\"><span class=\"woocommerce-Price-amount amount\"><bdi>10.00&nbsp;<span class=\"woocommerce-Price-currencySymbol\">&euro;<\/span><\/bdi><\/span> <small class=\"woocommerce-price-suffix\">iesk. PVN<\/small><\/span>\n<\/a><a href=\"?add-to-cart=18249\" data-quantity=\"1\" class=\"button product_type_simple add_to_cart_button ajax_add_to_cart\" data-product_id=\"18249\" data-product_sku=\"CD 105\" aria-label=\"Add to cart: &ldquo;SVIESTS 10&rdquo;\" aria-describedby=\"\" rel=\"nofollow\">+<\/a><\/li>\n<\/ul>\n<\/div>\n\n\n\n<figure class=\"wp-block-embed is-type-video is-provider-youtube wp-block-embed-youtube wp-embed-aspect-16-9 wp-has-aspect-ratio\"><div class=\"wp-block-embed__wrapper\">\n<span class=\"embed-youtube\" style=\"text-align:center; display: block;\"><iframe class=\"youtube-player\" width=\"980\" height=\"552\" src=\"https:\/\/www.youtube.com\/embed\/FOCsrO-EO2w?version=3&#038;rel=1&#038;showsearch=0&#038;showinfo=1&#038;iv_load_policy=1&#038;fs=1&#038;hl=lv-LV&#038;autohide=2&#038;wmode=transparent\" allowfullscreen=\"true\" style=\"border:0;\" sandbox=\"allow-scripts allow-same-origin allow-popups allow-presentation allow-popups-to-escape-sandbox\"><\/iframe><\/span>\n<\/div><\/figure>\n","protected":false},"excerpt":{"rendered":"<p>The Baltic Sisters \/ Baltijas m\u0101sas The Baltic sisters ir tradicion\u0101l\u0101s m\u016bzikas starptautisks projekts, kur\u0161 2022. gada nogal\u0113 uzplaiksn\u012bja t\u0101lu no Baltijas krastiem \u2013 m\u016bzikas izst\u0101d\u0113 WOMEX Lisabon\u0101, kur satik\u0101s tr\u012bs dzied\u0101t\u0101jas no Igaunijas, Latvijas un Lietuvas. S\u0101kotn\u0113ji The Baltic Sisters vienoja aizrau\u0161an\u0101s ar sutartin\u0113m \u2013 arhaisk\u0101m lietuvie\u0161u daudzbals\u012bg\u0101m dziesm\u0101m, bet tagad dzied\u0101t\u0101ju repertu\u0101r\u0101 ir [&hellip;]<\/p>\n","protected":false},"author":1,"featured_media":0,"parent":218,"menu_order":0,"comment_status":"closed","ping_status":"closed","template":"page-group.php","meta":{"jetpack_post_was_ever_published":false,"footnotes":""},"categories":[561,559],"tags":[],"jetpack_sharing_enabled":true,"_links":{"self":[{"href":"https:\/\/lauska.lv\/veikals\/wp-json\/wp\/v2\/pages\/18399"}],"collection":[{"href":"https:\/\/lauska.lv\/veikals\/wp-json\/wp\/v2\/pages"}],"about":[{"href":"https:\/\/lauska.lv\/veikals\/wp-json\/wp\/v2\/types\/page"}],"author":[{"embeddable":true,"href":"https:\/\/lauska.lv\/veikals\/wp-json\/wp\/v2\/users\/1"}],"replies":[{"embeddable":true,"href":"https:\/\/lauska.lv\/veikals\/wp-json\/wp\/v2\/comments?post=18399"}],"version-history":[{"count":1,"href":"https:\/\/lauska.lv\/veikals\/wp-json\/wp\/v2\/pages\/18399\/revisions"}],"predecessor-version":[{"id":18403,"href":"https:\/\/lauska.lv\/veikals\/wp-json\/wp\/v2\/pages\/18399\/revisions\/18403"}],"up":[{"embeddable":true,"href":"https:\/\/lauska.lv\/veikals\/wp-json\/wp\/v2\/pages\/218"}],"wp:attachment":[{"href":"https:\/\/lauska.lv\/veikals\/wp-json\/wp\/v2\/media?parent=18399"}],"wp:term":[{"taxonomy":"category","embeddable":true,"href":"https:\/\/lauska.lv\/veikals\/wp-json\/wp\/v2\/categories?post=18399"},{"taxonomy":"post_tag","embeddable":true,"href":"https:\/\/lauska.lv\/veikals\/wp-json\/wp\/v2\/tags?post=18399"}],"curies":[{"name":"wp","href":"https:\/\/api.w.org\/{rel}","templated":true}]}}