{"id":18382,"date":"2024-02-17T09:17:39","date_gmt":"2024-02-17T07:17:39","guid":{"rendered":"https:\/\/lauska.lv\/veikals\/?page_id=18382"},"modified":"2024-02-18T08:02:15","modified_gmt":"2024-02-18T06:02:15","slug":"krace","status":"publish","type":"page","link":"https:\/\/lauska.lv\/veikals\/makslinieki-2\/krace\/","title":{"rendered":"Kr\u0101ce"},"content":{"rendered":"\n<h2 class=\"wp-block-heading\">Kr\u0101ce<\/h2>\n\n\n\n<figure class=\"wp-block-image size-full is-resized is-style-default\"><img fetchpriority=\"high\" decoding=\"async\" width=\"720\" height=\"697\" src=\"https:\/\/lauska.lv\/veikals\/wp-content\/uploads\/sites\/6\/2024\/02\/foto2-1.jpg\" alt=\"\" class=\"wp-image-18395\" style=\"width:400px\" srcset=\"https:\/\/lauska.lv\/veikals\/wp-content\/uploads\/sites\/6\/2024\/02\/foto2-1.jpg 720w, https:\/\/lauska.lv\/veikals\/wp-content\/uploads\/sites\/6\/2024\/02\/foto2-1-300x290.jpg 300w, https:\/\/lauska.lv\/veikals\/wp-content\/uploads\/sites\/6\/2024\/02\/foto2-1-416x403.jpg 416w\" sizes=\"(max-width: 720px) 100vw, 720px\" \/><\/figure>\n\n\n\n<p>vad\u012bt\u0101ja<strong> Iveta T\u0101le<\/strong> balss, d\u016bdas, kokle<br><strong> Juta Celm\u0101re<\/strong> balss, mandol\u012bna<br><strong> Daiga Kalni\u0146a<\/strong> balss, bubins<br><strong> Vita Talla<\/strong> balss, d\u016bdas, kokle, mandol\u012bna<br><strong> Iveta B\u0113rzi\u0146a<\/strong> balss, bungas<br><strong> Anita B\u0113rzi\u0146a<\/strong> balss, mandol\u012bna<\/p>\n\n\n\n<p>Krustpils Kult\u016bras centra s\u0113\u013cu tradicion\u0101l\u0101s m\u016bzikas grupa \u201cKr\u0101ce\u201d ir dibin\u0101ta 2022. gad\u0101 ar m\u0113r\u0137i izzin\u0101t, praktiz\u0113t un populariz\u0113t S\u0113lijas un s\u0113\u013cu tradicion\u0101lo m\u016bziku. Grupa pa\u0161laik apvieno 7 dal\u012bbnieces. Lai gan \u201cKr\u0101ces\u201d galvenais darb\u012bbas lauks ir sadarb\u012bb\u0101 ar J\u0113kabpils novada lok\u0101laj\u0101m kopien\u0101m r\u012bkotie tradicion\u0101l\u0101s kult\u016bras pas\u0101kumi, grupa ir paguvusi piedal\u012bties ar\u012b Latvijas m\u0113roga un starptautiskos projektos, piem\u0113ram, \u201cStarptautiskaj\u0101 \u0101ra dzied\u0101\u0161anas festiv\u0101l\u0101\u201d (\u013baudona, Latvija, 2022) un starptautiskaj\u0101 folkloras festiv\u0101l\u0101 &#8220;Atataria Lamzd\u017eai &#8211; 2023&#8221; (Kau\u0146a, Lietuva, 2023).<\/p>\n\n\n<div class=\"woocommerce columns-4 \"><ul class=\"products columns-4\">\n<li class=\"product type-product post-18249 status-publish first instock product_cat-adriana-gotlube product_cat-aiiz product_cat-baltic-sisters product_cat-cirse-latvite product_cat-garataka product_cat-katalogs product_cat-krace product_cat-laiksne product_cat-lans product_cat-lausa product_cat-ligas-ph3 product_cat-maijers-aleksandrs product_cat-ogas product_cat-saucejas product_cat-sviests product_cat-zanri product_tag-729 has-post-thumbnail taxable shipping-taxable purchasable product-type-simple\">\n\t<a href=\"https:\/\/lauska.lv\/veikals\/Preces\/sviests-10\/\" class=\"woocommerce-LoopProduct-link woocommerce-loop-product__link\"><img decoding=\"async\" width=\"324\" height=\"324\" src=\"https:\/\/lauska.lv\/veikals\/wp-content\/uploads\/sites\/6\/2023\/11\/Sviests10-850px-324x324.jpg\" class=\"attachment-woocommerce_thumbnail size-woocommerce_thumbnail\" alt=\"\" srcset=\"https:\/\/lauska.lv\/veikals\/wp-content\/uploads\/sites\/6\/2023\/11\/Sviests10-850px-324x324.jpg 324w, https:\/\/lauska.lv\/veikals\/wp-content\/uploads\/sites\/6\/2023\/11\/Sviests10-850px-300x300.jpg 300w, https:\/\/lauska.lv\/veikals\/wp-content\/uploads\/sites\/6\/2023\/11\/Sviests10-850px-150x150.jpg 150w, https:\/\/lauska.lv\/veikals\/wp-content\/uploads\/sites\/6\/2023\/11\/Sviests10-850px-768x768.jpg 768w, https:\/\/lauska.lv\/veikals\/wp-content\/uploads\/sites\/6\/2023\/11\/Sviests10-850px-416x416.jpg 416w, https:\/\/lauska.lv\/veikals\/wp-content\/uploads\/sites\/6\/2023\/11\/Sviests10-850px-100x100.jpg 100w, https:\/\/lauska.lv\/veikals\/wp-content\/uploads\/sites\/6\/2023\/11\/Sviests10-850px.jpg 850w\" sizes=\"(max-width: 324px) 100vw, 324px\" \/><h2 class=\"woocommerce-loop-product__title\">SVIESTS 10<\/h2>\n\t<span class=\"price\"><span class=\"woocommerce-Price-amount amount\"><bdi>10.00&nbsp;<span class=\"woocommerce-Price-currencySymbol\">&euro;<\/span><\/bdi><\/span> <small class=\"woocommerce-price-suffix\">iesk. PVN<\/small><\/span>\n<\/a><a href=\"?add-to-cart=18249\" data-quantity=\"1\" class=\"button product_type_simple add_to_cart_button ajax_add_to_cart\" data-product_id=\"18249\" data-product_sku=\"CD 105\" aria-label=\"Add to cart: &ldquo;SVIESTS 10&rdquo;\" aria-describedby=\"\" rel=\"nofollow\">+<\/a><\/li>\n<\/ul>\n<\/div>\n\n\n\n<p><\/p>\n\n\n\n<figure class=\"wp-block-embed is-type-video is-provider-youtube wp-block-embed-youtube wp-embed-aspect-16-9 wp-has-aspect-ratio\"><div class=\"wp-block-embed__wrapper\">\n<span class=\"embed-youtube\" style=\"text-align:center; display: block;\"><iframe class=\"youtube-player\" width=\"980\" height=\"552\" src=\"https:\/\/www.youtube.com\/embed\/5pzFuJZwDYY?version=3&#038;rel=1&#038;showsearch=0&#038;showinfo=1&#038;iv_load_policy=1&#038;fs=1&#038;hl=lv-LV&#038;autohide=2&#038;wmode=transparent\" allowfullscreen=\"true\" style=\"border:0;\" sandbox=\"allow-scripts allow-same-origin allow-popups allow-presentation allow-popups-to-escape-sandbox\"><\/iframe><\/span>\n<\/div><\/figure>\n","protected":false},"excerpt":{"rendered":"<p>Kr\u0101ce vad\u012bt\u0101ja Iveta T\u0101le balss, d\u016bdas, kokle Juta Celm\u0101re balss, mandol\u012bna Daiga Kalni\u0146a balss, bubins Vita Talla balss, d\u016bdas, kokle, mandol\u012bna Iveta B\u0113rzi\u0146a balss, bungas Anita B\u0113rzi\u0146a balss, mandol\u012bna Krustpils Kult\u016bras centra s\u0113\u013cu tradicion\u0101l\u0101s m\u016bzikas grupa \u201cKr\u0101ce\u201d ir dibin\u0101ta 2022. gad\u0101 ar m\u0113r\u0137i izzin\u0101t, praktiz\u0113t un populariz\u0113t S\u0113lijas un s\u0113\u013cu tradicion\u0101lo m\u016bziku. Grupa pa\u0161laik apvieno [&hellip;]<\/p>\n","protected":false},"author":1,"featured_media":0,"parent":218,"menu_order":0,"comment_status":"closed","ping_status":"closed","template":"page-group.php","meta":{"jetpack_post_was_ever_published":false,"footnotes":""},"categories":[559,570],"tags":[751],"jetpack_sharing_enabled":true,"_links":{"self":[{"href":"https:\/\/lauska.lv\/veikals\/wp-json\/wp\/v2\/pages\/18382"}],"collection":[{"href":"https:\/\/lauska.lv\/veikals\/wp-json\/wp\/v2\/pages"}],"about":[{"href":"https:\/\/lauska.lv\/veikals\/wp-json\/wp\/v2\/types\/page"}],"author":[{"embeddable":true,"href":"https:\/\/lauska.lv\/veikals\/wp-json\/wp\/v2\/users\/1"}],"replies":[{"embeddable":true,"href":"https:\/\/lauska.lv\/veikals\/wp-json\/wp\/v2\/comments?post=18382"}],"version-history":[{"count":3,"href":"https:\/\/lauska.lv\/veikals\/wp-json\/wp\/v2\/pages\/18382\/revisions"}],"predecessor-version":[{"id":18398,"href":"https:\/\/lauska.lv\/veikals\/wp-json\/wp\/v2\/pages\/18382\/revisions\/18398"}],"up":[{"embeddable":true,"href":"https:\/\/lauska.lv\/veikals\/wp-json\/wp\/v2\/pages\/218"}],"wp:attachment":[{"href":"https:\/\/lauska.lv\/veikals\/wp-json\/wp\/v2\/media?parent=18382"}],"wp:term":[{"taxonomy":"category","embeddable":true,"href":"https:\/\/lauska.lv\/veikals\/wp-json\/wp\/v2\/categories?post=18382"},{"taxonomy":"post_tag","embeddable":true,"href":"https:\/\/lauska.lv\/veikals\/wp-json\/wp\/v2\/tags?post=18382"}],"curies":[{"name":"wp","href":"https:\/\/api.w.org\/{rel}","templated":true}]}}