{"id":18366,"date":"2024-02-17T08:37:38","date_gmt":"2024-02-17T06:37:38","guid":{"rendered":"https:\/\/lauska.lv\/veikals\/?page_id=18366"},"modified":"2024-02-17T08:48:26","modified_gmt":"2024-02-17T06:48:26","slug":"maijers-aleksandrs","status":"publish","type":"page","link":"https:\/\/lauska.lv\/veikals\/makslinieki-2\/maijers-aleksandrs\/","title":{"rendered":"Maijers Aleksandrs"},"content":{"rendered":"\n<p><\/p>\n\n\n\n<h2 class=\"wp-block-heading\">Aleksandrs Maijers<\/h2>\n\n\n\n<figure class=\"wp-block-image size-full is-resized\"><img fetchpriority=\"high\" decoding=\"async\" width=\"500\" height=\"638\" src=\"https:\/\/lauska.lv\/veikals\/wp-content\/uploads\/sites\/6\/2024\/02\/IMG_0972.jpg\" alt=\"\" class=\"wp-image-18367\" style=\"width:auto;height:400px\" srcset=\"https:\/\/lauska.lv\/veikals\/wp-content\/uploads\/sites\/6\/2024\/02\/IMG_0972.jpg 500w, https:\/\/lauska.lv\/veikals\/wp-content\/uploads\/sites\/6\/2024\/02\/IMG_0972-235x300.jpg 235w, https:\/\/lauska.lv\/veikals\/wp-content\/uploads\/sites\/6\/2024\/02\/IMG_0972-416x531.jpg 416w\" sizes=\"(max-width: 500px) 100vw, 500px\" \/><\/figure>\n\n\n\n<p>Aleksandrs Maijers ir m\u016bzikas instrumentu meistars, m\u016bzi\u0137is un instrumentu\n kolekcion\u0101rs. Divdesmit gadu garum\u0101 ar saviem m\u016bzikas instrumentiem ir \niepaz\u012bstin\u0101jis daudzus jaunus un pieaugu\u0161us klaus\u012bt\u0101jus Latvij\u0101 un \u0101rpus t\u0101s, \nizgatavojis instrumentus daudziem profesion\u0101liem m\u016bzi\u0137iem un kolekt\u012bviem.\nK\u0101 m\u016bzi\u0137is piedal\u012bj\u0101s grup\u0101s &#8221;OROBORO&#8221; un &#8220;Lucius&#8221;, \u0112rika E\u0161envalda un J\u0113kaba \nJan\u010devska ska\u0146darbu atska\u0146ojumos, Latvijas Radio kora uzvedumos. <\/p>\n\n\n\n<p>Piedal\u012bj\u0101s \u201cOroboro\u201d(1999.), \u2019\u2019Pasaules pasakas\u2019\u2019(2003.), \u201cPorcel\u0101na \u0161\u016bpoles\u201d(1996.) \nalb\u016bmu ierakstos, un \u0112rika E\u0161envalda ska\u0146darba \u201cThe First Tears\u201d(2016.) ierakst\u0101 \nLatvijas Radio kora izpild\u012bjum\u0101. Ar Kristu un Reini Dzudzilo piedal\u012bj\u0101s scenogr\u0101fisk\u0101 \nobjekta \u201eZ R w h d Z\u201d tap\u0161an\u0101 Pr\u0101gas Scenogr\u0101fijas Kvadrinn\u0101l\u0113 (2019.)<\/p>\n\n\n\n<p>Ar VKKF atbalstu Aleksandrs Maijers izveidoja <a href=\"https:\/\/www.youtube.com\/channel\/UCME9dH4xGULLG-0HIgY9fuQ\">divdesmit filmi\u0146as par ska\u0146ur\u012bku izgatavo\u0161anu,<\/a> popul\u0101r\u0101ko no t\u0101m, &#8220;Valrieksta svilpaunieks&#8221;, YouTube platform\u0101 jau noskat\u012bj\u0101s 700 000 skat\u012bt\u0101ji.<br>Vada ska\u0146ur\u012bku izgatavo\u0161anas meistarklases un <a href=\"https:\/\/latvijasskolassoma.lv\/norise\/izzinosa-nodarbiba-iepazisanas-ar-tradicionaliem-eksotiskiem-un-pasdarinatiem-muzikas-instrumentiem\/\">izzino\u0161as nodarb\u012bbas Latvijas Skolas somas ietvaros<\/a><\/p>\n\n\n<div class=\"woocommerce columns-4 \"><ul class=\"products columns-4\">\n<li class=\"product type-product post-18249 status-publish first instock product_cat-adriana-gotlube product_cat-aiiz product_cat-baltic-sisters product_cat-cirse-latvite product_cat-garataka product_cat-katalogs product_cat-krace product_cat-laiksne product_cat-lans product_cat-lausa product_cat-ligas-ph3 product_cat-maijers-aleksandrs product_cat-ogas product_cat-saucejas product_cat-sviests product_cat-zanri product_tag-729 has-post-thumbnail taxable shipping-taxable purchasable product-type-simple\">\n\t<a href=\"https:\/\/lauska.lv\/veikals\/Preces\/sviests-10\/\" class=\"woocommerce-LoopProduct-link woocommerce-loop-product__link\"><img decoding=\"async\" width=\"324\" height=\"324\" src=\"https:\/\/lauska.lv\/veikals\/wp-content\/uploads\/sites\/6\/2023\/11\/Sviests10-850px-324x324.jpg\" class=\"attachment-woocommerce_thumbnail size-woocommerce_thumbnail\" alt=\"\" srcset=\"https:\/\/lauska.lv\/veikals\/wp-content\/uploads\/sites\/6\/2023\/11\/Sviests10-850px-324x324.jpg 324w, https:\/\/lauska.lv\/veikals\/wp-content\/uploads\/sites\/6\/2023\/11\/Sviests10-850px-300x300.jpg 300w, https:\/\/lauska.lv\/veikals\/wp-content\/uploads\/sites\/6\/2023\/11\/Sviests10-850px-150x150.jpg 150w, https:\/\/lauska.lv\/veikals\/wp-content\/uploads\/sites\/6\/2023\/11\/Sviests10-850px-768x768.jpg 768w, https:\/\/lauska.lv\/veikals\/wp-content\/uploads\/sites\/6\/2023\/11\/Sviests10-850px-416x416.jpg 416w, https:\/\/lauska.lv\/veikals\/wp-content\/uploads\/sites\/6\/2023\/11\/Sviests10-850px-100x100.jpg 100w, https:\/\/lauska.lv\/veikals\/wp-content\/uploads\/sites\/6\/2023\/11\/Sviests10-850px.jpg 850w\" sizes=\"(max-width: 324px) 100vw, 324px\" \/><h2 class=\"woocommerce-loop-product__title\">SVIESTS 10<\/h2>\n\t<span class=\"price\"><span class=\"woocommerce-Price-amount amount\"><bdi>10.00&nbsp;<span class=\"woocommerce-Price-currencySymbol\">&euro;<\/span><\/bdi><\/span> <small class=\"woocommerce-price-suffix\">iesk. PVN<\/small><\/span>\n<\/a><a href=\"?add-to-cart=18249\" data-quantity=\"1\" class=\"button product_type_simple add_to_cart_button ajax_add_to_cart\" data-product_id=\"18249\" data-product_sku=\"CD 105\" aria-label=\"Add to cart: &ldquo;SVIESTS 10&rdquo;\" aria-describedby=\"\" rel=\"nofollow\">+<\/a><\/li>\n<\/ul>\n<\/div>\n\n\n\n<figure class=\"wp-block-embed is-type-video is-provider-youtube wp-block-embed-youtube wp-embed-aspect-16-9 wp-has-aspect-ratio\"><div class=\"wp-block-embed__wrapper\">\n<span class=\"embed-youtube\" style=\"text-align:center; display: block;\"><iframe class=\"youtube-player\" width=\"980\" height=\"552\" src=\"https:\/\/www.youtube.com\/embed\/xBSlM4AOvXA?version=3&#038;rel=1&#038;showsearch=0&#038;showinfo=1&#038;iv_load_policy=1&#038;fs=1&#038;hl=lv-LV&#038;autohide=2&#038;wmode=transparent\" allowfullscreen=\"true\" style=\"border:0;\" sandbox=\"allow-scripts allow-same-origin allow-popups allow-presentation allow-popups-to-escape-sandbox\"><\/iframe><\/span>\n<\/div><\/figure>\n\n\n\n<figure class=\"wp-block-embed is-type-video is-provider-youtube wp-block-embed-youtube wp-embed-aspect-16-9 wp-has-aspect-ratio\"><div class=\"wp-block-embed__wrapper\">\n<span class=\"embed-youtube\" style=\"text-align:center; display: block;\"><iframe class=\"youtube-player\" width=\"980\" height=\"552\" src=\"https:\/\/www.youtube.com\/embed\/1o-5ORP_T5c?version=3&#038;rel=1&#038;showsearch=0&#038;showinfo=1&#038;iv_load_policy=1&#038;fs=1&#038;hl=lv-LV&#038;autohide=2&#038;wmode=transparent\" allowfullscreen=\"true\" style=\"border:0;\" sandbox=\"allow-scripts allow-same-origin allow-popups allow-presentation allow-popups-to-escape-sandbox\"><\/iframe><\/span>\n<\/div><\/figure>\n","protected":false},"excerpt":{"rendered":"<p>Aleksandrs Maijers Aleksandrs Maijers ir m\u016bzikas instrumentu meistars, m\u016bzi\u0137is un instrumentu kolekcion\u0101rs. Divdesmit gadu garum\u0101 ar saviem m\u016bzikas instrumentiem ir iepaz\u012bstin\u0101jis daudzus jaunus un pieaugu\u0161us klaus\u012bt\u0101jus Latvij\u0101 un \u0101rpus t\u0101s, izgatavojis instrumentus daudziem profesion\u0101liem m\u016bzi\u0137iem un kolekt\u012bviem. K\u0101 m\u016bzi\u0137is piedal\u012bj\u0101s grup\u0101s &#8221;OROBORO&#8221; un &#8220;Lucius&#8221;, \u0112rika E\u0161envalda un J\u0113kaba Jan\u010devska ska\u0146darbu atska\u0146ojumos, Latvijas Radio kora uzvedumos. [&hellip;]<\/p>\n","protected":false},"author":1,"featured_media":0,"parent":218,"menu_order":0,"comment_status":"closed","ping_status":"closed","template":"page-group.php","meta":{"jetpack_post_was_ever_published":false,"footnotes":""},"categories":[559,572],"tags":[750],"jetpack_sharing_enabled":true,"_links":{"self":[{"href":"https:\/\/lauska.lv\/veikals\/wp-json\/wp\/v2\/pages\/18366"}],"collection":[{"href":"https:\/\/lauska.lv\/veikals\/wp-json\/wp\/v2\/pages"}],"about":[{"href":"https:\/\/lauska.lv\/veikals\/wp-json\/wp\/v2\/types\/page"}],"author":[{"embeddable":true,"href":"https:\/\/lauska.lv\/veikals\/wp-json\/wp\/v2\/users\/1"}],"replies":[{"embeddable":true,"href":"https:\/\/lauska.lv\/veikals\/wp-json\/wp\/v2\/comments?post=18366"}],"version-history":[{"count":2,"href":"https:\/\/lauska.lv\/veikals\/wp-json\/wp\/v2\/pages\/18366\/revisions"}],"predecessor-version":[{"id":18372,"href":"https:\/\/lauska.lv\/veikals\/wp-json\/wp\/v2\/pages\/18366\/revisions\/18372"}],"up":[{"embeddable":true,"href":"https:\/\/lauska.lv\/veikals\/wp-json\/wp\/v2\/pages\/218"}],"wp:attachment":[{"href":"https:\/\/lauska.lv\/veikals\/wp-json\/wp\/v2\/media?parent=18366"}],"wp:term":[{"taxonomy":"category","embeddable":true,"href":"https:\/\/lauska.lv\/veikals\/wp-json\/wp\/v2\/categories?post=18366"},{"taxonomy":"post_tag","embeddable":true,"href":"https:\/\/lauska.lv\/veikals\/wp-json\/wp\/v2\/tags?post=18366"}],"curies":[{"name":"wp","href":"https:\/\/api.w.org\/{rel}","templated":true}]}}