{"id":18360,"date":"2024-02-17T07:46:09","date_gmt":"2024-02-17T05:46:09","guid":{"rendered":"https:\/\/lauska.lv\/veikals\/?page_id=18360"},"modified":"2024-02-18T07:29:31","modified_gmt":"2024-02-18T05:29:31","slug":"a-i-i-z","status":"publish","type":"page","link":"https:\/\/lauska.lv\/veikals\/makslinieki-2\/a-i-i-z\/","title":{"rendered":"A.I.I.Z."},"content":{"rendered":"\n<figure class=\"wp-block-image size-full is-resized\"><img fetchpriority=\"high\" decoding=\"async\" width=\"831\" height=\"566\" src=\"https:\/\/lauska.lv\/veikals\/wp-content\/uploads\/sites\/6\/2024\/02\/aiiz_bilde_nav_autors.jpg\" alt=\"\" class=\"wp-image-18361\" style=\"width:500px\" srcset=\"https:\/\/lauska.lv\/veikals\/wp-content\/uploads\/sites\/6\/2024\/02\/aiiz_bilde_nav_autors.jpg 831w, https:\/\/lauska.lv\/veikals\/wp-content\/uploads\/sites\/6\/2024\/02\/aiiz_bilde_nav_autors-300x204.jpg 300w, https:\/\/lauska.lv\/veikals\/wp-content\/uploads\/sites\/6\/2024\/02\/aiiz_bilde_nav_autors-768x523.jpg 768w, https:\/\/lauska.lv\/veikals\/wp-content\/uploads\/sites\/6\/2024\/02\/aiiz_bilde_nav_autors-416x283.jpg 416w\" sizes=\"(max-width: 831px) 100vw, 831px\" \/><\/figure>\n\n\n\n<h2 class=\"wp-block-heading\">A.I.I.Z.<\/h2>\n\n\n\n<p><strong>Andris Grunte<\/strong> kontrabass<br><strong>Indri\u0137is Veitners<\/strong> saksofons, klarnete<br><strong>Ilze Grunte<\/strong> \u0123it\u0101ras, arfa, mandol\u012bna, \u010darango u.c.<br><strong>Zane \u0160mite<\/strong> balss, vargans<\/p>\n\n\n\n<p>Grupas dal\u012bbnieki ir m\u016bzi\u0137i, kuri cits citu paz\u012bst sen un kop\u0101 sp\u0113l\u0113ju\u0161i da\u017e\u0101dos sast\u0101vos un muzik\u0101los projektos. Grup\u0101 A.I.I.Z. pat\u012bk kop\u0101 muzic\u0113t un ieskandin\u0101t maz\u0101k dzird\u0113tas tautas dziesmas, kas rodamas publik\u0101cij\u0101s, k\u0101 ar\u012b Latvie\u0161u Folkloras kr\u0101tuves ierakstu kolekcij\u0101.<\/p>\n\n\n<div class=\"woocommerce columns-4 \"><ul class=\"products columns-4\">\n<li class=\"product type-product post-18249 status-publish first instock product_cat-adriana-gotlube product_cat-aiiz product_cat-baltic-sisters product_cat-cirse-latvite product_cat-garataka product_cat-katalogs product_cat-krace product_cat-laiksne product_cat-lans product_cat-lausa product_cat-ligas-ph3 product_cat-maijers-aleksandrs product_cat-ogas product_cat-saucejas product_cat-sviests product_cat-zanri product_tag-729 has-post-thumbnail taxable shipping-taxable purchasable product-type-simple\">\n\t<a href=\"https:\/\/lauska.lv\/veikals\/Preces\/sviests-10\/\" class=\"woocommerce-LoopProduct-link woocommerce-loop-product__link\"><img decoding=\"async\" width=\"324\" height=\"324\" src=\"https:\/\/lauska.lv\/veikals\/wp-content\/uploads\/sites\/6\/2023\/11\/Sviests10-850px-324x324.jpg\" class=\"attachment-woocommerce_thumbnail size-woocommerce_thumbnail\" alt=\"\" srcset=\"https:\/\/lauska.lv\/veikals\/wp-content\/uploads\/sites\/6\/2023\/11\/Sviests10-850px-324x324.jpg 324w, https:\/\/lauska.lv\/veikals\/wp-content\/uploads\/sites\/6\/2023\/11\/Sviests10-850px-300x300.jpg 300w, https:\/\/lauska.lv\/veikals\/wp-content\/uploads\/sites\/6\/2023\/11\/Sviests10-850px-150x150.jpg 150w, https:\/\/lauska.lv\/veikals\/wp-content\/uploads\/sites\/6\/2023\/11\/Sviests10-850px-768x768.jpg 768w, https:\/\/lauska.lv\/veikals\/wp-content\/uploads\/sites\/6\/2023\/11\/Sviests10-850px-416x416.jpg 416w, https:\/\/lauska.lv\/veikals\/wp-content\/uploads\/sites\/6\/2023\/11\/Sviests10-850px-100x100.jpg 100w, https:\/\/lauska.lv\/veikals\/wp-content\/uploads\/sites\/6\/2023\/11\/Sviests10-850px.jpg 850w\" sizes=\"(max-width: 324px) 100vw, 324px\" \/><h2 class=\"woocommerce-loop-product__title\">SVIESTS 10<\/h2>\n\t<span class=\"price\"><span class=\"woocommerce-Price-amount amount\"><bdi>10.00&nbsp;<span class=\"woocommerce-Price-currencySymbol\">&euro;<\/span><\/bdi><\/span> <small class=\"woocommerce-price-suffix\">iesk. PVN<\/small><\/span>\n<\/a><a href=\"?add-to-cart=18249\" data-quantity=\"1\" class=\"button product_type_simple add_to_cart_button ajax_add_to_cart\" data-product_id=\"18249\" data-product_sku=\"CD 105\" aria-label=\"Add to cart: &ldquo;SVIESTS 10&rdquo;\" aria-describedby=\"\" rel=\"nofollow\">+<\/a><\/li>\n<\/ul>\n<\/div>\n\n\n\n<figure class=\"wp-block-embed is-type-video is-provider-youtube wp-block-embed-youtube wp-embed-aspect-16-9 wp-has-aspect-ratio\"><div class=\"wp-block-embed__wrapper\">\n<span class=\"embed-youtube\" style=\"text-align:center; display: block;\"><iframe class=\"youtube-player\" width=\"980\" height=\"552\" src=\"https:\/\/www.youtube.com\/embed\/s5R4KRTNbRI?version=3&#038;rel=1&#038;showsearch=0&#038;showinfo=1&#038;iv_load_policy=1&#038;fs=1&#038;hl=lv-LV&#038;autohide=2&#038;wmode=transparent\" allowfullscreen=\"true\" style=\"border:0;\" sandbox=\"allow-scripts allow-same-origin allow-popups allow-presentation allow-popups-to-escape-sandbox\"><\/iframe><\/span>\n<\/div><\/figure>\n","protected":false},"excerpt":{"rendered":"<p>A.I.I.Z. Andris Grunte kontrabassIndri\u0137is Veitners saksofons, klarneteIlze Grunte \u0123it\u0101ras, arfa, mandol\u012bna, \u010darango u.c.Zane \u0160mite balss, vargans Grupas dal\u012bbnieki ir m\u016bzi\u0137i, kuri cits citu paz\u012bst sen un kop\u0101 sp\u0113l\u0113ju\u0161i da\u017e\u0101dos sast\u0101vos un muzik\u0101los projektos. Grup\u0101 A.I.I.Z. pat\u012bk kop\u0101 muzic\u0113t un ieskandin\u0101t maz\u0101k dzird\u0113tas tautas dziesmas, kas rodamas publik\u0101cij\u0101s, k\u0101 ar\u012b Latvie\u0161u Folkloras kr\u0101tuves ierakstu kolekcij\u0101.<\/p>\n","protected":false},"author":1,"featured_media":0,"parent":218,"menu_order":0,"comment_status":"closed","ping_status":"closed","template":"page-group.php","meta":{"jetpack_post_was_ever_published":false,"footnotes":""},"categories":[560,559],"tags":[],"jetpack_sharing_enabled":true,"_links":{"self":[{"href":"https:\/\/lauska.lv\/veikals\/wp-json\/wp\/v2\/pages\/18360"}],"collection":[{"href":"https:\/\/lauska.lv\/veikals\/wp-json\/wp\/v2\/pages"}],"about":[{"href":"https:\/\/lauska.lv\/veikals\/wp-json\/wp\/v2\/types\/page"}],"author":[{"embeddable":true,"href":"https:\/\/lauska.lv\/veikals\/wp-json\/wp\/v2\/users\/1"}],"replies":[{"embeddable":true,"href":"https:\/\/lauska.lv\/veikals\/wp-json\/wp\/v2\/comments?post=18360"}],"version-history":[{"count":4,"href":"https:\/\/lauska.lv\/veikals\/wp-json\/wp\/v2\/pages\/18360\/revisions"}],"predecessor-version":[{"id":18389,"href":"https:\/\/lauska.lv\/veikals\/wp-json\/wp\/v2\/pages\/18360\/revisions\/18389"}],"up":[{"embeddable":true,"href":"https:\/\/lauska.lv\/veikals\/wp-json\/wp\/v2\/pages\/218"}],"wp:attachment":[{"href":"https:\/\/lauska.lv\/veikals\/wp-json\/wp\/v2\/media?parent=18360"}],"wp:term":[{"taxonomy":"category","embeddable":true,"href":"https:\/\/lauska.lv\/veikals\/wp-json\/wp\/v2\/categories?post=18360"},{"taxonomy":"post_tag","embeddable":true,"href":"https:\/\/lauska.lv\/veikals\/wp-json\/wp\/v2\/tags?post=18360"}],"curies":[{"name":"wp","href":"https:\/\/api.w.org\/{rel}","templated":true}]}}