{"id":18339,"date":"2024-02-16T22:01:55","date_gmt":"2024-02-16T20:01:55","guid":{"rendered":"https:\/\/lauska.lv\/veikals\/?page_id=18339"},"modified":"2024-02-17T09:03:19","modified_gmt":"2024-02-17T07:03:19","slug":"18339-2","status":"publish","type":"page","link":"https:\/\/lauska.lv\/veikals\/makslinieki\/18339-2\/","title":{"rendered":"Gotlube Adri\u0101na"},"content":{"rendered":"\n<h2 class=\"wp-block-heading\">Adri\u0101na Marta Gotlube<\/h2>\n\n\n\n<figure class=\"wp-block-image size-large is-resized\"><img fetchpriority=\"high\" decoding=\"async\" width=\"683\" height=\"1024\" src=\"https:\/\/lauska.lv\/veikals\/wp-content\/uploads\/sites\/6\/2024\/02\/mazinata-683x1024.jpg\" alt=\"\" class=\"wp-image-18340\" style=\"width:350px\" srcset=\"https:\/\/lauska.lv\/veikals\/wp-content\/uploads\/sites\/6\/2024\/02\/mazinata-683x1024.jpg 683w, https:\/\/lauska.lv\/veikals\/wp-content\/uploads\/sites\/6\/2024\/02\/mazinata-200x300.jpg 200w, https:\/\/lauska.lv\/veikals\/wp-content\/uploads\/sites\/6\/2024\/02\/mazinata-768x1152.jpg 768w, https:\/\/lauska.lv\/veikals\/wp-content\/uploads\/sites\/6\/2024\/02\/mazinata-416x624.jpg 416w, https:\/\/lauska.lv\/veikals\/wp-content\/uploads\/sites\/6\/2024\/02\/mazinata.jpg 1000w\" sizes=\"(max-width: 683px) 100vw, 683px\" \/><\/figure>\n\n\n\n<p>Dzimusi R\u012bg\u0101, ieguvusi izgl\u012bt\u012bbu klasisk\u0101s vijoles un alta sp\u0113l\u0113. Kop\u0161 13 gadu vecuma piev\u0113rsusies ar\u012b senajai un da\u017e\u0101du tautu m\u016bzikai, sp\u0113l\u0113jot l\u012bdz \u0161im v\u0113l Latvij\u0101 reti sastopamu m\u016bzikas instrumentu \u2013 Nyckelharpa (tausti\u0146vijole). Regul\u0101ri piedal\u0101s da\u017e\u0101dos projektos Latvij\u0101 un \u0101rzem\u0113s, darbojas ar\u012b k\u0101 solo m\u0101ksliniece. Mekl\u0113 da\u017e\u0101dus veidus k\u0101 sintez\u0113t m\u016bsdienu tehnolo\u0123ijas kop\u0101 ar pasaules tradicion\u0101l\u0101s m\u016bzikas mantojumu un jaunas m\u016bzikas kompon\u0113\u0161anu.<\/p>\n\n\n\n<p><a href=\"https:\/\/replay.lsm.lv\/lv\/ieraksts\/ltv\/313572\/tautas-muzikas-dziedataja-adriana-marta-gotlube-izpilda-ziemas-saulgriezu-dziesmu\">Adrianas Gutlubes uzst\u0101\u0161an\u0101s &#8220;Kult\u016brdev\u0101&#8221; 17.12.2023. <\/a><\/p>\n\n\n<div class=\"woocommerce columns-4 \"><ul class=\"products columns-4\">\n<li class=\"product type-product post-18249 status-publish first instock product_cat-adriana-gotlube product_cat-aiiz product_cat-baltic-sisters product_cat-cirse-latvite product_cat-garataka product_cat-katalogs product_cat-krace product_cat-laiksne product_cat-lans product_cat-lausa product_cat-ligas-ph3 product_cat-maijers-aleksandrs product_cat-ogas product_cat-saucejas product_cat-sviests product_cat-zanri product_tag-729 has-post-thumbnail taxable shipping-taxable purchasable product-type-simple\">\n\t<a href=\"https:\/\/lauska.lv\/veikals\/Preces\/sviests-10\/\" class=\"woocommerce-LoopProduct-link woocommerce-loop-product__link\"><img decoding=\"async\" width=\"324\" height=\"324\" src=\"https:\/\/lauska.lv\/veikals\/wp-content\/uploads\/sites\/6\/2023\/11\/Sviests10-850px-324x324.jpg\" class=\"attachment-woocommerce_thumbnail size-woocommerce_thumbnail\" alt=\"\" srcset=\"https:\/\/lauska.lv\/veikals\/wp-content\/uploads\/sites\/6\/2023\/11\/Sviests10-850px-324x324.jpg 324w, https:\/\/lauska.lv\/veikals\/wp-content\/uploads\/sites\/6\/2023\/11\/Sviests10-850px-300x300.jpg 300w, https:\/\/lauska.lv\/veikals\/wp-content\/uploads\/sites\/6\/2023\/11\/Sviests10-850px-150x150.jpg 150w, https:\/\/lauska.lv\/veikals\/wp-content\/uploads\/sites\/6\/2023\/11\/Sviests10-850px-768x768.jpg 768w, https:\/\/lauska.lv\/veikals\/wp-content\/uploads\/sites\/6\/2023\/11\/Sviests10-850px-416x416.jpg 416w, https:\/\/lauska.lv\/veikals\/wp-content\/uploads\/sites\/6\/2023\/11\/Sviests10-850px-100x100.jpg 100w, https:\/\/lauska.lv\/veikals\/wp-content\/uploads\/sites\/6\/2023\/11\/Sviests10-850px.jpg 850w\" sizes=\"(max-width: 324px) 100vw, 324px\" \/><h2 class=\"woocommerce-loop-product__title\">SVIESTS 10<\/h2>\n\t<span class=\"price\"><span class=\"woocommerce-Price-amount amount\"><bdi>10.00&nbsp;<span class=\"woocommerce-Price-currencySymbol\">&euro;<\/span><\/bdi><\/span> <small class=\"woocommerce-price-suffix\">iesk. PVN<\/small><\/span>\n<\/a><a href=\"?add-to-cart=18249\" data-quantity=\"1\" class=\"button product_type_simple add_to_cart_button ajax_add_to_cart\" data-product_id=\"18249\" data-product_sku=\"CD 105\" aria-label=\"Add to cart: &ldquo;SVIESTS 10&rdquo;\" aria-describedby=\"\" rel=\"nofollow\">+<\/a><\/li>\n<\/ul>\n<\/div>\n\n\n\n<figure class=\"wp-block-embed is-type-video is-provider-youtube wp-block-embed-youtube wp-embed-aspect-16-9 wp-has-aspect-ratio\"><div class=\"wp-block-embed__wrapper\">\n<span class=\"embed-youtube\" style=\"text-align:center; display: block;\"><iframe class=\"youtube-player\" width=\"980\" height=\"552\" src=\"https:\/\/www.youtube.com\/embed\/G6y26eb0Oc4?version=3&#038;rel=1&#038;showsearch=0&#038;showinfo=1&#038;iv_load_policy=1&#038;fs=1&#038;hl=lv-LV&#038;autohide=2&#038;wmode=transparent\" allowfullscreen=\"true\" style=\"border:0;\" sandbox=\"allow-scripts allow-same-origin allow-popups allow-presentation allow-popups-to-escape-sandbox\"><\/iframe><\/span>\n<\/div><\/figure>\n","protected":false},"excerpt":{"rendered":"<p>Adri\u0101na Marta Gotlube Dzimusi R\u012bg\u0101, ieguvusi izgl\u012bt\u012bbu klasisk\u0101s vijoles un alta sp\u0113l\u0113. Kop\u0161 13 gadu vecuma piev\u0113rsusies ar\u012b senajai un da\u017e\u0101du tautu m\u016bzikai, sp\u0113l\u0113jot l\u012bdz \u0161im v\u0113l Latvij\u0101 reti sastopamu m\u016bzikas instrumentu \u2013 Nyckelharpa (tausti\u0146vijole). Regul\u0101ri piedal\u0101s da\u017e\u0101dos projektos Latvij\u0101 un \u0101rzem\u0113s, darbojas ar\u012b k\u0101 solo m\u0101ksliniece. Mekl\u0113 da\u017e\u0101dus veidus k\u0101 sintez\u0113t m\u016bsdienu tehnolo\u0123ijas kop\u0101 [&hellip;]<\/p>\n","protected":false},"author":1,"featured_media":0,"parent":161,"menu_order":5,"comment_status":"closed","ping_status":"closed","template":"","meta":{"jetpack_post_was_ever_published":false,"footnotes":""},"categories":[566,559],"tags":[],"jetpack_sharing_enabled":true,"_links":{"self":[{"href":"https:\/\/lauska.lv\/veikals\/wp-json\/wp\/v2\/pages\/18339"}],"collection":[{"href":"https:\/\/lauska.lv\/veikals\/wp-json\/wp\/v2\/pages"}],"about":[{"href":"https:\/\/lauska.lv\/veikals\/wp-json\/wp\/v2\/types\/page"}],"author":[{"embeddable":true,"href":"https:\/\/lauska.lv\/veikals\/wp-json\/wp\/v2\/users\/1"}],"replies":[{"embeddable":true,"href":"https:\/\/lauska.lv\/veikals\/wp-json\/wp\/v2\/comments?post=18339"}],"version-history":[{"count":9,"href":"https:\/\/lauska.lv\/veikals\/wp-json\/wp\/v2\/pages\/18339\/revisions"}],"predecessor-version":[{"id":18379,"href":"https:\/\/lauska.lv\/veikals\/wp-json\/wp\/v2\/pages\/18339\/revisions\/18379"}],"up":[{"embeddable":true,"href":"https:\/\/lauska.lv\/veikals\/wp-json\/wp\/v2\/pages\/161"}],"wp:attachment":[{"href":"https:\/\/lauska.lv\/veikals\/wp-json\/wp\/v2\/media?parent=18339"}],"wp:term":[{"taxonomy":"category","embeddable":true,"href":"https:\/\/lauska.lv\/veikals\/wp-json\/wp\/v2\/categories?post=18339"},{"taxonomy":"post_tag","embeddable":true,"href":"https:\/\/lauska.lv\/veikals\/wp-json\/wp\/v2\/tags?post=18339"}],"curies":[{"name":"wp","href":"https:\/\/api.w.org\/{rel}","templated":true}]}}