{"id":18061,"date":"2022-04-01T09:25:43","date_gmt":"2022-04-01T06:25:43","guid":{"rendered":"https:\/\/lauska.lv\/veikals\/?page_id=18061"},"modified":"2022-04-21T10:15:56","modified_gmt":"2022-04-21T07:15:56","slug":"vazdika-raimonda","status":"publish","type":"page","link":"https:\/\/lauska.lv\/veikals\/vazdika-raimonda\/","title":{"rendered":"Vazdika Raimonda"},"content":{"rendered":"\n<div class=\"wp-block-organic-profile-block\"><div class=\"organic-profile-content-title\"><nameartist>Raimonda Vazdika<\/nameartist><hr\/><\/div><div class=\"organic-profile-content-flex\" style=\"text-align:left\"><div class=\"organic-profile-image\" style=\"background-image:url(http:\/\/lauska.lv\/veikals\/wp-content\/uploads\/sites\/6\/2022\/04\/Vazdika_foto.jpg)\"><img decoding=\"async\" src=\"http:\/\/lauska.lv\/veikals\/wp-content\/uploads\/sites\/6\/2022\/04\/Vazdika_foto.jpg\"\/><\/div><div class=\"organic-profile-content\" style=\"text-align:left\"><p>Aktrise, re\u017eisore, dzejniece, dziesminiece., Absolv\u0113jusi LVK.\u00a0 M\u0101c\u012bjusies ar\u012b J\u016brmalas m\u016bzikas skol\u0101, kur apguvusi klaviersp\u0113li, Sacer\u0113jusi ap 50 dziesmas. kas kop\u012bgi ar muzik\u0101l\u0101s apvien\u012bbas &#8220;Dz\u012bve virs jumtiem&#8221; dal\u012bbniekiem izpild\u012btas gan koncertos, gan muzik\u0101l\u0101s izr\u0101d\u0113s un TV raid\u012bjumos. IlzeGrunte, Arnolds K\u0101rklis, U\u0123is V\u012bti\u0146\u0161, M\u0101\u0157ti\u0146\u0161 Linde, Ivo Stank\u0113vi\u010d\u0161 Skrips, Ieva Akuratere, Ieva P\u013cavniece, Dace V\u012btola,, Ivars Stonins, Artis Gulbis u.c m\u016bzi\u0137i ar\u012b piedal\u012bju\u0161ies m\u016bzikas albumu ierakstos. Dziesmu aran\u017e\u0113t\u0101ja visbie\u017e\u0101k bijusi multiinstrument\u0101liste Ilze Grunte.<br\/>Diskogr\u0101fija:<br\/>2001.\u00a0 LAB\u0100K\u0100S DIENAS &#8211;\u00a0 R.Vazdikas dziesmu albums, piedaloties ar\u012b citiem solistiem.<br\/>2006.\u00a0 NEATSKATIES\u00a0 &#8211; R.Vazdikas soloalbums, kur\u0101 skan ar\u012b V.P\u016bces un J.Kulakova dziesmas<br\/>2018.\u00a0 DZEJNIEKI.NAKTS.BOH\u0112MA\u00a0 &#8211; R.Vazdikas re\u017eis\u0113tas muzik\u0101las izr\u0101des ierakasts ar da\u017e\u0101du autoru dziesm\u0101m.<br\/>2022. V\u0112STULES ROKRAKST\u0100 SMALK\u0100 &#8211; R.Vazdikas soloalbums ar pa\u0161kompon\u0113t\u0101m dziesm\u0101m..\u00a0<br\/><br\/>Izdotas ar\u012b dzejo\u013cu un st\u0101stu gr\u0101matas\u00a0 R\u0112TAS.ZELTS (2002) un NEATSKATIES (2018)<br\/>\u0160obr\u012bd ir br\u012bvm\u0101ksliniece, kas piedal\u0101s daudz un da\u017e\u0101dos neatkar\u012bgos te\u0101tra un m\u016bzikas projektos.<\/p><div class=\"organic-profile-social\"><a class=\"social-link\" href=\"https:\/\/www.facebook.com\/raimonda.vazdika\" target=\"_blank\" rel=\"noopener\"><i class=\"fab fa-facebook-f\"><\/i><\/a><\/div><\/div><\/div><\/div>\n\n\n<div class=\"woocommerce columns-4 \"><ul class=\"products columns-4\">\n<li class=\"product type-product post-18075 status-publish first instock product_cat-katalogs product_cat-vazdika-raimonda product_tag-722 has-post-thumbnail taxable shipping-taxable purchasable product-type-simple\">\n\t<a href=\"https:\/\/lauska.lv\/veikals\/Preces\/vestules-rokraksta-smalka\/\" class=\"woocommerce-LoopProduct-link woocommerce-loop-product__link\"><img fetchpriority=\"high\" decoding=\"async\" width=\"324\" height=\"324\" src=\"https:\/\/lauska.lv\/veikals\/wp-content\/uploads\/sites\/6\/2022\/04\/VRS_RV_CD_vaks-1-324x324.jpg\" class=\"attachment-woocommerce_thumbnail size-woocommerce_thumbnail\" alt=\"\" srcset=\"https:\/\/lauska.lv\/veikals\/wp-content\/uploads\/sites\/6\/2022\/04\/VRS_RV_CD_vaks-1-324x324.jpg 324w, https:\/\/lauska.lv\/veikals\/wp-content\/uploads\/sites\/6\/2022\/04\/VRS_RV_CD_vaks-1-100x100.jpg 100w, https:\/\/lauska.lv\/veikals\/wp-content\/uploads\/sites\/6\/2022\/04\/VRS_RV_CD_vaks-1-150x150.jpg 150w, https:\/\/lauska.lv\/veikals\/wp-content\/uploads\/sites\/6\/2022\/04\/VRS_RV_CD_vaks-1-600x600.jpg 600w\" sizes=\"(max-width: 324px) 100vw, 324px\" \/><h2 class=\"woocommerce-loop-product__title\">V\u0113stules rokrakst\u0101 smalk\u0101<\/h2>\n\t<span class=\"price\"><span class=\"woocommerce-Price-amount amount\"><bdi>10.00&nbsp;<span class=\"woocommerce-Price-currencySymbol\">&euro;<\/span><\/bdi><\/span> <small class=\"woocommerce-price-suffix\">iesk. PVN<\/small><\/span>\n<\/a><a href=\"?add-to-cart=18075\" data-quantity=\"1\" class=\"button product_type_simple add_to_cart_button ajax_add_to_cart\" data-product_id=\"18075\" data-product_sku=\"2022 CD097\" aria-label=\"Add to cart: &ldquo;V\u0113stules rokrakst\u0101 smalk\u0101&rdquo;\" aria-describedby=\"\" rel=\"nofollow\">+<\/a><\/li>\n<\/ul>\n<\/div>\n","protected":false},"excerpt":{"rendered":"","protected":false},"author":2,"featured_media":0,"parent":0,"menu_order":0,"comment_status":"closed","ping_status":"closed","template":"page-group.php","meta":{"jetpack_post_was_ever_published":false,"footnotes":""},"categories":[559,581],"tags":[],"jetpack_sharing_enabled":true,"_links":{"self":[{"href":"https:\/\/lauska.lv\/veikals\/wp-json\/wp\/v2\/pages\/18061"}],"collection":[{"href":"https:\/\/lauska.lv\/veikals\/wp-json\/wp\/v2\/pages"}],"about":[{"href":"https:\/\/lauska.lv\/veikals\/wp-json\/wp\/v2\/types\/page"}],"author":[{"embeddable":true,"href":"https:\/\/lauska.lv\/veikals\/wp-json\/wp\/v2\/users\/2"}],"replies":[{"embeddable":true,"href":"https:\/\/lauska.lv\/veikals\/wp-json\/wp\/v2\/comments?post=18061"}],"version-history":[{"count":4,"href":"https:\/\/lauska.lv\/veikals\/wp-json\/wp\/v2\/pages\/18061\/revisions"}],"predecessor-version":[{"id":18098,"href":"https:\/\/lauska.lv\/veikals\/wp-json\/wp\/v2\/pages\/18061\/revisions\/18098"}],"wp:attachment":[{"href":"https:\/\/lauska.lv\/veikals\/wp-json\/wp\/v2\/media?parent=18061"}],"wp:term":[{"taxonomy":"category","embeddable":true,"href":"https:\/\/lauska.lv\/veikals\/wp-json\/wp\/v2\/categories?post=18061"},{"taxonomy":"post_tag","embeddable":true,"href":"https:\/\/lauska.lv\/veikals\/wp-json\/wp\/v2\/tags?post=18061"}],"curies":[{"name":"wp","href":"https:\/\/api.w.org\/{rel}","templated":true}]}}