{"id":17859,"date":"2021-01-19T13:17:14","date_gmt":"2021-01-19T11:17:14","guid":{"rendered":"http:\/\/lauska.lv\/veikals\/?page_id=17859"},"modified":"2021-01-25T15:52:53","modified_gmt":"2021-01-25T13:52:53","slug":"drabesu-muizas-muzikanti","status":"publish","type":"page","link":"https:\/\/lauska.lv\/veikals\/folklora\/drabesu-muizas-muzikanti\/","title":{"rendered":"Drabe\u0161u mui\u017eas muzikanti"},"content":{"rendered":"\n<div class=\"wp-block-organic-profile-block\"><div class=\"organic-profile-content-title\"><nameartist>Drabe\u0161u mui\u017eas muzikanti<\/nameartist><hr\/><\/div><div class=\"organic-profile-content-flex\" style=\"text-align:left\"><div class=\"organic-profile-image\" style=\"background-image:url(http:\/\/lauska.lv\/veikals\/wp-content\/uploads\/sites\/6\/2021\/01\/Group_Drabesi_mazs.jpg)\"><img decoding=\"async\" src=\"http:\/\/lauska.lv\/veikals\/wp-content\/uploads\/sites\/6\/2021\/01\/Group_Drabesi_mazs.jpg\"\/><\/div><div class=\"organic-profile-content\" style=\"text-align:left\"><p><strong>T\u0101lis Karlsons<\/strong>\u00a0balss, ermo\u0146ikas, vijole, kokle<br\/><strong>Edgars \u017d\u012bgurs <\/strong>balss, d\u016bdas, stabule, liel\u0101s bungas<br\/><strong>Andris Roze<\/strong>\u00a0balss, vargans, svilpe, base<br\/><strong>Adele Lo\u010dmele<\/strong> balss, mandol\u012bna, vijole, \u0161\u0137\u012bvji, stabule, kokle<br\/><strong>Inese Roze<\/strong>\u00a0balss, liel\u0101s bungas, bubens, sieti\u0146\u0161, trijst\u016bris, sazafons <br\/><strong>Sanda Salmi\u0146a<\/strong>\u00a0balss, c\u012btara, pods<br\/><strong>Inese Jansone<\/strong> balss, stabule, sieti\u0146\u0161<br\/><strong>Andris Rutkovskis<\/strong> vijole, mandol\u012bna<br\/><br\/>Tautas m\u016bzikas kapela &#8220;Drabe\u0161u mui\u017eas muzikanti&#8221;izveidota 2015. gad\u0101. T\u0101 pamat\u0101 ir folkloras kopas &#8220;Ore&#8221; dal\u012bbnieki, kas nol\u0113mu\u0161i papildus sen\u0101ku laiku tautas dziesm\u0101m m\u0101c\u012bties un sp\u0113l\u0113t v\u0113sturiskaj\u0101 C\u0113su apri\u0146\u0137\u012b iev\u0113rojam\u0101 folkloras v\u0101c\u0113ja Voldem\u0101ra Stelberga (1891-1940) pierakst\u012bt\u0101s deju melodijas, zi\u0146\u0123es un galda dziesmas.<\/p><div class=\"organic-profile-social\"><\/div><\/div><\/div><\/div>\n\n\n<div class=\"woocommerce columns-4 \"><ul class=\"products columns-4\">\n<li class=\"product type-product post-17865 status-publish first outofstock product_cat-drabesu-muizas-muzikanti product_cat-katalogs product_tag-712 has-post-thumbnail taxable shipping-taxable purchasable product-type-simple\">\n\t<a href=\"https:\/\/lauska.lv\/veikals\/Preces\/kad-mana-sieva-piedzerus\/\" class=\"woocommerce-LoopProduct-link woocommerce-loop-product__link\"><img fetchpriority=\"high\" decoding=\"async\" width=\"324\" height=\"324\" src=\"https:\/\/lauska.lv\/veikals\/wp-content\/uploads\/sites\/6\/2021\/01\/DrabMM_CD-324x324.jpg\" class=\"attachment-woocommerce_thumbnail size-woocommerce_thumbnail\" alt=\"\" srcset=\"https:\/\/lauska.lv\/veikals\/wp-content\/uploads\/sites\/6\/2021\/01\/DrabMM_CD-324x324.jpg 324w, https:\/\/lauska.lv\/veikals\/wp-content\/uploads\/sites\/6\/2021\/01\/DrabMM_CD-100x100.jpg 100w, https:\/\/lauska.lv\/veikals\/wp-content\/uploads\/sites\/6\/2021\/01\/DrabMM_CD-150x150.jpg 150w, https:\/\/lauska.lv\/veikals\/wp-content\/uploads\/sites\/6\/2021\/01\/DrabMM_CD-600x600.jpg 600w\" sizes=\"(max-width: 324px) 100vw, 324px\" \/><h2 class=\"woocommerce-loop-product__title\">Kad mana sieva piedz\u0113rus&#8217;<\/h2>\n\t<span class=\"price\"><span class=\"woocommerce-Price-amount amount\"><bdi>10.00&nbsp;<span class=\"woocommerce-Price-currencySymbol\">&euro;<\/span><\/bdi><\/span> <small class=\"woocommerce-price-suffix\">iesk. PVN<\/small><\/span>\n<\/a><a href=\"https:\/\/lauska.lv\/veikals\/Preces\/kad-mana-sieva-piedzerus\/\" data-quantity=\"1\" class=\"button product_type_simple\" data-product_id=\"17865\" data-product_sku=\"DMM 01 2020\" aria-label=\"Read more about &ldquo;Kad mana sieva piedz\u0113rus&#039;&rdquo;\" aria-describedby=\"\" rel=\"nofollow\">Skat\u012bt<\/a><\/li>\n<\/ul>\n<\/div>\n\n\n\n<hr class=\"wp-block-separator\"\/>\n\n\n\n<p>Video<\/p>\n\n\n\n<figure class=\"wp-block-embed is-type-video is-provider-youtube wp-block-embed-youtube wp-embed-aspect-16-9 wp-has-aspect-ratio\"><div class=\"wp-block-embed__wrapper\">\n<span class=\"embed-youtube\" style=\"text-align:center; display: block;\"><iframe class=\"youtube-player\" width=\"980\" height=\"552\" src=\"https:\/\/www.youtube.com\/embed\/28fW0WM7WWo?version=3&#038;rel=1&#038;showsearch=0&#038;showinfo=1&#038;iv_load_policy=1&#038;fs=1&#038;hl=lv-LV&#038;autohide=2&#038;wmode=transparent\" allowfullscreen=\"true\" style=\"border:0;\" sandbox=\"allow-scripts allow-same-origin allow-popups allow-presentation allow-popups-to-escape-sandbox\"><\/iframe><\/span>\n<\/div><\/figure>\n","protected":false},"excerpt":{"rendered":"<p>Video<\/p>\n","protected":false},"author":2,"featured_media":0,"parent":844,"menu_order":0,"comment_status":"closed","ping_status":"closed","template":"page-group.php","meta":{"jetpack_post_was_ever_published":false,"footnotes":""},"categories":[563],"tags":[],"jetpack_sharing_enabled":true,"_links":{"self":[{"href":"https:\/\/lauska.lv\/veikals\/wp-json\/wp\/v2\/pages\/17859"}],"collection":[{"href":"https:\/\/lauska.lv\/veikals\/wp-json\/wp\/v2\/pages"}],"about":[{"href":"https:\/\/lauska.lv\/veikals\/wp-json\/wp\/v2\/types\/page"}],"author":[{"embeddable":true,"href":"https:\/\/lauska.lv\/veikals\/wp-json\/wp\/v2\/users\/2"}],"replies":[{"embeddable":true,"href":"https:\/\/lauska.lv\/veikals\/wp-json\/wp\/v2\/comments?post=17859"}],"version-history":[{"count":4,"href":"https:\/\/lauska.lv\/veikals\/wp-json\/wp\/v2\/pages\/17859\/revisions"}],"predecessor-version":[{"id":17872,"href":"https:\/\/lauska.lv\/veikals\/wp-json\/wp\/v2\/pages\/17859\/revisions\/17872"}],"up":[{"embeddable":true,"href":"https:\/\/lauska.lv\/veikals\/wp-json\/wp\/v2\/pages\/844"}],"wp:attachment":[{"href":"https:\/\/lauska.lv\/veikals\/wp-json\/wp\/v2\/media?parent=17859"}],"wp:term":[{"taxonomy":"category","embeddable":true,"href":"https:\/\/lauska.lv\/veikals\/wp-json\/wp\/v2\/categories?post=17859"},{"taxonomy":"post_tag","embeddable":true,"href":"https:\/\/lauska.lv\/veikals\/wp-json\/wp\/v2\/tags?post=17859"}],"curies":[{"name":"wp","href":"https:\/\/api.w.org\/{rel}","templated":true}]}}