{"id":1564,"date":"2018-08-30T07:47:22","date_gmt":"2018-08-30T04:47:22","guid":{"rendered":"http:\/\/lauska.lv\/veikalsbeta\/?page_id=1564"},"modified":"2018-09-26T19:19:54","modified_gmt":"2018-09-26T16:19:54","slug":"amorala-psihoze-2","status":"publish","type":"page","link":"https:\/\/lauska.lv\/veikals\/artists\/amorala-psihoze-2\/?lang=en","title":{"rendered":"Amor\u0101l\u0101 psih\u014dze"},"content":{"rendered":"\n<div class=\"wp-block-organic-profile-block\"><div class=\"organic-profile-content-title\"><nameartist>AMOR\u0100L\u0100 PSIH\u014cZE<\/nameartist><hr\/><\/div><div class=\"organic-profile-content-flex\" style=\"text-align:left\"><div class=\"organic-profile-image\" style=\"background-image:url(http:\/\/lauska.lv\/veikalsbeta\/wp-content\/uploads\/sites\/6\/2018\/08\/Group_AmoralaPsihoze.jpg)\"><img decoding=\"async\" src=\"http:\/\/lauska.lv\/veikalsbeta\/wp-content\/uploads\/sites\/6\/2018\/08\/Group_AmoralaPsihoze.jpg\"\/><\/div><div class=\"organic-profile-content\" style=\"text-align:left\"><p><strong>Raimonds \/ Dambis \/ Lagimovs<\/strong>\u00a0voice, sticks<br\/><strong>Ivo Stank\u0113vi\u010ds<\/strong>\u00a0voice, kokle, big drums<br\/><strong>Kaspars Putri\u0146s<\/strong>\u00a0steelguitar, guitar, tambourin<br\/><strong>Didzis Erra<\/strong>\u00a0percussions<br\/><strong>Sniedze Prauli\u0146a<\/strong>\u00a0voice, flute<br\/><strong>Santa Mi\u0161\u010denkova<\/strong>\u00a0voice, percussions<br\/><strong>Di\u0101na Dreimane<\/strong>\u00a0violin<br\/><br\/>An ensemble that is active already since the 1980ies and is lead by a legendary musician from the Latvian alternative music scene \u2013 Raimonds Lagimovs, alias Dambis. In this group the different musicians have an opportunity to experiment with different genres, improvise and meditate.<br\/><\/p><div class=\"organic-profile-social\"><a class=\"social-link\" href=\"https:\/\/www.facebook.com\/Amor%C4%81l%C4%81-Psih%C5%8Dze-716936128404671\/?ref=ts&amp;fref=ts\" target=\"_blank\"><i class=\"fab fa-facebook-f\"><\/i><\/a><a class=\"social-link\" href=\"https:\/\/www.draugiem.lv\/music\/10012686\/\" target=\"_blank\"><i class=\"fas fa-link\"><\/i><\/a><a class=\"social-link\" href=\"https:\/\/amoralapsihoze.bandcamp.com\/releases\" target=\"_blank\"><i class=\"fab fa-bandcamp\"><\/i><\/a><\/div><\/div><\/div><\/div>\n\n\n<div data-block-name=\"woocommerce\/products\" data-columns=\"4\" data-display=\"specific\" data-display_setting=\"[120]\" data-edit_mode=\"false\" class=\"wp-block-woocommerce-products aligncenter\"><div class=\"woocommerce columns-4 \"><\/div><\/div>\n\n\n<h2 class=\"wp-block-heading\">Video<\/h2>\n\n\n\n<hr class=\"wp-block-separator\"\/>\n\n\n\n<figure class=\"wp-block-embed-youtube wp-block-embed is-type-video is-provider-youtube\">\n<span class=\"embed-youtube\" style=\"text-align:center; display: block;\"><iframe class=\"youtube-player\" width=\"980\" height=\"552\" src=\"https:\/\/www.youtube.com\/embed\/Qka1pBRY3dA?version=3&#038;rel=1&#038;showsearch=0&#038;showinfo=1&#038;iv_load_policy=1&#038;fs=1&#038;hl=lv-LV&#038;autohide=2&#038;wmode=transparent\" allowfullscreen=\"true\" style=\"border:0;\" sandbox=\"allow-scripts allow-same-origin allow-popups allow-presentation allow-popups-to-escape-sandbox\"><\/iframe><\/span>\n<\/figure>\n","protected":false},"excerpt":{"rendered":"<p>Video<\/p>\n","protected":false},"author":2,"featured_media":0,"parent":222,"menu_order":0,"comment_status":"closed","ping_status":"closed","template":"page-group.php","meta":{"jetpack_post_was_ever_published":false,"footnotes":""},"categories":[587,589],"tags":[],"jetpack_sharing_enabled":true,"_links":{"self":[{"href":"https:\/\/lauska.lv\/veikals\/wp-json\/wp\/v2\/pages\/1564"}],"collection":[{"href":"https:\/\/lauska.lv\/veikals\/wp-json\/wp\/v2\/pages"}],"about":[{"href":"https:\/\/lauska.lv\/veikals\/wp-json\/wp\/v2\/types\/page"}],"author":[{"embeddable":true,"href":"https:\/\/lauska.lv\/veikals\/wp-json\/wp\/v2\/users\/2"}],"replies":[{"embeddable":true,"href":"https:\/\/lauska.lv\/veikals\/wp-json\/wp\/v2\/comments?post=1564"}],"version-history":[{"count":6,"href":"https:\/\/lauska.lv\/veikals\/wp-json\/wp\/v2\/pages\/1564\/revisions"}],"predecessor-version":[{"id":3284,"href":"https:\/\/lauska.lv\/veikals\/wp-json\/wp\/v2\/pages\/1564\/revisions\/3284"}],"up":[{"embeddable":true,"href":"https:\/\/lauska.lv\/veikals\/wp-json\/wp\/v2\/pages\/222"}],"wp:attachment":[{"href":"https:\/\/lauska.lv\/veikals\/wp-json\/wp\/v2\/media?parent=1564"}],"wp:term":[{"taxonomy":"category","embeddable":true,"href":"https:\/\/lauska.lv\/veikals\/wp-json\/wp\/v2\/categories?post=1564"},{"taxonomy":"post_tag","embeddable":true,"href":"https:\/\/lauska.lv\/veikals\/wp-json\/wp\/v2\/tags?post=1564"}],"curies":[{"name":"wp","href":"https:\/\/api.w.org\/{rel}","templated":true}]}}