{"id":1516,"date":"2018-08-28T13:53:29","date_gmt":"2018-08-28T10:53:29","guid":{"rendered":"http:\/\/lauska.lv\/veikals\/makslinieki\/vilkaci"},"modified":"2018-11-23T10:34:34","modified_gmt":"2018-11-23T08:34:34","slug":"vilkaci","status":"publish","type":"page","link":"https:\/\/lauska.lv\/veikals\/makslinieki-2\/vilkaci\/","title":{"rendered":"Vilka\u010di"},"content":{"rendered":"\n<div class=\"wp-block-organic-profile-block\"><div class=\"organic-profile-content-title\"><nameartist>Vilka\u010di<\/nameartist><hr\/><\/div><div class=\"organic-profile-content-flex\" style=\"text-align:left\"><div class=\"organic-profile-image\" style=\"background-image:url(http:\/\/lauska.lv\/veikalsbeta\/wp-content\/uploads\/sites\/6\/2018\/08\/Group_Vilkaci.jpg)\"><img decoding=\"async\" src=\"http:\/\/lauska.lv\/veikalsbeta\/wp-content\/uploads\/sites\/6\/2018\/08\/Group_Vilkaci.jpg\"\/><\/div><div class=\"organic-profile-content\" style=\"text-align:left\"><p><strong>Andris Lejnieks<\/strong>\u00a0balss, stabules<br\/><strong>Edgars Zilberts<\/strong>\u00a0balss, kokle, bungas, perkusijas<br\/><strong>Eduards Kr\u016bmi\u0146\u0161<\/strong>\u00a0balss, bungas<br\/><strong>Jumis Lo\u010dmelis<\/strong>\u00a0balss, stabules, d\u016bdas, bungas, perkusijas<br\/><strong>Juris Toma\u0161\u016bns<\/strong>\u00a0balss, kokle<br\/><strong>M\u0101rti\u0146\u0161 Puri\u0146\u0161<\/strong>\u00a0balss<br\/><strong>Reinis Zumbergs<\/strong>\u00a0balss<br\/><strong>Toms Gr\u012bnvalds<\/strong>\u00a0balss, \u0123\u012bga<br\/><br\/>Seno c\u012b\u0146u un folkloras kopa \u201cVilka\u010di\u201d p\u0113d\u0113jos gados ir tematiski papla\u0161in\u0101jusi savu dziesmu repertu\u0101ru, sen\u0101m kara dziesm\u0101m piepulcinot ar\u012b dziesmas, kuras apskata citas dz\u012bves situ\u0101cijas. Jaunekl\u012bg\u0101 aizraut\u012bba un spars Vilka\u010diem ir rakstur\u012bgs gan seno c\u012b\u0146u atveid\u0113, seno t\u0113rpu un bru\u0146u pa\u0161roc\u012bg\u0101 veido\u0161an\u0101, gan kop\u012bg\u0101 muzic\u0113\u0161an\u0101. Pirmais Vilka\u010du vad\u012bt\u0101js bija D\u0101vis Stalts, tagad grupu vada Edgars Zilberts.<br\/><\/p><div class=\"organic-profile-social\"><a class=\"social-link\" href=\"http:\/\/www.vilkatis.lv\/\" target=\"_blank\"><i class=\"fas fa-play\"><\/i><\/a><a class=\"social-link\" href=\"https:\/\/www.facebook.com\/Vilkaci\/?fref=ts\" target=\"_blank\"><i class=\"fab fa-facebook-f\"><\/i><\/a><a class=\"social-link\" href=\"https:\/\/twitter.com\/vilkaci\" target=\"_blank\"><i class=\"fab fa-twitter\"><\/i><\/a><a class=\"social-link\" href=\"https:\/\/www.draugiem.lv\/vilkaci\/\" target=\"_blank\"><i class=\"fas fa-link\"><\/i><\/a><a class=\"social-link\" href=\"https:\/\/www.youtube.com\/channel\/UCTrBFj2bDDbWukZIUKi5yDA\" target=\"_blank\"><i class=\"fab fa-youtube\"><\/i><\/a><a class=\"social-link\" href=\"https:\/\/open.spotify.com\/artist\/1R5HGll8R09xzZpsKLmAFV\" target=\"_blank\"><i class=\"fab fa-spotify\"><\/i><\/a><\/div><\/div><\/div><\/div>\n\n\n\n<hr class=\"wp-block-separator\"\/>\n\n\n<div class=\"woocommerce columns-4 \"><ul class=\"products columns-4\">\n<li class=\"product type-product post-18263 status-publish first instock product_cat-banga product_cat-folklora product_cat-garataka product_cat-katalogs product_cat-lans product_cat-lausa product_cat-saviesi product_cat-skandinieki product_cat-vilkaci product_cat-zanri product_tag-729 has-post-thumbnail taxable shipping-taxable purchasable product-type-simple\">\n\t<a href=\"https:\/\/lauska.lv\/veikals\/Preces\/devums\/\" class=\"woocommerce-LoopProduct-link woocommerce-loop-product__link\"><img fetchpriority=\"high\" decoding=\"async\" width=\"324\" height=\"324\" src=\"https:\/\/lauska.lv\/veikals\/wp-content\/uploads\/sites\/6\/2023\/12\/DEVUMS_cd_front_small-324x324.jpg\" class=\"attachment-woocommerce_thumbnail size-woocommerce_thumbnail\" alt=\"\" srcset=\"https:\/\/lauska.lv\/veikals\/wp-content\/uploads\/sites\/6\/2023\/12\/DEVUMS_cd_front_small-324x324.jpg 324w, https:\/\/lauska.lv\/veikals\/wp-content\/uploads\/sites\/6\/2023\/12\/DEVUMS_cd_front_small-300x300.jpg 300w, https:\/\/lauska.lv\/veikals\/wp-content\/uploads\/sites\/6\/2023\/12\/DEVUMS_cd_front_small-150x150.jpg 150w, https:\/\/lauska.lv\/veikals\/wp-content\/uploads\/sites\/6\/2023\/12\/DEVUMS_cd_front_small-768x768.jpg 768w, https:\/\/lauska.lv\/veikals\/wp-content\/uploads\/sites\/6\/2023\/12\/DEVUMS_cd_front_small-416x416.jpg 416w, https:\/\/lauska.lv\/veikals\/wp-content\/uploads\/sites\/6\/2023\/12\/DEVUMS_cd_front_small-100x100.jpg 100w, https:\/\/lauska.lv\/veikals\/wp-content\/uploads\/sites\/6\/2023\/12\/DEVUMS_cd_front_small.jpg 800w\" sizes=\"(max-width: 324px) 100vw, 324px\" \/><h2 class=\"woocommerce-loop-product__title\">Devums<\/h2>\n\t<span class=\"price\"><span class=\"woocommerce-Price-amount amount\"><bdi>10.00&nbsp;<span class=\"woocommerce-Price-currencySymbol\">&euro;<\/span><\/bdi><\/span> <small class=\"woocommerce-price-suffix\">iesk. PVN<\/small><\/span>\n<\/a><a href=\"?add-to-cart=18263\" data-quantity=\"1\" class=\"button product_type_simple add_to_cart_button ajax_add_to_cart\" data-product_id=\"18263\" data-product_sku=\"CD 107\" aria-label=\"Add to cart: &ldquo;Devums&rdquo;\" aria-describedby=\"\" rel=\"nofollow\">+<\/a><\/li>\n<li class=\"product type-product post-3379 status-publish outofstock product_cat-folklora product_cat-post-folks product_cat-vilkaci product_cat-zanri product_tag-47 has-post-thumbnail taxable shipping-taxable purchasable product-type-simple\">\n\t<a href=\"https:\/\/lauska.lv\/veikals\/Preces\/karaviru-audzinaj\/\" class=\"woocommerce-LoopProduct-link woocommerce-loop-product__link\"><img decoding=\"async\" width=\"324\" height=\"324\" src=\"https:\/\/lauska.lv\/veikals\/wp-content\/uploads\/sites\/6\/2018\/11\/Vilka\u010di-Karav\u012bru-audzin\u0101j-CD--324x324.jpg\" class=\"attachment-woocommerce_thumbnail size-woocommerce_thumbnail\" alt=\"\" srcset=\"https:\/\/lauska.lv\/veikals\/wp-content\/uploads\/sites\/6\/2018\/11\/Vilka\u010di-Karav\u012bru-audzin\u0101j-CD--324x324.jpg 324w, https:\/\/lauska.lv\/veikals\/wp-content\/uploads\/sites\/6\/2018\/11\/Vilka\u010di-Karav\u012bru-audzin\u0101j-CD--100x100.jpg 100w, https:\/\/lauska.lv\/veikals\/wp-content\/uploads\/sites\/6\/2018\/11\/Vilka\u010di-Karav\u012bru-audzin\u0101j-CD--150x150.jpg 150w, https:\/\/lauska.lv\/veikals\/wp-content\/uploads\/sites\/6\/2018\/11\/Vilka\u010di-Karav\u012bru-audzin\u0101j-CD--600x600.jpg 600w\" sizes=\"(max-width: 324px) 100vw, 324px\" \/><h2 class=\"woocommerce-loop-product__title\">Karav\u012bru audzin\u0101j`<\/h2>\n\t<span class=\"price\"><span class=\"woocommerce-Price-amount amount\"><bdi>10.00&nbsp;<span class=\"woocommerce-Price-currencySymbol\">&euro;<\/span><\/bdi><\/span> <small class=\"woocommerce-price-suffix\">iesk. PVN<\/small><\/span>\n<\/a><a href=\"https:\/\/lauska.lv\/veikals\/Preces\/karaviru-audzinaj\/\" data-quantity=\"1\" class=\"button product_type_simple\" data-product_id=\"3379\" data-product_sku=\"CD084\" aria-label=\"Read more about &ldquo;Karav\u012bru audzin\u0101j`&rdquo;\" aria-describedby=\"\" rel=\"nofollow\">Skat\u012bt<\/a><\/li>\n<li class=\"product type-product post-1171 status-publish outofstock product_cat-folklora product_cat-katalogs product_cat-post-folks product_cat-vilkaci product_cat-zanri product_tag-43 has-post-thumbnail taxable shipping-taxable purchasable product-type-simple\">\n\t<a href=\"https:\/\/lauska.lv\/veikals\/Preces\/janis\/\" class=\"woocommerce-LoopProduct-link woocommerce-loop-product__link\"><img decoding=\"async\" width=\"324\" height=\"324\" src=\"https:\/\/lauska.lv\/veikals\/wp-content\/uploads\/sites\/6\/2018\/08\/Cover_Vilkaci-Janis_01-324x324.jpg\" class=\"attachment-woocommerce_thumbnail size-woocommerce_thumbnail\" alt=\"\" srcset=\"https:\/\/lauska.lv\/veikals\/wp-content\/uploads\/sites\/6\/2018\/08\/Cover_Vilkaci-Janis_01-324x324.jpg 324w, https:\/\/lauska.lv\/veikals\/wp-content\/uploads\/sites\/6\/2018\/08\/Cover_Vilkaci-Janis_01-100x100.jpg 100w, https:\/\/lauska.lv\/veikals\/wp-content\/uploads\/sites\/6\/2018\/08\/Cover_Vilkaci-Janis_01-150x150.jpg 150w\" sizes=\"(max-width: 324px) 100vw, 324px\" \/><h2 class=\"woocommerce-loop-product__title\">J\u0101nis<\/h2>\n\t<span class=\"price\"><span class=\"woocommerce-Price-amount amount\"><bdi>10.00&nbsp;<span class=\"woocommerce-Price-currencySymbol\">&euro;<\/span><\/bdi><\/span> <small class=\"woocommerce-price-suffix\">iesk. PVN<\/small><\/span>\n<\/a><a href=\"https:\/\/lauska.lv\/veikals\/Preces\/janis\/\" data-quantity=\"1\" class=\"button product_type_simple\" data-product_id=\"1171\" data-product_sku=\"2015 CD055\" aria-label=\"Read more about &ldquo;J\u0101nis&rdquo;\" aria-describedby=\"\" rel=\"nofollow\">Skat\u012bt<\/a><\/li>\n<li class=\"product type-product post-1291 status-publish last instock product_cat-abra product_cat-auli product_cat-balki product_cat-baobabs product_cat-ceiruleits product_cat-etnomuzikologi product_cat-folkvakars product_cat-gosti product_cat-katalogs product_cat-kgb product_cat-kokle product_cat-laiksne product_cat-laimas-muzykanti product_cat-lini product_cat-lokal-heroes product_cat-misters product_cat-perlis product_cat-skyforger product_cat-sviests product_cat-trakula product_cat-vecpilsetas-dziedataji product_cat-vilkaci product_cat-zala-zale product_cat-zigridas-kalpi product_tag-37 has-post-thumbnail taxable shipping-taxable purchasable product-type-simple\">\n\t<a href=\"https:\/\/lauska.lv\/veikals\/Preces\/sviests-3\/\" class=\"woocommerce-LoopProduct-link woocommerce-loop-product__link\"><img loading=\"lazy\" decoding=\"async\" width=\"324\" height=\"324\" src=\"https:\/\/lauska.lv\/veikals\/wp-content\/uploads\/sites\/6\/2018\/08\/Cover_sviests_3_01-324x324.jpg\" class=\"attachment-woocommerce_thumbnail size-woocommerce_thumbnail\" alt=\"\" srcset=\"https:\/\/lauska.lv\/veikals\/wp-content\/uploads\/sites\/6\/2018\/08\/Cover_sviests_3_01-324x324.jpg 324w, https:\/\/lauska.lv\/veikals\/wp-content\/uploads\/sites\/6\/2018\/08\/Cover_sviests_3_01-100x100.jpg 100w, https:\/\/lauska.lv\/veikals\/wp-content\/uploads\/sites\/6\/2018\/08\/Cover_sviests_3_01-150x150.jpg 150w\" sizes=\"(max-width: 324px) 100vw, 324px\" \/><h2 class=\"woocommerce-loop-product__title\">SVIESTS 3<\/h2>\n\t<span class=\"price\"><span class=\"woocommerce-Price-amount amount\"><bdi>10.00&nbsp;<span class=\"woocommerce-Price-currencySymbol\">&euro;<\/span><\/bdi><\/span> <small class=\"woocommerce-price-suffix\">iesk. PVN<\/small><\/span>\n<\/a><a href=\"?add-to-cart=1291\" data-quantity=\"1\" class=\"button product_type_simple add_to_cart_button ajax_add_to_cart\" data-product_id=\"1291\" data-product_sku=\"2012 CD031\" aria-label=\"Add to cart: &ldquo;SVIESTS 3&rdquo;\" aria-describedby=\"\" rel=\"nofollow\">+<\/a><\/li>\n<li class=\"product type-product post-1303 status-publish first instock product_cat-brence-liene product_cat-der product_cat-enu-kaleidoskops product_cat-folkvakars product_cat-grasis-austris product_cat-hagenskalna-muzikanti product_cat-ilgi product_cat-ilza product_cat-jansone-laima product_cat-katalogs product_cat-krampis product_cat-laiksne product_cat-lans product_cat-miglas-asni product_cat-perkonviri product_cat-post-folks product_cat-rigas-dancu-klubs product_cat-rudzi product_cat-sprindza-aiga product_cat-sviests product_cat-tai-tai product_cat-teiksma product_cat-tervetes-trubaduri product_cat-trakula product_cat-vetras-saites product_cat-vilkaci product_cat-viteri product_cat-zanri product_tag-39 has-post-thumbnail taxable shipping-taxable purchasable product-type-simple\">\n\t<a href=\"https:\/\/lauska.lv\/veikals\/Preces\/sviests-iv\/\" class=\"woocommerce-LoopProduct-link woocommerce-loop-product__link\"><img loading=\"lazy\" decoding=\"async\" width=\"324\" height=\"324\" src=\"https:\/\/lauska.lv\/veikals\/wp-content\/uploads\/sites\/6\/2018\/08\/Cover_sviests_IV_01-324x324.jpg\" class=\"attachment-woocommerce_thumbnail size-woocommerce_thumbnail\" alt=\"\" srcset=\"https:\/\/lauska.lv\/veikals\/wp-content\/uploads\/sites\/6\/2018\/08\/Cover_sviests_IV_01-324x324.jpg 324w, https:\/\/lauska.lv\/veikals\/wp-content\/uploads\/sites\/6\/2018\/08\/Cover_sviests_IV_01-100x100.jpg 100w, https:\/\/lauska.lv\/veikals\/wp-content\/uploads\/sites\/6\/2018\/08\/Cover_sviests_IV_01-150x150.jpg 150w\" sizes=\"(max-width: 324px) 100vw, 324px\" \/><h2 class=\"woocommerce-loop-product__title\">SVIESTS IV<\/h2>\n\t<span class=\"price\"><span class=\"woocommerce-Price-amount amount\"><bdi>10.00&nbsp;<span class=\"woocommerce-Price-currencySymbol\">&euro;<\/span><\/bdi><\/span> <small class=\"woocommerce-price-suffix\">iesk. PVN<\/small><\/span>\n<\/a><a href=\"?add-to-cart=1303\" data-quantity=\"1\" class=\"button product_type_simple add_to_cart_button ajax_add_to_cart\" data-product_id=\"1303\" data-product_sku=\"2011 CD037\" aria-label=\"Add to cart: &ldquo;SVIESTS IV&rdquo;\" aria-describedby=\"\" rel=\"nofollow\">+<\/a><\/li>\n<li class=\"product type-product post-1437 status-publish outofstock product_cat-folklora product_cat-katalogs product_cat-post-folks product_cat-vilkaci product_cat-zanri product_tag-36 has-post-thumbnail taxable shipping-taxable purchasable product-type-simple\">\n\t<a href=\"https:\/\/lauska.lv\/veikals\/Preces\/ko-kundzini\/\" class=\"woocommerce-LoopProduct-link woocommerce-loop-product__link\"><img loading=\"lazy\" decoding=\"async\" width=\"324\" height=\"324\" src=\"https:\/\/lauska.lv\/veikals\/wp-content\/uploads\/sites\/6\/2018\/08\/Cover_Vilkaci_Ko_kundzini_01-324x324.jpg\" class=\"attachment-woocommerce_thumbnail size-woocommerce_thumbnail\" alt=\"\" srcset=\"https:\/\/lauska.lv\/veikals\/wp-content\/uploads\/sites\/6\/2018\/08\/Cover_Vilkaci_Ko_kundzini_01-324x324.jpg 324w, https:\/\/lauska.lv\/veikals\/wp-content\/uploads\/sites\/6\/2018\/08\/Cover_Vilkaci_Ko_kundzini_01-100x100.jpg 100w, https:\/\/lauska.lv\/veikals\/wp-content\/uploads\/sites\/6\/2018\/08\/Cover_Vilkaci_Ko_kundzini_01-150x150.jpg 150w\" sizes=\"(max-width: 324px) 100vw, 324px\" \/><h2 class=\"woocommerce-loop-product__title\">Ko kundzi\u0146i<\/h2>\n\t<span class=\"price\"><span class=\"woocommerce-Price-amount amount\"><bdi>10.00&nbsp;<span class=\"woocommerce-Price-currencySymbol\">&euro;<\/span><\/bdi><\/span> <small class=\"woocommerce-price-suffix\">iesk. PVN<\/small><\/span>\n<\/a><a href=\"https:\/\/lauska.lv\/veikals\/Preces\/ko-kundzini\/\" data-quantity=\"1\" class=\"button product_type_simple\" data-product_id=\"1437\" data-product_sku=\"2008 CD022\" aria-label=\"Read more about &ldquo;Ko kundzi\u0146i&rdquo;\" aria-describedby=\"\" rel=\"nofollow\">Skat\u012bt<\/a><\/li>\n<li class=\"product type-product post-1457 status-publish instock product_cat-abra product_cat-auli product_cat-balki product_cat-baobabs product_cat-dzelzs-vilks product_cat-ilgi product_cat-kala-jeng product_cat-katalogs product_cat-kokle product_cat-laiksne product_cat-lans product_cat-ore product_cat-post-marka product_cat-post-folks product_cat-risa-zvejnieki product_cat-skyforger product_cat-sviests product_cat-vike-freiberga-vaira product_cat-vilkaci product_cat-zala-zale product_cat-zanri product_tag-35 has-post-thumbnail taxable shipping-taxable purchasable product-type-simple\">\n\t<a href=\"https:\/\/lauska.lv\/veikals\/Preces\/sviests-2\/\" class=\"woocommerce-LoopProduct-link woocommerce-loop-product__link\"><img loading=\"lazy\" decoding=\"async\" width=\"324\" height=\"324\" src=\"https:\/\/lauska.lv\/veikals\/wp-content\/uploads\/sites\/6\/2018\/08\/Cover_Sviests_2_01-324x324.jpg\" class=\"attachment-woocommerce_thumbnail size-woocommerce_thumbnail\" alt=\"\" srcset=\"https:\/\/lauska.lv\/veikals\/wp-content\/uploads\/sites\/6\/2018\/08\/Cover_Sviests_2_01-324x324.jpg 324w, https:\/\/lauska.lv\/veikals\/wp-content\/uploads\/sites\/6\/2018\/08\/Cover_Sviests_2_01-100x100.jpg 100w, https:\/\/lauska.lv\/veikals\/wp-content\/uploads\/sites\/6\/2018\/08\/Cover_Sviests_2_01-150x150.jpg 150w\" sizes=\"(max-width: 324px) 100vw, 324px\" \/><h2 class=\"woocommerce-loop-product__title\">SVIESTS 2<\/h2>\n\t<span class=\"price\"><span class=\"woocommerce-Price-amount amount\"><bdi>10.00&nbsp;<span class=\"woocommerce-Price-currencySymbol\">&euro;<\/span><\/bdi><\/span> <small class=\"woocommerce-price-suffix\">iesk. PVN<\/small><\/span>\n<\/a><a href=\"?add-to-cart=1457\" data-quantity=\"1\" class=\"button product_type_simple add_to_cart_button ajax_add_to_cart\" data-product_id=\"1457\" data-product_sku=\"2007 CD014\" aria-label=\"Add to cart: &ldquo;SVIESTS 2&rdquo;\" aria-describedby=\"\" rel=\"nofollow\">+<\/a><\/li>\n<li class=\"product type-product post-1543 status-publish last outofstock product_cat-auli product_cat-auri product_cat-ceiruleits product_cat-delve product_cat-dudinieks product_cat-kala-jeng product_cat-karkle-kristine product_cat-katalogs product_cat-kokle product_cat-laiksne product_cat-lans product_cat-lidojosais-paklajs product_cat-patina product_cat-post-folks product_cat-risa-zvejnieki product_cat-skandinieki product_cat-skyforger product_cat-sviests product_cat-trejasmens product_cat-vilkaci product_cat-visi-veji product_cat-zanri product_tag-33 has-post-thumbnail taxable shipping-taxable purchasable product-type-simple\">\n\t<a href=\"https:\/\/lauska.lv\/veikals\/Preces\/sviests\/\" class=\"woocommerce-LoopProduct-link woocommerce-loop-product__link\"><img loading=\"lazy\" decoding=\"async\" width=\"324\" height=\"324\" src=\"https:\/\/lauska.lv\/veikals\/wp-content\/uploads\/sites\/6\/2005\/08\/sviests_1-324x324.png\" class=\"attachment-woocommerce_thumbnail size-woocommerce_thumbnail\" alt=\"\" srcset=\"https:\/\/lauska.lv\/veikals\/wp-content\/uploads\/sites\/6\/2005\/08\/sviests_1-324x324.png 324w, https:\/\/lauska.lv\/veikals\/wp-content\/uploads\/sites\/6\/2005\/08\/sviests_1-150x150.png 150w, https:\/\/lauska.lv\/veikals\/wp-content\/uploads\/sites\/6\/2005\/08\/sviests_1-100x100.png 100w\" sizes=\"(max-width: 324px) 100vw, 324px\" \/><h2 class=\"woocommerce-loop-product__title\">SVIESTS<\/h2>\n\t<span class=\"price\"><span class=\"woocommerce-Price-amount amount\"><bdi>10.00&nbsp;<span class=\"woocommerce-Price-currencySymbol\">&euro;<\/span><\/bdi><\/span> <small class=\"woocommerce-price-suffix\">iesk. PVN<\/small><\/span>\n<\/a><a href=\"https:\/\/lauska.lv\/veikals\/Preces\/sviests\/\" data-quantity=\"1\" class=\"button product_type_simple\" data-product_id=\"1543\" data-product_sku=\"2005 CD005\" aria-label=\"Read more about &ldquo;SVIESTS&rdquo;\" aria-describedby=\"\" rel=\"nofollow\">Skat\u012bt<\/a><\/li>\n<\/ul>\n<\/div>\n\n\n\n<hr class=\"wp-block-separator\"\/>\n\n\n\n<h2 class=\"wp-block-heading\">Video<\/h2>\n\n\n\n<hr class=\"wp-block-separator\"\/>\n\n\n\n<figure class=\"wp-block-embed-youtube wp-block-embed is-type-video is-provider-youtube wp-embed-aspect-16-9 wp-has-aspect-ratio\"><div class=\"wp-block-embed__wrapper\">\n<span class=\"embed-youtube\" style=\"text-align:center; display: block;\"><iframe class=\"youtube-player\" width=\"980\" height=\"552\" src=\"https:\/\/www.youtube.com\/embed\/52zjGH9TeVs?version=3&#038;rel=1&#038;showsearch=0&#038;showinfo=1&#038;iv_load_policy=1&#038;fs=1&#038;hl=lv-LV&#038;autohide=2&#038;wmode=transparent\" allowfullscreen=\"true\" style=\"border:0;\" sandbox=\"allow-scripts allow-same-origin allow-popups allow-presentation allow-popups-to-escape-sandbox\"><\/iframe><\/span>\n<\/div><\/figure>\n","protected":false},"excerpt":{"rendered":"<p>Video<\/p>\n","protected":false},"author":2,"featured_media":0,"parent":218,"menu_order":0,"comment_status":"closed","ping_status":"closed","template":"page-group.php","meta":{"jetpack_post_was_ever_published":false,"footnotes":""},"categories":[559,581],"tags":[],"jetpack_sharing_enabled":true,"_links":{"self":[{"href":"https:\/\/lauska.lv\/veikals\/wp-json\/wp\/v2\/pages\/1516"}],"collection":[{"href":"https:\/\/lauska.lv\/veikals\/wp-json\/wp\/v2\/pages"}],"about":[{"href":"https:\/\/lauska.lv\/veikals\/wp-json\/wp\/v2\/types\/page"}],"author":[{"embeddable":true,"href":"https:\/\/lauska.lv\/veikals\/wp-json\/wp\/v2\/users\/2"}],"replies":[{"embeddable":true,"href":"https:\/\/lauska.lv\/veikals\/wp-json\/wp\/v2\/comments?post=1516"}],"version-history":[{"count":2,"href":"https:\/\/lauska.lv\/veikals\/wp-json\/wp\/v2\/pages\/1516\/revisions"}],"predecessor-version":[{"id":3373,"href":"https:\/\/lauska.lv\/veikals\/wp-json\/wp\/v2\/pages\/1516\/revisions\/3373"}],"up":[{"embeddable":true,"href":"https:\/\/lauska.lv\/veikals\/wp-json\/wp\/v2\/pages\/218"}],"wp:attachment":[{"href":"https:\/\/lauska.lv\/veikals\/wp-json\/wp\/v2\/media?parent=1516"}],"wp:term":[{"taxonomy":"category","embeddable":true,"href":"https:\/\/lauska.lv\/veikals\/wp-json\/wp\/v2\/categories?post=1516"},{"taxonomy":"post_tag","embeddable":true,"href":"https:\/\/lauska.lv\/veikals\/wp-json\/wp\/v2\/tags?post=1516"}],"curies":[{"name":"wp","href":"https:\/\/api.w.org\/{rel}","templated":true}]}}