{"id":1508,"date":"2018-08-28T13:47:07","date_gmt":"2018-08-28T10:47:07","guid":{"rendered":"http:\/\/lauska.lv\/veikals\/makslinieki\/vilcenes"},"modified":"2018-09-26T20:06:04","modified_gmt":"2018-09-26T17:06:04","slug":"vilcenes","status":"publish","type":"page","link":"https:\/\/lauska.lv\/veikals\/makslinieki-2\/vilcenes\/","title":{"rendered":"Vilcenes"},"content":{"rendered":"\n<div class=\"wp-block-organic-profile-block\"><div class=\"organic-profile-content-title\"><nameartist>Vilcenes<\/nameartist><hr\/><\/div><div class=\"organic-profile-content-flex\" style=\"text-align:left\"><div class=\"organic-profile-image\" style=\"background-image:url(http:\/\/lauska.lv\/veikalsbeta\/wp-content\/uploads\/sites\/6\/2018\/08\/Group_Vilcenes-2.jpg)\"><img decoding=\"async\" src=\"http:\/\/lauska.lv\/veikalsbeta\/wp-content\/uploads\/sites\/6\/2018\/08\/Group_Vilcenes-2.jpg\"\/><\/div><div class=\"organic-profile-content\" style=\"text-align:left\"><p><strong>Inta Balcere<\/strong><br\/><strong>Ulvija Br\u012bvlauka<\/strong><br\/><strong>Gundega Drava<\/strong><br\/><strong>Ieva Kalni\u0146a<\/strong><br\/><strong>Ieva Ku\u0161\u0137e<\/strong><br\/><strong>Inese Kr\u016bmi\u0146a<\/strong><br\/><strong>Lilija Lipora<\/strong><br\/><strong>Ilze Kundzi\u0146a<\/strong><br\/><strong>Baiba Treide<\/strong><br\/><strong>Sarm\u012bte Sedli\u0146a<br\/><br\/><\/strong>Sievu kopa \u201cVilcenes\u201d ir izveidota 1996. gad\u0101, sav\u0101 lok\u0101 pulc\u0113jot v\u012bru kopas \u201cVilki\u201d sievas un l\u012bgavas. \u201cVilcenes\u201d \u012bpa\u0161i interes\u0113jas par 10. \u2013 13.gadsmitu, kad Latvijas teritorij\u0101 veidoj\u0101s etnisk\u0101s kult\u016bras at\u0161\u0137ir\u012bg\u0101s iez\u012bmes gan ap\u0123\u0113rb\u0101, gan para\u017e\u0101s, gan m\u016bzik\u0101. Atska\u0146as no \u0161\u012b laikmeta ir saglab\u0101ju\u0161\u0101s l\u012bdz \u0161ai dienai \u2013 t\u0101s ir atrodamas arheolo\u0123iskos izrakumos, k\u0101 ar\u012b sen\u0101s dziesm\u0101s un para\u017e\u0101s. \u0160is laiks ir iedvesmojis \u201cVilce\u0146u\u201d rado\u0161os mekl\u0113jumus, kopas dal\u012bbnieces cen\u0161as rekonstru\u0113t arheolo\u0123iskus materi\u0101lus, pa\u0161as darinot savus t\u0113rpus ar sen\u0101m metod\u0113m. \u201cVilce\u0146u\u201d vid\u016b ir da\u017e\u0101du tekst\u012bliju apstr\u0101des meistares, kuras p\u0101rvalda gan au\u0161anu, celu jostu darin\u0101\u0161anu, veidojot \u012bpatnus ornamentus, me\u017e\u0123\u012b\u0161anu, p\u012b\u0161anu un adatas pinumu darin\u0101\u0161anu.<br\/>\u201cVilcenes\u201d kop\u0161 savas past\u0101v\u0113\u0161anas ir piedal\u012bju\u0161\u0101s daudzos folkloras un viduslaiku festiv\u0101los, da\u017e\u0101d\u0101s gadsk\u0101rtu svin\u012bb\u0101s un koncertos vis\u0101 Latvij\u0101 un ar\u012b \u0101rvalst\u012bs.<strong><br\/><\/strong><\/p><div class=\"organic-profile-social\"><a class=\"social-link\" href=\"https:\/\/www.facebook.com\/vilcenes\/\" target=\"_blank\"><i class=\"fab fa-facebook-f\"><\/i><\/a><a class=\"social-link\" href=\"https:\/\/www.draugiem.lv\/music\/10022750\/biography\/\" target=\"_blank\"><i class=\"fas fa-link\"><\/i><\/a><\/div><\/div><\/div><\/div>\n\n\n\n<h2 class=\"wp-block-heading\">Video<\/h2>\n\n\n\n<hr class=\"wp-block-separator\"\/>\n\n\n\n<figure class=\"wp-block-embed-youtube wp-block-embed is-type-video is-provider-youtube\">\n<span class=\"embed-youtube\" style=\"text-align:center; display: block;\"><iframe class=\"youtube-player\" width=\"980\" height=\"552\" src=\"https:\/\/www.youtube.com\/embed\/I6LqUxmEZgY?version=3&#038;rel=1&#038;showsearch=0&#038;showinfo=1&#038;iv_load_policy=1&#038;fs=1&#038;hl=lv-LV&#038;autohide=2&#038;wmode=transparent&#038;listType=playlist&#038;list=PLlzUjSgLpT4wsXqP2N01anE495BABKvuR\" allowfullscreen=\"true\" style=\"border:0;\" sandbox=\"allow-scripts allow-same-origin allow-popups allow-presentation allow-popups-to-escape-sandbox\"><\/iframe><\/span>\n<\/figure>\n","protected":false},"excerpt":{"rendered":"<p>Video<\/p>\n","protected":false},"author":2,"featured_media":0,"parent":218,"menu_order":0,"comment_status":"closed","ping_status":"closed","template":"page-group.php","meta":{"jetpack_post_was_ever_published":false,"footnotes":""},"categories":[559,581],"tags":[],"jetpack_sharing_enabled":true,"_links":{"self":[{"href":"https:\/\/lauska.lv\/veikals\/wp-json\/wp\/v2\/pages\/1508"}],"collection":[{"href":"https:\/\/lauska.lv\/veikals\/wp-json\/wp\/v2\/pages"}],"about":[{"href":"https:\/\/lauska.lv\/veikals\/wp-json\/wp\/v2\/types\/page"}],"author":[{"embeddable":true,"href":"https:\/\/lauska.lv\/veikals\/wp-json\/wp\/v2\/users\/2"}],"replies":[{"embeddable":true,"href":"https:\/\/lauska.lv\/veikals\/wp-json\/wp\/v2\/comments?post=1508"}],"version-history":[{"count":1,"href":"https:\/\/lauska.lv\/veikals\/wp-json\/wp\/v2\/pages\/1508\/revisions"}],"predecessor-version":[{"id":1515,"href":"https:\/\/lauska.lv\/veikals\/wp-json\/wp\/v2\/pages\/1508\/revisions\/1515"}],"up":[{"embeddable":true,"href":"https:\/\/lauska.lv\/veikals\/wp-json\/wp\/v2\/pages\/218"}],"wp:attachment":[{"href":"https:\/\/lauska.lv\/veikals\/wp-json\/wp\/v2\/media?parent=1508"}],"wp:term":[{"taxonomy":"category","embeddable":true,"href":"https:\/\/lauska.lv\/veikals\/wp-json\/wp\/v2\/categories?post=1508"},{"taxonomy":"post_tag","embeddable":true,"href":"https:\/\/lauska.lv\/veikals\/wp-json\/wp\/v2\/tags?post=1508"}],"curies":[{"name":"wp","href":"https:\/\/api.w.org\/{rel}","templated":true}]}}