{"id":1499,"date":"2018-08-28T13:39:10","date_gmt":"2018-08-28T10:39:10","guid":{"rendered":"http:\/\/lauska.lv\/veikals\/makslinieki\/vike-freiberga-vaira"},"modified":"2018-09-26T20:06:03","modified_gmt":"2018-09-26T17:06:03","slug":"vike-freiberga-vaira","status":"publish","type":"page","link":"https:\/\/lauska.lv\/veikals\/makslinieki-2\/vike-freiberga-vaira\/","title":{"rendered":"V\u012b\u0137e-Freiberga Vaira"},"content":{"rendered":"\n<div class=\"wp-block-organic-profile-block\"><div class=\"organic-profile-content-title\"><nameartist>Vaira V\u012b\u0137e-Freiberga<\/nameartist><hr\/><\/div><div class=\"organic-profile-content-flex\" style=\"text-align:left\"><div class=\"organic-profile-image\" style=\"background-image:url(http:\/\/lauska.lv\/veikalsbeta\/wp-content\/uploads\/sites\/6\/2018\/08\/Group_VVF_foto.jpg)\"><img decoding=\"async\" src=\"http:\/\/lauska.lv\/veikalsbeta\/wp-content\/uploads\/sites\/6\/2018\/08\/Group_VVF_foto.jpg\"\/><\/div><div class=\"organic-profile-content\" style=\"text-align:left\"><p>Prof. Vaira V\u012b\u0137e-Freiberga ar saviem zin\u0101tniskiem p\u0113t\u012bjumiem par latvie\u0161u tautas dziesm\u0101m un publik\u0101cij\u0101m da\u017e\u0101d\u0101s valod\u0101s ir veidojusi gan latvie\u0161u, gan starptautisk\u0101s publikas izpratni par latvie\u0161u tradicion\u0101lo kult\u016bru un t\u0101s v\u0113rt\u012bb\u0101m. Ar\u012b pildot Valsts prezidentes amatu, vi\u0146a piem\u0113rotos br\u012b\u017eos c\u0113lusi god\u0101 folkloru un tautasdziesmas.<\/p><div class=\"organic-profile-social\"><a class=\"social-link\" href=\"http:\/\/www.vvf.lv\/sakumlapa\/\" target=\"_blank\"><i class=\"fas fa-play\"><\/i><\/a><a class=\"social-link\" href=\"https:\/\/www.facebook.com\/vvfreiberga\/?fref=ts\" target=\"_blank\"><i class=\"fab fa-facebook-f\"><\/i><\/a><a class=\"social-link\" href=\"https:\/\/twitter.com\/VairaVF\" target=\"_blank\"><i class=\"fab fa-twitter\"><\/i><\/a><a class=\"social-link\" href=\"https:\/\/www.instagram.com\/vvfreiberga\/\" target=\"_blank\"><i class=\"fab fa-instagram\"><\/i><\/a><\/div><\/div><\/div><\/div>\n\n\n\n<h2 class=\"wp-block-heading\">Video<\/h2>\n\n\n\n<hr class=\"wp-block-separator\"\/>\n\n\n\n<figure class=\"wp-block-embed-youtube wp-block-embed is-type-video is-provider-youtube\">\n<span class=\"embed-youtube\" style=\"text-align:center; display: block;\"><iframe class=\"youtube-player\" width=\"980\" height=\"552\" src=\"https:\/\/www.youtube.com\/embed\/2V05xcjrfBg?version=3&#038;rel=1&#038;showsearch=0&#038;showinfo=1&#038;iv_load_policy=1&#038;fs=1&#038;hl=lv-LV&#038;autohide=2&#038;wmode=transparent&#038;listType=playlist&#038;list=PLlzUjSgLpT4xzhv1Ccyw2vEbaKgIDZ2FN\" allowfullscreen=\"true\" style=\"border:0;\" sandbox=\"allow-scripts allow-same-origin allow-popups allow-presentation allow-popups-to-escape-sandbox\"><\/iframe><\/span>\n<\/figure>\n","protected":false},"excerpt":{"rendered":"<p>Video<\/p>\n","protected":false},"author":2,"featured_media":0,"parent":218,"menu_order":0,"comment_status":"closed","ping_status":"closed","template":"page-group.php","meta":{"jetpack_post_was_ever_published":false,"footnotes":""},"categories":[559,581],"tags":[],"jetpack_sharing_enabled":true,"_links":{"self":[{"href":"https:\/\/lauska.lv\/veikals\/wp-json\/wp\/v2\/pages\/1499"}],"collection":[{"href":"https:\/\/lauska.lv\/veikals\/wp-json\/wp\/v2\/pages"}],"about":[{"href":"https:\/\/lauska.lv\/veikals\/wp-json\/wp\/v2\/types\/page"}],"author":[{"embeddable":true,"href":"https:\/\/lauska.lv\/veikals\/wp-json\/wp\/v2\/users\/2"}],"replies":[{"embeddable":true,"href":"https:\/\/lauska.lv\/veikals\/wp-json\/wp\/v2\/comments?post=1499"}],"version-history":[{"count":1,"href":"https:\/\/lauska.lv\/veikals\/wp-json\/wp\/v2\/pages\/1499\/revisions"}],"predecessor-version":[{"id":1505,"href":"https:\/\/lauska.lv\/veikals\/wp-json\/wp\/v2\/pages\/1499\/revisions\/1505"}],"up":[{"embeddable":true,"href":"https:\/\/lauska.lv\/veikals\/wp-json\/wp\/v2\/pages\/218"}],"wp:attachment":[{"href":"https:\/\/lauska.lv\/veikals\/wp-json\/wp\/v2\/media?parent=1499"}],"wp:term":[{"taxonomy":"category","embeddable":true,"href":"https:\/\/lauska.lv\/veikals\/wp-json\/wp\/v2\/categories?post=1499"},{"taxonomy":"post_tag","embeddable":true,"href":"https:\/\/lauska.lv\/veikals\/wp-json\/wp\/v2\/tags?post=1499"}],"curies":[{"name":"wp","href":"https:\/\/api.w.org\/{rel}","templated":true}]}}