{"id":1449,"date":"2018-08-28T13:23:12","date_gmt":"2018-08-28T10:23:12","guid":{"rendered":"http:\/\/lauska.lv\/veikals\/makslinieki\/vejam-kabata"},"modified":"2018-09-26T20:04:28","modified_gmt":"2018-09-26T17:04:28","slug":"vejam-kabata","status":"publish","type":"page","link":"https:\/\/lauska.lv\/veikals\/makslinieki-2\/vejam-kabata\/","title":{"rendered":"V\u0113jam kabat\u0101"},"content":{"rendered":"\n<div class=\"wp-block-organic-profile-block\"><div class=\"organic-profile-content-title\"><nameartist>V\u0113jam kabat\u0101<\/nameartist><hr\/><\/div><div class=\"organic-profile-content-flex\" style=\"text-align:left\"><div class=\"organic-profile-image\" style=\"background-image:url(http:\/\/lauska.lv\/veikalsbeta\/wp-content\/uploads\/sites\/6\/2018\/08\/Group_VejamKabata.jpg)\"><img decoding=\"async\" src=\"http:\/\/lauska.lv\/veikalsbeta\/wp-content\/uploads\/sites\/6\/2018\/08\/Group_VejamKabata.jpg\"\/><\/div><div class=\"organic-profile-content\" style=\"text-align:left\"><p><strong>K\u0101rlis Jirgens<\/strong>\u00a0d\u016bdas<br\/><strong>Jekaterina Grigorjeva<\/strong>\u00a0\u0123it\u0101ra, balss<br\/><strong>\u013be\u0161ijs<\/strong>\u00a0perkusijas<br\/><br\/>Apvieno tr\u012bs jaunie\u0161us, kuri sevi neierobe\u017eo ar vienas tautas muzik\u0101lo mantojumu, bet \u013caujas iedvesmai no da\u017e\u0101diem pasaules avotiem. Neparastais d\u016bdas un \u0123it\u0101ras apvienojums ar bezvalodas dzied\u0101\u0161anu rada gan apcer\u012bgu, gan ar\u012b priekpilnu noska\u0146u. Grupas muzikanti p\u0101rsvar\u0101 sastopami muzic\u0113jot R\u012bgas iel\u0101s un pazemes p\u0101rej\u0101s.<br\/>\u201eM\u016bsu sird\u012bs m\u012bt senie dievi, kas izlau\u017eas no mums un dz\u012bvo m\u016bsu m\u016bzik\u0101. Da\u017e\u0101du tautu etniskie instrumenti vieno sen\u0101s kult\u016bras un sapl\u016bst ar m\u016bsdienu vidi. Ieliekot senaj\u0101 m\u016bzik\u0101 savas aktu\u0101l\u0101s izj\u016btas, m\u0113s m\u016bziku atdz\u012bvinam. Kad m\u016bzika k\u013c\u016bst dz\u012bva, tad senie dievi atmost\u0101s.\u201d<br\/><\/p><div class=\"organic-profile-social\"><a class=\"social-link\" href=\"https:\/\/www.facebook.com\/vejamkabata\/?fref=ts\" target=\"_blank\"><i class=\"fab fa-facebook-f\"><\/i><\/a><a class=\"social-link\" href=\"https:\/\/www.draugiem.lv\/paldies\/\" target=\"_blank\"><i class=\"fas fa-link\"><\/i><\/a><\/div><\/div><\/div><\/div>\n\n\n\n<h2 class=\"wp-block-heading\">Video<\/h2>\n\n\n\n<hr class=\"wp-block-separator\"\/>\n\n\n\n<figure class=\"wp-block-embed-youtube wp-block-embed is-type-video is-provider-youtube\">\n<span class=\"embed-youtube\" style=\"text-align:center; display: block;\"><iframe class=\"youtube-player\" width=\"980\" height=\"552\" src=\"https:\/\/www.youtube.com\/embed\/SGFnlVB9M0o?version=3&#038;rel=1&#038;showsearch=0&#038;showinfo=1&#038;iv_load_policy=1&#038;fs=1&#038;hl=lv-LV&#038;autohide=2&#038;wmode=transparent&#038;listType=playlist&#038;list=PLD39D9ACEE455A2D5\" allowfullscreen=\"true\" style=\"border:0;\" sandbox=\"allow-scripts allow-same-origin allow-popups allow-presentation allow-popups-to-escape-sandbox\"><\/iframe><\/span>\n<\/figure>\n","protected":false},"excerpt":{"rendered":"<p>Video<\/p>\n","protected":false},"author":2,"featured_media":0,"parent":218,"menu_order":0,"comment_status":"closed","ping_status":"closed","template":"page-group.php","meta":{"jetpack_post_was_ever_published":false,"footnotes":""},"categories":[559,581],"tags":[],"jetpack_sharing_enabled":true,"_links":{"self":[{"href":"https:\/\/lauska.lv\/veikals\/wp-json\/wp\/v2\/pages\/1449"}],"collection":[{"href":"https:\/\/lauska.lv\/veikals\/wp-json\/wp\/v2\/pages"}],"about":[{"href":"https:\/\/lauska.lv\/veikals\/wp-json\/wp\/v2\/types\/page"}],"author":[{"embeddable":true,"href":"https:\/\/lauska.lv\/veikals\/wp-json\/wp\/v2\/users\/2"}],"replies":[{"embeddable":true,"href":"https:\/\/lauska.lv\/veikals\/wp-json\/wp\/v2\/comments?post=1449"}],"version-history":[{"count":1,"href":"https:\/\/lauska.lv\/veikals\/wp-json\/wp\/v2\/pages\/1449\/revisions"}],"predecessor-version":[{"id":1455,"href":"https:\/\/lauska.lv\/veikals\/wp-json\/wp\/v2\/pages\/1449\/revisions\/1455"}],"up":[{"embeddable":true,"href":"https:\/\/lauska.lv\/veikals\/wp-json\/wp\/v2\/pages\/218"}],"wp:attachment":[{"href":"https:\/\/lauska.lv\/veikals\/wp-json\/wp\/v2\/media?parent=1449"}],"wp:term":[{"taxonomy":"category","embeddable":true,"href":"https:\/\/lauska.lv\/veikals\/wp-json\/wp\/v2\/categories?post=1449"},{"taxonomy":"post_tag","embeddable":true,"href":"https:\/\/lauska.lv\/veikals\/wp-json\/wp\/v2\/tags?post=1449"}],"curies":[{"name":"wp","href":"https:\/\/api.w.org\/{rel}","templated":true}]}}