{"id":1440,"date":"2018-08-28T13:17:36","date_gmt":"2018-08-28T10:17:36","guid":{"rendered":"http:\/\/lauska.lv\/veikals\/makslinieki\/vecpilsetas-dziedataja"},"modified":"2018-09-26T20:04:27","modified_gmt":"2018-09-26T17:04:27","slug":"vecpilsetas-dziedataja","status":"publish","type":"page","link":"https:\/\/lauska.lv\/veikals\/makslinieki-2\/vecpilsetas-dziedataja\/","title":{"rendered":"Vecpils\u0113tas dzied\u0101t\u0101ja"},"content":{"rendered":"\n<div class=\"wp-block-organic-profile-block\"><div class=\"organic-profile-content-title\"><nameartist>Vecpils\u0113tas dzied\u0101t\u0101ja<\/nameartist><hr\/><\/div><div class=\"organic-profile-content-flex\" style=\"text-align:left\"><div class=\"organic-profile-image\" style=\"background-image:url(http:\/\/lauska.lv\/veikalsbeta\/wp-content\/uploads\/sites\/6\/2018\/08\/Group_Vecpilsetas_dziedataji.jpg)\"><img decoding=\"async\" src=\"http:\/\/lauska.lv\/veikalsbeta\/wp-content\/uploads\/sites\/6\/2018\/08\/Group_Vecpilsetas_dziedataji.jpg\"\/><\/div><div class=\"organic-profile-content\" style=\"text-align:left\"><p><strong>R\u016bta Abaja<\/strong>\u00a0balss, ritms, kokle, vijole<br\/><strong>Inese Neimane<\/strong>\u00a0balss, blokflauta<br\/><strong>Linda Zonne-Zumberga<\/strong>\u00a0balss, ermo\u0146ika<br\/><strong>Reinis Grants<\/strong>\u00a0sitaminstrumenti<br\/><strong>Anna Freimane<\/strong>\u00a0balss, blokflauta<br\/><strong>M\u0101rti\u0146\u0161 Abajs<\/strong>\u00a0basa \u0123it\u0101ra<br\/><strong>Andris Kimonts<\/strong>\u00a0\u0123it\u0101ra<br\/><strong>Solveiga Ka\u013cva<\/strong>\u00a0\u0123it\u0101ra, kokle<br\/><strong>Daniels Mar\u0161als<\/strong>\u00a0\u0123it\u0101ra<br\/><strong>Dace Sloka<\/strong>\u00a0balss, \u0123it\u0101ra, kokle, blokflauta<br\/><strong>V\u0113sma Keire<\/strong>\u00a0balss, flauta<br\/><strong>M\u0101ra Abaja<\/strong>\u00a0balss, \u0123it\u0101ra<br\/><strong>Anastasija Sli\u0161a<\/strong>\u00a0balss<br\/><br\/>Postfolkloras grupa, kas apvieno studentus un jaunie\u0161us, kuri sp\u0113l\u0113 pa\u0161u rad\u012btu m\u016bziku, iedvesmojoties no latvie\u0161u folkloras. \u201eM\u016bsu dziesmas s\u0101kas \u0161\u0137irstot dainu s\u0113jumus, strink\u0161\u0137inot \u0123it\u0101ras, vai klabinot ermo\u0146ikas tausti\u0146us. K\u0101 ansamblis sav\u0113rpjam \u0161\u012bs dziesmas kop\u012bg\u0101 individu\u0101lo saj\u016btu skan\u0113jum\u0101. T\u0101d\u0113\u013c m\u016bsu m\u016bzika ir vienm\u0113r main\u012bga, atkar\u012bb\u0101 no sast\u0101va un izj\u016bt\u0101m.\u201d<br\/>2016.gad\u0101 grupa nomain\u012bja nosaukumu uz\u00a0Daba San.<br\/><\/p><div class=\"organic-profile-social\"><a class=\"social-link\" href=\"https:\/\/www.youtube.com\/channel\/UCWde4BlzG5Vk-atXUU81l7g\" target=\"_blank\"><i class=\"fab fa-youtube\"><\/i><\/a><\/div><\/div><\/div><\/div>\n\n\n\n<h2 class=\"wp-block-heading\">Video<\/h2>\n\n\n\n<hr class=\"wp-block-separator\"\/>\n\n\n\n<figure class=\"wp-block-embed-youtube wp-block-embed is-type-video is-provider-youtube\">\n<span class=\"embed-youtube\" style=\"text-align:center; display: block;\"><iframe class=\"youtube-player\" width=\"980\" height=\"552\" src=\"https:\/\/www.youtube.com\/embed\/PBTCQYCZI1o?version=3&#038;rel=1&#038;showsearch=0&#038;showinfo=1&#038;iv_load_policy=1&#038;fs=1&#038;hl=lv-LV&#038;autohide=2&#038;wmode=transparent&#038;listType=playlist&#038;list=PLlzUjSgLpT4yRLnWegpXZrNK_2tkORvlf\" allowfullscreen=\"true\" style=\"border:0;\" sandbox=\"allow-scripts allow-same-origin allow-popups allow-presentation allow-popups-to-escape-sandbox\"><\/iframe><\/span>\n<\/figure>\n","protected":false},"excerpt":{"rendered":"<p>Video<\/p>\n","protected":false},"author":2,"featured_media":0,"parent":218,"menu_order":0,"comment_status":"closed","ping_status":"closed","template":"page-group.php","meta":{"jetpack_post_was_ever_published":false,"footnotes":""},"categories":[559,581],"tags":[],"jetpack_sharing_enabled":true,"_links":{"self":[{"href":"https:\/\/lauska.lv\/veikals\/wp-json\/wp\/v2\/pages\/1440"}],"collection":[{"href":"https:\/\/lauska.lv\/veikals\/wp-json\/wp\/v2\/pages"}],"about":[{"href":"https:\/\/lauska.lv\/veikals\/wp-json\/wp\/v2\/types\/page"}],"author":[{"embeddable":true,"href":"https:\/\/lauska.lv\/veikals\/wp-json\/wp\/v2\/users\/2"}],"replies":[{"embeddable":true,"href":"https:\/\/lauska.lv\/veikals\/wp-json\/wp\/v2\/comments?post=1440"}],"version-history":[{"count":3,"href":"https:\/\/lauska.lv\/veikals\/wp-json\/wp\/v2\/pages\/1440\/revisions"}],"predecessor-version":[{"id":1448,"href":"https:\/\/lauska.lv\/veikals\/wp-json\/wp\/v2\/pages\/1440\/revisions\/1448"}],"up":[{"embeddable":true,"href":"https:\/\/lauska.lv\/veikals\/wp-json\/wp\/v2\/pages\/218"}],"wp:attachment":[{"href":"https:\/\/lauska.lv\/veikals\/wp-json\/wp\/v2\/media?parent=1440"}],"wp:term":[{"taxonomy":"category","embeddable":true,"href":"https:\/\/lauska.lv\/veikals\/wp-json\/wp\/v2\/categories?post=1440"},{"taxonomy":"post_tag","embeddable":true,"href":"https:\/\/lauska.lv\/veikals\/wp-json\/wp\/v2\/tags?post=1440"}],"curies":[{"name":"wp","href":"https:\/\/api.w.org\/{rel}","templated":true}]}}