{"id":1433,"date":"2018-08-28T13:11:55","date_gmt":"2018-08-28T10:11:55","guid":{"rendered":"http:\/\/lauska.lv\/veikals\/makslinieki\/vabalis"},"modified":"2022-11-25T11:19:02","modified_gmt":"2022-11-25T09:19:02","slug":"vabalis","status":"publish","type":"page","link":"https:\/\/lauska.lv\/veikals\/makslinieki-2\/vabalis\/","title":{"rendered":"Vaba\u013cis"},"content":{"rendered":"\n<div class=\"wp-block-organic-profile-block\"><div class=\"organic-profile-content-title\"><nameartist>Vaba\u013cis<\/nameartist><hr\/><\/div><div class=\"organic-profile-content-flex\" style=\"text-align:left\"><div class=\"organic-profile-image\" style=\"background-image:url(http:\/\/lauska.lv\/veikalsbeta\/wp-content\/uploads\/sites\/6\/2018\/08\/Group_Vabalis.jpg)\"><img decoding=\"async\" src=\"http:\/\/lauska.lv\/veikalsbeta\/wp-content\/uploads\/sites\/6\/2018\/08\/Group_Vabalis.jpg\"\/><\/div><div class=\"organic-profile-content\" style=\"text-align:left\"><p><strong>Reg\u012bna Vingre<\/strong><br\/><strong>Veneranda Putroma<\/strong><br\/><strong>Anna Rubina<\/strong><br\/><strong>Ir\u0113na Livmane<\/strong><br\/><strong>Lidija Spar\u0101ne<\/strong><br\/><strong>Veronika Stik\u0101ne<\/strong><br\/><strong>Aina Pab\u0113rza<\/strong><br\/><strong>Mairita Stalidz\u0101ne<\/strong><br\/><strong>Iveta Skrinda<\/strong><br\/><strong>Lidija Landenoka<\/strong><br\/><strong>\u017danete \u017dilvinska<\/strong><br\/><strong>Viktorija Skrinda<\/strong><br\/><strong>J\u0101nis Gipters<\/strong><br\/><strong>Art\u016brs U\u0161k\u0101ns<\/strong>\u00a0\u2013 vad\u012bt\u0101js<br\/><br\/>Ansamb\u013ca \u201eVaba\u013cis\u201d darb\u012bba balst\u0101s viet\u0113j\u0101s trad\u012bcij\u0101s, prasm\u0113s un zin\u0101\u0161an\u0101s, ar m\u0113r\u0137i nodot t\u0101s t\u0101l\u0101k un aktualiz\u0113t to unik\u0101lo v\u0113rt\u012bbu m\u016bsdienu Latvijas kult\u016brtelp\u0101. \u0160obr\u012bd \u0161is ansamblis ar nedaudz draiskul\u012bgo, nedaudz pa\u0161ironisko nosaukumu \u201eVaba\u013cis\u201d ir jaun\u0101kais etnogr\u0101fiskais ansamblis Latgal\u0113 un vis\u0101 Latvij\u0101. Kop\u0161 dibin\u0101\u0161anas \u201eVaba\u013cis\u201d jau pasp\u0113jis piedal\u012bties da\u017e\u0101dos festiv\u0101los un koncertos gan Latvij\u0101, gan \u0101rzem\u0113s, bet pa\u0161iem Vaboles iedz\u012bvot\u0101jiem regul\u0101ri r\u012bko tradicion\u0101lo prasmju skolas.<br\/>Etnogr\u0101fisk\u0101 ansamb\u013ca \u201eVaba\u013cis\u201d vad\u012bt\u0101js, Latgales m\u016bzi\u0137is Art\u016brs U\u0161k\u0101ns saka: \u201eAr Vaboles pagasta psalmu dzied\u0101t\u0101j\u0101m tik\u0101mies 2006. gada 1. apr\u012bl\u012b. Dien\u0101, kad cilv\u0113ki vis\u0101 pasaul\u0113 izjokoja viens otru, m\u0113s \u013coti nopietni spried\u0101m, vai iz\u0146emot Latgalei rakstur\u012bgos, unik\u0101los gar\u012bgos dzied\u0101jumus, Vaboles sievas v\u0113l atceras ar\u012b laic\u012bg\u0101s dziesmas, ko dzied\u0101ju\u0161as vi\u0146u mammas, vecmammas? Rezult\u0101t\u0101, no vienk\u0101r\u0161as idejas \u2013 izveidot Vaboles pagast\u0101 folkloras ansambli, balstoties ne tikai uz sievu dzied\u0101taj\u0101m dziesm\u0101m, bet ar\u012b vi\u0146u atmi\u0146\u0101m par sen aizmirst\u0101m trad\u012bcij\u0101m, paaudz\u0113s sl\u012bp\u0113t\u0101m rokdarbu prasm\u0113m, latgalie\u0161u \u0113dienu un dz\u0113rienu (alus un \u201e\u0161makauce\u0146is\u201d) gatavo\u0161anas prasm\u0113m, laukos, kokos un p\u013cav\u0101s atrodamo dabas vel\u0161u dziedniecisko \u012bpa\u0161\u012bbu zin\u0101\u0161an\u0101m \u2013 Vabol\u0113 rad\u0101s nevis folkloras, bet etnogr\u0101fiskais ansamblis.\u201d<br\/><\/p><div class=\"organic-profile-social\"><\/div><\/div><\/div><\/div>\n\n\n<div class=\"woocommerce columns-4 \"><ul class=\"products columns-4\">\n<li class=\"product type-product post-18158 status-publish first instock product_cat-folklora product_cat-katalogs product_cat-vabalis product_tag-722 has-post-thumbnail taxable shipping-taxable purchasable product-type-simple\">\n\t<a href=\"https:\/\/lauska.lv\/veikals\/Preces\/aj-mosena\/\" class=\"woocommerce-LoopProduct-link woocommerce-loop-product__link\"><img fetchpriority=\"high\" decoding=\"async\" width=\"324\" height=\"324\" src=\"https:\/\/lauska.lv\/veikals\/wp-content\/uploads\/sites\/6\/2022\/11\/Vabalis_CD_vaki_1-324x324.jpg\" class=\"attachment-woocommerce_thumbnail size-woocommerce_thumbnail\" alt=\"\" srcset=\"https:\/\/lauska.lv\/veikals\/wp-content\/uploads\/sites\/6\/2022\/11\/Vabalis_CD_vaki_1-324x324.jpg 324w, https:\/\/lauska.lv\/veikals\/wp-content\/uploads\/sites\/6\/2022\/11\/Vabalis_CD_vaki_1-100x100.jpg 100w, https:\/\/lauska.lv\/veikals\/wp-content\/uploads\/sites\/6\/2022\/11\/Vabalis_CD_vaki_1-150x150.jpg 150w, https:\/\/lauska.lv\/veikals\/wp-content\/uploads\/sites\/6\/2022\/11\/Vabalis_CD_vaki_1-600x600.jpg 600w\" sizes=\"(max-width: 324px) 100vw, 324px\" \/><h2 class=\"woocommerce-loop-product__title\">Aj, m\u014dse\u0146a&#8230;<\/h2>\n\t<span class=\"price\"><span class=\"woocommerce-Price-amount amount\"><bdi>10.00&nbsp;<span class=\"woocommerce-Price-currencySymbol\">&euro;<\/span><\/bdi><\/span> <small class=\"woocommerce-price-suffix\">iesk. PVN<\/small><\/span>\n<\/a><a href=\"?add-to-cart=18158\" data-quantity=\"1\" class=\"button product_type_simple add_to_cart_button ajax_add_to_cart\" data-product_id=\"18158\" data-product_sku=\"CD 101\" aria-label=\"Add to cart: &ldquo;Aj, m\u014dse\u0146a...&rdquo;\" aria-describedby=\"\" rel=\"nofollow\">+<\/a><\/li>\n<li class=\"product type-product post-2916 status-publish instock product_cat-katalogs product_cat-post-folks product_cat-vabalis product_cat-zanri product_tag-47 has-post-thumbnail taxable shipping-taxable purchasable product-type-simple\">\n\t<a href=\"https:\/\/lauska.lv\/veikals\/Preces\/labi-dzeivot-kolchoza\/\" class=\"woocommerce-LoopProduct-link woocommerce-loop-product__link\"><img decoding=\"async\" width=\"324\" height=\"324\" src=\"https:\/\/lauska.lv\/veikals\/wp-content\/uploads\/sites\/6\/2018\/09\/Vabalis_Kolchozs-CD-324x324.jpg\" class=\"attachment-woocommerce_thumbnail size-woocommerce_thumbnail\" alt=\"\" srcset=\"https:\/\/lauska.lv\/veikals\/wp-content\/uploads\/sites\/6\/2018\/09\/Vabalis_Kolchozs-CD-324x324.jpg 324w, https:\/\/lauska.lv\/veikals\/wp-content\/uploads\/sites\/6\/2018\/09\/Vabalis_Kolchozs-CD-100x100.jpg 100w, https:\/\/lauska.lv\/veikals\/wp-content\/uploads\/sites\/6\/2018\/09\/Vabalis_Kolchozs-CD-150x150.jpg 150w\" sizes=\"(max-width: 324px) 100vw, 324px\" \/><h2 class=\"woocommerce-loop-product__title\">Labi dzeiv\u014dt kolchoz\u0101!<\/h2>\n\t<span class=\"price\"><span class=\"woocommerce-Price-amount amount\"><bdi>10.00&nbsp;<span class=\"woocommerce-Price-currencySymbol\">&euro;<\/span><\/bdi><\/span> <small class=\"woocommerce-price-suffix\">iesk. PVN<\/small><\/span>\n<\/a><a href=\"?add-to-cart=2916\" data-quantity=\"1\" class=\"button product_type_simple add_to_cart_button ajax_add_to_cart\" data-product_id=\"2916\" data-product_sku=\"2018 CD082\" aria-label=\"Add to cart: &ldquo;Labi dzeiv\u014dt kolchoz\u0101!&rdquo;\" aria-describedby=\"\" rel=\"nofollow\">+<\/a><\/li>\n<li class=\"product type-product post-1177 status-publish instock product_cat-folklora product_cat-katalogs product_cat-vabalis product_cat-zanri product_tag-42 has-post-thumbnail taxable shipping-taxable purchasable product-type-simple\">\n\t<a href=\"https:\/\/lauska.lv\/veikals\/Preces\/lobais-reits\/\" class=\"woocommerce-LoopProduct-link woocommerce-loop-product__link\"><img decoding=\"async\" width=\"324\" height=\"324\" src=\"https:\/\/lauska.lv\/veikals\/wp-content\/uploads\/sites\/6\/2018\/08\/Cover_vabalis_Lobais_Reits_01-324x324.jpg\" class=\"attachment-woocommerce_thumbnail size-woocommerce_thumbnail\" alt=\"\" srcset=\"https:\/\/lauska.lv\/veikals\/wp-content\/uploads\/sites\/6\/2018\/08\/Cover_vabalis_Lobais_Reits_01-324x324.jpg 324w, https:\/\/lauska.lv\/veikals\/wp-content\/uploads\/sites\/6\/2018\/08\/Cover_vabalis_Lobais_Reits_01-100x100.jpg 100w, https:\/\/lauska.lv\/veikals\/wp-content\/uploads\/sites\/6\/2018\/08\/Cover_vabalis_Lobais_Reits_01-150x150.jpg 150w\" sizes=\"(max-width: 324px) 100vw, 324px\" \/><h2 class=\"woocommerce-loop-product__title\">Lobais reits<\/h2>\n\t<span class=\"price\"><span class=\"woocommerce-Price-amount amount\"><bdi>10.00&nbsp;<span class=\"woocommerce-Price-currencySymbol\">&euro;<\/span><\/bdi><\/span> <small class=\"woocommerce-price-suffix\">iesk. PVN<\/small><\/span>\n<\/a><a href=\"?add-to-cart=1177\" data-quantity=\"1\" class=\"button product_type_simple add_to_cart_button ajax_add_to_cart\" data-product_id=\"1177\" data-product_sku=\"2014 CD051\" aria-label=\"Add to cart: &ldquo;Lobais reits&rdquo;\" aria-describedby=\"\" rel=\"nofollow\">+<\/a><\/li>\n<\/ul>\n<\/div>\n\n\n\n<h2 class=\"wp-block-heading\">Video<\/h2>\n\n\n\n<hr class=\"wp-block-separator has-css-opacity\"\/>\n\n\n\n<figure class=\"wp-block-embed is-type-video is-provider-youtube wp-block-embed-youtube wp-embed-aspect-16-9 wp-has-aspect-ratio\"><div class=\"wp-block-embed__wrapper\">\n<span class=\"embed-youtube\" style=\"text-align:center; display: block;\"><iframe class=\"youtube-player\" width=\"980\" height=\"552\" src=\"https:\/\/www.youtube.com\/embed\/RWergKIi9mw?version=3&#038;rel=1&#038;showsearch=0&#038;showinfo=1&#038;iv_load_policy=1&#038;fs=1&#038;hl=lv-LV&#038;autohide=2&#038;wmode=transparent\" allowfullscreen=\"true\" style=\"border:0;\" sandbox=\"allow-scripts allow-same-origin allow-popups allow-presentation allow-popups-to-escape-sandbox\"><\/iframe><\/span>\n<\/div><\/figure>\n","protected":false},"excerpt":{"rendered":"<p>Video<\/p>\n","protected":false},"author":2,"featured_media":0,"parent":218,"menu_order":0,"comment_status":"closed","ping_status":"closed","template":"page-group.php","meta":{"jetpack_post_was_ever_published":false,"footnotes":""},"categories":[559,581],"tags":[],"jetpack_sharing_enabled":true,"_links":{"self":[{"href":"https:\/\/lauska.lv\/veikals\/wp-json\/wp\/v2\/pages\/1433"}],"collection":[{"href":"https:\/\/lauska.lv\/veikals\/wp-json\/wp\/v2\/pages"}],"about":[{"href":"https:\/\/lauska.lv\/veikals\/wp-json\/wp\/v2\/types\/page"}],"author":[{"embeddable":true,"href":"https:\/\/lauska.lv\/veikals\/wp-json\/wp\/v2\/users\/2"}],"replies":[{"embeddable":true,"href":"https:\/\/lauska.lv\/veikals\/wp-json\/wp\/v2\/comments?post=1433"}],"version-history":[{"count":2,"href":"https:\/\/lauska.lv\/veikals\/wp-json\/wp\/v2\/pages\/1433\/revisions"}],"predecessor-version":[{"id":18163,"href":"https:\/\/lauska.lv\/veikals\/wp-json\/wp\/v2\/pages\/1433\/revisions\/18163"}],"up":[{"embeddable":true,"href":"https:\/\/lauska.lv\/veikals\/wp-json\/wp\/v2\/pages\/218"}],"wp:attachment":[{"href":"https:\/\/lauska.lv\/veikals\/wp-json\/wp\/v2\/media?parent=1433"}],"wp:term":[{"taxonomy":"category","embeddable":true,"href":"https:\/\/lauska.lv\/veikals\/wp-json\/wp\/v2\/categories?post=1433"},{"taxonomy":"post_tag","embeddable":true,"href":"https:\/\/lauska.lv\/veikals\/wp-json\/wp\/v2\/tags?post=1433"}],"curies":[{"name":"wp","href":"https:\/\/api.w.org\/{rel}","templated":true}]}}